{"id":500,"date":"2024-12-06T12:25:59","date_gmt":"2024-12-06T11:25:59","guid":{"rendered":"https:\/\/blogg.folkuniversitetet.nu\/zhaoya\/?page_id=500"},"modified":"2024-12-06T12:28:18","modified_gmt":"2024-12-06T11:28:18","slug":"ht2024_a1del2_20241206","status":"publish","type":"page","link":"https:\/\/blogg.folkuniversitetet.nu\/zhaoya\/ht2024_a1del2_20241206\/","title":{"rendered":"HT2024_A1Del2_20241205"},"content":{"rendered":"<p>Vi b\u00f6rjade idag med att g\u00f6ra \u00f6vningar 2,3 p\u00e5 sidan 60 (textbook). Facet:<\/p>\n<p>2<\/p>\n<p>1) \u8fd9\u5b69\u5b50\u5f88\u53ef\u7231\u3002<\/p>\n<p>2\uff09\u8fd9\u662f\u6211\u7684\u592a\u592a\u3002<\/p>\n<p>3\uff09\u4f60\u5bb6\u6709\u51e0\u53e3\u4eba\uff1f<\/p>\n<p>4\uff09\u4f60\u662f\u4ec0\u4e48\u5730\u65b9\u4eba\uff1f<\/p>\n<p>5\uff09\u4f60\u7238\u7238\u548c\u5988\u5988\u4e5f\u5728\u8fd9\u513f\u5417\uff1f<\/p>\n<p>6\uff09\u6211\u6709\u4e00\u4e2a\u7537\u5b69\u513f\u4e00\u4e2a\u5973\u5b69\u513f\u3002<\/p>\n<p>3<\/p>\n<p>1\uff09\u4f60\u591a\u5927\uff1f&#8212;- \u621122\u5c81\u3002<\/p>\n<p>2\uff09\u6211\u6709\u4e24\u4e2a\u5b69\u5b50\uff0c\u4e00\u4e2a\u7537\u5b69\u513f\uff0c\u4e00\u4e2a\u5973\u5b69\u513f\u3002<\/p>\n<p>3\uff09\u6211\u5bb6\u53ea\u6709\u4e09\u53e3\u4eba\uff0c\u4ed6\u5bb6\u6709\u4e03\u53e3\u4eba\u3002<\/p>\n<p>4\uff09\u4f60\u662f\u4e2d\u56fd\u4eba\u5427\uff1f&#8211; \u662f\u554a\uff0c\u6211\u662f\u4e2d\u56fd\u4eba\u3002<\/p>\n<p><span class=\"jCAhz ChMk0b\"><span class=\"ryNqvb\">Sedan kollade vi l\u00e4xorna med att beskriva familjemedlemmar.<\/span><\/span> <span class=\"jCAhz ChMk0b\"><span class=\"ryNqvb\">Och vi gjorde h\u00f6rf\u00f6rst\u00e5else genom att lyssna p\u00e5 andra som beskrev sina familjemedlemmar och gissa vem som \u00e4r tilldelad dig.\u00a0<\/span><\/span><\/p>\n<p>Sedan gjorde vi kalligrafi. Superbra jobbat alla!!<\/p>\n","protected":false},"excerpt":{"rendered":"<p>Vi b\u00f6rjade idag med att g\u00f6ra \u00f6vningar 2,3 p\u00e5 sidan 60 (textbook). Facet: 2 1) \u8fd9\u5b69\u5b50\u5f88\u53ef\u7231\u3002 2\uff09\u8fd9\u662f\u6211\u7684\u592a\u592a\u3002 3\uff09\u4f60\u5bb6\u6709\u51e0\u53e3\u4eba\uff1f 4\uff09\u4f60\u662f\u4ec0\u4e48\u5730\u65b9\u4eba\uff1f 5\uff09\u4f60\u7238\u7238\u548c\u5988\u5988\u4e5f\u5728\u8fd9\u513f\u5417\uff1f 6\uff09\u6211\u6709\u4e00\u4e2a\u7537\u5b69\u513f\u4e00\u4e2a\u5973\u5b69\u513f\u3002 3 1\uff09\u4f60\u591a\u5927\uff1f&#8212;- \u621122\u5c81\u3002 2\uff09\u6211\u6709\u4e24\u4e2a\u5b69\u5b50\uff0c\u4e00\u4e2a\u7537\u5b69\u513f\uff0c\u4e00\u4e2a\u5973\u5b69\u513f\u3002 3\uff09\u6211\u5bb6\u53ea\u6709\u4e09\u53e3\u4eba\uff0c\u4ed6\u5bb6\u6709\u4e03\u53e3\u4eba\u3002 4\uff09\u4f60\u662f\u4e2d\u56fd\u4eba\u5427\uff1f&#8211; \u662f\u554a\uff0c\u6211\u662f\u4e2d\u56fd\u4eba\u3002 Sedan kollade vi l\u00e4xorna med att beskriva familjemedlemmar. Och vi gjorde h\u00f6rf\u00f6rst\u00e5else genom att lyssna p\u00e5 andra som beskrev sina familjemedlemmar och gissa vem som \u00e4r tilldelad [&hellip;]<\/p>\n","protected":false},"author":922,"featured_media":0,"parent":0,"menu_order":0,"comment_status":"closed","ping_status":"closed","template":"","meta":{"footnotes":""},"class_list":["post-500","page","type-page","status-publish","hentry","post-preview"],"_links":{"self":[{"href":"https:\/\/blogg.folkuniversitetet.nu\/zhaoya\/wp-json\/wp\/v2\/pages\/500","targetHints":{"allow":["GET"]}}],"collection":[{"href":"https:\/\/blogg.folkuniversitetet.nu\/zhaoya\/wp-json\/wp\/v2\/pages"}],"about":[{"href":"https:\/\/blogg.folkuniversitetet.nu\/zhaoya\/wp-json\/wp\/v2\/types\/page"}],"author":[{"embeddable":true,"href":"https:\/\/blogg.folkuniversitetet.nu\/zhaoya\/wp-json\/wp\/v2\/users\/922"}],"replies":[{"embeddable":true,"href":"https:\/\/blogg.folkuniversitetet.nu\/zhaoya\/wp-json\/wp\/v2\/comments?post=500"}],"version-history":[{"count":2,"href":"https:\/\/blogg.folkuniversitetet.nu\/zhaoya\/wp-json\/wp\/v2\/pages\/500\/revisions"}],"predecessor-version":[{"id":503,"href":"https:\/\/blogg.folkuniversitetet.nu\/zhaoya\/wp-json\/wp\/v2\/pages\/500\/revisions\/503"}],"wp:attachment":[{"href":"https:\/\/blogg.folkuniversitetet.nu\/zhaoya\/wp-json\/wp\/v2\/media?parent=500"}],"curies":[{"name":"wp","href":"https:\/\/api.w.org\/{rel}","templated":true}]}}