{"id":483,"date":"2024-11-27T21:45:42","date_gmt":"2024-11-27T20:45:42","guid":{"rendered":"https:\/\/blogg.folkuniversitetet.nu\/zhaoya\/?page_id=483"},"modified":"2024-11-27T21:45:42","modified_gmt":"2024-11-27T20:45:42","slug":"ht2024_a1del3_20241127","status":"publish","type":"page","link":"https:\/\/blogg.folkuniversitetet.nu\/zhaoya\/ht2024_a1del3_20241127\/","title":{"rendered":"HT2024_A1Del3_20241127"},"content":{"rendered":"<p>Vi b\u00f6rjade idag med att \u00f6va &#8221;v\u00e4derrapportering&#8221;, var och en av oss rapporterar v\u00e4der f\u00f6r en kontinent.<\/p>\n<p>ou&#8217;zhou (europa), yazhou (asien), dayangzhou (oceania), bei meizhou (nordamerika), nan meizhou (sydamerika), feizhou (afrika).<\/p>\n<p>Sedan startade vi den ny unit och l\u00e4ste sidorna 93-95 (l\u00e4robok), samt sidan 56 (exercise book).<\/p>\n<p>Vi tittade p\u00e5 en matlagningsvideo: <a href=\"https:\/\/www.youtube.com\/watch?v=iGIZ1NHEvI0\">The practice of sweet and sour fish nuggets<\/a><\/p>\n<p>Vi startade en \u00f6vning f\u00f6r att utforma en god och h\u00e4lsosam m\u00e5ltidsplan f\u00f6r en dag. Vi skrev &#8221;zaofan&#8221; under lektionen. Zuoye \u00e4r att skriva wufan he wanfan.<\/p>\n<p>Zuoye 2 \u00e4r dagens hanzi <a href=\"http:\/\/blogg.folkuniversitetet.nu\/zhaoya\/files\/2024\/11\/\u6c49\u5b571127.pdf\">\u6c49\u5b571127<\/a><\/p>\n<p>&nbsp;<\/p>\n<p>N\u00e5gra till Kinesiska matlagningskanel:<\/p>\n<p><a href=\"https:\/\/www.youtube.com\/@LaoFanGu\">(2) \u8001\u996d\u9aa8 &#8211; YouTube<\/a><\/p>\n<p><a href=\"https:\/\/www.youtube.com\/@MagicIngredients\">(2) \u5c0f\u9ad8\u59d0\u7684 Magic Ingredients &#8211; YouTube<\/a><\/p>\n<p><a href=\"https:\/\/www.youtube.com\/@Amandatastes\">(2) \u66fc\u98df\u6162\u8bed Amanda Tastes &#8211; YouTube<\/a><\/p>\n","protected":false},"excerpt":{"rendered":"<p>Vi b\u00f6rjade idag med att \u00f6va &#8221;v\u00e4derrapportering&#8221;, var och en av oss rapporterar v\u00e4der f\u00f6r en kontinent. ou&#8217;zhou (europa), yazhou (asien), dayangzhou (oceania), bei meizhou (nordamerika), nan meizhou (sydamerika), feizhou (afrika). Sedan startade vi den ny unit och l\u00e4ste sidorna 93-95 (l\u00e4robok), samt sidan 56 (exercise book). Vi tittade p\u00e5 en matlagningsvideo: The practice of [&hellip;]<\/p>\n","protected":false},"author":922,"featured_media":0,"parent":0,"menu_order":0,"comment_status":"closed","ping_status":"closed","template":"","meta":{"footnotes":""},"class_list":["post-483","page","type-page","status-publish","hentry","post-preview"],"_links":{"self":[{"href":"https:\/\/blogg.folkuniversitetet.nu\/zhaoya\/wp-json\/wp\/v2\/pages\/483","targetHints":{"allow":["GET"]}}],"collection":[{"href":"https:\/\/blogg.folkuniversitetet.nu\/zhaoya\/wp-json\/wp\/v2\/pages"}],"about":[{"href":"https:\/\/blogg.folkuniversitetet.nu\/zhaoya\/wp-json\/wp\/v2\/types\/page"}],"author":[{"embeddable":true,"href":"https:\/\/blogg.folkuniversitetet.nu\/zhaoya\/wp-json\/wp\/v2\/users\/922"}],"replies":[{"embeddable":true,"href":"https:\/\/blogg.folkuniversitetet.nu\/zhaoya\/wp-json\/wp\/v2\/comments?post=483"}],"version-history":[{"count":1,"href":"https:\/\/blogg.folkuniversitetet.nu\/zhaoya\/wp-json\/wp\/v2\/pages\/483\/revisions"}],"predecessor-version":[{"id":486,"href":"https:\/\/blogg.folkuniversitetet.nu\/zhaoya\/wp-json\/wp\/v2\/pages\/483\/revisions\/486"}],"wp:attachment":[{"href":"https:\/\/blogg.folkuniversitetet.nu\/zhaoya\/wp-json\/wp\/v2\/media?parent=483"}],"curies":[{"name":"wp","href":"https:\/\/api.w.org\/{rel}","templated":true}]}}