{"id":479,"date":"2024-11-27T20:53:26","date_gmt":"2024-11-27T19:53:26","guid":{"rendered":"https:\/\/blogg.folkuniversitetet.nu\/zhaoya\/?page_id=479"},"modified":"2024-11-27T20:53:26","modified_gmt":"2024-11-27T19:53:26","slug":"ht2024_a1del1_20241125","status":"publish","type":"page","link":"https:\/\/blogg.folkuniversitetet.nu\/zhaoya\/ht2024_a1del1_20241125\/","title":{"rendered":"HT2024_A1Del1_20241125"},"content":{"rendered":"<p>Vi b\u00f6rjade idag med en \u00f6vning beskriva en person i klassen och gissa vem den \u00e4r.<\/p>\n<p>Sedan l\u00e4ste vi unit 0.4 p\u00e5 sidan 15 &#8211; 17 (textbook).<\/p>\n<p>Sedan \u00f6vade vi &#8221;att guida n\u00e5gon att n\u00e5 en plats&#8221;.<\/p>\n<p>Sedan l\u00e4rde vi oss och \u00f6vade p\u00e5 ord f\u00f6r v\u00e4der <a href=\"http:\/\/blogg.folkuniversitetet.nu\/zhaoya\/files\/2024\/11\/weather-flashcard-2.pdf\">weather flashcard<\/a><\/p>\n<p>yintian (molnig), xiayu (rain), caihong (rainbow), guafeng (windy), shandian (blixt), qingtian (solig), xiaxue (snow).<\/p>\n","protected":false},"excerpt":{"rendered":"<p>Vi b\u00f6rjade idag med en \u00f6vning beskriva en person i klassen och gissa vem den \u00e4r. Sedan l\u00e4ste vi unit 0.4 p\u00e5 sidan 15 &#8211; 17 (textbook). Sedan \u00f6vade vi &#8221;att guida n\u00e5gon att n\u00e5 en plats&#8221;. Sedan l\u00e4rde vi oss och \u00f6vade p\u00e5 ord f\u00f6r v\u00e4der weather flashcard yintian (molnig), xiayu (rain), caihong (rainbow), [&hellip;]<\/p>\n","protected":false},"author":922,"featured_media":0,"parent":0,"menu_order":0,"comment_status":"closed","ping_status":"closed","template":"","meta":{"footnotes":""},"class_list":["post-479","page","type-page","status-publish","hentry","post-preview"],"_links":{"self":[{"href":"https:\/\/blogg.folkuniversitetet.nu\/zhaoya\/wp-json\/wp\/v2\/pages\/479","targetHints":{"allow":["GET"]}}],"collection":[{"href":"https:\/\/blogg.folkuniversitetet.nu\/zhaoya\/wp-json\/wp\/v2\/pages"}],"about":[{"href":"https:\/\/blogg.folkuniversitetet.nu\/zhaoya\/wp-json\/wp\/v2\/types\/page"}],"author":[{"embeddable":true,"href":"https:\/\/blogg.folkuniversitetet.nu\/zhaoya\/wp-json\/wp\/v2\/users\/922"}],"replies":[{"embeddable":true,"href":"https:\/\/blogg.folkuniversitetet.nu\/zhaoya\/wp-json\/wp\/v2\/comments?post=479"}],"version-history":[{"count":1,"href":"https:\/\/blogg.folkuniversitetet.nu\/zhaoya\/wp-json\/wp\/v2\/pages\/479\/revisions"}],"predecessor-version":[{"id":482,"href":"https:\/\/blogg.folkuniversitetet.nu\/zhaoya\/wp-json\/wp\/v2\/pages\/479\/revisions\/482"}],"wp:attachment":[{"href":"https:\/\/blogg.folkuniversitetet.nu\/zhaoya\/wp-json\/wp\/v2\/media?parent=479"}],"curies":[{"name":"wp","href":"https:\/\/api.w.org\/{rel}","templated":true}]}}