{"id":474,"date":"2024-11-22T08:26:55","date_gmt":"2024-11-22T07:26:55","guid":{"rendered":"https:\/\/blogg.folkuniversitetet.nu\/zhaoya\/?page_id=474"},"modified":"2024-11-22T08:28:15","modified_gmt":"2024-11-22T07:28:15","slug":"ht2024_a1del2_20241121","status":"publish","type":"page","link":"https:\/\/blogg.folkuniversitetet.nu\/zhaoya\/ht2024_a1del2_20241121\/","title":{"rendered":"HT2024_A1Del2_20241121"},"content":{"rendered":"<p>Vi b\u00f6rjade dagen med ett spel \u201c\u8c01\u6700\u6709\u624d\u534e shei zui you caihua&#8221; (vem \u00e4r mest talented)?<\/p>\n<p>\u6211\u4f1awo hui (jag kan)&#8230;<\/p>\n<p>Sedan l\u00e4ste vi grammatikpunkter p\u00e5 sidan 56-57 (textbook).<\/p>\n<p>Facet till &#8221;choose the correct sentences&#8221; p\u00e5 sidan 57:<\/p>\n<ol>\n<li>C 2. B 3. A 4. B (mest korrekt), C (\u00e4r korrekt ocks\u00e5) 5. A 6. C<\/li>\n<\/ol>\n<p>Sedan gjorde vi \u00f6vningar 1 (substitution drills) p\u00e5 sidor 39-40 (exercise book).<\/p>\n<p>Zuoye \u00e4r \u00f6vningar 2,3,4 p\u00e5 sidan 40. Skriv g\u00e4rna med hanzi!<\/p>\n<p>Sedan l\u00e4rde vi oss ord f\u00f6r v\u00e4der <a href=\"http:\/\/blogg.folkuniversitetet.nu\/zhaoya\/files\/2024\/11\/weather-flashcard-1.pdf\">weather-flashcard<\/a><\/p>\n","protected":false},"excerpt":{"rendered":"<p>Vi b\u00f6rjade dagen med ett spel \u201c\u8c01\u6700\u6709\u624d\u534e shei zui you caihua&#8221; (vem \u00e4r mest talented)? \u6211\u4f1awo hui (jag kan)&#8230; Sedan l\u00e4ste vi grammatikpunkter p\u00e5 sidan 56-57 (textbook). Facet till &#8221;choose the correct sentences&#8221; p\u00e5 sidan 57: C 2. B 3. A 4. B (mest korrekt), C (\u00e4r korrekt ocks\u00e5) 5. A 6. C Sedan gjorde [&hellip;]<\/p>\n","protected":false},"author":922,"featured_media":0,"parent":0,"menu_order":0,"comment_status":"closed","ping_status":"closed","template":"","meta":{"footnotes":""},"class_list":["post-474","page","type-page","status-publish","hentry","post-preview"],"_links":{"self":[{"href":"https:\/\/blogg.folkuniversitetet.nu\/zhaoya\/wp-json\/wp\/v2\/pages\/474","targetHints":{"allow":["GET"]}}],"collection":[{"href":"https:\/\/blogg.folkuniversitetet.nu\/zhaoya\/wp-json\/wp\/v2\/pages"}],"about":[{"href":"https:\/\/blogg.folkuniversitetet.nu\/zhaoya\/wp-json\/wp\/v2\/types\/page"}],"author":[{"embeddable":true,"href":"https:\/\/blogg.folkuniversitetet.nu\/zhaoya\/wp-json\/wp\/v2\/users\/922"}],"replies":[{"embeddable":true,"href":"https:\/\/blogg.folkuniversitetet.nu\/zhaoya\/wp-json\/wp\/v2\/comments?post=474"}],"version-history":[{"count":2,"href":"https:\/\/blogg.folkuniversitetet.nu\/zhaoya\/wp-json\/wp\/v2\/pages\/474\/revisions"}],"predecessor-version":[{"id":478,"href":"https:\/\/blogg.folkuniversitetet.nu\/zhaoya\/wp-json\/wp\/v2\/pages\/474\/revisions\/478"}],"wp:attachment":[{"href":"https:\/\/blogg.folkuniversitetet.nu\/zhaoya\/wp-json\/wp\/v2\/media?parent=474"}],"curies":[{"name":"wp","href":"https:\/\/api.w.org\/{rel}","templated":true}]}}