{"id":470,"date":"2024-11-20T20:32:47","date_gmt":"2024-11-20T19:32:47","guid":{"rendered":"https:\/\/blogg.folkuniversitetet.nu\/zhaoya\/?page_id=470"},"modified":"2024-11-20T20:32:47","modified_gmt":"2024-11-20T19:32:47","slug":"ht2024_a1del3_20241120","status":"publish","type":"page","link":"https:\/\/blogg.folkuniversitetet.nu\/zhaoya\/ht2024_a1del3_20241120\/","title":{"rendered":"HT2024_A1Del3_20241120"},"content":{"rendered":"<p>Vi \u00f6ppnade v\u00e5ra egna butiker och gjorde k\u00f6p- och s\u00e4lj\u00f6vningar.<\/p>\n<p>\u6211\u4e70\u4e86\u3002\u3002\u3002<\/p>\n<p>\u6211\u5356\u4e86\u3002\u3002\u3002<\/p>\n<p>Sedan kollade vi l\u00e4xorna, \u00f6vning 2, p\u00e5 sidan 88 (textbook). Facet:<\/p>\n<p>1) \u8fd9\u4ef6\u8863\u670d\u591a\u5c11\u94b1\uff1f<\/p>\n<p>2\uff09\u80fd\u4e0d\u80fd\u4fbf\u5b9c\u4e00\u70b9\uff1f<\/p>\n<p>3\uff09\u53ef\u4ee5\u4e0d\u53ef\u4ee5\u8bd5\u4e00\u8bd5\uff1f<\/p>\n<p>4\uff09\u8fd9\u4e2a\u5546\u5e97\u53ea\u5356\u886c\u886b\u548c\u88e4\u5b50\u3002<\/p>\n<p>5\uff09\u90a3\u4ef6\u767d\u886c\u886b\u6bd4\u8f83\u4fbf\u5b9c\uff0c\u4e5f\u6bd4\u8f83\u6f02\u4eae\u3002<\/p>\n<p>Sedan gjorde vi \u00f6vning 2 p\u00e5 \u00f6vningsbok sidan 54. Facet:<\/p>\n<p>1\uff09\u6211\u8981\u4e70\u886c\u886b\u548c\u88e4\u5b50\u3002<\/p>\n<p>2\uff09\u6211\u60f3\u4e70\u4e00\u4ef6\u886c\u886b\uff0c\u4ed6\u4e5f\u60f3\u4e70\u4e00\u4ef6\u886c\u886b\u3002<\/p>\n<p>3\uff09\u6211\u60f3\u4e70\u4e00\u4ef6\u886c\u886b\uff0c\u8fd8\u60f3\u4e70\u4e00\u6761\u88e4\u5b50\u3002<\/p>\n<p>Zuoye \u00e4r \u00f6vning 4 p\u00e5 sidan 54. Nummer 1,2,5,6. Skriv g\u00e4rna hela meningar med hanzi.<\/p>\n<p>Sedan l\u00e4rde vi oss ord om tianqi (v\u00e4der). <a href=\"http:\/\/blogg.folkuniversitetet.nu\/zhaoya\/files\/2024\/11\/weather-flashcard.pdf\">weather flashcard<\/a><\/p>\n","protected":false},"excerpt":{"rendered":"<p>Vi \u00f6ppnade v\u00e5ra egna butiker och gjorde k\u00f6p- och s\u00e4lj\u00f6vningar. \u6211\u4e70\u4e86\u3002\u3002\u3002 \u6211\u5356\u4e86\u3002\u3002\u3002 Sedan kollade vi l\u00e4xorna, \u00f6vning 2, p\u00e5 sidan 88 (textbook). Facet: 1) \u8fd9\u4ef6\u8863\u670d\u591a\u5c11\u94b1\uff1f 2\uff09\u80fd\u4e0d\u80fd\u4fbf\u5b9c\u4e00\u70b9\uff1f 3\uff09\u53ef\u4ee5\u4e0d\u53ef\u4ee5\u8bd5\u4e00\u8bd5\uff1f 4\uff09\u8fd9\u4e2a\u5546\u5e97\u53ea\u5356\u886c\u886b\u548c\u88e4\u5b50\u3002 5\uff09\u90a3\u4ef6\u767d\u886c\u886b\u6bd4\u8f83\u4fbf\u5b9c\uff0c\u4e5f\u6bd4\u8f83\u6f02\u4eae\u3002 Sedan gjorde vi \u00f6vning 2 p\u00e5 \u00f6vningsbok sidan 54. Facet: 1\uff09\u6211\u8981\u4e70\u886c\u886b\u548c\u88e4\u5b50\u3002 2\uff09\u6211\u60f3\u4e70\u4e00\u4ef6\u886c\u886b\uff0c\u4ed6\u4e5f\u60f3\u4e70\u4e00\u4ef6\u886c\u886b\u3002 3\uff09\u6211\u60f3\u4e70\u4e00\u4ef6\u886c\u886b\uff0c\u8fd8\u60f3\u4e70\u4e00\u6761\u88e4\u5b50\u3002 Zuoye \u00e4r \u00f6vning 4 p\u00e5 sidan 54. Nummer 1,2,5,6. Skriv g\u00e4rna hela meningar [&hellip;]<\/p>\n","protected":false},"author":922,"featured_media":0,"parent":0,"menu_order":0,"comment_status":"closed","ping_status":"closed","template":"","meta":{"footnotes":""},"class_list":["post-470","page","type-page","status-publish","hentry","post-preview"],"_links":{"self":[{"href":"https:\/\/blogg.folkuniversitetet.nu\/zhaoya\/wp-json\/wp\/v2\/pages\/470","targetHints":{"allow":["GET"]}}],"collection":[{"href":"https:\/\/blogg.folkuniversitetet.nu\/zhaoya\/wp-json\/wp\/v2\/pages"}],"about":[{"href":"https:\/\/blogg.folkuniversitetet.nu\/zhaoya\/wp-json\/wp\/v2\/types\/page"}],"author":[{"embeddable":true,"href":"https:\/\/blogg.folkuniversitetet.nu\/zhaoya\/wp-json\/wp\/v2\/users\/922"}],"replies":[{"embeddable":true,"href":"https:\/\/blogg.folkuniversitetet.nu\/zhaoya\/wp-json\/wp\/v2\/comments?post=470"}],"version-history":[{"count":1,"href":"https:\/\/blogg.folkuniversitetet.nu\/zhaoya\/wp-json\/wp\/v2\/pages\/470\/revisions"}],"predecessor-version":[{"id":473,"href":"https:\/\/blogg.folkuniversitetet.nu\/zhaoya\/wp-json\/wp\/v2\/pages\/470\/revisions\/473"}],"wp:attachment":[{"href":"https:\/\/blogg.folkuniversitetet.nu\/zhaoya\/wp-json\/wp\/v2\/media?parent=470"}],"curies":[{"name":"wp","href":"https:\/\/api.w.org\/{rel}","templated":true}]}}