{"id":460,"date":"2024-11-13T20:00:34","date_gmt":"2024-11-13T19:00:34","guid":{"rendered":"https:\/\/blogg.folkuniversitetet.nu\/zhaoya\/?page_id=460"},"modified":"2024-11-13T20:00:34","modified_gmt":"2024-11-13T19:00:34","slug":"ht2024_a1del3_20241113","status":"publish","type":"page","link":"https:\/\/blogg.folkuniversitetet.nu\/zhaoya\/ht2024_a1del3_20241113\/","title":{"rendered":"HT2024_A1Del3_20241113"},"content":{"rendered":"<p>Vi l\u00e4ste text p\u00e5 sidan 91 (kursbok) igen, samt &#8221;vocabulary extension&#8221; p\u00e5 sidan 90.<\/p>\n<p>Vi skrev dagens hanzi\u00a0 <a href=\"http:\/\/blogg.folkuniversitetet.nu\/zhaoya\/files\/2024\/11\/\u6c49\u5b571113.pdf\">\u6c49\u5b571113<\/a><\/p>\n<p>Vi gjorde \u00f6vning 3 p\u00e5 sidan 88, facet:<\/p>\n<p>1\uff09\u8fd9\u513f\u7684\u4e1c\u897f\u592a\u8d35\u4e86\uff01<\/p>\n<p>2\uff09\u8fd9\u672c\u8bcd\u5178\u592a\u597d\u4e86\uff01<\/p>\n<p>3\uff09\u8fd9\u4ef6\u886c\u886b\u5f88\u4fbf\u5b9c\uff0c\u4e5f\u5f88\u6f02\u4eae\u3002<\/p>\n<p>4\uff09\u6211\u60f3\u4e70\u4e00\u4ef6\u8863\u670d\u548c\u4e00\u6761\u88e4\u5b50\u3002<\/p>\n<p>5\uff09\u6211\u60f3\u4e70\u4e00\u4ef6\u886c\u886b\uff0c\u4e5f\u60f3\u4e70\u4e00\u6761\u88e4\u5b50\u3002<\/p>\n<p>6\uff09\u60a8\u8bd5\u8bd5\u8fd9\u4ef6\u600e\u4e48\u6837\uff1f<\/p>\n<p>Zuoye L\u00e4xa \u00e4r \u00f6vning 2 p\u00e5 sidan 88.<\/p>\n<p>Vi ocks\u00e5 l\u00e4ste och \u00f6vade lite bargaining fraser <a href=\"http:\/\/blogg.folkuniversitetet.nu\/zhaoya\/files\/2024\/11\/\u780d\u4ef7\u7528\u8bed.pdf\">\u780d\u4ef7\u7528\u8bed<\/a><\/p>\n<p>&nbsp;<\/p>\n","protected":false},"excerpt":{"rendered":"<p>Vi l\u00e4ste text p\u00e5 sidan 91 (kursbok) igen, samt &#8221;vocabulary extension&#8221; p\u00e5 sidan 90. Vi skrev dagens hanzi\u00a0 \u6c49\u5b571113 Vi gjorde \u00f6vning 3 p\u00e5 sidan 88, facet: 1\uff09\u8fd9\u513f\u7684\u4e1c\u897f\u592a\u8d35\u4e86\uff01 2\uff09\u8fd9\u672c\u8bcd\u5178\u592a\u597d\u4e86\uff01 3\uff09\u8fd9\u4ef6\u886c\u886b\u5f88\u4fbf\u5b9c\uff0c\u4e5f\u5f88\u6f02\u4eae\u3002 4\uff09\u6211\u60f3\u4e70\u4e00\u4ef6\u8863\u670d\u548c\u4e00\u6761\u88e4\u5b50\u3002 5\uff09\u6211\u60f3\u4e70\u4e00\u4ef6\u886c\u886b\uff0c\u4e5f\u60f3\u4e70\u4e00\u6761\u88e4\u5b50\u3002 6\uff09\u60a8\u8bd5\u8bd5\u8fd9\u4ef6\u600e\u4e48\u6837\uff1f Zuoye L\u00e4xa \u00e4r \u00f6vning 2 p\u00e5 sidan 88. Vi ocks\u00e5 l\u00e4ste och \u00f6vade lite bargaining fraser \u780d\u4ef7\u7528\u8bed &nbsp;<\/p>\n","protected":false},"author":922,"featured_media":0,"parent":0,"menu_order":0,"comment_status":"closed","ping_status":"closed","template":"","meta":{"footnotes":""},"class_list":["post-460","page","type-page","status-publish","hentry","post-preview"],"_links":{"self":[{"href":"https:\/\/blogg.folkuniversitetet.nu\/zhaoya\/wp-json\/wp\/v2\/pages\/460","targetHints":{"allow":["GET"]}}],"collection":[{"href":"https:\/\/blogg.folkuniversitetet.nu\/zhaoya\/wp-json\/wp\/v2\/pages"}],"about":[{"href":"https:\/\/blogg.folkuniversitetet.nu\/zhaoya\/wp-json\/wp\/v2\/types\/page"}],"author":[{"embeddable":true,"href":"https:\/\/blogg.folkuniversitetet.nu\/zhaoya\/wp-json\/wp\/v2\/users\/922"}],"replies":[{"embeddable":true,"href":"https:\/\/blogg.folkuniversitetet.nu\/zhaoya\/wp-json\/wp\/v2\/comments?post=460"}],"version-history":[{"count":1,"href":"https:\/\/blogg.folkuniversitetet.nu\/zhaoya\/wp-json\/wp\/v2\/pages\/460\/revisions"}],"predecessor-version":[{"id":464,"href":"https:\/\/blogg.folkuniversitetet.nu\/zhaoya\/wp-json\/wp\/v2\/pages\/460\/revisions\/464"}],"wp:attachment":[{"href":"https:\/\/blogg.folkuniversitetet.nu\/zhaoya\/wp-json\/wp\/v2\/media?parent=460"}],"curies":[{"name":"wp","href":"https:\/\/api.w.org\/{rel}","templated":true}]}}