{"id":407,"date":"2024-11-10T14:39:17","date_gmt":"2024-11-10T13:39:17","guid":{"rendered":"https:\/\/blogg.folkuniversitetet.nu\/zhaoya\/?page_id=407"},"modified":"2024-11-10T14:39:17","modified_gmt":"2024-11-10T13:39:17","slug":"vt2024_a1del1_20240307","status":"publish","type":"page","link":"https:\/\/blogg.folkuniversitetet.nu\/zhaoya\/vt2024_a1del1_20240307\/","title":{"rendered":"VT2024_A1Del1_20240307"},"content":{"rendered":"<p><span class=\"jCAhz ChMk0b\"><span class=\"ryNqvb\">Vi b\u00f6rjade dagens lektion med en kahoot-quiz.<\/span><\/span><\/p>\n<p><span class=\"jCAhz ChMk0b\"><span class=\"ryNqvb\">Nya ord fr\u00e5n den:<\/span><\/span><\/p>\n<p>women (vi)<\/p>\n<p>nimen (ni)<\/p>\n<p>tamen (de)<\/p>\n<p>&nbsp;<\/p>\n<p>Vi upprepade sedan spr\u00e5k och hur man fr\u00e5gar vilka spr\u00e5k man talar?<\/p>\n<p>A: ni shuo shenme yuyan? (Vilka spr\u00e5k talar du)<\/p>\n<p>B: wo shuo ruidian yu (svenska), han(4:e ton) yu(kinesiska), yingyu(engelska), fayu(franska), deyu(tyska), nuoweiyu(norska), xibanya yu(spanska), yidali yu(italianska), putaoya yu(portugisiska), eyu(ryska), taiyu(thail\u00e4ndska), riyu(japanska), han(2:e ton) yu(koreanska).<\/p>\n<p>&nbsp;<\/p>\n<p>Sedan upprepade vi siffrorna och l\u00e4rde oss hur man r\u00e4knar till 99.<\/p>\n<p>10 shi<\/p>\n<p>11 shi yi<\/p>\n<p>12 shi er<\/p>\n<p>13 shi san<\/p>\n<p>20 er shi<\/p>\n<p>30 san shi<\/p>\n<p>50 wu shi<\/p>\n<p>21 er shi yi<\/p>\n<p>34 san shi yi<\/p>\n<p>99 jiu shi jiu<\/p>\n<p>Sedan l\u00e4rde vi oss hur man uttrycker \u00e5lder<\/p>\n<p>A: ni duo da? (hur gammal \u00e4r du)<\/p>\n<p>B: wo 35 sui. (jag \u00e4r 35 \u00e5r gammal)<\/p>\n<p>&nbsp;<\/p>\n<p>Sedan gjorde vi ett diktat p\u00e5 f\u00f6ljande tecken:<\/p>\n<p>\u4f60\u597d<\/p>\n<p>\u662f<\/p>\n<p>\u6211\u662f\u745e\u5178\u4eba<\/p>\n<p>\u6211\u662f\u4e2d\u56fd\u4eba<\/p>\n<p>&nbsp;<\/p>\n<p>Sedan typed vi kinesiska tecken med mobiltelefoner.<\/p>\n<p>&nbsp;<\/p>\n<p>Sedan gjorde vi mitterminsutv\u00e4rdering.<\/p>\n<div class=\"QcsUad BDJ8fb sMVRZe wneUed\">\n<div class=\"usGWQd\">\n<div class=\"KkbLmb\"><\/div>\n<\/div>\n<\/div>\n","protected":false},"excerpt":{"rendered":"<p>Vi b\u00f6rjade dagens lektion med en kahoot-quiz. Nya ord fr\u00e5n den: women (vi) nimen (ni) tamen (de) &nbsp; Vi upprepade sedan spr\u00e5k och hur man fr\u00e5gar vilka spr\u00e5k man talar? A: ni shuo shenme yuyan? (Vilka spr\u00e5k talar du) B: wo shuo ruidian yu (svenska), han(4:e ton) yu(kinesiska), yingyu(engelska), fayu(franska), deyu(tyska), nuoweiyu(norska), xibanya yu(spanska), yidali [&hellip;]<\/p>\n","protected":false},"author":922,"featured_media":0,"parent":0,"menu_order":0,"comment_status":"closed","ping_status":"closed","template":"","meta":{"footnotes":""},"class_list":["post-407","page","type-page","status-publish","hentry","post-preview"],"_links":{"self":[{"href":"https:\/\/blogg.folkuniversitetet.nu\/zhaoya\/wp-json\/wp\/v2\/pages\/407","targetHints":{"allow":["GET"]}}],"collection":[{"href":"https:\/\/blogg.folkuniversitetet.nu\/zhaoya\/wp-json\/wp\/v2\/pages"}],"about":[{"href":"https:\/\/blogg.folkuniversitetet.nu\/zhaoya\/wp-json\/wp\/v2\/types\/page"}],"author":[{"embeddable":true,"href":"https:\/\/blogg.folkuniversitetet.nu\/zhaoya\/wp-json\/wp\/v2\/users\/922"}],"replies":[{"embeddable":true,"href":"https:\/\/blogg.folkuniversitetet.nu\/zhaoya\/wp-json\/wp\/v2\/comments?post=407"}],"version-history":[{"count":1,"href":"https:\/\/blogg.folkuniversitetet.nu\/zhaoya\/wp-json\/wp\/v2\/pages\/407\/revisions"}],"predecessor-version":[{"id":409,"href":"https:\/\/blogg.folkuniversitetet.nu\/zhaoya\/wp-json\/wp\/v2\/pages\/407\/revisions\/409"}],"wp:attachment":[{"href":"https:\/\/blogg.folkuniversitetet.nu\/zhaoya\/wp-json\/wp\/v2\/media?parent=407"}],"curies":[{"name":"wp","href":"https:\/\/api.w.org\/{rel}","templated":true}]}}