{"id":395,"date":"2024-11-10T14:33:18","date_gmt":"2024-11-10T13:33:18","guid":{"rendered":"https:\/\/blogg.folkuniversitetet.nu\/zhaoya\/?page_id=395"},"modified":"2024-11-10T14:34:21","modified_gmt":"2024-11-10T13:34:21","slug":"vt2024_a1del1_20240228","status":"publish","type":"page","link":"https:\/\/blogg.folkuniversitetet.nu\/zhaoya\/vt2024_a1del1_20240228\/","title":{"rendered":"VT2024_A1Del2_20240228"},"content":{"rendered":"<div class=\"ebT7ne sMVRZe\">\n<div class=\"F0pQVc\"><span class=\"jCAhz ChMk0b\"><span class=\"ryNqvb\">Vi b\u00f6rjade dagens lektion med pinyin \u00f6vning d\u00e4r speciellt med j,q x och z,c,s, zh,ch,sh.<\/span><\/span> <span class=\"jCAhz ChMk0b\"><span class=\"ryNqvb\">Vi tycker att de \u00e4r lite utmanande.<\/span><\/span> <span class=\"jCAhz ChMk0b\"><span class=\"ryNqvb\">Med fler ord som l\u00e4rs in i framtiden med dessa ljud kommer det att bli l\u00e4ttare och l\u00e4ttare.<\/span><\/span><\/div>\n<\/div>\n<div><\/div>\n<div><span class=\"jCAhz ChMk0b\"><span class=\"ryNqvb\">Vi upprepade sedan de nya orden fr\u00e5n f\u00f6rra lektionen och gjorde meningar med dem.<\/span><\/span><\/div>\n<div><span class=\"jCAhz ChMk0b\"><span class=\"ryNqvb\">Nya ord fr\u00e5n denna \u00f6vning:<\/span><\/span><\/div>\n<div><\/div>\n<div>\u6211\u7684wo de, (min)<\/div>\n<div>\u4f60\u7684ni de, (din)<\/div>\n<div>\u4ed6\u7684\/\u5979\u7684ta de, (hans\/hennes)<\/div>\n<div>\u6211\u4eec\u7684women de, (v\u00e5r)<\/div>\n<div>\u4f60\u4eec\u7684nimen de, (er)<\/div>\n<div>\u4ed6\u4eec\u7684\/\u5979\u4eec\u7684tamen de, (deras)<\/div>\n<div><\/div>\n<div>Sedan l\u00e4ste vi veckoschema\u00f6vningen (vi forts\u00e4tter n\u00e4sta g\u00e5ng ocks\u00e5).<\/div>\n<div><\/div>\n<div>Nya ord d\u00e4r:<\/div>\n<div>\u505a\u8fd0\u52a8 Zuo yundong (<span class=\"jCAhz ChMk0b\"><span class=\"ryNqvb\">tr\u00e4na)<\/span><\/span><\/div>\n<div>\u5403\u5348\u996d chi wufan (\u00e4ta lunch)<\/div>\n<div>\u5531\u6b4c changge (sjunga)<\/div>\n<div>\u4e0a\u8bfe shang ke (g\u00e5 p\u00e5 klass)<\/div>\n<div>\u505a\u745c\u4f3d zuo yujia (g\u00f6ra yoga)<\/div>\n<div>\u5403\u65e9\u996d chi zaofan (\u00e4ta frokust)<\/div>\n<div>\u89c1\u670b\u53cb jian pengyou (tr\u00e4ffa v\u00e4nner)<\/div>\n<div>\u7761\u89c9 shuijiao (sova)<\/div>\n<div>\u5199\u6c49\u5b57 xie hanzi (skriva kinesiska tecken)<\/div>\n<div>\u770b\u5bb6\u4eba kan jiaren (bes\u00f6ka famij)<\/div>\n<div>\u5403\u665a\u996d chi wanfan (\u00e4ta middag)<\/div>\n<div><\/div>\n<div>L\u00e4xan \u00e4r att skriva \u6c49\u5b57hanzi som l\u00e4mnades ut.<\/div>\n","protected":false},"excerpt":{"rendered":"<p>Vi b\u00f6rjade dagens lektion med pinyin \u00f6vning d\u00e4r speciellt med j,q x och z,c,s, zh,ch,sh. Vi tycker att de \u00e4r lite utmanande. Med fler ord som l\u00e4rs in i framtiden med dessa ljud kommer det att bli l\u00e4ttare och l\u00e4ttare. Vi upprepade sedan de nya orden fr\u00e5n f\u00f6rra lektionen och gjorde meningar med dem. Nya [&hellip;]<\/p>\n","protected":false},"author":922,"featured_media":0,"parent":0,"menu_order":0,"comment_status":"closed","ping_status":"closed","template":"","meta":{"footnotes":""},"class_list":["post-395","page","type-page","status-publish","hentry","post-preview"],"_links":{"self":[{"href":"https:\/\/blogg.folkuniversitetet.nu\/zhaoya\/wp-json\/wp\/v2\/pages\/395","targetHints":{"allow":["GET"]}}],"collection":[{"href":"https:\/\/blogg.folkuniversitetet.nu\/zhaoya\/wp-json\/wp\/v2\/pages"}],"about":[{"href":"https:\/\/blogg.folkuniversitetet.nu\/zhaoya\/wp-json\/wp\/v2\/types\/page"}],"author":[{"embeddable":true,"href":"https:\/\/blogg.folkuniversitetet.nu\/zhaoya\/wp-json\/wp\/v2\/users\/922"}],"replies":[{"embeddable":true,"href":"https:\/\/blogg.folkuniversitetet.nu\/zhaoya\/wp-json\/wp\/v2\/comments?post=395"}],"version-history":[{"count":2,"href":"https:\/\/blogg.folkuniversitetet.nu\/zhaoya\/wp-json\/wp\/v2\/pages\/395\/revisions"}],"predecessor-version":[{"id":399,"href":"https:\/\/blogg.folkuniversitetet.nu\/zhaoya\/wp-json\/wp\/v2\/pages\/395\/revisions\/399"}],"wp:attachment":[{"href":"https:\/\/blogg.folkuniversitetet.nu\/zhaoya\/wp-json\/wp\/v2\/media?parent=395"}],"curies":[{"name":"wp","href":"https:\/\/api.w.org\/{rel}","templated":true}]}}