{"id":392,"date":"2024-11-10T14:32:41","date_gmt":"2024-11-10T13:32:41","guid":{"rendered":"https:\/\/blogg.folkuniversitetet.nu\/zhaoya\/?page_id=392"},"modified":"2024-11-10T14:32:41","modified_gmt":"2024-11-10T13:32:41","slug":"vt2024_a1del1_20240222","status":"publish","type":"page","link":"https:\/\/blogg.folkuniversitetet.nu\/zhaoya\/vt2024_a1del1_20240222\/","title":{"rendered":"VT2024_A1Del1_20240222"},"content":{"rendered":"<p>Vi l\u00e4ste text p\u00e5 sidan 7 och 8 idag.<\/p>\n<p>Nya ord och fraser fr\u00e5n texten:<\/p>\n<ol>\n<li>xing &#8212; efternamn.<\/li>\n<\/ol>\n<p>Nin gui xing? (mycket artig s\u00e4tt att fr\u00e5ga efternamn)<\/p>\n<p>Ni xing shenme? (vardagss\u00e4tt att fr\u00e5ga efternamn)<\/p>\n<p>&#8212; Wo xing _______. (mitt efternamn \u00e4r____)<\/p>\n<p>&nbsp;<\/p>\n<p>2. Ni shi na guo ren? (vilket land \u00e4r du fr\u00e5n\uff1f\uff09<\/p>\n<p>Wo shi zhongguo ren. (jag \u00e4r kines)<\/p>\n<p>Wo shi ruidian ren. (Jag \u00e4r svensk)<\/p>\n<p>&nbsp;<\/p>\n<p>3. Nya ord om l\u00e4nder och nationalitet.<\/p>\n<p>zhongguo (Kina), zhongguo ren (kines)<\/p>\n<p>ruidian (Sverige), ruidian ren (svensk)<\/p>\n<p>meiguo (USA), meiguo ren (american)<\/p>\n<p>jianada (Kanada), jianada ren (Kanadien)<\/p>\n<p>eluosi\/eguo (Ryssland). eluosi\/eguo ren (rysk)<\/p>\n<p>bilu (Peru), biluren (Peruan)<\/p>\n<p>agenting (Argentina), agenting ren (argentinen)<\/p>\n<p>taiguo (Thailand), taiguo ren (Thai)<\/p>\n<p>aodaliya (Australia), aodaliya ren (Australian)<\/p>\n<p>yingguo (UK), yingguo ren (british)<\/p>\n<p>&nbsp;<\/p>\n<p>4. Hanzi f\u00f6r idag: \u4f60ni \u597dhao \u6211wo \u53ebjiao<\/p>\n<p>Heml\u00e4xor: skriva dagens hanzi<\/p>\n","protected":false},"excerpt":{"rendered":"<p>Vi l\u00e4ste text p\u00e5 sidan 7 och 8 idag. Nya ord och fraser fr\u00e5n texten: xing &#8212; efternamn. Nin gui xing? (mycket artig s\u00e4tt att fr\u00e5ga efternamn) Ni xing shenme? (vardagss\u00e4tt att fr\u00e5ga efternamn) &#8212; Wo xing _______. (mitt efternamn \u00e4r____) &nbsp; 2. Ni shi na guo ren? (vilket land \u00e4r du fr\u00e5n\uff1f\uff09 Wo shi [&hellip;]<\/p>\n","protected":false},"author":922,"featured_media":0,"parent":0,"menu_order":0,"comment_status":"closed","ping_status":"closed","template":"","meta":{"footnotes":""},"class_list":["post-392","page","type-page","status-publish","hentry","post-preview"],"_links":{"self":[{"href":"https:\/\/blogg.folkuniversitetet.nu\/zhaoya\/wp-json\/wp\/v2\/pages\/392","targetHints":{"allow":["GET"]}}],"collection":[{"href":"https:\/\/blogg.folkuniversitetet.nu\/zhaoya\/wp-json\/wp\/v2\/pages"}],"about":[{"href":"https:\/\/blogg.folkuniversitetet.nu\/zhaoya\/wp-json\/wp\/v2\/types\/page"}],"author":[{"embeddable":true,"href":"https:\/\/blogg.folkuniversitetet.nu\/zhaoya\/wp-json\/wp\/v2\/users\/922"}],"replies":[{"embeddable":true,"href":"https:\/\/blogg.folkuniversitetet.nu\/zhaoya\/wp-json\/wp\/v2\/comments?post=392"}],"version-history":[{"count":1,"href":"https:\/\/blogg.folkuniversitetet.nu\/zhaoya\/wp-json\/wp\/v2\/pages\/392\/revisions"}],"predecessor-version":[{"id":394,"href":"https:\/\/blogg.folkuniversitetet.nu\/zhaoya\/wp-json\/wp\/v2\/pages\/392\/revisions\/394"}],"wp:attachment":[{"href":"https:\/\/blogg.folkuniversitetet.nu\/zhaoya\/wp-json\/wp\/v2\/media?parent=392"}],"curies":[{"name":"wp","href":"https:\/\/api.w.org\/{rel}","templated":true}]}}