{"id":389,"date":"2024-11-10T14:31:54","date_gmt":"2024-11-10T13:31:54","guid":{"rendered":"https:\/\/blogg.folkuniversitetet.nu\/zhaoya\/?page_id=389"},"modified":"2024-11-10T14:31:54","modified_gmt":"2024-11-10T13:31:54","slug":"vt2024_a1del2_20240221","status":"publish","type":"page","link":"https:\/\/blogg.folkuniversitetet.nu\/zhaoya\/vt2024_a1del2_20240221\/","title":{"rendered":"VT2024_A1Del2_20240221"},"content":{"rendered":"<p>Vi b\u00f6rjade dagens lektion med\u00a0 lite \u00f6vningar p\u00e5 veckodagar och datum.<\/p>\n<ul>\n<li>\u4eca\u5929jintian\u661f\u671fxingqi\u51e0ji\uff1f(Vilken dag \u00e4r det idag\uff09<\/li>\n<li>\u4eca\u5929jintian\u661f\u671f\u4e09xingqi san\u3002\uff08Idag \u00e4r det onsdag\uff09<\/li>\n<\/ul>\n<p>&nbsp;<\/p>\n<ul>\n<li>\u4eca\u5929jintain\u51e0\u6708\u51e0\u53f7ji yue ji hao\uff1f\uff08Vilken datum \u00e4r det idag?)<\/li>\n<li>\u4eca\u5929jintian2\u6708er yue21\u53f7er shi yi hao\u3002(Idag \u00e4r det den 21 februari\uff09<\/li>\n<\/ul>\n<p>&nbsp;<\/p>\n<ul>\n<li>2\u670821\u53f7er yue er shi yi hao\u661f\u671fxingqi\u51e0ji\uff1f\uff08Vilken dag \u00e4r den 21 februari?\uff09<\/li>\n<li>2\u670821\u53f7er shi er shi yi hao\u661f\u671f\u4e09xingqi san\u3002\uff08Den 21 februari \u00e4r onsdag.)<\/li>\n<\/ul>\n<p>&nbsp;<\/p>\n<p>Sedan l\u00e4ser vi text p\u00e5 sidan 28.<\/p>\n<ul>\n<li>Nya ord fr\u00e5n texten:<\/li>\n<\/ul>\n<p>\u5929\u6c14 tianqi <span class=\"jCAhz ChMk0b\"><span class=\"ryNqvb\">v\u00e4der<\/span><\/span><\/p>\n<p>\u4e0d\u9519 bucuo <span class=\"jCAhz ChMk0b\"><span class=\"ryNqvb\">Inte d\u00e5ligt<\/span><\/span><\/p>\n<p>\u51b7 leng <span class=\"jCAhz ChMk0b\"><span class=\"ryNqvb\">kall<\/span><\/span><\/p>\n<p>\u70ed re warm<\/p>\n<p>\u8212\u670d shufu <span class=\"jCAhz ChMk0b\"><span class=\"ryNqvb\">bekv\u00e4m<\/span><\/span><\/p>\n<p>\u53ea zhi measure word f\u00f6r hund<\/p>\n<p>\u53ef\u7231 ke&#8217;ai <span class=\"jCAhz ChMk0b\"><span class=\"ryNqvb\">s\u00f6t<\/span><\/span><\/p>\n<p>\u4f11\u606f xiuxi <span class=\"jCAhz ChMk0b\"><span class=\"ryNqvb\">vila<\/span><\/span><\/p>\n<p>\u5fd9 mang <span class=\"jCAhz ChMk0b\"><span class=\"ryNqvb\">upptagen<\/span><\/span><\/p>\n<p>\u8fd8\u53ef\u4ee5 haikeyi OK (inte d\u00e5lig)<\/p>\n<p>&nbsp;<\/p>\n<p>Det kom bra fr\u00e5gor under idag och vissa av dem beh\u00f6vde jag kolla upp f\u00f6r att ge ett bra svar. \ud83d\ude42<\/p>\n<ol>\n<li>Varf\u00f6r s\u00e4ger vi jintian xingqisan (utan \u201cshi&#8221;) men jintian bushi xingqisan (med shi). Ska &#8221;shi&#8221; anv\u00e4ndas eller inte?<\/li>\n<\/ol>\n<p><span class=\"jCAhz ChMk0b\"><span class=\"ryNqvb\">Faktiskt b\u00e5da &#8221;jintian xingqisan&#8221; och &#8221;jintian shi xingqisan&#8221; \u00e4r korrekta.<\/span><\/span> <span class=\"jCAhz ChMk0b\"><span class=\"ryNqvb\">&#8221;jintian xingqisan&#8221;<\/span><\/span><span class=\"jCAhz ChMk0b\"><span class=\"ryNqvb\">\u00a0anv\u00e4nds vanligtvis i dagligt talspr\u00e5k och \u00e4r relativt kortfattat och tydligt.<\/span><\/span> <span class=\"jCAhz ChMk0b\"><span class=\"ryNqvb\">&#8221;jintian shi xingqisan&#8221; <\/span><\/span><span class=\"jCAhz ChMk0b\"><span class=\"ryNqvb\">anv\u00e4nds vanligtvis i formella situationer eller n\u00e4r dejtens integritet beh\u00f6ver betonas.<\/span><\/span> <span class=\"jCAhz ChMk0b\"><span class=\"ryNqvb\">Om vi \u200b\u200btill exempel fr\u00e5gar n\u00e5gon vilken veckodag det \u00e4r i det dagliga livet, brukar vi s\u00e4ga &#8221;jintian xingqisan.&#8221;<\/span><\/span> <span class=\"jCAhz ChMk0b\"><span class=\"ryNqvb\">Och om vi skulle rapportera datumet i en nyhetsreportage, skulle vi vanligtvis s\u00e4ga &#8221;jintian shi xingqisan.&#8221;<\/span><\/span><\/p>\n<p>2. Varf\u00f6r \u4e0d \uff08som vanligvis har fj\u00e4rde tonen\uff09 har en neutral ton n\u00e4r man s\u00e4ger \u201cgongzuo bu gongzuo&#8221;?<\/p>\n<p><span class=\"jCAhz ChMk0b\"><span class=\"ryNqvb\">Enligt mandarinens mjuka\/neutral tonregler uttalas &#8221;\u4e0d&#8221; i f\u00f6ljande situationer mjukt:<\/span><\/span><\/p>\n<p><span class=\"jCAhz ChMk0b\"><span class=\"ryNqvb\">N\u00e4r &#8221;\u4e0d&#8221; st\u00e5r mellan tv\u00e5 identiska verb, till exempel:<\/span><\/span><\/p>\n<p><span class=\"jCAhz ChMk0b\"><span class=\"ryNqvb\">gongzuo bu gongzuo (Jobba eller inte?)<\/span><\/span><\/p>\n<p><span class=\"jCAhz ChMk0b\"><span class=\"ryNqvb\">kan bu kan (Tittar eller inte)?<\/span><\/span><\/p>\n<p><span class=\"jCAhz ChMk0b\"><span class=\"ryNqvb\">N\u00e4r &#8221;\u4e0d&#8221; st\u00e5r mellan tv\u00e5 identiska adjektiv, till exempel:<\/span><\/span><\/p>\n<p><span class=\"jCAhz ChMk0b\"><span class=\"ryNqvb\">hao bu hao\uff1f(bra eller inte bra)<\/span><\/span><\/p>\n<p>&nbsp;<\/p>\n<p>Sedan skrev vi hanzi: \u4ed6\uff0c\u5979\uff0c\u4e0d\uff0c\u662f<\/p>\n<p>&nbsp;<\/p>\n","protected":false},"excerpt":{"rendered":"<p>Vi b\u00f6rjade dagens lektion med\u00a0 lite \u00f6vningar p\u00e5 veckodagar och datum. \u4eca\u5929jintian\u661f\u671fxingqi\u51e0ji\uff1f(Vilken dag \u00e4r det idag\uff09 \u4eca\u5929jintian\u661f\u671f\u4e09xingqi san\u3002\uff08Idag \u00e4r det onsdag\uff09 &nbsp; \u4eca\u5929jintain\u51e0\u6708\u51e0\u53f7ji yue ji hao\uff1f\uff08Vilken datum \u00e4r det idag?) \u4eca\u5929jintian2\u6708er yue21\u53f7er shi yi hao\u3002(Idag \u00e4r det den 21 februari\uff09 &nbsp; 2\u670821\u53f7er yue er shi yi hao\u661f\u671fxingqi\u51e0ji\uff1f\uff08Vilken dag \u00e4r den 21 februari?\uff09 2\u670821\u53f7er shi er [&hellip;]<\/p>\n","protected":false},"author":922,"featured_media":0,"parent":0,"menu_order":0,"comment_status":"closed","ping_status":"closed","template":"","meta":{"footnotes":""},"class_list":["post-389","page","type-page","status-publish","hentry","post-preview"],"_links":{"self":[{"href":"https:\/\/blogg.folkuniversitetet.nu\/zhaoya\/wp-json\/wp\/v2\/pages\/389","targetHints":{"allow":["GET"]}}],"collection":[{"href":"https:\/\/blogg.folkuniversitetet.nu\/zhaoya\/wp-json\/wp\/v2\/pages"}],"about":[{"href":"https:\/\/blogg.folkuniversitetet.nu\/zhaoya\/wp-json\/wp\/v2\/types\/page"}],"author":[{"embeddable":true,"href":"https:\/\/blogg.folkuniversitetet.nu\/zhaoya\/wp-json\/wp\/v2\/users\/922"}],"replies":[{"embeddable":true,"href":"https:\/\/blogg.folkuniversitetet.nu\/zhaoya\/wp-json\/wp\/v2\/comments?post=389"}],"version-history":[{"count":1,"href":"https:\/\/blogg.folkuniversitetet.nu\/zhaoya\/wp-json\/wp\/v2\/pages\/389\/revisions"}],"predecessor-version":[{"id":391,"href":"https:\/\/blogg.folkuniversitetet.nu\/zhaoya\/wp-json\/wp\/v2\/pages\/389\/revisions\/391"}],"wp:attachment":[{"href":"https:\/\/blogg.folkuniversitetet.nu\/zhaoya\/wp-json\/wp\/v2\/media?parent=389"}],"curies":[{"name":"wp","href":"https:\/\/api.w.org\/{rel}","templated":true}]}}