{"id":386,"date":"2024-11-10T14:31:01","date_gmt":"2024-11-10T13:31:01","guid":{"rendered":"https:\/\/blogg.folkuniversitetet.nu\/zhaoya\/?page_id=386"},"modified":"2024-11-10T14:31:01","modified_gmt":"2024-11-10T13:31:01","slug":"vt2024_a1del1_20240215","status":"publish","type":"page","link":"https:\/\/blogg.folkuniversitetet.nu\/zhaoya\/vt2024_a1del1_20240215\/","title":{"rendered":"VT2024_A1Del1_20240215"},"content":{"rendered":"<p>Varmt v\u00e4lkomna alla! Jag \u00e4r s\u00e5 excited \u00f6ver att b\u00f6rja resan med kinesiska med er alla. \ud83d\ude42<\/p>\n<p><span class=\"HwtZe\" lang=\"sv\"><span class=\"jCAhz ChMk0b\"><span class=\"ryNqvb\">Idag b\u00f6rjade vi med pinyin, det kinesiska fonetiska systemet. Listan \u00f6ver det kan hittas p\u00e5 sidan 4 i unit 0.\u00a0<\/span><\/span><\/span><\/p>\n<p><span class=\"HwtZe\" lang=\"sv\"><span class=\"jCAhz ChMk0b\"><span class=\"ryNqvb\">Alla konsulat \u00e4r: b,p,m,f,d,t,n,l,g,k,h,j,q,x,zh,ch,sh,r,z,c,s<\/span><\/span><\/span><\/p>\n<p><span class=\"HwtZe\" lang=\"sv\"><span class=\"jCAhz ChMk0b\"><span class=\"ryNqvb\">Alla \u00e4r: a,o,e,i(y),u(w),\u00fc<\/span><\/span><\/span><\/p>\n<p>Vi fick v\u00e5ra namn skrivna p\u00e5 kinesiska och minglade p\u00e5 h\u00e4lsningar och fr\u00e5gade efter varandras namn.<\/p>\n<ul>\n<li>nihao! (hej)<\/li>\n<li>nihao! (hej)<\/li>\n<li>ni jiao shenme mingzi? (vad heter du?)<\/li>\n<li>wo jiao _____. (jag heter____)<\/li>\n<\/ul>\n<p>Vi l\u00e4rde oss n\u00e5gra nya ord:<\/p>\n<p>hao (bra)<\/p>\n<p>feichang hao (utm\u00e4rkt)<\/p>\n<p>dui (korrekt)<\/p>\n<p>budui (inte korrekt)<\/p>\n<p>ni hao ma? (hur m\u00e5r du?)<\/p>\n<p>Zhe shi shenme? (vad \u00e4r det?)<\/p>\n<p>Sedan provade vi de 4 tonerna i fonetik.<\/p>\n<p>Sedan l\u00e4ste vi texten p\u00e5 sidan 6 och 7 i unit 0.<\/p>\n<div class=\"UdTY9 WdefRb\" aria-hidden=\"true\" data-location=\"2\"><\/div>\n","protected":false},"excerpt":{"rendered":"<p>Varmt v\u00e4lkomna alla! Jag \u00e4r s\u00e5 excited \u00f6ver att b\u00f6rja resan med kinesiska med er alla. \ud83d\ude42 Idag b\u00f6rjade vi med pinyin, det kinesiska fonetiska systemet. Listan \u00f6ver det kan hittas p\u00e5 sidan 4 i unit 0.\u00a0 Alla konsulat \u00e4r: b,p,m,f,d,t,n,l,g,k,h,j,q,x,zh,ch,sh,r,z,c,s Alla \u00e4r: a,o,e,i(y),u(w),\u00fc Vi fick v\u00e5ra namn skrivna p\u00e5 kinesiska och minglade p\u00e5 h\u00e4lsningar [&hellip;]<\/p>\n","protected":false},"author":922,"featured_media":0,"parent":0,"menu_order":0,"comment_status":"closed","ping_status":"closed","template":"","meta":{"footnotes":""},"class_list":["post-386","page","type-page","status-publish","hentry","post-preview"],"_links":{"self":[{"href":"https:\/\/blogg.folkuniversitetet.nu\/zhaoya\/wp-json\/wp\/v2\/pages\/386","targetHints":{"allow":["GET"]}}],"collection":[{"href":"https:\/\/blogg.folkuniversitetet.nu\/zhaoya\/wp-json\/wp\/v2\/pages"}],"about":[{"href":"https:\/\/blogg.folkuniversitetet.nu\/zhaoya\/wp-json\/wp\/v2\/types\/page"}],"author":[{"embeddable":true,"href":"https:\/\/blogg.folkuniversitetet.nu\/zhaoya\/wp-json\/wp\/v2\/users\/922"}],"replies":[{"embeddable":true,"href":"https:\/\/blogg.folkuniversitetet.nu\/zhaoya\/wp-json\/wp\/v2\/comments?post=386"}],"version-history":[{"count":1,"href":"https:\/\/blogg.folkuniversitetet.nu\/zhaoya\/wp-json\/wp\/v2\/pages\/386\/revisions"}],"predecessor-version":[{"id":388,"href":"https:\/\/blogg.folkuniversitetet.nu\/zhaoya\/wp-json\/wp\/v2\/pages\/386\/revisions\/388"}],"wp:attachment":[{"href":"https:\/\/blogg.folkuniversitetet.nu\/zhaoya\/wp-json\/wp\/v2\/media?parent=386"}],"curies":[{"name":"wp","href":"https:\/\/api.w.org\/{rel}","templated":true}]}}