{"id":371,"date":"2024-11-10T14:28:26","date_gmt":"2024-11-10T13:28:26","guid":{"rendered":"https:\/\/blogg.folkuniversitetet.nu\/zhaoya\/?page_id=371"},"modified":"2024-11-10T14:28:26","modified_gmt":"2024-11-10T13:28:26","slug":"ht2023_a1del1_20231206","status":"publish","type":"page","link":"https:\/\/blogg.folkuniversitetet.nu\/zhaoya\/ht2023_a1del1_20231206\/","title":{"rendered":"HT2023_A1Del1_20231206"},"content":{"rendered":"<p>Diktat f\u00f6ljande ord:<\/p>\n<ul>\n<li>zuo fan (laga mat)<\/li>\n<li>ting yinyue (lyssna p\u00e5 musik)<\/li>\n<li>hua hua (m\u00e5la, rita)<\/li>\n<li>kan dianying (titta p\u00e5 film)<\/li>\n<li>qi zixingche (cykla)<\/li>\n<li>hangxing (segla)<\/li>\n<li>tan jita (spela gitarr)<\/li>\n<li>ti zuqiu (spela fotball)<\/li>\n<li>da taiji (\u00f6va Taichi)<\/li>\n<\/ul>\n<p>Fraser:<\/p>\n<p>&#8212; Zuofan youyisi ma? (\u00e4r laga mat intressant?)<\/p>\n<p>&#8212; Shi, zuofan youyisi. (ja, att laga mat \u00e4r intressant)<\/p>\n<p>&#8212; Bu(shi), zuofan meiyou yisi. (nej, att laga mat \u00e4r inte intressant)<\/p>\n<p>&nbsp;<\/p>\n<p>&#8212; Zuofan nan bu nan? (\u00e4r laga mat sv\u00e5r?)<\/p>\n<p>&#8212; Shi, zuofan nan. (ja, laga mat \u00e4r sv\u00e5rt)<\/p>\n<p>&#8212; Bu(shi), zuofan bu nan. (nej, laga mat \u00e4r inte sv\u00e5rt).<\/p>\n<p>Tecken:<\/p>\n<p>\u6211wo\uff0c\u662fshi\uff0c\u4e0dbu<\/p>\n<p>&nbsp;<\/p>\n<p>L\u00e4xor: att skriva tecken.<\/p>\n","protected":false},"excerpt":{"rendered":"<p>Diktat f\u00f6ljande ord: zuo fan (laga mat) ting yinyue (lyssna p\u00e5 musik) hua hua (m\u00e5la, rita) kan dianying (titta p\u00e5 film) qi zixingche (cykla) hangxing (segla) tan jita (spela gitarr) ti zuqiu (spela fotball) da taiji (\u00f6va Taichi) Fraser: &#8212; Zuofan youyisi ma? (\u00e4r laga mat intressant?) &#8212; Shi, zuofan youyisi. (ja, att laga mat [&hellip;]<\/p>\n","protected":false},"author":922,"featured_media":0,"parent":0,"menu_order":0,"comment_status":"closed","ping_status":"closed","template":"","meta":{"footnotes":""},"class_list":["post-371","page","type-page","status-publish","hentry","post-preview"],"_links":{"self":[{"href":"https:\/\/blogg.folkuniversitetet.nu\/zhaoya\/wp-json\/wp\/v2\/pages\/371","targetHints":{"allow":["GET"]}}],"collection":[{"href":"https:\/\/blogg.folkuniversitetet.nu\/zhaoya\/wp-json\/wp\/v2\/pages"}],"about":[{"href":"https:\/\/blogg.folkuniversitetet.nu\/zhaoya\/wp-json\/wp\/v2\/types\/page"}],"author":[{"embeddable":true,"href":"https:\/\/blogg.folkuniversitetet.nu\/zhaoya\/wp-json\/wp\/v2\/users\/922"}],"replies":[{"embeddable":true,"href":"https:\/\/blogg.folkuniversitetet.nu\/zhaoya\/wp-json\/wp\/v2\/comments?post=371"}],"version-history":[{"count":1,"href":"https:\/\/blogg.folkuniversitetet.nu\/zhaoya\/wp-json\/wp\/v2\/pages\/371\/revisions"}],"predecessor-version":[{"id":373,"href":"https:\/\/blogg.folkuniversitetet.nu\/zhaoya\/wp-json\/wp\/v2\/pages\/371\/revisions\/373"}],"wp:attachment":[{"href":"https:\/\/blogg.folkuniversitetet.nu\/zhaoya\/wp-json\/wp\/v2\/media?parent=371"}],"curies":[{"name":"wp","href":"https:\/\/api.w.org\/{rel}","templated":true}]}}