{"id":359,"date":"2024-11-10T14:24:23","date_gmt":"2024-11-10T13:24:23","guid":{"rendered":"https:\/\/blogg.folkuniversitetet.nu\/zhaoya\/?page_id=359"},"modified":"2024-11-10T14:24:23","modified_gmt":"2024-11-10T13:24:23","slug":"ht2023_a1del1_20231107","status":"publish","type":"page","link":"https:\/\/blogg.folkuniversitetet.nu\/zhaoya\/ht2023_a1del1_20231107\/","title":{"rendered":"HT2023_A1Del1_20231107"},"content":{"rendered":"<p><strong>Reading (a text of self-introduction)<\/strong><\/p>\n<p>\u5927\u5bb6\u597d\uff01da jia hao (hej alla)<\/p>\n<p>&nbsp;<\/p>\n<p>\u6211wo \u53ebjiao \u8d75\u6d0bzhaoyang\u3002(jag heter ______)<\/p>\n<p>\u6211wo 35\u5c81sui\u3002(jag \u00e4r 35 \u00e5r gammal)<\/p>\n<p>\u6211wo\u662fshi \u4e2d\u56fdzhongguo\u4ebaren\u3002(jag \u00e4r kines)<\/p>\n<p>\u6211wo\u8bf4shuo\u6c49\u8bedhanyu\uff0c\u82f1\u8bedyingyu\uff0c\u745e\u5178\u8bedruidianyu\u548che\u4fc4\u8bedeyu\u3002(jag pratar kinesiska, engelska, svenska och ryska)<\/p>\n<p>&nbsp;<\/p>\n<p>\u6211wo\u662fshi\u6c49\u8bedhanyu\u8001\u5e08laoshi\uff0c\u6211wo\u4e5fye\u662fshi\u6570\u636e\u5206\u6790\u5e08 shuju fenxi shi(data analyst)\u3002<\/p>\n<p>(jag \u00e4r l\u00e4rare i kinesiska spr\u00e5k, jag \u00e4r \u00e4ven data analyst)<\/p>\n<p>\u6211wo\u4f4fzhu\u5728zai\u65af\u5fb7\u54e5\u5c14\u6469sidegeermo\u3002<\/p>\n<p>(jag bor i Stockholm)<\/p>\n<p>\u6211wo\u559c\u6b22xihuan\u97f3\u4e50(music)yinyuw\u548che\u7535\u5f71(movies)dianyng\u3002<\/p>\n<p>(jag gillar musik och filmer)<\/p>\n<p>&nbsp;<\/p>\n<p><strong>Hanzi, characters\u00a0<\/strong><\/p>\n<p>1 \u4e00<\/p>\n<p>2 \u4e8c<\/p>\n<p>3 \u4e09<\/p>\n<p>4 \u56db<\/p>\n<p>5 \u4e94<\/p>\n<p>6 \u516d<\/p>\n<p>7 \u4e03<\/p>\n<p>8 \u516b<\/p>\n<p>9 \u4e5d<\/p>\n<p>10 \u5341<\/p>\n<p>&nbsp;<\/p>\n<p><strong>Zuoye, homework<\/strong><\/p>\n<p>Tala &amp; spela in texten som ni skrev (a self-introduction) under lektionen och skicka till mig.<\/p>\n","protected":false},"excerpt":{"rendered":"<p>Reading (a text of self-introduction) \u5927\u5bb6\u597d\uff01da jia hao (hej alla) &nbsp; \u6211wo \u53ebjiao \u8d75\u6d0bzhaoyang\u3002(jag heter ______) \u6211wo 35\u5c81sui\u3002(jag \u00e4r 35 \u00e5r gammal) \u6211wo\u662fshi \u4e2d\u56fdzhongguo\u4ebaren\u3002(jag \u00e4r kines) \u6211wo\u8bf4shuo\u6c49\u8bedhanyu\uff0c\u82f1\u8bedyingyu\uff0c\u745e\u5178\u8bedruidianyu\u548che\u4fc4\u8bedeyu\u3002(jag pratar kinesiska, engelska, svenska och ryska) &nbsp; \u6211wo\u662fshi\u6c49\u8bedhanyu\u8001\u5e08laoshi\uff0c\u6211wo\u4e5fye\u662fshi\u6570\u636e\u5206\u6790\u5e08 shuju fenxi shi(data analyst)\u3002 (jag \u00e4r l\u00e4rare i kinesiska spr\u00e5k, jag \u00e4r \u00e4ven data analyst) \u6211wo\u4f4fzhu\u5728zai\u65af\u5fb7\u54e5\u5c14\u6469sidegeermo\u3002 (jag bor i Stockholm) [&hellip;]<\/p>\n","protected":false},"author":922,"featured_media":0,"parent":0,"menu_order":0,"comment_status":"closed","ping_status":"closed","template":"","meta":{"footnotes":""},"class_list":["post-359","page","type-page","status-publish","hentry","post-preview"],"_links":{"self":[{"href":"https:\/\/blogg.folkuniversitetet.nu\/zhaoya\/wp-json\/wp\/v2\/pages\/359","targetHints":{"allow":["GET"]}}],"collection":[{"href":"https:\/\/blogg.folkuniversitetet.nu\/zhaoya\/wp-json\/wp\/v2\/pages"}],"about":[{"href":"https:\/\/blogg.folkuniversitetet.nu\/zhaoya\/wp-json\/wp\/v2\/types\/page"}],"author":[{"embeddable":true,"href":"https:\/\/blogg.folkuniversitetet.nu\/zhaoya\/wp-json\/wp\/v2\/users\/922"}],"replies":[{"embeddable":true,"href":"https:\/\/blogg.folkuniversitetet.nu\/zhaoya\/wp-json\/wp\/v2\/comments?post=359"}],"version-history":[{"count":1,"href":"https:\/\/blogg.folkuniversitetet.nu\/zhaoya\/wp-json\/wp\/v2\/pages\/359\/revisions"}],"predecessor-version":[{"id":361,"href":"https:\/\/blogg.folkuniversitetet.nu\/zhaoya\/wp-json\/wp\/v2\/pages\/359\/revisions\/361"}],"wp:attachment":[{"href":"https:\/\/blogg.folkuniversitetet.nu\/zhaoya\/wp-json\/wp\/v2\/media?parent=359"}],"curies":[{"name":"wp","href":"https:\/\/api.w.org\/{rel}","templated":true}]}}