{"id":333,"date":"2024-11-06T20:18:36","date_gmt":"2024-11-06T19:18:36","guid":{"rendered":"https:\/\/blogg.folkuniversitetet.nu\/zhaoya\/?page_id=333"},"modified":"2024-11-10T14:48:05","modified_gmt":"2024-11-10T13:48:05","slug":"ht_a1del3_20241106","status":"publish","type":"page","link":"https:\/\/blogg.folkuniversitetet.nu\/zhaoya\/ht_a1del3_20241106\/","title":{"rendered":"HT2024_A1Del3_20241106"},"content":{"rendered":"<p>Vi b\u00f6rjade idag med en j\u00e4mf\u00f6relsestruktur, \u6bd4\u3002<\/p>\n<p>\u54e5\u54e5\u6bd4\u6211\u9ad8\u3002gege bi wo gao. (min bror \u00e4r l\u00e4ngre \u00e4n mig)<\/p>\n<p>\u6211\u6bd4\u54e5\u54e5\u77ee\u3002wo bi gege ai. (jag \u00e4r kortare \u00e4n min bror)<\/p>\n<p>Sen gjorde vi \u00f6vning 4 p\u00e5 sidan 50, \u00f6vningsbok. Facet:<\/p>\n<p>1)\u6211\u559c\u6b22\u8fd9\u4e2a\u3002\u6211\u4e0d\u559c\u6b22\u90a3\u4e2a\u3002<\/p>\n<p>2)\u8fd9\u5f20\u4e2d\u56fd\u5730\u56fe\u5f88\u6709\u7528\u3002<\/p>\n<p>3)\u8fd9\u672c\u8bcd\u5178\u5f88\u597d\u3002<\/p>\n<p>4)\u6211\u80fd\u7528\u4e00\u4e0b\u4f60\u7684\u8bcd\u5178\u5417\uff1f<\/p>\n<p>5)\u8fd9\u4e24\u672c\u8bcd\u5178\u662f\u8c01\u7684\uff1f<\/p>\n<p>Sen gjorde vi l\u00e4sning \u00f6vning p\u00e5 sidan 51. Zuoye \u00e4r att skriva en text om era l\u00e4nder, anv\u00e4nd sidan 51 texten som exempel.<\/p>\n<p>Sen l\u00e4ste vi och \u00f6vers\u00e4tt text p\u00e5 sidan 91, textbok.<\/p>\n","protected":false},"excerpt":{"rendered":"<p>Vi b\u00f6rjade idag med en j\u00e4mf\u00f6relsestruktur, \u6bd4\u3002 \u54e5\u54e5\u6bd4\u6211\u9ad8\u3002gege bi wo gao. (min bror \u00e4r l\u00e4ngre \u00e4n mig) \u6211\u6bd4\u54e5\u54e5\u77ee\u3002wo bi gege ai. (jag \u00e4r kortare \u00e4n min bror) Sen gjorde vi \u00f6vning 4 p\u00e5 sidan 50, \u00f6vningsbok. Facet: 1)\u6211\u559c\u6b22\u8fd9\u4e2a\u3002\u6211\u4e0d\u559c\u6b22\u90a3\u4e2a\u3002 2)\u8fd9\u5f20\u4e2d\u56fd\u5730\u56fe\u5f88\u6709\u7528\u3002 3)\u8fd9\u672c\u8bcd\u5178\u5f88\u597d\u3002 4)\u6211\u80fd\u7528\u4e00\u4e0b\u4f60\u7684\u8bcd\u5178\u5417\uff1f 5)\u8fd9\u4e24\u672c\u8bcd\u5178\u662f\u8c01\u7684\uff1f Sen gjorde vi l\u00e4sning \u00f6vning p\u00e5 sidan 51. Zuoye \u00e4r att skriva en [&hellip;]<\/p>\n","protected":false},"author":922,"featured_media":0,"parent":0,"menu_order":0,"comment_status":"closed","ping_status":"closed","template":"","meta":{"footnotes":""},"class_list":["post-333","page","type-page","status-publish","hentry","post-preview"],"_links":{"self":[{"href":"https:\/\/blogg.folkuniversitetet.nu\/zhaoya\/wp-json\/wp\/v2\/pages\/333","targetHints":{"allow":["GET"]}}],"collection":[{"href":"https:\/\/blogg.folkuniversitetet.nu\/zhaoya\/wp-json\/wp\/v2\/pages"}],"about":[{"href":"https:\/\/blogg.folkuniversitetet.nu\/zhaoya\/wp-json\/wp\/v2\/types\/page"}],"author":[{"embeddable":true,"href":"https:\/\/blogg.folkuniversitetet.nu\/zhaoya\/wp-json\/wp\/v2\/users\/922"}],"replies":[{"embeddable":true,"href":"https:\/\/blogg.folkuniversitetet.nu\/zhaoya\/wp-json\/wp\/v2\/comments?post=333"}],"version-history":[{"count":2,"href":"https:\/\/blogg.folkuniversitetet.nu\/zhaoya\/wp-json\/wp\/v2\/pages\/333\/revisions"}],"predecessor-version":[{"id":432,"href":"https:\/\/blogg.folkuniversitetet.nu\/zhaoya\/wp-json\/wp\/v2\/pages\/333\/revisions\/432"}],"wp:attachment":[{"href":"https:\/\/blogg.folkuniversitetet.nu\/zhaoya\/wp-json\/wp\/v2\/media?parent=333"}],"curies":[{"name":"wp","href":"https:\/\/api.w.org\/{rel}","templated":true}]}}