{"id":313,"date":"2024-10-28T21:09:11","date_gmt":"2024-10-28T20:09:11","guid":{"rendered":"https:\/\/blogg.folkuniversitetet.nu\/zhaoya\/?page_id=313"},"modified":"2024-11-10T14:52:07","modified_gmt":"2024-11-10T13:52:07","slug":"ht_a1del1_20241028","status":"publish","type":"page","link":"https:\/\/blogg.folkuniversitetet.nu\/zhaoya\/ht_a1del1_20241028\/","title":{"rendered":"HT2024_A1Del1_20241028"},"content":{"rendered":"<p>Vi b\u00f6rjade idag med att upprepa hur man beskriver m\u00e5nad och datum: yue (m\u00e5nad) , ri (dag).<\/p>\n<p>Sedan lade vi till \u00e5r (nian) och veckodagar (xingqi yi, xingqi er&#8230;)<\/p>\n<p>xingqi yi &#8212; m\u00e5ndag; xingqi er &#8212; tisdag; xingqi san &#8212; onsdag; xingqi si &#8212; torsdag; xingqi wu &#8212; fredag; xingqi liu &#8212; l\u00f6rdag; xingqi ri &#8212; s\u00f6ndag<\/p>\n<p>Er ling er si nian shi yue ershiba ri shi xingqi yi. (2024.10.28 \u00e4r m\u00e5ndag)<\/p>\n<p>Wode shengri shi yi jiu ba ba nian liu yue ershiyi ri. (Min f\u00f6delsedag \u00e4r 1988.06.21).<\/p>\n<p>Sedan l\u00e4rde vi oss nya ord f\u00f6r hobbies <a href=\"http:\/\/blogg.folkuniversitetet.nu\/zhaoya\/files\/2024\/10\/hobbies.pdf\">hobbies<\/a><\/p>\n<p>Sedan l\u00e4ste vi en text om en sj\u00e4lvintroduktion. <a href=\"http:\/\/blogg.folkuniversitetet.nu\/zhaoya\/files\/2024\/10\/self-intro_20241028.pdf\">self-intro_20241028<\/a> och skrev sj\u00e4lvintroduktion om oss sj\u00e4lva.<\/p>\n<p>Zuoye (l\u00e4xor) \u00e4r att l\u00e4sa och spela in texten av sj\u00e4lvintroduktion som ni skrev om er sj\u00e4lva, skicka till mig ljudfilen. Ni kommer att presentera er sj\u00e4lva p\u00e5 hanyu n\u00e4sta g\u00e5ng (sista tr\u00e4ff i den h\u00e4r kurs).<\/p>\n<p>&nbsp;<\/p>\n","protected":false},"excerpt":{"rendered":"<p>Vi b\u00f6rjade idag med att upprepa hur man beskriver m\u00e5nad och datum: yue (m\u00e5nad) , ri (dag). Sedan lade vi till \u00e5r (nian) och veckodagar (xingqi yi, xingqi er&#8230;) xingqi yi &#8212; m\u00e5ndag; xingqi er &#8212; tisdag; xingqi san &#8212; onsdag; xingqi si &#8212; torsdag; xingqi wu &#8212; fredag; xingqi liu &#8212; l\u00f6rdag; xingqi ri [&hellip;]<\/p>\n","protected":false},"author":922,"featured_media":0,"parent":0,"menu_order":0,"comment_status":"closed","ping_status":"closed","template":"","meta":{"footnotes":""},"class_list":["post-313","page","type-page","status-publish","hentry","post-preview"],"_links":{"self":[{"href":"https:\/\/blogg.folkuniversitetet.nu\/zhaoya\/wp-json\/wp\/v2\/pages\/313","targetHints":{"allow":["GET"]}}],"collection":[{"href":"https:\/\/blogg.folkuniversitetet.nu\/zhaoya\/wp-json\/wp\/v2\/pages"}],"about":[{"href":"https:\/\/blogg.folkuniversitetet.nu\/zhaoya\/wp-json\/wp\/v2\/types\/page"}],"author":[{"embeddable":true,"href":"https:\/\/blogg.folkuniversitetet.nu\/zhaoya\/wp-json\/wp\/v2\/users\/922"}],"replies":[{"embeddable":true,"href":"https:\/\/blogg.folkuniversitetet.nu\/zhaoya\/wp-json\/wp\/v2\/comments?post=313"}],"version-history":[{"count":2,"href":"https:\/\/blogg.folkuniversitetet.nu\/zhaoya\/wp-json\/wp\/v2\/pages\/313\/revisions"}],"predecessor-version":[{"id":447,"href":"https:\/\/blogg.folkuniversitetet.nu\/zhaoya\/wp-json\/wp\/v2\/pages\/313\/revisions\/447"}],"wp:attachment":[{"href":"https:\/\/blogg.folkuniversitetet.nu\/zhaoya\/wp-json\/wp\/v2\/media?parent=313"}],"curies":[{"name":"wp","href":"https:\/\/api.w.org\/{rel}","templated":true}]}}