{"id":308,"date":"2024-10-24T19:37:58","date_gmt":"2024-10-24T18:37:58","guid":{"rendered":"https:\/\/blogg.folkuniversitetet.nu\/zhaoya\/?page_id=308"},"modified":"2024-11-10T14:51:50","modified_gmt":"2024-11-10T13:51:50","slug":"ht_a1del3_20241023","status":"publish","type":"page","link":"https:\/\/blogg.folkuniversitetet.nu\/zhaoya\/ht_a1del3_20241023\/","title":{"rendered":"HT2024_A1Del3_20241023"},"content":{"rendered":"<p>Vi l\u00e4rde oss f\u00f6ljande ord under dagens nihao-chatt.<\/p>\n<p>\u600e\u4e48\u529e\uff1fzenme ban (vad ska man g\u00f6ra), \u5efa\u8bae jianyi (r\u00e5d, att ge r\u00e5d)<\/p>\n<ul>\n<li>\u6211\u60f3\u65e9\u4e0a\u8fd0\u52a8 wo xiang zaoshang yundong\uff0c\u4f46\u662f\u6211\u4e0d\u505adanshi wo buzuo\uff0c\u600e\u4e48\u529ezenme ban\uff1f\u4f60\u6709\u5efa\u8bae\u5417 niyou jianyi ma\uff1f(jag vill tr\u00e4na p\u00e5 morgonen men jag g\u00f6r inte det, vad ska jag g\u00f6ra? har du r\u00e5d?)<\/li>\n<li>\u6211\u5efa\u8bae\u4f60\u627e\u90bb\u5c45\u4e00\u8d77\u8fd0\u52a8 wo jianyi ni zhao linju yiqi yundong\u3002(Jag f\u00f6resl\u00e5r att du hittar en granne att tr\u00e4na med).<\/li>\n<\/ul>\n<p>Orden att beskriva frekvens.<\/p>\n<p>\u4ece\u4e0dcongbu (aldrig)\uff0c\u5f88\u5c11henshao (s\u00e4llan)\uff0c\u6709\u65f6\u5019you shihou (ibland)\uff0c\u5e38\u5e38changchang (ofta)\uff0c\u603b\u662fzongshi (alltid)<\/p>\n<ul>\n<li>\u4e0d\u9ad8\u5174\u7684\u65f6\u5019bu gaoxing de shihou\uff0c\u4f60\u5e38\u5e38\u505a\u4ec0\u4e48ni changchang zuo shenme\uff1f(vad brukar du g\u00f6ra n\u00e4r du \u00e4r ledsen)<\/li>\n<li>\u4e0d\u9ad8\u5174\u7684\u65f6\u5019bu gaoxing de shihou\uff0c\u6211\u5e38\u5e38\u542c\u97f3\u4e50wo changchang ting yinyue\u3002(jag brukar lyssna p\u00e5 musik n\u00e4r jag \u00e4r ledsen)<\/li>\n<\/ul>\n<p>Sedan l\u00e4ste vi texten p\u00e5 sidan 82 igen.<\/p>\n<p>och skrev hanzi <a href=\"http:\/\/blogg.folkuniversitetet.nu\/zhaoya\/files\/2024\/10\/\u6c49\u5b57241023.pdf\">\u6c49\u5b57241023<\/a><\/p>\n<p>Sen gjorde vi \u00f6vning 3 p\u00e5 sidan 79. Facet:<\/p>\n<p>1\uff09\u8fd9\u4e24\u672c\u8bcd\u5178\u90fd\u5f88\u6709\u7528\u3002<\/p>\n<p>2\uff09\u4f60\u4eec\u5728\u54ea\u4e2a\u6559\u5ba4\u4e0a\u8bfe\uff1f<\/p>\n<p>3\uff09\u8fd9\u652f\u7b14\u662f\u6211\u7684\uff0c\u90a3\u652f\u7b14\u662f\u6c5f\u5c71\u7684\u3002<\/p>\n<p>Zuoye \u00e4r hanzi och \u00f6vning 2 p\u00e5 sidan 2 (g\u00e4rna skriva hela meningar med hanzi)<\/p>\n","protected":false},"excerpt":{"rendered":"<p>Vi l\u00e4rde oss f\u00f6ljande ord under dagens nihao-chatt. \u600e\u4e48\u529e\uff1fzenme ban (vad ska man g\u00f6ra), \u5efa\u8bae jianyi (r\u00e5d, att ge r\u00e5d) \u6211\u60f3\u65e9\u4e0a\u8fd0\u52a8 wo xiang zaoshang yundong\uff0c\u4f46\u662f\u6211\u4e0d\u505adanshi wo buzuo\uff0c\u600e\u4e48\u529ezenme ban\uff1f\u4f60\u6709\u5efa\u8bae\u5417 niyou jianyi ma\uff1f(jag vill tr\u00e4na p\u00e5 morgonen men jag g\u00f6r inte det, vad ska jag g\u00f6ra? har du r\u00e5d?) \u6211\u5efa\u8bae\u4f60\u627e\u90bb\u5c45\u4e00\u8d77\u8fd0\u52a8 wo jianyi ni zhao linju yiqi yundong\u3002(Jag [&hellip;]<\/p>\n","protected":false},"author":922,"featured_media":0,"parent":0,"menu_order":0,"comment_status":"closed","ping_status":"closed","template":"","meta":{"footnotes":""},"class_list":["post-308","page","type-page","status-publish","hentry","post-preview"],"_links":{"self":[{"href":"https:\/\/blogg.folkuniversitetet.nu\/zhaoya\/wp-json\/wp\/v2\/pages\/308","targetHints":{"allow":["GET"]}}],"collection":[{"href":"https:\/\/blogg.folkuniversitetet.nu\/zhaoya\/wp-json\/wp\/v2\/pages"}],"about":[{"href":"https:\/\/blogg.folkuniversitetet.nu\/zhaoya\/wp-json\/wp\/v2\/types\/page"}],"author":[{"embeddable":true,"href":"https:\/\/blogg.folkuniversitetet.nu\/zhaoya\/wp-json\/wp\/v2\/users\/922"}],"replies":[{"embeddable":true,"href":"https:\/\/blogg.folkuniversitetet.nu\/zhaoya\/wp-json\/wp\/v2\/comments?post=308"}],"version-history":[{"count":2,"href":"https:\/\/blogg.folkuniversitetet.nu\/zhaoya\/wp-json\/wp\/v2\/pages\/308\/revisions"}],"predecessor-version":[{"id":445,"href":"https:\/\/blogg.folkuniversitetet.nu\/zhaoya\/wp-json\/wp\/v2\/pages\/308\/revisions\/445"}],"wp:attachment":[{"href":"https:\/\/blogg.folkuniversitetet.nu\/zhaoya\/wp-json\/wp\/v2\/media?parent=308"}],"curies":[{"name":"wp","href":"https:\/\/api.w.org\/{rel}","templated":true}]}}