{"id":298,"date":"2024-10-17T19:07:29","date_gmt":"2024-10-17T18:07:29","guid":{"rendered":"https:\/\/blogg.folkuniversitetet.nu\/zhaoya\/?page_id=298"},"modified":"2024-11-10T14:52:15","modified_gmt":"2024-11-10T13:52:15","slug":"ht_a1del2_20241017","status":"publish","type":"page","link":"https:\/\/blogg.folkuniversitetet.nu\/zhaoya\/ht_a1del2_20241017\/","title":{"rendered":"HT2024_A1Del2_20241017"},"content":{"rendered":"<p>Vi b\u00f6rjade idag med att upprepa orden f\u00f6r transport:<\/p>\n<p>\u98de\u673afeiji(flyggplan)\uff0c\u5730\u94c1ditie(tunelbana)\uff0c\u8f66che(fordon)\uff0c\u51fa\u79df\u8f66chuzuche(taxi)\uff0c\u516c\u5171\u6c7d\u8f66gonggong qiche(buss)\uff0c\u6821\u8f66xiaoche(skolbuss)\uff0c\u6469\u6258\u8f66motuoche(motorcykel)\uff0c\u81ea\u884c\u8f66zixingche(cykel), \u706b\u8f66huoche(t\u00e5g).<\/p>\n<p>Sedan l\u00e4rde vi oss ett nytt ord &#8221;\u4f1a&#8221;(hui). Det betyder &#8221;kan&#8221; n\u00e5got (f\u00f6rv\u00e4rvade f\u00e4rdigheter).<\/p>\n<ul>\n<li>\u6211\u4f1a\u9a91\u81ea\u884c\u8f66\u3002wo hui qi zixingche.<\/li>\n<li>\u6211\u4e0d\u4f1a\u6e38\u6cf3\u3002 wo bu hui youyong.<\/li>\n<\/ul>\n<p>Sedan gjorde vi \u00f6vningar 3\uff0c4 p\u00e5 sidan 48. Facet:<\/p>\n<p>3.<\/p>\n<p>1\uff09\u6211\u5f88\u9ad8\u5174\u8ba4\u8bc6\u60a8\u3002<\/p>\n<p>2\uff09\u6211\u5728\u8fdb\u51fa\u53e3\u516c\u53f8\u5de5\u4f5c\u3002<\/p>\n<p>3\uff09\u6211\u4eec\u53ef\u4ee5\u5408\u4f5c\u3002<\/p>\n<p>4\uff09\u4f60\u53ef\u4ee5\u53d1\u7535\u5b50\u90ae\u4ef6\u7ed9\u6211\u3002<\/p>\n<p>5\uff09\u6211\u53ef\u4ee5\u4e0d\u53ef\u4ee5\u6253\u7535\u8bdd\u7ed9\u4f60\uff1f<\/p>\n<p>4.<\/p>\n<p>1\uff09\u4f60\u7684\u6c49\u8bed\u5f88\u597d\u3002<\/p>\n<p>2\uff09\u6211\u5728\u6770\u514b\u7684\u516c\u53f8\u5de5\u4f5c\u3002<\/p>\n<p>3\uff09\u4f60\u53ef\u4ee5\u7ed9\u6211\u6253\u7535\u8bdd\uff0c\u4e5f\u53ef\u4ee5\u7ed9\u6211\u53d1\u7535\u5b50\u90ae\u4ef6\u3002<\/p>\n<p>Zuoye: ni fick en lyckokaka &#8212; \u00f6vers\u00e4tta den meddelande till \u6c49\u8bed och ber\u00e4tta till oss alla n\u00e4sta g\u00e5ng.<\/p>\n","protected":false},"excerpt":{"rendered":"<p>Vi b\u00f6rjade idag med att upprepa orden f\u00f6r transport: \u98de\u673afeiji(flyggplan)\uff0c\u5730\u94c1ditie(tunelbana)\uff0c\u8f66che(fordon)\uff0c\u51fa\u79df\u8f66chuzuche(taxi)\uff0c\u516c\u5171\u6c7d\u8f66gonggong qiche(buss)\uff0c\u6821\u8f66xiaoche(skolbuss)\uff0c\u6469\u6258\u8f66motuoche(motorcykel)\uff0c\u81ea\u884c\u8f66zixingche(cykel), \u706b\u8f66huoche(t\u00e5g). Sedan l\u00e4rde vi oss ett nytt ord &#8221;\u4f1a&#8221;(hui). Det betyder &#8221;kan&#8221; n\u00e5got (f\u00f6rv\u00e4rvade f\u00e4rdigheter). \u6211\u4f1a\u9a91\u81ea\u884c\u8f66\u3002wo hui qi zixingche. \u6211\u4e0d\u4f1a\u6e38\u6cf3\u3002 wo bu hui youyong. Sedan gjorde vi \u00f6vningar 3\uff0c4 p\u00e5 sidan 48. Facet: 3. 1\uff09\u6211\u5f88\u9ad8\u5174\u8ba4\u8bc6\u60a8\u3002 2\uff09\u6211\u5728\u8fdb\u51fa\u53e3\u516c\u53f8\u5de5\u4f5c\u3002 3\uff09\u6211\u4eec\u53ef\u4ee5\u5408\u4f5c\u3002 4\uff09\u4f60\u53ef\u4ee5\u53d1\u7535\u5b50\u90ae\u4ef6\u7ed9\u6211\u3002 5\uff09\u6211\u53ef\u4ee5\u4e0d\u53ef\u4ee5\u6253\u7535\u8bdd\u7ed9\u4f60\uff1f 4. 1\uff09\u4f60\u7684\u6c49\u8bed\u5f88\u597d\u3002 2\uff09\u6211\u5728\u6770\u514b\u7684\u516c\u53f8\u5de5\u4f5c\u3002 3\uff09\u4f60\u53ef\u4ee5\u7ed9\u6211\u6253\u7535\u8bdd\uff0c\u4e5f\u53ef\u4ee5\u7ed9\u6211\u53d1\u7535\u5b50\u90ae\u4ef6\u3002 Zuoye: [&hellip;]<\/p>\n","protected":false},"author":922,"featured_media":0,"parent":0,"menu_order":0,"comment_status":"closed","ping_status":"closed","template":"","meta":{"footnotes":""},"class_list":["post-298","page","type-page","status-publish","hentry","post-preview"],"_links":{"self":[{"href":"https:\/\/blogg.folkuniversitetet.nu\/zhaoya\/wp-json\/wp\/v2\/pages\/298","targetHints":{"allow":["GET"]}}],"collection":[{"href":"https:\/\/blogg.folkuniversitetet.nu\/zhaoya\/wp-json\/wp\/v2\/pages"}],"about":[{"href":"https:\/\/blogg.folkuniversitetet.nu\/zhaoya\/wp-json\/wp\/v2\/types\/page"}],"author":[{"embeddable":true,"href":"https:\/\/blogg.folkuniversitetet.nu\/zhaoya\/wp-json\/wp\/v2\/users\/922"}],"replies":[{"embeddable":true,"href":"https:\/\/blogg.folkuniversitetet.nu\/zhaoya\/wp-json\/wp\/v2\/comments?post=298"}],"version-history":[{"count":2,"href":"https:\/\/blogg.folkuniversitetet.nu\/zhaoya\/wp-json\/wp\/v2\/pages\/298\/revisions"}],"predecessor-version":[{"id":448,"href":"https:\/\/blogg.folkuniversitetet.nu\/zhaoya\/wp-json\/wp\/v2\/pages\/298\/revisions\/448"}],"wp:attachment":[{"href":"https:\/\/blogg.folkuniversitetet.nu\/zhaoya\/wp-json\/wp\/v2\/media?parent=298"}],"curies":[{"name":"wp","href":"https:\/\/api.w.org\/{rel}","templated":true}]}}