{"id":294,"date":"2024-10-14T19:49:52","date_gmt":"2024-10-14T18:49:52","guid":{"rendered":"https:\/\/blogg.folkuniversitetet.nu\/zhaoya\/?page_id=294"},"modified":"2024-11-10T14:44:37","modified_gmt":"2024-11-10T13:44:37","slug":"ht_a1del1_20241014","status":"publish","type":"page","link":"https:\/\/blogg.folkuniversitetet.nu\/zhaoya\/ht_a1del1_20241014\/","title":{"rendered":"HT2024_A1Del1_20241014"},"content":{"rendered":"<p><span class=\"jCAhz\"><span class=\"ryNqvb\">Vi b\u00f6rjade dagen med att introducera ett nytt ord:<\/span><\/span>\u00a0<span class=\"jCAhz ChMk0b\"><span class=\"ryNqvb\">lai zi (kommer if\u00e5n). Wo lai zi Zhongguo Beijing.\u00a0<\/span><\/span><\/p>\n<ul>\n<li>Ni laizi nar?<\/li>\n<li>Wo laizi Beijing.<\/li>\n<\/ul>\n<p>Sedan l\u00e4ste vi texten p\u00e5 sidorna 6,7,8.<\/p>\n<p>Sedan introducerade vi n\u00e5gra vocab f\u00f6r familjemedlemmar, bl.a.:<\/p>\n<p>mama (mamma), baba (pappa), jiejie (stor syster), meimei (yngre syster), gege (stor bror), didi (lilla bror), yeye (farfar), nainai (farmor), waigong (morfar), waipo (mormor), erzi (son), nver (dotter)<\/p>\n<ul>\n<li>Ni you gege ma?<\/li>\n<li>Wo you gege.<\/li>\n<li>Ni you didi ma?<\/li>\n<li>Wo meiyou didi.<\/li>\n<\/ul>\n<p>Vi ocks\u00e5 introducerade pronomen.<\/p>\n<p>wo (jag), ni (du), ta (han\/hon), women (vi), nimen (ni), tamen (de), wode (min), nide (din), tade (hans\/hennes), womende (v\u00e5r), nimende (er), tamende (deras)<\/p>\n<p>Sist skrev vi hanzi \u4e0d\uff0c\u662f\uff0c\u4e2d\uff0c\u56fd\uff0c\u4eba\uff0c\u6ca1\uff0c\u6709. Dagens l\u00e4xor \u00e4r hanzi.<\/p>\n","protected":false},"excerpt":{"rendered":"<p>Vi b\u00f6rjade dagen med att introducera ett nytt ord:\u00a0lai zi (kommer if\u00e5n). Wo lai zi Zhongguo Beijing.\u00a0 Ni laizi nar? Wo laizi Beijing. Sedan l\u00e4ste vi texten p\u00e5 sidorna 6,7,8. Sedan introducerade vi n\u00e5gra vocab f\u00f6r familjemedlemmar, bl.a.: mama (mamma), baba (pappa), jiejie (stor syster), meimei (yngre syster), gege (stor bror), didi (lilla bror), yeye [&hellip;]<\/p>\n","protected":false},"author":922,"featured_media":0,"parent":0,"menu_order":0,"comment_status":"closed","ping_status":"closed","template":"","meta":{"footnotes":""},"class_list":["post-294","page","type-page","status-publish","hentry","post-preview"],"_links":{"self":[{"href":"https:\/\/blogg.folkuniversitetet.nu\/zhaoya\/wp-json\/wp\/v2\/pages\/294","targetHints":{"allow":["GET"]}}],"collection":[{"href":"https:\/\/blogg.folkuniversitetet.nu\/zhaoya\/wp-json\/wp\/v2\/pages"}],"about":[{"href":"https:\/\/blogg.folkuniversitetet.nu\/zhaoya\/wp-json\/wp\/v2\/types\/page"}],"author":[{"embeddable":true,"href":"https:\/\/blogg.folkuniversitetet.nu\/zhaoya\/wp-json\/wp\/v2\/users\/922"}],"replies":[{"embeddable":true,"href":"https:\/\/blogg.folkuniversitetet.nu\/zhaoya\/wp-json\/wp\/v2\/comments?post=294"}],"version-history":[{"count":2,"href":"https:\/\/blogg.folkuniversitetet.nu\/zhaoya\/wp-json\/wp\/v2\/pages\/294\/revisions"}],"predecessor-version":[{"id":418,"href":"https:\/\/blogg.folkuniversitetet.nu\/zhaoya\/wp-json\/wp\/v2\/pages\/294\/revisions\/418"}],"wp:attachment":[{"href":"https:\/\/blogg.folkuniversitetet.nu\/zhaoya\/wp-json\/wp\/v2\/media?parent=294"}],"curies":[{"name":"wp","href":"https:\/\/api.w.org\/{rel}","templated":true}]}}