{"id":291,"date":"2024-10-10T19:30:34","date_gmt":"2024-10-10T18:30:34","guid":{"rendered":"https:\/\/blogg.folkuniversitetet.nu\/zhaoya\/?page_id=291"},"modified":"2024-11-10T14:54:46","modified_gmt":"2024-11-10T13:54:46","slug":"hta1del3_20241009","status":"publish","type":"page","link":"https:\/\/blogg.folkuniversitetet.nu\/zhaoya\/hta1del3_20241009\/","title":{"rendered":"HT2024_A1Del3_20241009"},"content":{"rendered":"<p>N\u00e5gra nya ord fr\u00e5n \u4f60\u597d\u5417 chatten<\/p>\n<p>&#8230;&#8230;\u7684\u65f6\u5019de shihou, n\u00e4r<\/p>\n<p>\u6211\u5728\u4e2d\u56fd\u7684\u65f6\u5019\uff0c\u53bb\u4e86\u957f\u57ce\u3002wo zai zhongguo de shihou, qu le changcheng,\u00a0 Jag \u00e5kte till kina-muren n\u00e4r jag var i kina.<\/p>\n<p>\u4f1a hui, kan (be able to)<\/p>\n<p>\u4ed6\u4f1a\u5f39\u5409\u4ed6\uff0c\u6211\u4f1a\u6ed1\u96ea\u3002ta hui tan jita, wo hui huaxue. Han kan spela gitarr, jag kan \u00e5ka skidor.<\/p>\n<p>&nbsp;<\/p>\n<p>Sedan gjorde vi \u00f6vning 2 (1,5,8) och \u00f6vning 3 p\u00e5 sidan 50, \u00f6vningsbok. Facet:<\/p>\n<p>2. \uff081\uff09\u6211\u60f3\u53bb\u5317\u4eac\u73a9\u513f\u3002\uff085\uff09\u8ba9\u6211\u770b\u4e00\u4e0b\u4f60\u7684\u4e2d\u56fd\u5730\u56fe\uff0c\u53ef\u4ee5\u5417\uff1f \uff088\uff09\u6211\u6709\u4e24\u5f20\u52a0\u62ff\u5927\u5730\u56fe\u3002<\/p>\n<p>3. \uff081\uff09\u90a3\u4e2a\u5730\u65b9\u5f88\u5927\uff0c\u5f88\u6f02\u4eae\u3002\uff082\uff09\u4ed6\u82f1\u8bed\u5f88\u597d\uff0c\u6cd5\u8bed\u4e5f\u5f88\u597d\u3002\uff083\uff09\u4ed6\u4eec\u5b66\u6821\u8001\u5e08\u5c11\uff0c\u5b66\u751f\u591a\u3002<\/p>\n<p>&nbsp;<\/p>\n<p>Sedan l\u00e4ste och \u00f6versatte vi text p\u00e5 sidan 82.<\/p>\n","protected":false},"excerpt":{"rendered":"<p>N\u00e5gra nya ord fr\u00e5n \u4f60\u597d\u5417 chatten &#8230;&#8230;\u7684\u65f6\u5019de shihou, n\u00e4r \u6211\u5728\u4e2d\u56fd\u7684\u65f6\u5019\uff0c\u53bb\u4e86\u957f\u57ce\u3002wo zai zhongguo de shihou, qu le changcheng,\u00a0 Jag \u00e5kte till kina-muren n\u00e4r jag var i kina. \u4f1a hui, kan (be able to) \u4ed6\u4f1a\u5f39\u5409\u4ed6\uff0c\u6211\u4f1a\u6ed1\u96ea\u3002ta hui tan jita, wo hui huaxue. Han kan spela gitarr, jag kan \u00e5ka skidor. &nbsp; Sedan gjorde vi \u00f6vning 2 (1,5,8) och [&hellip;]<\/p>\n","protected":false},"author":922,"featured_media":0,"parent":0,"menu_order":0,"comment_status":"closed","ping_status":"closed","template":"","meta":{"footnotes":""},"class_list":["post-291","page","type-page","status-publish","hentry","post-preview"],"_links":{"self":[{"href":"https:\/\/blogg.folkuniversitetet.nu\/zhaoya\/wp-json\/wp\/v2\/pages\/291","targetHints":{"allow":["GET"]}}],"collection":[{"href":"https:\/\/blogg.folkuniversitetet.nu\/zhaoya\/wp-json\/wp\/v2\/pages"}],"about":[{"href":"https:\/\/blogg.folkuniversitetet.nu\/zhaoya\/wp-json\/wp\/v2\/types\/page"}],"author":[{"embeddable":true,"href":"https:\/\/blogg.folkuniversitetet.nu\/zhaoya\/wp-json\/wp\/v2\/users\/922"}],"replies":[{"embeddable":true,"href":"https:\/\/blogg.folkuniversitetet.nu\/zhaoya\/wp-json\/wp\/v2\/comments?post=291"}],"version-history":[{"count":3,"href":"https:\/\/blogg.folkuniversitetet.nu\/zhaoya\/wp-json\/wp\/v2\/pages\/291\/revisions"}],"predecessor-version":[{"id":455,"href":"https:\/\/blogg.folkuniversitetet.nu\/zhaoya\/wp-json\/wp\/v2\/pages\/291\/revisions\/455"}],"wp:attachment":[{"href":"https:\/\/blogg.folkuniversitetet.nu\/zhaoya\/wp-json\/wp\/v2\/media?parent=291"}],"curies":[{"name":"wp","href":"https:\/\/api.w.org\/{rel}","templated":true}]}}