{"id":282,"date":"2024-10-07T19:16:56","date_gmt":"2024-10-07T18:16:56","guid":{"rendered":"https:\/\/blogg.folkuniversitetet.nu\/zhaoya\/?page_id=282"},"modified":"2024-11-10T14:45:31","modified_gmt":"2024-11-10T13:45:31","slug":"ht_a1del2_20241002","status":"publish","type":"page","link":"https:\/\/blogg.folkuniversitetet.nu\/zhaoya\/ht_a1del2_20241002\/","title":{"rendered":"HT2024_A1Del2_20241002"},"content":{"rendered":"<p>Vi var bara halva klassen idag s\u00e5 vi gick inte vidare med boken. Vi gjorde n\u00e5gra spr\u00e5k\u00f6vningar med olika teman.<\/p>\n<p>Dagens viktigaste nya ord.<\/p>\n<p>zong3shi4 alltid, chang2chang2 ofta, you3shi2hou ibland, hen3 shao3 s\u00e4llan, cong2bu4 aldrig<\/p>\n<ul>\n<li>wo zongshi kanshu. (jag alltid l\u00e4ser b\u00f6cker)<\/li>\n<li>wo changchang changge. (jag ofta sjungar)<\/li>\n<li>wo youshihou youyong. (jag simmar ibland)<\/li>\n<li>wo henshao shuo fayu. (jag pratar s\u00e4llan franska)<\/li>\n<li>wo congbu he kafei. (jag aldrig drycker kaffee)<\/li>\n<\/ul>\n<p>&nbsp;<\/p>\n","protected":false},"excerpt":{"rendered":"<p>Vi var bara halva klassen idag s\u00e5 vi gick inte vidare med boken. Vi gjorde n\u00e5gra spr\u00e5k\u00f6vningar med olika teman. Dagens viktigaste nya ord. zong3shi4 alltid, chang2chang2 ofta, you3shi2hou ibland, hen3 shao3 s\u00e4llan, cong2bu4 aldrig wo zongshi kanshu. (jag alltid l\u00e4ser b\u00f6cker) wo changchang changge. (jag ofta sjungar) wo youshihou youyong. (jag simmar ibland) wo [&hellip;]<\/p>\n","protected":false},"author":922,"featured_media":0,"parent":0,"menu_order":0,"comment_status":"closed","ping_status":"closed","template":"","meta":{"footnotes":""},"class_list":["post-282","page","type-page","status-publish","hentry","post-preview"],"_links":{"self":[{"href":"https:\/\/blogg.folkuniversitetet.nu\/zhaoya\/wp-json\/wp\/v2\/pages\/282","targetHints":{"allow":["GET"]}}],"collection":[{"href":"https:\/\/blogg.folkuniversitetet.nu\/zhaoya\/wp-json\/wp\/v2\/pages"}],"about":[{"href":"https:\/\/blogg.folkuniversitetet.nu\/zhaoya\/wp-json\/wp\/v2\/types\/page"}],"author":[{"embeddable":true,"href":"https:\/\/blogg.folkuniversitetet.nu\/zhaoya\/wp-json\/wp\/v2\/users\/922"}],"replies":[{"embeddable":true,"href":"https:\/\/blogg.folkuniversitetet.nu\/zhaoya\/wp-json\/wp\/v2\/comments?post=282"}],"version-history":[{"count":4,"href":"https:\/\/blogg.folkuniversitetet.nu\/zhaoya\/wp-json\/wp\/v2\/pages\/282\/revisions"}],"predecessor-version":[{"id":422,"href":"https:\/\/blogg.folkuniversitetet.nu\/zhaoya\/wp-json\/wp\/v2\/pages\/282\/revisions\/422"}],"wp:attachment":[{"href":"https:\/\/blogg.folkuniversitetet.nu\/zhaoya\/wp-json\/wp\/v2\/media?parent=282"}],"curies":[{"name":"wp","href":"https:\/\/api.w.org\/{rel}","templated":true}]}}