{"id":277,"date":"2024-10-07T19:07:10","date_gmt":"2024-10-07T18:07:10","guid":{"rendered":"https:\/\/blogg.folkuniversitetet.nu\/zhaoya\/?page_id=277"},"modified":"2024-11-10T14:44:18","modified_gmt":"2024-11-10T13:44:18","slug":"ht_a1del1_20241007","status":"publish","type":"page","link":"https:\/\/blogg.folkuniversitetet.nu\/zhaoya\/ht_a1del1_20241007\/","title":{"rendered":"HT2024_A1Del1_20241007"},"content":{"rendered":"<p>Ny fras idag, \u00e5lder.<\/p>\n<ul>\n<li>ni duo da? (hur gammal \u00e4r du)<\/li>\n<li>wo 36 sui. (jag \u00e4r 36 \u00e5r gammal)<\/li>\n<\/ul>\n<p>Vi minglade sedan med f\u00f6ljande fr\u00e5gor:<\/p>\n<ul>\n<li>Ni jiao shenme mingzi? (vad heter du)<\/li>\n<li>Ni shi na guo ren? (vilken land kommer du ifr\u00e5n)<\/li>\n<li>Ni zhu zai nar? (var bor du)<\/li>\n<li>Ni shuo shenme yuyan? (vilka spr\u00e5k pratar du)<\/li>\n<li>Ni duo da? (hur gammal \u00e4r du)<\/li>\n<\/ul>\n<p>Sedan l\u00e4rde vi oss hur man beskriver &#8221;att ha&#8221;<\/p>\n<ul>\n<li>Wo you haizi (jag har barn)<\/li>\n<li>Wo meiyou haizi (jag har inga barn)<\/li>\n<li>Ni you haizi ma? (har du barn?)<\/li>\n<\/ul>\n<p>Sedan \u00f6vade vi att type kinesiska tecken<\/p>\n","protected":false},"excerpt":{"rendered":"<p>Ny fras idag, \u00e5lder. ni duo da? (hur gammal \u00e4r du) wo 36 sui. (jag \u00e4r 36 \u00e5r gammal) Vi minglade sedan med f\u00f6ljande fr\u00e5gor: Ni jiao shenme mingzi? (vad heter du) Ni shi na guo ren? (vilken land kommer du ifr\u00e5n) Ni zhu zai nar? (var bor du) Ni shuo shenme yuyan? (vilka spr\u00e5k [&hellip;]<\/p>\n","protected":false},"author":922,"featured_media":0,"parent":0,"menu_order":0,"comment_status":"closed","ping_status":"closed","template":"","meta":{"footnotes":""},"class_list":["post-277","page","type-page","status-publish","hentry","post-preview"],"_links":{"self":[{"href":"https:\/\/blogg.folkuniversitetet.nu\/zhaoya\/wp-json\/wp\/v2\/pages\/277","targetHints":{"allow":["GET"]}}],"collection":[{"href":"https:\/\/blogg.folkuniversitetet.nu\/zhaoya\/wp-json\/wp\/v2\/pages"}],"about":[{"href":"https:\/\/blogg.folkuniversitetet.nu\/zhaoya\/wp-json\/wp\/v2\/types\/page"}],"author":[{"embeddable":true,"href":"https:\/\/blogg.folkuniversitetet.nu\/zhaoya\/wp-json\/wp\/v2\/users\/922"}],"replies":[{"embeddable":true,"href":"https:\/\/blogg.folkuniversitetet.nu\/zhaoya\/wp-json\/wp\/v2\/comments?post=277"}],"version-history":[{"count":2,"href":"https:\/\/blogg.folkuniversitetet.nu\/zhaoya\/wp-json\/wp\/v2\/pages\/277\/revisions"}],"predecessor-version":[{"id":417,"href":"https:\/\/blogg.folkuniversitetet.nu\/zhaoya\/wp-json\/wp\/v2\/pages\/277\/revisions\/417"}],"wp:attachment":[{"href":"https:\/\/blogg.folkuniversitetet.nu\/zhaoya\/wp-json\/wp\/v2\/media?parent=277"}],"curies":[{"name":"wp","href":"https:\/\/api.w.org\/{rel}","templated":true}]}}