{"id":274,"date":"2024-10-07T18:57:21","date_gmt":"2024-10-07T17:57:21","guid":{"rendered":"https:\/\/blogg.folkuniversitetet.nu\/zhaoya\/?page_id=274"},"modified":"2024-11-10T14:51:36","modified_gmt":"2024-11-10T13:51:36","slug":"ht_a1del1_20240930","status":"publish","type":"page","link":"https:\/\/blogg.folkuniversitetet.nu\/zhaoya\/ht_a1del1_20240930\/","title":{"rendered":"HT2024_A1Del1_20240930"},"content":{"rendered":"<p>Idag b\u00f6rjade vi lektionen med att \u00f6va p\u00e5 fraserna f\u00f6r nationaliteter och spr\u00e5k.<\/p>\n<ul>\n<li>ni shi na guo ren? (vilken land kommer du ifr\u00e5n)<\/li>\n<li>wo shi zhongguo ren. (jag \u00e4r fr\u00e5n kina\/jag \u00e4r kines)<\/li>\n<li>ni shuo shenme yuyan? (vilka spr\u00e5k pratar du)<\/li>\n<li>wo shuo hanyu he yingyu. (jag pratar kinesiska och engelska)<\/li>\n<\/ul>\n<p>Sedan l\u00e4rde vi oss siffrorna fr\u00e5n 11 till 99.<\/p>\n<p>11 shi yi, 12 shi er, 13 shi san&#8230;<\/p>\n<p>20 er shi, 30 san shi, 40 si shi<\/p>\n<p>21 er shi yi, 22 er shi er, 35 san shi wu<\/p>\n<p>&nbsp;<\/p>\n<p>Vi l\u00e4rde oss ocks\u00e5 hur man beskriver var du man.<\/p>\n<ul>\n<li>Ni zhu zai nar? (var bor du)<\/li>\n<li>Wo zhu zai Sidegeermo. (jag bor i Stockholm)<\/li>\n<\/ul>\n<p>Vi skrev ocks\u00e5 tecken tillsammans: \u4e00\uff0c\u4e8c\uff0c\u4e09\uff0c\u56db\uff0c\u4e94\uff0c\u516d\uff0c\u4e03\uff0c\u516b\uff0c\u4e5d\uff0c\u5341\uff0c\u6211\uff0c\u4f60\uff0c\u597d<\/p>\n","protected":false},"excerpt":{"rendered":"<p>Idag b\u00f6rjade vi lektionen med att \u00f6va p\u00e5 fraserna f\u00f6r nationaliteter och spr\u00e5k. ni shi na guo ren? (vilken land kommer du ifr\u00e5n) wo shi zhongguo ren. (jag \u00e4r fr\u00e5n kina\/jag \u00e4r kines) ni shuo shenme yuyan? (vilka spr\u00e5k pratar du) wo shuo hanyu he yingyu. (jag pratar kinesiska och engelska) Sedan l\u00e4rde vi oss [&hellip;]<\/p>\n","protected":false},"author":922,"featured_media":0,"parent":0,"menu_order":0,"comment_status":"closed","ping_status":"closed","template":"","meta":{"footnotes":""},"class_list":["post-274","page","type-page","status-publish","hentry","post-preview"],"_links":{"self":[{"href":"https:\/\/blogg.folkuniversitetet.nu\/zhaoya\/wp-json\/wp\/v2\/pages\/274","targetHints":{"allow":["GET"]}}],"collection":[{"href":"https:\/\/blogg.folkuniversitetet.nu\/zhaoya\/wp-json\/wp\/v2\/pages"}],"about":[{"href":"https:\/\/blogg.folkuniversitetet.nu\/zhaoya\/wp-json\/wp\/v2\/types\/page"}],"author":[{"embeddable":true,"href":"https:\/\/blogg.folkuniversitetet.nu\/zhaoya\/wp-json\/wp\/v2\/users\/922"}],"replies":[{"embeddable":true,"href":"https:\/\/blogg.folkuniversitetet.nu\/zhaoya\/wp-json\/wp\/v2\/comments?post=274"}],"version-history":[{"count":4,"href":"https:\/\/blogg.folkuniversitetet.nu\/zhaoya\/wp-json\/wp\/v2\/pages\/274\/revisions"}],"predecessor-version":[{"id":444,"href":"https:\/\/blogg.folkuniversitetet.nu\/zhaoya\/wp-json\/wp\/v2\/pages\/274\/revisions\/444"}],"wp:attachment":[{"href":"https:\/\/blogg.folkuniversitetet.nu\/zhaoya\/wp-json\/wp\/v2\/media?parent=274"}],"curies":[{"name":"wp","href":"https:\/\/api.w.org\/{rel}","templated":true}]}}