{"id":269,"date":"2024-09-26T19:23:36","date_gmt":"2024-09-26T18:23:36","guid":{"rendered":"https:\/\/blogg.folkuniversitetet.nu\/zhaoya\/?page_id=269"},"modified":"2024-11-10T14:45:20","modified_gmt":"2024-11-10T13:45:20","slug":"ht_a1del2_20240926","status":"publish","type":"page","link":"https:\/\/blogg.folkuniversitetet.nu\/zhaoya\/ht_a1del2_20240926\/","title":{"rendered":"HT2024_A1Del2_20240926"},"content":{"rendered":"<p><span class=\"jCAhz ChMk0b\"><span class=\"ryNqvb\">Vi b\u00f6rjade idag med att kolla l\u00e4xorna.<\/span><\/span> <span class=\"jCAhz ChMk0b\"><span class=\"ryNqvb\">Super bra jobbat allihop!<\/span><\/span><\/p>\n<p>Sedan l\u00e4ste vi texterna p\u00e5 sidan 37 och 41. Vi l\u00e4ste och \u00f6vade \u00e4ven p\u00e5 grammatikpunkterna sidan 42 till 45.<\/p>\n<p>Facet p\u00e5 review exercise p\u00e5 sidan 45.<\/p>\n<p>A, B, B, A, A, C<\/p>\n<p>Zuoye \u00e4r dagens hanzi <a href=\"http:\/\/blogg.folkuniversitetet.nu\/zhaoya\/files\/2024\/09\/\u6c49\u5b57Unit1.pdf\">\u6c49\u5b57Unit1.<\/a> Bra om ni kan s\u00e4tta Pinyin p\u00e5 varje hanzi och skriva en g\u00e5ng p\u00e5 varje tecken med korrekt ordning. Sedan \u00e4r det upp till er hur mycket flera vill ni skriva\/\u00f6va.<\/p>\n","protected":false},"excerpt":{"rendered":"<p>Vi b\u00f6rjade idag med att kolla l\u00e4xorna. Super bra jobbat allihop! Sedan l\u00e4ste vi texterna p\u00e5 sidan 37 och 41. Vi l\u00e4ste och \u00f6vade \u00e4ven p\u00e5 grammatikpunkterna sidan 42 till 45. Facet p\u00e5 review exercise p\u00e5 sidan 45. A, B, B, A, A, C Zuoye \u00e4r dagens hanzi \u6c49\u5b57Unit1. Bra om ni kan s\u00e4tta Pinyin [&hellip;]<\/p>\n","protected":false},"author":922,"featured_media":0,"parent":0,"menu_order":0,"comment_status":"closed","ping_status":"closed","template":"","meta":{"footnotes":""},"class_list":["post-269","page","type-page","status-publish","hentry","post-preview"],"_links":{"self":[{"href":"https:\/\/blogg.folkuniversitetet.nu\/zhaoya\/wp-json\/wp\/v2\/pages\/269","targetHints":{"allow":["GET"]}}],"collection":[{"href":"https:\/\/blogg.folkuniversitetet.nu\/zhaoya\/wp-json\/wp\/v2\/pages"}],"about":[{"href":"https:\/\/blogg.folkuniversitetet.nu\/zhaoya\/wp-json\/wp\/v2\/types\/page"}],"author":[{"embeddable":true,"href":"https:\/\/blogg.folkuniversitetet.nu\/zhaoya\/wp-json\/wp\/v2\/users\/922"}],"replies":[{"embeddable":true,"href":"https:\/\/blogg.folkuniversitetet.nu\/zhaoya\/wp-json\/wp\/v2\/comments?post=269"}],"version-history":[{"count":2,"href":"https:\/\/blogg.folkuniversitetet.nu\/zhaoya\/wp-json\/wp\/v2\/pages\/269\/revisions"}],"predecessor-version":[{"id":421,"href":"https:\/\/blogg.folkuniversitetet.nu\/zhaoya\/wp-json\/wp\/v2\/pages\/269\/revisions\/421"}],"wp:attachment":[{"href":"https:\/\/blogg.folkuniversitetet.nu\/zhaoya\/wp-json\/wp\/v2\/media?parent=269"}],"curies":[{"name":"wp","href":"https:\/\/api.w.org\/{rel}","templated":true}]}}