{"id":243,"date":"2024-09-18T18:59:16","date_gmt":"2024-09-18T17:59:16","guid":{"rendered":"https:\/\/blogg.folkuniversitetet.nu\/zhaoya\/?page_id=243"},"modified":"2024-11-10T14:47:05","modified_gmt":"2024-11-10T13:47:05","slug":"ht_a1del3_20240918","status":"publish","type":"page","link":"https:\/\/blogg.folkuniversitetet.nu\/zhaoya\/ht_a1del3_20240918\/","title":{"rendered":"HT2024_A1Del3_20240918"},"content":{"rendered":"<p>Idag b\u00f6rjade vi lektionen med att g\u00f6ra \u00f6vning 3 p\u00e5 sidan 45 (\u00f6vningsbok) och \u00f6vning V p\u00e5 sidan 47 (\u00f6vningsbok). Facet:<\/p>\n<p>\u00d6vning 3, sida 45:<\/p>\n<ol>\n<li>\u4f60\u5bb6\u6709\u51e0\u53e3\u4eba\uff1f<\/li>\n<li>\u4f60\u6709\u51e0\u4e2a\u4e2d\u56fd\u670b\u53cb\uff1f<\/li>\n<li>\u4f60\u4eec\u5b66\u6821\u6709\u591a\u5c11\u5b66\u751f?<\/li>\n<li>\u6211\u60f3\u53bb\u4e2d\u56fd\u5de5\u4f5c\u3002<\/li>\n<li>\u8001\u677f\u8ba9\u6211\u53bb\u4e2d\u56fd\u5de5\u4f5c\u3002<\/li>\n<\/ol>\n<p>\u00d6vning V, sida 47:<\/p>\n<ol>\n<li>\u4ed6\u4eec\u5b66\u6821\u6709\u4e24\u4e07\u591a\u4e2a\u5b66\u751f\u3002<\/li>\n<li>\u4e00\u767e\u591a\u4e2a\u5b66\u751f\u5b66\u4e60\u6c49\u8bed\u3002<\/li>\n<li>\u738b\u8001\u5e08\u5bb6\u6709\u56db\u53e3\u4eba\u3002<\/li>\n<li>\u738b\u8001\u5e08\u548c\u4ed6\u5148\u751f\u7684\u666e\u901a\u8bdd\u90fd\u5f88\u597d\u3002\u4f46\u662f\uff0c\u4ed6\u4eec\u7684\u5b69\u5b50\u6c49\u8bed\u5f88\u4e0d\u597d\u3002<\/li>\n<\/ol>\n<p>Sedan gjorde vi en quiz om Kina.<\/p>\n<p>Sedan l\u00e4ser vi texten p\u00e5 sidan 77, l\u00e4robok.<\/p>\n","protected":false},"excerpt":{"rendered":"<p>Idag b\u00f6rjade vi lektionen med att g\u00f6ra \u00f6vning 3 p\u00e5 sidan 45 (\u00f6vningsbok) och \u00f6vning V p\u00e5 sidan 47 (\u00f6vningsbok). Facet: \u00d6vning 3, sida 45: \u4f60\u5bb6\u6709\u51e0\u53e3\u4eba\uff1f \u4f60\u6709\u51e0\u4e2a\u4e2d\u56fd\u670b\u53cb\uff1f \u4f60\u4eec\u5b66\u6821\u6709\u591a\u5c11\u5b66\u751f? \u6211\u60f3\u53bb\u4e2d\u56fd\u5de5\u4f5c\u3002 \u8001\u677f\u8ba9\u6211\u53bb\u4e2d\u56fd\u5de5\u4f5c\u3002 \u00d6vning V, sida 47: \u4ed6\u4eec\u5b66\u6821\u6709\u4e24\u4e07\u591a\u4e2a\u5b66\u751f\u3002 \u4e00\u767e\u591a\u4e2a\u5b66\u751f\u5b66\u4e60\u6c49\u8bed\u3002 \u738b\u8001\u5e08\u5bb6\u6709\u56db\u53e3\u4eba\u3002 \u738b\u8001\u5e08\u548c\u4ed6\u5148\u751f\u7684\u666e\u901a\u8bdd\u90fd\u5f88\u597d\u3002\u4f46\u662f\uff0c\u4ed6\u4eec\u7684\u5b69\u5b50\u6c49\u8bed\u5f88\u4e0d\u597d\u3002 Sedan gjorde vi en quiz om Kina. Sedan l\u00e4ser vi texten p\u00e5 sidan 77, l\u00e4robok.<\/p>\n","protected":false},"author":922,"featured_media":0,"parent":0,"menu_order":0,"comment_status":"closed","ping_status":"closed","template":"","meta":{"footnotes":""},"class_list":["post-243","page","type-page","status-publish","hentry","post-preview"],"_links":{"self":[{"href":"https:\/\/blogg.folkuniversitetet.nu\/zhaoya\/wp-json\/wp\/v2\/pages\/243","targetHints":{"allow":["GET"]}}],"collection":[{"href":"https:\/\/blogg.folkuniversitetet.nu\/zhaoya\/wp-json\/wp\/v2\/pages"}],"about":[{"href":"https:\/\/blogg.folkuniversitetet.nu\/zhaoya\/wp-json\/wp\/v2\/types\/page"}],"author":[{"embeddable":true,"href":"https:\/\/blogg.folkuniversitetet.nu\/zhaoya\/wp-json\/wp\/v2\/users\/922"}],"replies":[{"embeddable":true,"href":"https:\/\/blogg.folkuniversitetet.nu\/zhaoya\/wp-json\/wp\/v2\/comments?post=243"}],"version-history":[{"count":2,"href":"https:\/\/blogg.folkuniversitetet.nu\/zhaoya\/wp-json\/wp\/v2\/pages\/243\/revisions"}],"predecessor-version":[{"id":428,"href":"https:\/\/blogg.folkuniversitetet.nu\/zhaoya\/wp-json\/wp\/v2\/pages\/243\/revisions\/428"}],"wp:attachment":[{"href":"https:\/\/blogg.folkuniversitetet.nu\/zhaoya\/wp-json\/wp\/v2\/media?parent=243"}],"curies":[{"name":"wp","href":"https:\/\/api.w.org\/{rel}","templated":true}]}}