{"id":226,"date":"2024-09-11T19:00:15","date_gmt":"2024-09-11T18:00:15","guid":{"rendered":"https:\/\/blogg.folkuniversitetet.nu\/zhaoya\/?page_id=226"},"modified":"2024-11-10T14:52:43","modified_gmt":"2024-11-10T13:52:43","slug":"ht_a1del3_20240911","status":"publish","type":"page","link":"https:\/\/blogg.folkuniversitetet.nu\/zhaoya\/ht_a1del3_20240911\/","title":{"rendered":"HT2024_A1Del3_20240911"},"content":{"rendered":"<p><span class=\"jCAhz ChMk0b\"><span class=\"ryNqvb\">Vi gjorde en quiz f\u00f6r att ber\u00e4tta om v\u00e5ra sommar.<\/span><\/span> <span class=\"jCAhz ChMk0b\"><span class=\"ryNqvb\">Fr\u00e5gor i quiz:<\/span><\/span><\/p>\n<ol>\n<li>\u8fd9\u4e2a\u590f\u5929\u4f60\u53bb\u4e86\u54ea\u513f\uff1fzhege xiatian ni qu le nar<\/li>\n<li>\u8fd9\u4e2a\u590f\u5929\u4f60\u505a\u4e86\u4ec0\u4e48\uff1fzhege xiatian ni zuo le shenme<\/li>\n<li>\u8fd9\u4e2a\u590f\u5929\u4f60\u6700\u597d\u7684\u56de\u5fc6\u662f\u4ec0\u4e48\uff1fzhege xiatian ni zuihao (b\u00e4st) de huiyi (minne) shi shenme<\/li>\n<li>\u8fd9\u4e2a\u590f\u5929\u4f60\u5b66\u4e60\u6c49\u8bed\u4e86\u5417\uff1fzhege xiatian ni xuexi hanyu le ma<\/li>\n<\/ol>\n<p>Sedan gjorde vi \u00f6vers\u00e4ttnings\u00f6vning p\u00e5 sidan 46, \u00f6vningsbok. Facet:<\/p>\n<ol>\n<li>\u4ed6\u6709\u4e24\u4e2a\u4e2d\u56fd\u670b\u53cb\u3002<\/li>\n<li>\u4ed6\u6709\u5f88\u591a\u4e2d\u56fd\u670b\u53cb\u3002<\/li>\n<li>\u4ed6\u6ca1\u6709\u4e2d\u56fd\u670b\u53cb\u3002<\/li>\n<li>\u4ed6\u4eec\u7684\u5927\u5b66\u6ca1\u6709\u6c49\u8bed\u8001\u5e08\u3002<\/li>\n<li>\u6211\u4eec\u7684\u5b66\u6821\u6709\u5f88\u591a\u6c49\u8bed\u5b66\u751f\u3002<\/li>\n<li>\u4f60\u7684\u5b66\u6821\u6709\u6ca1\u6709\u6c49\u8bed\u5b66\u751f\uff1f<\/li>\n<\/ol>\n","protected":false},"excerpt":{"rendered":"<p>Vi gjorde en quiz f\u00f6r att ber\u00e4tta om v\u00e5ra sommar. Fr\u00e5gor i quiz: \u8fd9\u4e2a\u590f\u5929\u4f60\u53bb\u4e86\u54ea\u513f\uff1fzhege xiatian ni qu le nar \u8fd9\u4e2a\u590f\u5929\u4f60\u505a\u4e86\u4ec0\u4e48\uff1fzhege xiatian ni zuo le shenme \u8fd9\u4e2a\u590f\u5929\u4f60\u6700\u597d\u7684\u56de\u5fc6\u662f\u4ec0\u4e48\uff1fzhege xiatian ni zuihao (b\u00e4st) de huiyi (minne) shi shenme \u8fd9\u4e2a\u590f\u5929\u4f60\u5b66\u4e60\u6c49\u8bed\u4e86\u5417\uff1fzhege xiatian ni xuexi hanyu le ma Sedan gjorde vi \u00f6vers\u00e4ttnings\u00f6vning p\u00e5 sidan 46, \u00f6vningsbok. Facet: \u4ed6\u6709\u4e24\u4e2a\u4e2d\u56fd\u670b\u53cb\u3002 \u4ed6\u6709\u5f88\u591a\u4e2d\u56fd\u670b\u53cb\u3002 \u4ed6\u6ca1\u6709\u4e2d\u56fd\u670b\u53cb\u3002 \u4ed6\u4eec\u7684\u5927\u5b66\u6ca1\u6709\u6c49\u8bed\u8001\u5e08\u3002 [&hellip;]<\/p>\n","protected":false},"author":922,"featured_media":0,"parent":0,"menu_order":0,"comment_status":"closed","ping_status":"closed","template":"","meta":{"footnotes":""},"class_list":["post-226","page","type-page","status-publish","hentry","post-preview"],"_links":{"self":[{"href":"https:\/\/blogg.folkuniversitetet.nu\/zhaoya\/wp-json\/wp\/v2\/pages\/226","targetHints":{"allow":["GET"]}}],"collection":[{"href":"https:\/\/blogg.folkuniversitetet.nu\/zhaoya\/wp-json\/wp\/v2\/pages"}],"about":[{"href":"https:\/\/blogg.folkuniversitetet.nu\/zhaoya\/wp-json\/wp\/v2\/types\/page"}],"author":[{"embeddable":true,"href":"https:\/\/blogg.folkuniversitetet.nu\/zhaoya\/wp-json\/wp\/v2\/users\/922"}],"replies":[{"embeddable":true,"href":"https:\/\/blogg.folkuniversitetet.nu\/zhaoya\/wp-json\/wp\/v2\/comments?post=226"}],"version-history":[{"count":2,"href":"https:\/\/blogg.folkuniversitetet.nu\/zhaoya\/wp-json\/wp\/v2\/pages\/226\/revisions"}],"predecessor-version":[{"id":451,"href":"https:\/\/blogg.folkuniversitetet.nu\/zhaoya\/wp-json\/wp\/v2\/pages\/226\/revisions\/451"}],"wp:attachment":[{"href":"https:\/\/blogg.folkuniversitetet.nu\/zhaoya\/wp-json\/wp\/v2\/media?parent=226"}],"curies":[{"name":"wp","href":"https:\/\/api.w.org\/{rel}","templated":true}]}}