{"id":221,"date":"2024-06-10T20:14:57","date_gmt":"2024-06-10T19:14:57","guid":{"rendered":"https:\/\/blogg.folkuniversitetet.nu\/zhaoya\/?page_id=221"},"modified":"2024-11-10T14:47:29","modified_gmt":"2024-11-10T13:47:29","slug":"a1del1_20240610","status":"publish","type":"page","link":"https:\/\/blogg.folkuniversitetet.nu\/zhaoya\/a1del1_20240610\/","title":{"rendered":"VT2024_A1Del1_20240610"},"content":{"rendered":"<p><span class=\"jCAhz JxVs2d ChMk0b\"><span class=\"ryNqvb\">Vi b\u00f6rjade idag med att upprepa k\u00e4nslorna ord &#8211; glad, ledsen etc. <\/span><\/span><\/p>\n<p><span class=\"jCAhz JxVs2d ChMk0b\"><span class=\"ryNqvb\">Sedan gjorde vi dikterings\u00f6vningen \u00e5r-m\u00e5nad-datum. <a href=\"http:\/\/blogg.folkuniversitetet.nu\/zhaoya\/files\/2024\/06\/Yang-Zhao_20240610_Dates.pdf\">Yang Zhao_20240610_Dates<\/a><\/span><\/span><\/p>\n<p>Sedan gjorde vi skriv\u00f6vning &#8212; skriv en dagbok med dessa ord: \u5e74nian\uff0c\u6708yue\uff0c\u65e5ri\uff0c\u661f\u671fxingqi\uff0c\u94b1qian\uff0c\u70b9dian\uff0c\u5de5\u4f5cgongzuo\uff0c\u665a\u4e0awanshang\uff0c\u53bbqu\uff0c\u7136\u540eranhou<\/p>\n<p>Sedan l\u00e4ste vi texterna f\u00f6r unit 1,\u00a0p\u00e5 sidan 37 och 41.<\/p>\n","protected":false},"excerpt":{"rendered":"<p>Vi b\u00f6rjade idag med att upprepa k\u00e4nslorna ord &#8211; glad, ledsen etc. Sedan gjorde vi dikterings\u00f6vningen \u00e5r-m\u00e5nad-datum. Yang Zhao_20240610_Dates Sedan gjorde vi skriv\u00f6vning &#8212; skriv en dagbok med dessa ord: \u5e74nian\uff0c\u6708yue\uff0c\u65e5ri\uff0c\u661f\u671fxingqi\uff0c\u94b1qian\uff0c\u70b9dian\uff0c\u5de5\u4f5cgongzuo\uff0c\u665a\u4e0awanshang\uff0c\u53bbqu\uff0c\u7136\u540eranhou Sedan l\u00e4ste vi texterna f\u00f6r unit 1,\u00a0p\u00e5 sidan 37 och 41.<\/p>\n","protected":false},"author":922,"featured_media":0,"parent":0,"menu_order":0,"comment_status":"closed","ping_status":"closed","template":"","meta":{"footnotes":""},"class_list":["post-221","page","type-page","status-publish","hentry","post-preview"],"_links":{"self":[{"href":"https:\/\/blogg.folkuniversitetet.nu\/zhaoya\/wp-json\/wp\/v2\/pages\/221","targetHints":{"allow":["GET"]}}],"collection":[{"href":"https:\/\/blogg.folkuniversitetet.nu\/zhaoya\/wp-json\/wp\/v2\/pages"}],"about":[{"href":"https:\/\/blogg.folkuniversitetet.nu\/zhaoya\/wp-json\/wp\/v2\/types\/page"}],"author":[{"embeddable":true,"href":"https:\/\/blogg.folkuniversitetet.nu\/zhaoya\/wp-json\/wp\/v2\/users\/922"}],"replies":[{"embeddable":true,"href":"https:\/\/blogg.folkuniversitetet.nu\/zhaoya\/wp-json\/wp\/v2\/comments?post=221"}],"version-history":[{"count":2,"href":"https:\/\/blogg.folkuniversitetet.nu\/zhaoya\/wp-json\/wp\/v2\/pages\/221\/revisions"}],"predecessor-version":[{"id":429,"href":"https:\/\/blogg.folkuniversitetet.nu\/zhaoya\/wp-json\/wp\/v2\/pages\/221\/revisions\/429"}],"wp:attachment":[{"href":"https:\/\/blogg.folkuniversitetet.nu\/zhaoya\/wp-json\/wp\/v2\/media?parent=221"}],"curies":[{"name":"wp","href":"https:\/\/api.w.org\/{rel}","templated":true}]}}