{"id":214,"date":"2024-05-30T19:29:38","date_gmt":"2024-05-30T18:29:38","guid":{"rendered":"https:\/\/blogg.folkuniversitetet.nu\/zhaoya\/?page_id=214"},"modified":"2024-11-10T14:45:45","modified_gmt":"2024-11-10T13:45:45","slug":"a1del1_20240530","status":"publish","type":"page","link":"https:\/\/blogg.folkuniversitetet.nu\/zhaoya\/a1del1_20240530\/","title":{"rendered":"VT2024_A1Del1_20240530"},"content":{"rendered":"<p><span class=\"jCAhz JxVs2d ChMk0b\"><span class=\"ryNqvb\">Vi b\u00f6rjade idag med en gissningslek.<\/span><\/span> <span class=\"jCAhz JxVs2d ChMk0b\"><span class=\"ryNqvb\">Var och en av oss ber\u00e4ttar en mening om oss sj\u00e4lva, och de andra ska \u731c (cai1, gissa) om det \u00e4r \u771f\u7684(zhen1de, true) eller \u5047\u7684(jia3de, false).\u00a0<\/span><\/span><\/p>\n<p>Sedan startade vi en ny unit, unit 0.7. Vi l\u00e4ste texten p\u00e5 sidan 28 &#8211; 29 i textbook.<\/p>\n<p>Huvudsakliga take-away fr\u00e5n denna unit \u00e4r att beskriva datum.<\/p>\n<p>&#8212; \u4eca\u5929jin1tian1\/\u6628\u5929zuo2tian1\/\u660e\u5929ming2tian1\u662fshi \u51e0\u53f7ji3hao4\uff1f(vilken dag \u00e4r det idag\/ig\u00e5r\/imorgon)<\/p>\n<p>&#8212; \u4eca\u5929jin1tian1\/\u6628\u5929zuo2tian1\/\u660e\u5929ming2tian1\u662fshi 5\u670830\u53f7wu yue sanshi hao\u3002(Idag\/ig\u00e5r\/Imorgon \u00e4r 30:e maj)<\/p>\n<p>&#8212; \u4f60\u7684ni3de\u751f\u65e5sheng1ri4\u662fshi4\u51e0\u53f7ji3hao4? (Vilken dag \u00e4r din f\u00f6delsedag)<\/p>\n<p>&#8212; \u6211\u7684wo3de\u751f\u65e5sheng1ri4\u662fshi 6\u670821\u53f7liu yue ershiyi hao. (Min f\u00f6delsedag \u00e4r 21:e juni)<\/p>\n<p>Sedan kombinerade vi uttrycket \u51e0\u53f7ji3hao4 (vilken dag) och \u661f\u671f\u51e0xing1 qi1 ji3 (vilken dag i vecka)<\/p>\n<p>&#8212; 5\u6708yue30\u53f7hao\u662fshi\u661f\u671f\u51e0xingqi ji\uff1f(vilken dag i vecka \u00e4r 30:e maj)<\/p>\n<p>&#8212; 5\u6708yue30\u53f7hao\u662fshi\u661f\u671f\u56dbxingqisi\u3002(30:e maj \u00e4r torsdag)<\/p>\n<p>N\u00e5gra andra ord fr\u00e5n idag: ruidian guoqing jie (Sveriges national dag)<\/p>\n<p>&nbsp;<\/p>\n","protected":false},"excerpt":{"rendered":"<p>Vi b\u00f6rjade idag med en gissningslek. Var och en av oss ber\u00e4ttar en mening om oss sj\u00e4lva, och de andra ska \u731c (cai1, gissa) om det \u00e4r \u771f\u7684(zhen1de, true) eller \u5047\u7684(jia3de, false).\u00a0 Sedan startade vi en ny unit, unit 0.7. Vi l\u00e4ste texten p\u00e5 sidan 28 &#8211; 29 i textbook. Huvudsakliga take-away fr\u00e5n denna unit [&hellip;]<\/p>\n","protected":false},"author":922,"featured_media":0,"parent":0,"menu_order":0,"comment_status":"closed","ping_status":"closed","template":"","meta":{"footnotes":""},"class_list":["post-214","page","type-page","status-publish","hentry","post-preview"],"_links":{"self":[{"href":"https:\/\/blogg.folkuniversitetet.nu\/zhaoya\/wp-json\/wp\/v2\/pages\/214","targetHints":{"allow":["GET"]}}],"collection":[{"href":"https:\/\/blogg.folkuniversitetet.nu\/zhaoya\/wp-json\/wp\/v2\/pages"}],"about":[{"href":"https:\/\/blogg.folkuniversitetet.nu\/zhaoya\/wp-json\/wp\/v2\/types\/page"}],"author":[{"embeddable":true,"href":"https:\/\/blogg.folkuniversitetet.nu\/zhaoya\/wp-json\/wp\/v2\/users\/922"}],"replies":[{"embeddable":true,"href":"https:\/\/blogg.folkuniversitetet.nu\/zhaoya\/wp-json\/wp\/v2\/comments?post=214"}],"version-history":[{"count":2,"href":"https:\/\/blogg.folkuniversitetet.nu\/zhaoya\/wp-json\/wp\/v2\/pages\/214\/revisions"}],"predecessor-version":[{"id":423,"href":"https:\/\/blogg.folkuniversitetet.nu\/zhaoya\/wp-json\/wp\/v2\/pages\/214\/revisions\/423"}],"wp:attachment":[{"href":"https:\/\/blogg.folkuniversitetet.nu\/zhaoya\/wp-json\/wp\/v2\/media?parent=214"}],"curies":[{"name":"wp","href":"https:\/\/api.w.org\/{rel}","templated":true}]}}