{"id":197,"date":"2024-05-16T19:31:28","date_gmt":"2024-05-16T18:31:28","guid":{"rendered":"https:\/\/blogg.folkuniversitetet.nu\/zhaoya\/?page_id=197"},"modified":"2024-11-10T14:46:15","modified_gmt":"2024-11-10T13:46:15","slug":"a1del1_20240516","status":"publish","type":"page","link":"https:\/\/blogg.folkuniversitetet.nu\/zhaoya\/a1del1_20240516\/","title":{"rendered":"VT2024_A1Del1_20240516"},"content":{"rendered":"<p>Idag b\u00f6rjade vi med en siffer\u00f6vning med prisf\u00f6rfr\u00e5gan och diktat.<\/p>\n<p>A\uff1aXXX\u591a\u5c11\u94b1 duoshao qian\uff1f(hur mycket kostar XXX?)<\/p>\n<p>B\uff1aXXX 345 \u514b\u6717 kelang\u3002(XXX kostar 345 kronor)<\/p>\n<p>&nbsp;<\/p>\n<p>Sedan l\u00e4ser vi text p\u00e5 sidan 24, enhet 0.6. Nya ord: \u661f\u671f\u4e00 xingqi yi (m\u00e5ndag)\uff0c\u661f\u671f\u4e8c xingqi er (tisdag)\uff0c\u661f\u671f\u4e09 xingqi san (onsdag)\uff0c\u661f\u671f\u56db xingqi si (torsdag)\uff0c\u661f\u671f\u4e94 xingqi wu (fredag)\uff0c\u661f\u671f\u516d xingqi liu (l\u00f6rdag)\uff0c\u661f\u671f\u65e5 xingqi ri (s\u00f6ndag); \u4e0a\u5348 shang wu (f\u00f6rmiddag)\uff0c\u4e0b\u5348 xia wu (eftermiddag) \uff0c\u665a\u4e0a wan shang (kv\u00e4ll)\u3002<\/p>\n<p>&nbsp;<\/p>\n<p>Sedan l\u00e4ste vi det h\u00e4r exempelschemat f\u00f6r att ut\u00f6ka vocab om veckoaktiviteter: <a href=\"http:\/\/blogg.folkuniversitetet.nu\/zhaoya\/files\/2024\/05\/weekly-schedule-exercise-A1del1.pdf\">weekly schedule exercise A1del1<\/a><\/p>\n<p>L\u00e4xa \u00e4r att skriva era egna veckoschema.<\/p>\n","protected":false},"excerpt":{"rendered":"<p>Idag b\u00f6rjade vi med en siffer\u00f6vning med prisf\u00f6rfr\u00e5gan och diktat. A\uff1aXXX\u591a\u5c11\u94b1 duoshao qian\uff1f(hur mycket kostar XXX?) B\uff1aXXX 345 \u514b\u6717 kelang\u3002(XXX kostar 345 kronor) &nbsp; Sedan l\u00e4ser vi text p\u00e5 sidan 24, enhet 0.6. Nya ord: \u661f\u671f\u4e00 xingqi yi (m\u00e5ndag)\uff0c\u661f\u671f\u4e8c xingqi er (tisdag)\uff0c\u661f\u671f\u4e09 xingqi san (onsdag)\uff0c\u661f\u671f\u56db xingqi si (torsdag)\uff0c\u661f\u671f\u4e94 xingqi wu (fredag)\uff0c\u661f\u671f\u516d xingqi liu (l\u00f6rdag)\uff0c\u661f\u671f\u65e5 xingqi [&hellip;]<\/p>\n","protected":false},"author":922,"featured_media":0,"parent":0,"menu_order":0,"comment_status":"closed","ping_status":"closed","template":"","meta":{"footnotes":""},"class_list":["post-197","page","type-page","status-publish","hentry","post-preview"],"_links":{"self":[{"href":"https:\/\/blogg.folkuniversitetet.nu\/zhaoya\/wp-json\/wp\/v2\/pages\/197","targetHints":{"allow":["GET"]}}],"collection":[{"href":"https:\/\/blogg.folkuniversitetet.nu\/zhaoya\/wp-json\/wp\/v2\/pages"}],"about":[{"href":"https:\/\/blogg.folkuniversitetet.nu\/zhaoya\/wp-json\/wp\/v2\/types\/page"}],"author":[{"embeddable":true,"href":"https:\/\/blogg.folkuniversitetet.nu\/zhaoya\/wp-json\/wp\/v2\/users\/922"}],"replies":[{"embeddable":true,"href":"https:\/\/blogg.folkuniversitetet.nu\/zhaoya\/wp-json\/wp\/v2\/comments?post=197"}],"version-history":[{"count":2,"href":"https:\/\/blogg.folkuniversitetet.nu\/zhaoya\/wp-json\/wp\/v2\/pages\/197\/revisions"}],"predecessor-version":[{"id":425,"href":"https:\/\/blogg.folkuniversitetet.nu\/zhaoya\/wp-json\/wp\/v2\/pages\/197\/revisions\/425"}],"wp:attachment":[{"href":"https:\/\/blogg.folkuniversitetet.nu\/zhaoya\/wp-json\/wp\/v2\/media?parent=197"}],"curies":[{"name":"wp","href":"https:\/\/api.w.org\/{rel}","templated":true}]}}