{"id":192,"date":"2024-05-15T19:23:44","date_gmt":"2024-05-15T18:23:44","guid":{"rendered":"https:\/\/blogg.folkuniversitetet.nu\/zhaoya\/?page_id=192"},"modified":"2024-11-10T14:49:01","modified_gmt":"2024-11-10T13:49:01","slug":"a1del2_20240515","status":"publish","type":"page","link":"https:\/\/blogg.folkuniversitetet.nu\/zhaoya\/a1del2_20240515\/","title":{"rendered":"VT2024_A1Del2_20240515"},"content":{"rendered":"<p>Vi b\u00f6rjade idag med en ordf\u00f6rr\u00e5ds\u00f6vning <a href=\"http:\/\/blogg.folkuniversitetet.nu\/zhaoya\/files\/2024\/05\/vocab-exercise_20240515.pdf\">vocab exercise_20240515<\/a>.<\/p>\n<p>Sedan l\u00e4ser vi texten p\u00e5 sidan 55, textbook.<\/p>\n<p>Sedan pratade vi om vanliga adjektiv, som t.ex<\/p>\n<p>\u597d hao (bra)\uff0c\u8212\u670d shufu (bekv\u00e4mt), \u7f8e mei (vacker, beautiful)\uff0c\u6f02\u4eae piaoliang (vacker, pretty)\uff0c\u53ef\u7231 ke&#8217;ai (gulligt)\uff0c\u806a\u660e congming (smart)\uff0c\u5b89\u9759 anjing (still, lugn)\uff0c\u53ef\u6015 kepa (l\u00e4skigt)\uff0c\u6050\u6016 kongbu (horrible)\uff0c\u5927 da (stor)\uff0c\u5c0f xiao (liten)\uff0c\u77ee ai (kort, som person)\uff0c\u9ad8 gao (l\u00e5ng, som person)\uff0c\u77ed duan (kort, som objekt)\uff0c\u957f chang (l\u00e5ng, som objekt)\uff0c\u70ed re (varmt)\uff0c\u51b7 leng (kall)\uff0c\u597d\u5403 haochi (gott, f\u00f6r maten)\uff0c\u597d\u559d haohe (gott, f\u00f6r dryck)\uff0c\u597d\u770b haokan (trevligt att titta p\u00e5, f\u00f6r personer\/filmer\/vyer mm)\uff0c\u597d\u542c haoting (trevligt att lyssna p\u00e5, f\u00f6r musik\/r\u00f6st)\uff0c\u597d\u7528 haoyong (bra att anv\u00e4nda)\uff0c\u6709\u7528 youyong (anv\u00e4ndbar)\uff0c\u591a duo (mycket, m\u00e5nga)\uff0c\u5c11 shao (f\u00e5), \u96be nan (sv\u00e5rt)\uff0c\u6709\u610f\u601d you yisi (intressant)\u3002<\/p>\n<p>Heml\u00e4xor \u00e4r \u6c49\u5b57 <a href=\"http:\/\/blogg.folkuniversitetet.nu\/zhaoya\/files\/2024\/05\/\u6c49\u5b5720240515.pdf\">\u6c49\u5b5720240515<\/a><\/p>\n<p>&nbsp;<\/p>\n","protected":false},"excerpt":{"rendered":"<p>Vi b\u00f6rjade idag med en ordf\u00f6rr\u00e5ds\u00f6vning vocab exercise_20240515. Sedan l\u00e4ser vi texten p\u00e5 sidan 55, textbook. Sedan pratade vi om vanliga adjektiv, som t.ex \u597d hao (bra)\uff0c\u8212\u670d shufu (bekv\u00e4mt), \u7f8e mei (vacker, beautiful)\uff0c\u6f02\u4eae piaoliang (vacker, pretty)\uff0c\u53ef\u7231 ke&#8217;ai (gulligt)\uff0c\u806a\u660e congming (smart)\uff0c\u5b89\u9759 anjing (still, lugn)\uff0c\u53ef\u6015 kepa (l\u00e4skigt)\uff0c\u6050\u6016 kongbu (horrible)\uff0c\u5927 da (stor)\uff0c\u5c0f xiao (liten)\uff0c\u77ee ai (kort, som person)\uff0c\u9ad8 [&hellip;]<\/p>\n","protected":false},"author":922,"featured_media":0,"parent":0,"menu_order":0,"comment_status":"closed","ping_status":"closed","template":"","meta":{"footnotes":""},"class_list":["post-192","page","type-page","status-publish","hentry","post-preview"],"_links":{"self":[{"href":"https:\/\/blogg.folkuniversitetet.nu\/zhaoya\/wp-json\/wp\/v2\/pages\/192","targetHints":{"allow":["GET"]}}],"collection":[{"href":"https:\/\/blogg.folkuniversitetet.nu\/zhaoya\/wp-json\/wp\/v2\/pages"}],"about":[{"href":"https:\/\/blogg.folkuniversitetet.nu\/zhaoya\/wp-json\/wp\/v2\/types\/page"}],"author":[{"embeddable":true,"href":"https:\/\/blogg.folkuniversitetet.nu\/zhaoya\/wp-json\/wp\/v2\/users\/922"}],"replies":[{"embeddable":true,"href":"https:\/\/blogg.folkuniversitetet.nu\/zhaoya\/wp-json\/wp\/v2\/comments?post=192"}],"version-history":[{"count":2,"href":"https:\/\/blogg.folkuniversitetet.nu\/zhaoya\/wp-json\/wp\/v2\/pages\/192\/revisions"}],"predecessor-version":[{"id":435,"href":"https:\/\/blogg.folkuniversitetet.nu\/zhaoya\/wp-json\/wp\/v2\/pages\/192\/revisions\/435"}],"wp:attachment":[{"href":"https:\/\/blogg.folkuniversitetet.nu\/zhaoya\/wp-json\/wp\/v2\/media?parent=192"}],"curies":[{"name":"wp","href":"https:\/\/api.w.org\/{rel}","templated":true}]}}