{"id":186,"date":"2024-05-02T20:05:57","date_gmt":"2024-05-02T19:05:57","guid":{"rendered":"https:\/\/blogg.folkuniversitetet.nu\/zhaoya\/?page_id=186"},"modified":"2024-11-10T14:43:59","modified_gmt":"2024-11-10T13:43:59","slug":"a1del1_20240425","status":"publish","type":"page","link":"https:\/\/blogg.folkuniversitetet.nu\/zhaoya\/a1del1_20240425\/","title":{"rendered":"VT2024_A1Del1_20240425"},"content":{"rendered":"<p>Idag b\u00f6rjade vi med ett spel \u201c\u8c01XXX\u201d? Till exempel:<\/p>\n<p>\u8c01\u5728\u94f6\u884c\u5de5\u4f5c\uff1fShei zai yinhang gongzuo? (vem jobbar p\u00e5 banken?)<\/p>\n<p>Erica\u5728\u94f6\u884c\u5de5\u4f5c\u3002Erica zai yinhang gongzuo. (Erica jobbar p\u00e5 banken).<\/p>\n<p>&nbsp;<\/p>\n<p>Sedan upprepade vi riktningsorden och l\u00e4rde oss kartan \u00f6ver huvudattraktionerna i Peking. <a href=\"http:\/\/blogg.folkuniversitetet.nu\/zhaoya\/files\/2024\/05\/material_places.pdf\">material_places<\/a> (f\u00f6rsta sidan).<\/p>\n<p>Sedan gjorde vi grupp\u00f6vningar om v\u00e4gbeskrivningar.<\/p>\n","protected":false},"excerpt":{"rendered":"<p>Idag b\u00f6rjade vi med ett spel \u201c\u8c01XXX\u201d? Till exempel: \u8c01\u5728\u94f6\u884c\u5de5\u4f5c\uff1fShei zai yinhang gongzuo? (vem jobbar p\u00e5 banken?) Erica\u5728\u94f6\u884c\u5de5\u4f5c\u3002Erica zai yinhang gongzuo. (Erica jobbar p\u00e5 banken). &nbsp; Sedan upprepade vi riktningsorden och l\u00e4rde oss kartan \u00f6ver huvudattraktionerna i Peking. material_places (f\u00f6rsta sidan). Sedan gjorde vi grupp\u00f6vningar om v\u00e4gbeskrivningar.<\/p>\n","protected":false},"author":922,"featured_media":0,"parent":0,"menu_order":0,"comment_status":"closed","ping_status":"closed","template":"","meta":{"footnotes":""},"class_list":["post-186","page","type-page","status-publish","hentry","post-preview"],"_links":{"self":[{"href":"https:\/\/blogg.folkuniversitetet.nu\/zhaoya\/wp-json\/wp\/v2\/pages\/186","targetHints":{"allow":["GET"]}}],"collection":[{"href":"https:\/\/blogg.folkuniversitetet.nu\/zhaoya\/wp-json\/wp\/v2\/pages"}],"about":[{"href":"https:\/\/blogg.folkuniversitetet.nu\/zhaoya\/wp-json\/wp\/v2\/types\/page"}],"author":[{"embeddable":true,"href":"https:\/\/blogg.folkuniversitetet.nu\/zhaoya\/wp-json\/wp\/v2\/users\/922"}],"replies":[{"embeddable":true,"href":"https:\/\/blogg.folkuniversitetet.nu\/zhaoya\/wp-json\/wp\/v2\/comments?post=186"}],"version-history":[{"count":2,"href":"https:\/\/blogg.folkuniversitetet.nu\/zhaoya\/wp-json\/wp\/v2\/pages\/186\/revisions"}],"predecessor-version":[{"id":416,"href":"https:\/\/blogg.folkuniversitetet.nu\/zhaoya\/wp-json\/wp\/v2\/pages\/186\/revisions\/416"}],"wp:attachment":[{"href":"https:\/\/blogg.folkuniversitetet.nu\/zhaoya\/wp-json\/wp\/v2\/media?parent=186"}],"curies":[{"name":"wp","href":"https:\/\/api.w.org\/{rel}","templated":true}]}}