{"id":182,"date":"2024-05-02T19:39:51","date_gmt":"2024-05-02T18:39:51","guid":{"rendered":"https:\/\/blogg.folkuniversitetet.nu\/zhaoya\/?page_id=182"},"modified":"2024-11-10T14:46:01","modified_gmt":"2024-11-10T13:46:01","slug":"a1del1_20240502","status":"publish","type":"page","link":"https:\/\/blogg.folkuniversitetet.nu\/zhaoya\/a1del1_20240502\/","title":{"rendered":"VT2024_A1Del1_20240502"},"content":{"rendered":"<p>Vi b\u00f6rjade idag med ett nytt ord: \u5929\u6c14 tianqi (v\u00e4der)<\/p>\n<p>\u4eca\u5929\u5929\u6c14\u600e\u4e48\u6837\uff1fJintian tianqi zenmeyang? (Hur \u00e4r v\u00e4dret idag?)<\/p>\n<p>\u4eca\u5929\u5929\u6c14\u5f88\u597d\u3002Jintian tianqi henhao. (Idag \u00e4r det bra v\u00e4der)<\/p>\n<p>N\u00e5gra nya ord f\u00f6r v\u00e4gbeskrivningar: \u4e1cdong (v\u00e4st)\uff0c\u897fxi (\u00f6st)\uff0c\u5357nan (syd)\uff0c\u5317bei (norr)<\/p>\n<p>&nbsp;<\/p>\n<div class=\"QcsUad BDJ8fb sMVRZe hCXDsb wneUed\">\n<div class=\"usGWQd\">\n<div class=\"KkbLmb\">\n<div class=\"lRu31\" dir=\"ltr\"><span class=\"HwtZe\" lang=\"sv\"><span class=\"jCAhz ChMk0b\"><span class=\"ryNqvb\">Sedan l\u00e4rde vi oss nya ord f\u00f6r platser <\/span><\/span><\/span><a href=\"http:\/\/blogg.folkuniversitetet.nu\/zhaoya\/files\/2024\/05\/material_places.pdf\">material_places<\/a><\/div>\n<div dir=\"ltr\">and two phrases:<\/div>\n<div dir=\"ltr\">A: \u4f60\u559c\u6b22\u53bb\u56fe\u4e66\u9986\u5417\uff1fni xihuan qu tushuguan ma?<\/div>\n<div dir=\"ltr\">B: \u6211\uff08\u4e0d\uff09\u559c\u6b22\u53bb\u56fe\u4e66\u9986\u3002wo (bu) xihuan qu tushuguan.<\/div>\n<\/div>\n<div dir=\"ltr\">A: \u4f60\u7ecf\u5e38\u53bb\u56fe\u4e66\u9986\u5417\uff1fni jingchang (ofta) qu tushuguan ma?<\/div>\n<div dir=\"ltr\">B: \u6211\uff08\u4e0d\uff09\u7ecf\u5e38\u53bb\u56fe\u4e66\u9986\u3002wo (bu) jingchang qu tushuguan.<\/div>\n<\/div>\n<\/div>\n<div dir=\"ltr\"><\/div>\n<div dir=\"ltr\"><\/div>\n<div dir=\"ltr\">Sedan startade vi den ny unit 0.5. Vi l\u00e4ste text p\u00e5 sid. 20-22 och \u00f6vade att k\u00f6pa och s\u00e4lja:<\/div>\n<div dir=\"ltr\">A: XXX \u591a\u5c11\u94b1\uff1fduo shao qian (hur mycket kostar XXX)<\/div>\n<div dir=\"ltr\">B: XXX 80 kuai\/yuan. (XXX kostar 80 yuan)<\/div>\n<div dir=\"ltr\"><\/div>\n<div dir=\"ltr\"><\/div>\n<div dir=\"ltr\">I samband med det l\u00e4rde vi oss siffror \u00f6ver 100.<\/div>\n<div dir=\"ltr\">100 yi bai, 101 yibai ling yi, 102 yibai ling er, 105 yibai ling wu, 110 yibai yishi, 111 yibai yi shi yi, 112 yibai yi shi er, 115 yibai yi shi wu, 120 yi bai ershi, 121 yibai er shi yi, 125 yibai er shi wu, 136 yibai san shi liu, 147 yi bai si shi qi<\/div>\n<div dir=\"ltr\">1000 yiqian, 10000 yiwan<\/div>\n","protected":false},"excerpt":{"rendered":"<p>Vi b\u00f6rjade idag med ett nytt ord: \u5929\u6c14 tianqi (v\u00e4der) \u4eca\u5929\u5929\u6c14\u600e\u4e48\u6837\uff1fJintian tianqi zenmeyang? (Hur \u00e4r v\u00e4dret idag?) \u4eca\u5929\u5929\u6c14\u5f88\u597d\u3002Jintian tianqi henhao. (Idag \u00e4r det bra v\u00e4der) N\u00e5gra nya ord f\u00f6r v\u00e4gbeskrivningar: \u4e1cdong (v\u00e4st)\uff0c\u897fxi (\u00f6st)\uff0c\u5357nan (syd)\uff0c\u5317bei (norr) &nbsp; Sedan l\u00e4rde vi oss nya ord f\u00f6r platser material_places and two phrases: A: \u4f60\u559c\u6b22\u53bb\u56fe\u4e66\u9986\u5417\uff1fni xihuan qu tushuguan ma? B: [&hellip;]<\/p>\n","protected":false},"author":922,"featured_media":0,"parent":0,"menu_order":0,"comment_status":"closed","ping_status":"closed","template":"","meta":{"footnotes":""},"class_list":["post-182","page","type-page","status-publish","hentry","post-preview"],"_links":{"self":[{"href":"https:\/\/blogg.folkuniversitetet.nu\/zhaoya\/wp-json\/wp\/v2\/pages\/182","targetHints":{"allow":["GET"]}}],"collection":[{"href":"https:\/\/blogg.folkuniversitetet.nu\/zhaoya\/wp-json\/wp\/v2\/pages"}],"about":[{"href":"https:\/\/blogg.folkuniversitetet.nu\/zhaoya\/wp-json\/wp\/v2\/types\/page"}],"author":[{"embeddable":true,"href":"https:\/\/blogg.folkuniversitetet.nu\/zhaoya\/wp-json\/wp\/v2\/users\/922"}],"replies":[{"embeddable":true,"href":"https:\/\/blogg.folkuniversitetet.nu\/zhaoya\/wp-json\/wp\/v2\/comments?post=182"}],"version-history":[{"count":4,"href":"https:\/\/blogg.folkuniversitetet.nu\/zhaoya\/wp-json\/wp\/v2\/pages\/182\/revisions"}],"predecessor-version":[{"id":424,"href":"https:\/\/blogg.folkuniversitetet.nu\/zhaoya\/wp-json\/wp\/v2\/pages\/182\/revisions\/424"}],"wp:attachment":[{"href":"https:\/\/blogg.folkuniversitetet.nu\/zhaoya\/wp-json\/wp\/v2\/media?parent=182"}],"curies":[{"name":"wp","href":"https:\/\/api.w.org\/{rel}","templated":true}]}}