{"id":153,"date":"2024-04-10T19:36:43","date_gmt":"2024-04-10T18:36:43","guid":{"rendered":"https:\/\/blogg.folkuniversitetet.nu\/zhaoya\/?page_id=153"},"modified":"2024-11-10T14:44:49","modified_gmt":"2024-11-10T13:44:49","slug":"a1del2_20240410","status":"publish","type":"page","link":"https:\/\/blogg.folkuniversitetet.nu\/zhaoya\/a1del2_20240410\/","title":{"rendered":"VT2024_A1Del2_20240410"},"content":{"rendered":"<p>Vi b\u00f6rjade dagen med att prata om v\u00e5r \u590d\u6d3b\u8282fuhuojie (P\u00e5sk)\u3002N\u00e5gra nya ord: 1) le (a symbol word for indicating past tense), \u6211\u53bb\u4e86\u897f\u73ed\u7259 wo qu le xibanya (jag \u00e5kte till Spanien), 2) \u623f\u5b50 fangzi (hus)<\/p>\n<p>&nbsp;<\/p>\n<p>Sedan gjorde vi l\u00e4s\u00f6vning p\u00e5 sidan 37, \u00f6vningsbok.<\/p>\n<p>Under denna tid \u559c\u4ee3\u7f8e gjorde \u00e4ven ett kort f\u00f6r v\u00e5r klass (se nedan). \u8c22\u8c22\u559c\u4ee3\u7f8e\uff01<\/p>\n<p><a href=\"http:\/\/blogg.folkuniversitetet.nu\/zhaoya\/files\/2024\/04\/image0.jpeg\"><img loading=\"lazy\" decoding=\"async\" class=\"alignnone size-medium wp-image-158\" src=\"http:\/\/blogg.folkuniversitetet.nu\/zhaoya\/files\/2024\/04\/image0-300x278.jpeg\" alt=\"\" width=\"300\" height=\"278\" srcset=\"https:\/\/blogg.folkuniversitetet.nu\/zhaoya\/files\/2024\/04\/image0-300x278.jpeg 300w, https:\/\/blogg.folkuniversitetet.nu\/zhaoya\/files\/2024\/04\/image0.jpeg 640w\" sizes=\"auto, (max-width: 300px) 100vw, 300px\" \/><\/a><\/p>\n<p>&nbsp;<\/p>\n<p>Sedan introducerade vi flera ord f\u00f6r yrken: \u533b\u751f yisheng (l\u00e4kare), \u8b66\u5bdf jingcha (polis), \u79d1\u5b66\u5bb6 kexuejia (vetenskapsman), \u5de5\u7a0b\u5e08 gongchengshi (ingenj\u00f6r), \u6f14\u5458 yanyuan (sk\u00e5despelare), \u53a8\u5e08 chushi (kock), \u6b4c\u624b geshou (s\u00e5ngare), \u8fd0\u52a8\u5458 yundongyuan (idrottsman), \u5546\u4eba shangren (aff\u00e4rsman)<\/p>\n<p>och platser d\u00e4r de jobbar: \u533b\u9662 yiyuan (sjukhuset), \u8b66\u5bdf\u5c40 jingcha ju (polisstation), \u516c\u53f8 gongsi (f\u00f6retag), \u821e\u53f0 wutai (scen), \u53a8\u623f chufang (k\u00f6k)<\/p>\n<p>A: \u4f60\u505a\u4ec0\u4e48\u5de5\u4f5c\uff1f<\/p>\n<p>B\uff1a\u6211\u662f\u8001\u5e08\u3002<\/p>\n<p>A\uff1a\u4f60\u5728\u54ea\u513f\u5de5\u4f5c\uff1f<\/p>\n<p>B\uff1a\u6211\u5728\u5b66\u6821\u5de5\u4f5c\u3002<\/p>\n","protected":false},"excerpt":{"rendered":"<p>Vi b\u00f6rjade dagen med att prata om v\u00e5r \u590d\u6d3b\u8282fuhuojie (P\u00e5sk)\u3002N\u00e5gra nya ord: 1) le (a symbol word for indicating past tense), \u6211\u53bb\u4e86\u897f\u73ed\u7259 wo qu le xibanya (jag \u00e5kte till Spanien), 2) \u623f\u5b50 fangzi (hus) &nbsp; Sedan gjorde vi l\u00e4s\u00f6vning p\u00e5 sidan 37, \u00f6vningsbok. Under denna tid \u559c\u4ee3\u7f8e gjorde \u00e4ven ett kort f\u00f6r v\u00e5r klass (se [&hellip;]<\/p>\n","protected":false},"author":922,"featured_media":0,"parent":0,"menu_order":0,"comment_status":"closed","ping_status":"closed","template":"","meta":{"footnotes":""},"class_list":["post-153","page","type-page","status-publish","hentry","post-preview"],"_links":{"self":[{"href":"https:\/\/blogg.folkuniversitetet.nu\/zhaoya\/wp-json\/wp\/v2\/pages\/153","targetHints":{"allow":["GET"]}}],"collection":[{"href":"https:\/\/blogg.folkuniversitetet.nu\/zhaoya\/wp-json\/wp\/v2\/pages"}],"about":[{"href":"https:\/\/blogg.folkuniversitetet.nu\/zhaoya\/wp-json\/wp\/v2\/types\/page"}],"author":[{"embeddable":true,"href":"https:\/\/blogg.folkuniversitetet.nu\/zhaoya\/wp-json\/wp\/v2\/users\/922"}],"replies":[{"embeddable":true,"href":"https:\/\/blogg.folkuniversitetet.nu\/zhaoya\/wp-json\/wp\/v2\/comments?post=153"}],"version-history":[{"count":4,"href":"https:\/\/blogg.folkuniversitetet.nu\/zhaoya\/wp-json\/wp\/v2\/pages\/153\/revisions"}],"predecessor-version":[{"id":419,"href":"https:\/\/blogg.folkuniversitetet.nu\/zhaoya\/wp-json\/wp\/v2\/pages\/153\/revisions\/419"}],"wp:attachment":[{"href":"https:\/\/blogg.folkuniversitetet.nu\/zhaoya\/wp-json\/wp\/v2\/media?parent=153"}],"curies":[{"name":"wp","href":"https:\/\/api.w.org\/{rel}","templated":true}]}}