{"id":118,"date":"2024-03-13T19:54:56","date_gmt":"2024-03-13T18:54:56","guid":{"rendered":"https:\/\/blogg.folkuniversitetet.nu\/zhaoya\/?page_id=118"},"modified":"2024-11-10T14:42:29","modified_gmt":"2024-11-10T13:42:29","slug":"20240313-2","status":"publish","type":"page","link":"https:\/\/blogg.folkuniversitetet.nu\/zhaoya\/20240313-2\/","title":{"rendered":"VT2024_A1Del2_20240313"},"content":{"rendered":"<p><span class=\"jCAhz ChMk0b\"><span class=\"ryNqvb\">Vi b\u00f6rjade idag med att l\u00e4sa igenom n\u00e5gra ord i \u00f6vningsbok, sidan 7. D\u00e4r kom det n\u00e5gra nya ord ang.<\/span><\/span><\/p>\n<p><span class=\"jCAhz ChMk0b\"><span class=\"ryNqvb\">1) familj: baba (pappa), mama (mamma), gege (\u00e4ldre bror), jiejie (\u00e4ldre syster), didi (yngre bror), meimei (yngre syster), yeye (farfar), nainai (farmor), waigong (morfar), waipo (mormor)<\/span><\/span><\/p>\n<p><span class=\"jCAhz ChMk0b\"><span class=\"ryNqvb\">2) f\u00e4rg: hongse (r\u00f6d), huangse (gul), lvse (gr\u00f6nt), lanse (bl\u00e5), chengse (orange), lanse (bl\u00e5), heise (svart), baise (vit)<\/span><\/span><\/p>\n<p><span class=\"jCAhz ChMk0b\"><span class=\"ryNqvb\">3) utseende: gao (l\u00e5ng,\/tall), ai (kort), chang (l\u00e5ng), duan (kort), toufa (h\u00e5r), yanjing (\u00f6gon)<\/span><\/span><\/p>\n<p>womama you heise toufa. (min mamma har svarta h\u00e5r)<\/p>\n<p>wobaba hen hao. (min pappa \u00e4r l\u00e5ng)<\/p>\n<p>wo didi you heise yanjing. (min yngre bror har svarta \u00f6gon)<\/p>\n<p>&nbsp;<\/p>\n<p>Sedan gjorde vi \u00f6vning 2 p\u00e5 sidan 38.<\/p>\n<p>&nbsp;<\/p>\n<p>Sedan delade vi ut dagens tecken. <a href=\"http:\/\/blogg.folkuniversitetet.nu\/zhaoya\/files\/2024\/03\/\u7b2c\u4e8c\u8bfe\u7684\u6c49\u5b57.pdf\" target=\"_blank\" rel=\"noopener\">\u7b2c\u4e8c\u8bfe\u7684\u6c49\u5b57<\/a><\/p>\n","protected":false},"excerpt":{"rendered":"<p>Vi b\u00f6rjade idag med att l\u00e4sa igenom n\u00e5gra ord i \u00f6vningsbok, sidan 7. D\u00e4r kom det n\u00e5gra nya ord ang. 1) familj: baba (pappa), mama (mamma), gege (\u00e4ldre bror), jiejie (\u00e4ldre syster), didi (yngre bror), meimei (yngre syster), yeye (farfar), nainai (farmor), waigong (morfar), waipo (mormor) 2) f\u00e4rg: hongse (r\u00f6d), huangse (gul), lvse (gr\u00f6nt), lanse [&hellip;]<\/p>\n","protected":false},"author":922,"featured_media":0,"parent":0,"menu_order":0,"comment_status":"closed","ping_status":"closed","template":"","meta":{"footnotes":""},"class_list":["post-118","page","type-page","status-publish","hentry","post-preview"],"_links":{"self":[{"href":"https:\/\/blogg.folkuniversitetet.nu\/zhaoya\/wp-json\/wp\/v2\/pages\/118","targetHints":{"allow":["GET"]}}],"collection":[{"href":"https:\/\/blogg.folkuniversitetet.nu\/zhaoya\/wp-json\/wp\/v2\/pages"}],"about":[{"href":"https:\/\/blogg.folkuniversitetet.nu\/zhaoya\/wp-json\/wp\/v2\/types\/page"}],"author":[{"embeddable":true,"href":"https:\/\/blogg.folkuniversitetet.nu\/zhaoya\/wp-json\/wp\/v2\/users\/922"}],"replies":[{"embeddable":true,"href":"https:\/\/blogg.folkuniversitetet.nu\/zhaoya\/wp-json\/wp\/v2\/comments?post=118"}],"version-history":[{"count":4,"href":"https:\/\/blogg.folkuniversitetet.nu\/zhaoya\/wp-json\/wp\/v2\/pages\/118\/revisions"}],"predecessor-version":[{"id":411,"href":"https:\/\/blogg.folkuniversitetet.nu\/zhaoya\/wp-json\/wp\/v2\/pages\/118\/revisions\/411"}],"wp:attachment":[{"href":"https:\/\/blogg.folkuniversitetet.nu\/zhaoya\/wp-json\/wp\/v2\/media?parent=118"}],"curies":[{"name":"wp","href":"https:\/\/api.w.org\/{rel}","templated":true}]}}