{"id":38,"date":"2026-04-07T08:09:58","date_gmt":"2026-04-07T07:09:58","guid":{"rendered":"https:\/\/blogg.folkuniversitetet.nu\/yevsst\/?page_id=38"},"modified":"2026-04-15T19:33:26","modified_gmt":"2026-04-15T18:33:26","slug":"lankar","status":"publish","type":"page","link":"https:\/\/blogg.folkuniversitetet.nu\/yevsst\/lankar\/","title":{"rendered":"L\u00e4nkar"},"content":{"rendered":"<blockquote>\n<ul>\n<li><a href=\"https:\/\/lexin.nada.kth.se\/lexin\/#searchinfo=both,swe_tur,%C3%A4pple;\">Lexin<\/a><\/li>\n<li><a href=\"https:\/\/folkets-lexikon.csc.kth.se\/folkets\/\" target=\"_blank\" rel=\"noopener\">Folkets lexion<\/a><\/li>\n<li><a href=\"https:\/\/urplay.se\/serie\/201721-svenska-for-alla\" target=\"_blank\" rel=\"noopener\">Svenska f\u00f6r alla<\/a><\/li>\n<li><a href=\"https:\/\/urplay.se\/program\/217838-hitta-hem-hur-allt-borjar\" target=\"_blank\" rel=\"noopener\">Hitta hem: en serie p\u00e5 l\u00e4tt svenska<\/a><\/li>\n<\/ul>\n<\/blockquote>\n","protected":false},"excerpt":{"rendered":"<p>Lexin Folkets lexion Svenska f\u00f6r alla Hitta hem: en serie p\u00e5 l\u00e4tt svenska<\/p>\n","protected":false},"author":991,"featured_media":0,"parent":0,"menu_order":0,"comment_status":"closed","ping_status":"closed","template":"","meta":{"footnotes":""},"class_list":["post-38","page","type-page","status-publish","hentry","post-preview"],"_links":{"self":[{"href":"https:\/\/blogg.folkuniversitetet.nu\/yevsst\/wp-json\/wp\/v2\/pages\/38","targetHints":{"allow":["GET"]}}],"collection":[{"href":"https:\/\/blogg.folkuniversitetet.nu\/yevsst\/wp-json\/wp\/v2\/pages"}],"about":[{"href":"https:\/\/blogg.folkuniversitetet.nu\/yevsst\/wp-json\/wp\/v2\/types\/page"}],"author":[{"embeddable":true,"href":"https:\/\/blogg.folkuniversitetet.nu\/yevsst\/wp-json\/wp\/v2\/users\/991"}],"replies":[{"embeddable":true,"href":"https:\/\/blogg.folkuniversitetet.nu\/yevsst\/wp-json\/wp\/v2\/comments?post=38"}],"version-history":[{"count":12,"href":"https:\/\/blogg.folkuniversitetet.nu\/yevsst\/wp-json\/wp\/v2\/pages\/38\/revisions"}],"predecessor-version":[{"id":93,"href":"https:\/\/blogg.folkuniversitetet.nu\/yevsst\/wp-json\/wp\/v2\/pages\/38\/revisions\/93"}],"wp:attachment":[{"href":"https:\/\/blogg.folkuniversitetet.nu\/yevsst\/wp-json\/wp\/v2\/media?parent=38"}],"curies":[{"name":"wp","href":"https:\/\/api.w.org\/{rel}","templated":true}]}}