{"id":10363,"date":"2026-04-30T07:43:53","date_gmt":"2026-04-30T05:43:53","guid":{"rendered":"https:\/\/blogg.folkuniversitetet.nu\/windka2\/?page_id=10363"},"modified":"2026-05-01T17:20:30","modified_gmt":"2026-05-01T15:20:30","slug":"b1-del-2-lordagar-start-2-maj-laxor","status":"publish","type":"page","link":"https:\/\/blogg.folkuniversitetet.nu\/windka2\/b1-del-2-lordagar-start-2-maj-laxor\/","title":{"rendered":"B1+ del 2 l\u00f6rdagar start 2 maj &#8211; l\u00e4xor"},"content":{"rendered":"<p><strong>L\u00e4xa till (Lektion 2) 260509:<\/strong><\/p>\n<p><strong>TB:\u00a0<\/strong><\/p>\n<p><strong>\u00d6B:\u00a0<\/strong><\/p>\n<p><strong>TB-listan: 1-40<\/strong><\/p>\n<p><strong>*<\/strong><\/p>\n<p><strong>L\u00e4xa till (Lektion 3) 260516:<\/strong><\/p>\n<p><strong>TB:\u00a0<\/strong><\/p>\n<p><strong>\u00d6B:\u00a0<\/strong><\/p>\n<p><strong>TB-listan: 41-80<\/strong><\/p>\n<p><strong>*<\/strong><\/p>\n<p><strong>L\u00e4xa till (Lektion 4) 260523:<\/strong><\/p>\n<p><strong>TB:\u00a0<\/strong><\/p>\n<p><strong>\u00d6B:\u00a0<\/strong><\/p>\n<p><strong>TB-listan: 81-120<\/strong><\/p>\n<p><strong>*<\/strong><\/p>\n<p><strong>L\u00e4xa till (Lektion 5) 260530:<\/strong><\/p>\n<p><strong>TB:\u00a0<\/strong><\/p>\n<p><strong>\u00d6B:\u00a0<\/strong><\/p>\n<p><strong>TB-listan: 121-160<\/strong><\/p>\n<p><strong>*<\/strong><\/p>\n<p><strong>L\u00e4xa till (Lektion 6) 260613:<\/strong><\/p>\n<p><strong>TB:\u00a0<\/strong><\/p>\n<p><strong>\u00d6B:\u00a0<\/strong><\/p>\n<p><strong>TB-listan: 161-203<\/strong><\/p>\n<p><strong>*<\/strong><\/p>\n<p>&nbsp;<\/p>\n","protected":false},"excerpt":{"rendered":"<p>L\u00e4xa till (Lektion 2) 260509: TB:\u00a0 \u00d6B:\u00a0 TB-listan: 1-40 * L\u00e4xa till (Lektion 3) 260516: TB:\u00a0 \u00d6B:\u00a0 TB-listan: 41-80 * L\u00e4xa till (Lektion 4) 260523: TB:\u00a0 \u00d6B:\u00a0 TB-listan: 81-120 * L\u00e4xa till (Lektion 5) 260530: TB:\u00a0 \u00d6B:\u00a0 TB-listan: 121-160 * L\u00e4xa till (Lektion 6) 260613: TB:\u00a0 \u00d6B:\u00a0 TB-listan: 161-203 * &nbsp;<\/p>\n","protected":false},"author":623,"featured_media":0,"parent":0,"menu_order":0,"comment_status":"closed","ping_status":"closed","template":"","meta":{"footnotes":""},"class_list":["post-10363","page","type-page","status-publish","hentry"],"_links":{"self":[{"href":"https:\/\/blogg.folkuniversitetet.nu\/windka2\/wp-json\/wp\/v2\/pages\/10363","targetHints":{"allow":["GET"]}}],"collection":[{"href":"https:\/\/blogg.folkuniversitetet.nu\/windka2\/wp-json\/wp\/v2\/pages"}],"about":[{"href":"https:\/\/blogg.folkuniversitetet.nu\/windka2\/wp-json\/wp\/v2\/types\/page"}],"author":[{"embeddable":true,"href":"https:\/\/blogg.folkuniversitetet.nu\/windka2\/wp-json\/wp\/v2\/users\/623"}],"replies":[{"embeddable":true,"href":"https:\/\/blogg.folkuniversitetet.nu\/windka2\/wp-json\/wp\/v2\/comments?post=10363"}],"version-history":[{"count":5,"href":"https:\/\/blogg.folkuniversitetet.nu\/windka2\/wp-json\/wp\/v2\/pages\/10363\/revisions"}],"predecessor-version":[{"id":10376,"href":"https:\/\/blogg.folkuniversitetet.nu\/windka2\/wp-json\/wp\/v2\/pages\/10363\/revisions\/10376"}],"wp:attachment":[{"href":"https:\/\/blogg.folkuniversitetet.nu\/windka2\/wp-json\/wp\/v2\/media?parent=10363"}],"curies":[{"name":"wp","href":"https:\/\/api.w.org\/{rel}","templated":true}]}}