{"id":10244,"date":"2026-04-12T10:07:46","date_gmt":"2026-04-12T08:07:46","guid":{"rendered":"https:\/\/blogg.folkuniversitetet.nu\/windka2\/?page_id=10244"},"modified":"2026-04-14T20:01:11","modified_gmt":"2026-04-14T18:01:11","slug":"c1-del-1-start-14-april-laxor","status":"publish","type":"page","link":"https:\/\/blogg.folkuniversitetet.nu\/windka2\/c1-del-1-start-14-april-laxor\/","title":{"rendered":"C1+ del 1 start 14 april &#8211; l\u00e4xor"},"content":{"rendered":"<p><strong>L\u00e4xa till (Lektion 2) 260221:<\/strong><\/p>\n<p><strong>Avancera ord &#8211; kapitel 1 + 2<\/strong><\/p>\n<p><strong>Partikelverbens v\u00e4rld: Kap. 1 Ett gott skratt f\u00f6rl\u00e4nger livet<\/strong><\/p>\n<p><strong>H\u00f6ra: Sveriges radio: Allvarligt talat: V\u00e4rlden g\u00e5r under och jag sitter och ritar (21 min.)<\/strong><\/p>\n<p><strong>Grammatiktest 2: G\u00e5 igenom testet och f\u00f6rbered eventuella fr\u00e5gor.<\/strong><\/p>\n<p><strong>*<\/strong><\/p>\n<p><strong>L\u00e4xa till (Lektion 3) 260228:<\/strong><\/p>\n<p><strong>Avancera ord &#8211; kapitel 3 + 4<\/strong><\/p>\n<p><strong>L\u00e4sa: Tidningsartikel: SvD (250525): Snart kanske vi slipper ses i framtiden + Ordkort<\/strong><\/p>\n<p><strong>Grammatiktest 3: G\u00e5 igenom testet och f\u00f6rbered eventuella fr\u00e5gor.<\/strong><\/p>\n<p><strong>Skriva: Ber\u00e4ttande text (V\u00e4nligen mejla mig texten i ett bifogat Word-dokument)<\/strong><\/p>\n<p><strong>*<\/strong><\/p>\n<p><strong>L\u00e4xa till (Lektion 4) 260505:<\/strong><\/p>\n<p><strong>Avancera ord &#8211; kapitel 5 + 6<\/strong><\/p>\n<p><strong>H\u00f6ra: Sveriges radio: Allvarligt talat: Varf\u00f6r leder k\u00e4rlek s\u00e5 ofta till sj\u00e4lvsabotage?<\/strong><\/p>\n<p><strong>Grammatiktest 4: G\u00e5 igenom testet och f\u00f6rbered eventuella fr\u00e5gor.<\/strong><\/p>\n<p><strong>*<\/strong><\/p>\n<p><strong>L\u00e4xa till (Lektion 5) 260512:<\/strong><\/p>\n<p><strong>Avancera ord &#8211; kapitel 7 + 8<\/strong><\/p>\n<p><strong>L\u00e4sa: Tidningsartikel: SvD (230619): Jakten p\u00e5 sanning har format oss som art + Ordkort<\/strong><\/p>\n<p><strong>Grammatiktest 5: G\u00e5 igenom testet och f\u00f6rbered eventuella fr\u00e5gor.<\/strong><\/p>\n<p><strong>Tala: Hur g\u00f6r man? Beskriv (utan Power Point) en praktik!: Ruby<\/strong><\/p>\n<p><strong>*<\/strong><\/p>\n<p><strong>L\u00e4xa till (Lektion 6) 260519:<\/strong><\/p>\n<p><strong>Avancera ord &#8211; kapitel 9 +10<\/strong><\/p>\n<p><strong>H\u00f6ra: Sveriges radio: Ekot (fr\u00e5n 18 maj, kl. 16.45)<\/strong><\/p>\n<p><strong>Grammatiktest 6: G\u00e5 igenom testet och f\u00f6rbered eventuella fr\u00e5gor.<\/strong><\/p>\n<p><strong>Tala: Hur g\u00f6r man? Beskriv (utan Power Point) en praktik!: Patricia<\/strong><\/p>\n<p><strong>Skriva: Beskrivande text (V\u00e4nligen mejla mig texten i ett bifogat Word-dokument)<\/strong><\/p>\n<p><strong>*<\/strong><\/p>\n<p><strong>L\u00e4xa till (Lektion 7) 260526:<\/strong><\/p>\n<p><strong>Avancera ord &#8211; kapitel 11 + 12<\/strong><\/p>\n<p><strong>L\u00e4sa: Tidningsartikel: SvD (230315): \u00c4r &#8221;Krig och fred&#8221; f\u00f6rst\u00f6rd f\u00f6r all framtid? + Ordkort<\/strong><\/p>\n<p><strong>Grammatiktest 7: G\u00e5 igenom testet och f\u00f6rbered eventuella fr\u00e5gor.<\/strong><\/p>\n<p><strong>Tala: Hur g\u00f6r man? Beskriv (utan Power Point) en praktik!: Harry<\/strong><\/p>\n<p><strong>*<\/strong><\/p>\n<p><strong>L\u00e4xa till (Lektion 8) 260602:<\/strong><\/p>\n<p><strong>Avancera ord &#8211; kapitel 13 + 14<\/strong><\/p>\n<p><strong>H\u00f6ra: Allvarligt talat: Kan jag vara feminist och vilja ha en fin kropp?\u00a0<\/strong><\/p>\n<p><strong>Grammatiktest 8: G\u00e5 igenom testet och f\u00f6rbered eventuella fr\u00e5gor.<\/strong><\/p>\n<p><strong>Tala: Hur g\u00f6r man? Beskriv (utan Power Point) en praktik!: Dominik<\/strong><\/p>\n<p><strong>*<\/strong><\/p>\n<p><strong>L\u00e4xa till (Lektion 9) 260609:<\/strong><\/p>\n<p><strong>Avancera ord &#8211; kapitel 15 + 16<\/strong><\/p>\n<p><strong>L\u00e4sa: Tidningsartikel: DN (210305): Den nyliberala epoken har skadat k\u00e4nslan av delaktighet i samh\u00e4llet + Ordkort<\/strong><\/p>\n<p><strong>Grammatiktest 9: G\u00e5 igenom testet och f\u00f6rbered eventuella fr\u00e5gor.<\/strong><\/p>\n<p><strong>Tala: Hur g\u00f6r man? Beskriv (utan Power Point) en praktik!: Vaidile<\/strong><\/p>\n<p><strong>*<\/strong><\/p>\n<p><strong>L\u00e4xa till (Lektion 10) 260616:<\/strong><\/p>\n<p><strong>Avancera ord &#8211; kapitel 17 + 18<\/strong><\/p>\n<p><strong>H\u00f6ra: Sveriges radio: Filosofiska rummet: Den beroende m\u00e4nniskan (44 min.)<\/strong><\/p>\n<p><strong>Grammatiktest 10: G\u00e5 igenom testet och f\u00f6rbered eventuella fr\u00e5gor.<\/strong><\/p>\n<p><strong>Tala: Hur g\u00f6r man? Beskriv (utan Power Point) en praktik!:<\/strong><\/p>\n<p><strong>*<\/strong><\/p>\n","protected":false},"excerpt":{"rendered":"<p>L\u00e4xa till (Lektion 2) 260221: Avancera ord &#8211; kapitel 1 + 2 Partikelverbens v\u00e4rld: Kap. 1 Ett gott skratt f\u00f6rl\u00e4nger livet H\u00f6ra: Sveriges radio: Allvarligt talat: V\u00e4rlden g\u00e5r under och jag sitter och ritar (21 min.) Grammatiktest 2: G\u00e5 igenom testet och f\u00f6rbered eventuella fr\u00e5gor. * L\u00e4xa till (Lektion 3) 260228: Avancera ord &#8211; kapitel &hellip; <a href=\"https:\/\/blogg.folkuniversitetet.nu\/windka2\/c1-del-1-start-14-april-laxor\/\" class=\"more-link\">Forts\u00e4tt l\u00e4sa <span class=\"screen-reader-text\">C1+ del 1 start 14 april &#8211; l\u00e4xor<\/span> <span class=\"meta-nav\">&rarr;<\/span><\/a><\/p>\n","protected":false},"author":623,"featured_media":0,"parent":0,"menu_order":0,"comment_status":"closed","ping_status":"closed","template":"","meta":{"footnotes":""},"class_list":["post-10244","page","type-page","status-publish","hentry"],"_links":{"self":[{"href":"https:\/\/blogg.folkuniversitetet.nu\/windka2\/wp-json\/wp\/v2\/pages\/10244","targetHints":{"allow":["GET"]}}],"collection":[{"href":"https:\/\/blogg.folkuniversitetet.nu\/windka2\/wp-json\/wp\/v2\/pages"}],"about":[{"href":"https:\/\/blogg.folkuniversitetet.nu\/windka2\/wp-json\/wp\/v2\/types\/page"}],"author":[{"embeddable":true,"href":"https:\/\/blogg.folkuniversitetet.nu\/windka2\/wp-json\/wp\/v2\/users\/623"}],"replies":[{"embeddable":true,"href":"https:\/\/blogg.folkuniversitetet.nu\/windka2\/wp-json\/wp\/v2\/comments?post=10244"}],"version-history":[{"count":19,"href":"https:\/\/blogg.folkuniversitetet.nu\/windka2\/wp-json\/wp\/v2\/pages\/10244\/revisions"}],"predecessor-version":[{"id":10288,"href":"https:\/\/blogg.folkuniversitetet.nu\/windka2\/wp-json\/wp\/v2\/pages\/10244\/revisions\/10288"}],"wp:attachment":[{"href":"https:\/\/blogg.folkuniversitetet.nu\/windka2\/wp-json\/wp\/v2\/media?parent=10244"}],"curies":[{"name":"wp","href":"https:\/\/api.w.org\/{rel}","templated":true}]}}