{"id":10090,"date":"2026-03-09T08:22:32","date_gmt":"2026-03-09T07:22:32","guid":{"rendered":"https:\/\/blogg.folkuniversitetet.nu\/windka2\/?page_id=10090"},"modified":"2026-04-14T13:53:51","modified_gmt":"2026-04-14T11:53:51","slug":"c1-start-16-mars-diskussionsforslag","status":"publish","type":"page","link":"https:\/\/blogg.folkuniversitetet.nu\/windka2\/c1-start-16-mars-diskussionsforslag\/","title":{"rendered":"C1- start 16 mars &#8211; diskussionsf\u00f6rslag"},"content":{"rendered":"<p><strong>SvD (260322): V\u00e5ldsam kamp mot den farliga feminiseringen<\/strong><\/p>\n<ol>\n<li><strong>Den \u201dfarliga\u201d popul\u00e4rkulturen.<\/strong><\/li>\n<li><strong>Finns det autentiska?<\/strong><\/li>\n<li><strong>Varum\u00e4rkets betydelse.<\/strong><\/li>\n<li><strong>Trump och Taj Mahal.<\/strong><\/li>\n<li><strong>Att l\u00e4ra k\u00e4nna deltagarna som privatpersoner. Identifikation.<\/strong><\/li>\n<li><strong>Conor McGregor.<\/strong><\/li>\n<li><strong>Dubbelt s\u00e5 mycket som Real Madrid och Manchester United. 11,3 miljarder dollar.<\/strong><\/li>\n<li><strong>Marknadsf\u00f6ring, timing och medial utveckling.<\/strong><\/li>\n<li><strong>UFC \u2013 v\u00e5r tids <em>zeitgeist<\/em>.<\/strong><\/li>\n<li><strong>Charles Taylor och gravitationen mot k\u00e4nslan av autenticitet.<\/strong><\/li>\n<li><strong>L\u00e4ngtan efter befrielse fr\u00e5n mekaniskt nyttot\u00e4nkande.<\/strong><\/li>\n<li><strong>V\u00e5ld v\u00e4cker starka affekter.<\/strong><\/li>\n<li><strong>Meningsskapande i en meningsl\u00f6s v\u00e4rld.<\/strong><\/li>\n<li><strong>Nietzsche och bejakandet av den egna styrkan.<\/strong><\/li>\n<li><strong>Robert Bly och \u201dJ\u00e4rn-Hans\u201d.<\/strong><\/li>\n<li><strong>F\u00f6r evigt modersbundna m\u00e4n.<\/strong><\/li>\n<li><strong>Jordan B Peterson.<\/strong><\/li>\n<li><strong>Den borgerligt bohemiska kompromissen.<\/strong><\/li>\n<li><strong>Unga m\u00e4n och l\u00e4ngtan efter autenticitet och mainstreamkulturens of\u00f6rm\u00e5ga att m\u00f6ta den.<\/strong><\/li>\n<\/ol>\n<p><strong>**********************************************************************************<\/strong><\/p>\n<p><strong>Nunnan<\/strong><\/p>\n<ol>\n<li><strong>Religion och familj.<\/strong><\/li>\n<li><strong>Syskonk\u00e4rlek.<\/strong><\/li>\n<li><strong>Religionernas djup.<\/strong><\/li>\n<li><strong>Spatial kontinuitet.<\/strong><\/li>\n<li><strong>Utveckling.<\/strong><\/li>\n<\/ol>\n<p><strong>**********************************************************************************<\/strong><\/p>\n<p><strong>Nedsl\u00e4ckt land \u2013 Sverige har stannat<\/strong><\/p>\n<ol>\n<li><strong>Lagerh\u00e5llning.<\/strong><\/li>\n<li><strong>Dominoeffekten.<\/strong><\/li>\n<li><strong>Hur l\u00e4nge p\u00e5g\u00e5r det onormala?<\/strong><\/li>\n<li><strong>Proportionerlig eller j\u00e4mn matf\u00f6rdelning.<\/strong><\/li>\n<\/ol>\n<p><strong>**********************************************************************************<\/strong><\/p>\n<p>&nbsp;<\/p>\n","protected":false},"excerpt":{"rendered":"<p>SvD (260322): V\u00e5ldsam kamp mot den farliga feminiseringen Den \u201dfarliga\u201d popul\u00e4rkulturen. Finns det autentiska? Varum\u00e4rkets betydelse. Trump och Taj Mahal. Att l\u00e4ra k\u00e4nna deltagarna som privatpersoner. Identifikation. Conor McGregor. Dubbelt s\u00e5 mycket som Real Madrid och Manchester United. 11,3 miljarder dollar. Marknadsf\u00f6ring, timing och medial utveckling. UFC \u2013 v\u00e5r tids zeitgeist. Charles Taylor och gravitationen &hellip; <a href=\"https:\/\/blogg.folkuniversitetet.nu\/windka2\/c1-start-16-mars-diskussionsforslag\/\" class=\"more-link\">Forts\u00e4tt l\u00e4sa <span class=\"screen-reader-text\">C1- start 16 mars &#8211; diskussionsf\u00f6rslag<\/span> <span class=\"meta-nav\">&rarr;<\/span><\/a><\/p>\n","protected":false},"author":623,"featured_media":0,"parent":0,"menu_order":0,"comment_status":"closed","ping_status":"closed","template":"","meta":{"footnotes":""},"class_list":["post-10090","page","type-page","status-publish","hentry"],"_links":{"self":[{"href":"https:\/\/blogg.folkuniversitetet.nu\/windka2\/wp-json\/wp\/v2\/pages\/10090","targetHints":{"allow":["GET"]}}],"collection":[{"href":"https:\/\/blogg.folkuniversitetet.nu\/windka2\/wp-json\/wp\/v2\/pages"}],"about":[{"href":"https:\/\/blogg.folkuniversitetet.nu\/windka2\/wp-json\/wp\/v2\/types\/page"}],"author":[{"embeddable":true,"href":"https:\/\/blogg.folkuniversitetet.nu\/windka2\/wp-json\/wp\/v2\/users\/623"}],"replies":[{"embeddable":true,"href":"https:\/\/blogg.folkuniversitetet.nu\/windka2\/wp-json\/wp\/v2\/comments?post=10090"}],"version-history":[{"count":7,"href":"https:\/\/blogg.folkuniversitetet.nu\/windka2\/wp-json\/wp\/v2\/pages\/10090\/revisions"}],"predecessor-version":[{"id":10277,"href":"https:\/\/blogg.folkuniversitetet.nu\/windka2\/wp-json\/wp\/v2\/pages\/10090\/revisions\/10277"}],"wp:attachment":[{"href":"https:\/\/blogg.folkuniversitetet.nu\/windka2\/wp-json\/wp\/v2\/media?parent=10090"}],"curies":[{"name":"wp","href":"https:\/\/api.w.org\/{rel}","templated":true}]}}