{"id":610,"date":"2025-02-25T15:53:25","date_gmt":"2025-02-25T14:53:25","guid":{"rendered":"https:\/\/blogg.folkuniversitetet.nu\/winaas\/?page_id=610"},"modified":"2025-04-24T20:15:14","modified_gmt":"2025-04-24T19:15:14","slug":"120880-svenska-b2-del-1start-27-2","status":"publish","type":"page","link":"https:\/\/blogg.folkuniversitetet.nu\/winaas\/120880-svenska-b2-del-1start-27-2\/","title":{"rendered":"120880 Svenska B2- del 1"},"content":{"rendered":"<p><strong>Lektion 15:\u00a0<\/strong><\/p>\n<p>\u00d6vningsboken: Resterande i kapitel 15<\/p>\n<p>Textboken: Resterande i kapitel 15<\/p>\n<p>Vill ni g\u00f6ra <a href=\"http:\/\/blogg.folkuniversitetet.nu\/winaas\/files\/2025\/04\/Framstegstester.pdf\">Framstegstest 5?<\/a><\/p>\n<p><img loading=\"lazy\" decoding=\"async\" class=\"\" src=\"https:\/\/serioust.se\/cdn\/shop\/files\/tack-och-hej-leverpastej-t-shirt-800811.jpg?v=1704985868&amp;width=1445\" alt=\"Tack och hej leverpastej - T-shirt \u2013 Serious T\" width=\"339\" height=\"339\" \/><\/p>\n<p><strong>Lektion 14:\u00a0<\/strong><\/p>\n<p>Textboken s.208-210<br \/>\n\u00d6vningsboken s. 155 + 158:11<\/p>\n<p>&nbsp;<\/p>\n<p><iframe loading=\"lazy\" title=\"Idiomatiska uttryck - Exempelmeningar och TEST\" width=\"676\" height=\"380\" src=\"https:\/\/www.youtube.com\/embed\/WRuqjbx1IpE?feature=oembed\" frameborder=\"0\" allow=\"accelerometer; autoplay; clipboard-write; encrypted-media; gyroscope; picture-in-picture; web-share\" referrerpolicy=\"strict-origin-when-cross-origin\" allowfullscreen><\/iframe><\/p>\n<p><strong>Lektion 13:\u00a0<\/strong><\/p>\n<p>Mitt wifi dog pl\u00f6tsligt kl. 21.02,\u00a0 men GLAD P\u00c5SK!<\/p>\n<p><img decoding=\"async\" src=\"https:\/\/www.barnplantorna.se\/wp-content\/uploads\/2021\/03\/P%C3%85SK-2021.jpg\" alt=\"GLAD P\u00c5SK \u2013 Barnplantorna\" \/><\/p>\n<p>Textboken sid. 206-207 + 216<\/p>\n<p>\u00d6vningsboken s.152-154<\/p>\n<p><strong>Lektion 12:\u00a0<\/strong><\/p>\n<p>Textboken s. 204<\/p>\n<p>\u00d6vningsboken s. 151<\/p>\n<p><strong>Lektion 11:\u00a0<\/strong><\/p>\n<p>Textboken s.202-203<\/p>\n<p>\u00d6vningsboken s.147-150<\/p>\n<p>&nbsp;<\/p>\n<p><iframe loading=\"lazy\" title=\"Demonstrativa pronomen\" width=\"676\" height=\"507\" src=\"https:\/\/www.youtube.com\/embed\/t4n8k4g1Hr0?feature=oembed\" frameborder=\"0\" allow=\"accelerometer; autoplay; clipboard-write; encrypted-media; gyroscope; picture-in-picture; web-share\" referrerpolicy=\"strict-origin-when-cross-origin\" allowfullscreen><\/iframe><\/p>\n<p><strong>Lektion 10:\u00a0<\/strong><\/p>\n<p>Textboken s.200-201<br \/>\n\u00d6vningsboken s.144-146<\/p>\n<p><iframe loading=\"lazy\" title=\"Ordbildning, verb och substantiv\" width=\"676\" height=\"507\" src=\"https:\/\/www.youtube.com\/embed\/mHQcqWVbQls?feature=oembed\" frameborder=\"0\" allow=\"accelerometer; autoplay; clipboard-write; encrypted-media; gyroscope; picture-in-picture; web-share\" referrerpolicy=\"strict-origin-when-cross-origin\" allowfullscreen><\/iframe><\/p>\n<p><strong>Lektion 9:\u00a0<\/strong><\/p>\n<p>Textboken s.196 + 198-199<\/p>\n<p>\u00d6vningsboken s.143<\/p>\n<p>&nbsp;<\/p>\n<p><iframe loading=\"lazy\" title=\"Verbet G\u00c4LLER\" width=\"676\" height=\"507\" src=\"https:\/\/www.youtube.com\/embed\/H2wqaYXiqzY?feature=oembed\" frameborder=\"0\" allow=\"accelerometer; autoplay; clipboard-write; encrypted-media; gyroscope; picture-in-picture; web-share\" referrerpolicy=\"strict-origin-when-cross-origin\" allowfullscreen><\/iframe><\/p>\n<p><strong>Lektion 8:\u00a0<\/strong><\/p>\n<p><a href=\"http:\/\/blogg.folkuniversitetet.nu\/winaas\/files\/2025\/04\/488182366_1215243130603972_5728938463331724875_n.jpg\"><img loading=\"lazy\" decoding=\"async\" class=\"alignnone size-medium wp-image-631\" src=\"http:\/\/blogg.folkuniversitetet.nu\/winaas\/files\/2025\/04\/488182366_1215243130603972_5728938463331724875_n-300x234.jpg\" alt=\"\" width=\"300\" height=\"234\" srcset=\"https:\/\/blogg.folkuniversitetet.nu\/winaas\/files\/2025\/04\/488182366_1215243130603972_5728938463331724875_n-300x234.jpg 300w, https:\/\/blogg.folkuniversitetet.nu\/winaas\/files\/2025\/04\/488182366_1215243130603972_5728938463331724875_n-676x527.jpg 676w, https:\/\/blogg.folkuniversitetet.nu\/winaas\/files\/2025\/04\/488182366_1215243130603972_5728938463331724875_n.jpg 693w\" sizes=\"auto, (max-width: 300px) 100vw, 300px\" \/><\/a><\/p>\n<p>Textboken 194G-197<\/p>\n<p>\u00d6vningsboken s.141-142<\/p>\n<p><iframe loading=\"lazy\" title=\"UTTAL av vokaler, sj-ljud, tj-ljud och j-ljud\" width=\"676\" height=\"380\" src=\"https:\/\/www.youtube.com\/embed\/u3gJITZWBeQ?feature=oembed\" frameborder=\"0\" allow=\"accelerometer; autoplay; clipboard-write; encrypted-media; gyroscope; picture-in-picture; web-share\" referrerpolicy=\"strict-origin-when-cross-origin\" allowfullscreen><\/iframe><\/p>\n<p><iframe loading=\"lazy\" title=\"Transitiva och intransitiva verb\" width=\"676\" height=\"380\" src=\"https:\/\/www.youtube.com\/embed\/NcE-snKC9c4?feature=oembed\" frameborder=\"0\" allow=\"accelerometer; autoplay; clipboard-write; encrypted-media; gyroscope; picture-in-picture; web-share\" referrerpolicy=\"strict-origin-when-cross-origin\" allowfullscreen><\/iframe><\/p>\n<p><strong>Lektion 7:\u00a0<\/strong><\/p>\n<p>Textboken s.192-194:F<\/p>\n<p>\u00d6vningsboken s.138-140<\/p>\n<p><iframe loading=\"lazy\" title=\"Transitiva och intransitiva verb (sitta - s\u00e4tta)\" width=\"676\" height=\"380\" src=\"https:\/\/www.youtube.com\/embed\/fX41-_YIu4w?feature=oembed\" frameborder=\"0\" allow=\"accelerometer; autoplay; clipboard-write; encrypted-media; gyroscope; picture-in-picture; web-share\" referrerpolicy=\"strict-origin-when-cross-origin\" allowfullscreen><\/iframe><\/p>\n<p><strong>Lektion 6:\u00a0<\/strong><\/p>\n<p>Textboken s.188-191<\/p>\n<p>&nbsp;<\/p>\n<p><iframe loading=\"lazy\" title=\"Grammatik - emfatisk omskrivning\" width=\"676\" height=\"380\" src=\"https:\/\/www.youtube.com\/embed\/L7F1kpaYHC4?feature=oembed\" frameborder=\"0\" allow=\"accelerometer; autoplay; clipboard-write; encrypted-media; gyroscope; picture-in-picture; web-share\" referrerpolicy=\"strict-origin-when-cross-origin\" allowfullscreen><\/iframe><\/p>\n<p><strong>Lektion 5:\u00a0<\/strong><\/p>\n<p>Textboken\u00a0 s. 175-176<\/p>\n<p>\u00d6vningsboken s.134<\/p>\n<p>&#8221;Repetera&#8221; s. 135-137: l\u00e4xa<\/p>\n<p>&nbsp;<\/p>\n<p><iframe loading=\"lazy\" title=\"BLIR ELLER \u00c4R?\" width=\"676\" height=\"380\" src=\"https:\/\/www.youtube.com\/embed\/ffi4g2bKRHw?feature=oembed\" frameborder=\"0\" allow=\"accelerometer; autoplay; clipboard-write; encrypted-media; gyroscope; picture-in-picture; web-share\" referrerpolicy=\"strict-origin-when-cross-origin\" allowfullscreen><\/iframe><\/p>\n<p><iframe loading=\"lazy\" title=\"sfigunilla SFI sin, sitt, sina NY\" width=\"676\" height=\"507\" src=\"https:\/\/www.youtube.com\/embed\/4Nefy119vFo?feature=oembed\" frameborder=\"0\" allow=\"accelerometer; autoplay; clipboard-write; encrypted-media; gyroscope; picture-in-picture; web-share\" referrerpolicy=\"strict-origin-when-cross-origin\" allowfullscreen><\/iframe><\/p>\n<p>&nbsp;<\/p>\n<p><strong>Lektion 4:\u00a0<\/strong><\/p>\n<p>\u00d6vningsboken s. 132-133<\/p>\n<p>Textboken s.174 + 178 &amp; 104-105<\/p>\n<p><a href=\"http:\/\/blogg.folkuniversitetet.nu\/winaas\/files\/2025\/03\/97e93989-a4f6-408e-b3f1-955471b3df24.jpg\"><img loading=\"lazy\" decoding=\"async\" class=\"alignnone size-medium wp-image-619\" src=\"http:\/\/blogg.folkuniversitetet.nu\/winaas\/files\/2025\/03\/97e93989-a4f6-408e-b3f1-955471b3df24-300x298.jpg\" alt=\"\" width=\"300\" height=\"298\" srcset=\"https:\/\/blogg.folkuniversitetet.nu\/winaas\/files\/2025\/03\/97e93989-a4f6-408e-b3f1-955471b3df24-300x298.jpg 300w, https:\/\/blogg.folkuniversitetet.nu\/winaas\/files\/2025\/03\/97e93989-a4f6-408e-b3f1-955471b3df24-150x150.jpg 150w, https:\/\/blogg.folkuniversitetet.nu\/winaas\/files\/2025\/03\/97e93989-a4f6-408e-b3f1-955471b3df24-676x671.jpg 676w, https:\/\/blogg.folkuniversitetet.nu\/winaas\/files\/2025\/03\/97e93989-a4f6-408e-b3f1-955471b3df24.jpg 720w\" sizes=\"auto, (max-width: 300px) 100vw, 300px\" \/><\/a><a href=\"http:\/\/blogg.folkuniversitetet.nu\/winaas\/files\/2025\/03\/475163779_9006616462707157_763684519073453766_n.jpg\"><img loading=\"lazy\" decoding=\"async\" class=\"alignnone size-medium wp-image-620\" src=\"http:\/\/blogg.folkuniversitetet.nu\/winaas\/files\/2025\/03\/475163779_9006616462707157_763684519073453766_n-267x300.jpg\" alt=\"\" width=\"267\" height=\"300\" srcset=\"https:\/\/blogg.folkuniversitetet.nu\/winaas\/files\/2025\/03\/475163779_9006616462707157_763684519073453766_n-267x300.jpg 267w, https:\/\/blogg.folkuniversitetet.nu\/winaas\/files\/2025\/03\/475163779_9006616462707157_763684519073453766_n.jpg 526w\" sizes=\"auto, (max-width: 267px) 100vw, 267px\" \/><\/a><\/p>\n<p>&nbsp;<\/p>\n<p><iframe loading=\"lazy\" title=\"Ge komplimanger p\u00e5 svenska!\" width=\"676\" height=\"507\" src=\"https:\/\/www.youtube.com\/embed\/dRcK2Rkx4Ng?feature=oembed\" frameborder=\"0\" allow=\"accelerometer; autoplay; clipboard-write; encrypted-media; gyroscope; picture-in-picture; web-share\" referrerpolicy=\"strict-origin-when-cross-origin\" allowfullscreen><\/iframe><\/p>\n<p>&nbsp;<\/p>\n<p><iframe loading=\"lazy\" title=\"Monica T\u00f6rnell Vintersaga\" width=\"676\" height=\"507\" src=\"https:\/\/www.youtube.com\/embed\/ZZSl_IaIQOA?feature=oembed\" frameborder=\"0\" allow=\"accelerometer; autoplay; clipboard-write; encrypted-media; gyroscope; picture-in-picture; web-share\" referrerpolicy=\"strict-origin-when-cross-origin\" allowfullscreen><\/iframe><\/p>\n<p>&nbsp;<\/p>\n<p><iframe loading=\"lazy\" title=\"Tomas Ledin- Sommaren \u00e4r kort Lyrics\" width=\"676\" height=\"507\" src=\"https:\/\/www.youtube.com\/embed\/wlhY1WEAH8U?feature=oembed\" frameborder=\"0\" allow=\"accelerometer; autoplay; clipboard-write; encrypted-media; gyroscope; picture-in-picture; web-share\" referrerpolicy=\"strict-origin-when-cross-origin\" allowfullscreen><\/iframe><\/p>\n<p>&nbsp;<\/p>\n<blockquote class=\"wp-embedded-content\" data-secret=\"1JaDehu2dF\"><p><a href=\"https:\/\/litteraturbanken.se\/skolan\/poesi-forfattare-gustaf-froding-strovtag-i-hembygden\/\">Poesi\/F\u00f6rfattare\/Gustaf Fr\u00f6ding\/Str\u00f6vt\u00e5g i hembygden<\/a><\/p><\/blockquote>\n<p><iframe loading=\"lazy\" class=\"wp-embedded-content\" sandbox=\"allow-scripts\" security=\"restricted\" style=\"position: absolute; visibility: hidden;\" title=\"&#8221;Poesi\/F\u00f6rfattare\/Gustaf Fr\u00f6ding\/Str\u00f6vt\u00e5g i hembygden&#8221; &#8212; LITTERATURBANKENS SKOLA\" src=\"https:\/\/litteraturbanken.se\/skolan\/poesi-forfattare-gustaf-froding-strovtag-i-hembygden\/embed\/#?secret=1JaDehu2dF\" data-secret=\"1JaDehu2dF\" width=\"600\" height=\"338\" frameborder=\"0\" marginwidth=\"0\" marginheight=\"0\" scrolling=\"no\"><\/iframe><\/p>\n<p><iframe loading=\"lazy\" title=\"Mando Diao - Str\u00f6vt\u00e5g i hembygden (Lyssnarhj\u00e4lpen Music Sessions)\" width=\"676\" height=\"380\" src=\"https:\/\/www.youtube.com\/embed\/WcKecm4r1aE?feature=oembed\" frameborder=\"0\" allow=\"accelerometer; autoplay; clipboard-write; encrypted-media; gyroscope; picture-in-picture; web-share\" referrerpolicy=\"strict-origin-when-cross-origin\" allowfullscreen><\/iframe><\/p>\n<p>&nbsp;<\/p>\n<p>&nbsp;<\/p>\n<blockquote class=\"wp-embedded-content\" data-secret=\"1JaDehu2dF\"><p><a href=\"https:\/\/litteraturbanken.se\/skolan\/poesi-forfattare-gustaf-froding-strovtag-i-hembygden\/\">Poesi\/F\u00f6rfattare\/Gustaf Fr\u00f6ding\/Str\u00f6vt\u00e5g i hembygden<\/a><\/p><\/blockquote>\n<p><iframe loading=\"lazy\" class=\"wp-embedded-content\" sandbox=\"allow-scripts\" security=\"restricted\" style=\"position: absolute; visibility: hidden;\" title=\"&#8221;Poesi\/F\u00f6rfattare\/Gustaf Fr\u00f6ding\/Str\u00f6vt\u00e5g i hembygden&#8221; &#8212; LITTERATURBANKENS SKOLA\" src=\"https:\/\/litteraturbanken.se\/skolan\/poesi-forfattare-gustaf-froding-strovtag-i-hembygden\/embed\/#?secret=1JaDehu2dF\" data-secret=\"1JaDehu2dF\" width=\"600\" height=\"338\" frameborder=\"0\" marginwidth=\"0\" marginheight=\"0\" scrolling=\"no\"><\/iframe><\/p>\n<p>&nbsp;<\/p>\n<p><strong>Lektion 3:\u00a0<\/strong><\/p>\n<p>&nbsp;<\/p>\n<p>Textboken s.177: https:\/\/hui.se\/arets-julklapp\/<\/p>\n<p>Textboken s.180-182 + fr\u00e5gor s.184<\/p>\n<p>&nbsp;<\/p>\n<p><img decoding=\"async\" src=\"https:\/\/scontent.flis9-2.fna.fbcdn.net\/v\/t1.15752-9\/483666666_670905412110803_1654261028542126979_n.jpg?stp=dst-jpg_s526x395_tt6&amp;_nc_cat=109&amp;ccb=1-7&amp;_nc_sid=0024fc&amp;_nc_ohc=x7jGGo9n3B8Q7kNvgF16x2c&amp;_nc_oc=AdjxtL7ph-CKe3DO0PUNh9_xAcyRjG_GkBOGLZ765f68-6TyYbWN8-niJUl7aKh0hAY&amp;_nc_zt=23&amp;_nc_ht=scontent.flis9-2.fna&amp;oh=03_Q7cD1wHiDObfbQDAODW02ZbQ5QwQHtlpttTNWlIjUbR3aT6iQQ&amp;oe=67F7F611\" alt=\"\u00d6ppna fotot\" \/><\/p>\n<p>&nbsp;<\/p>\n<p><strong>Lektion 2:\u00a0<\/strong><\/p>\n<p>Textboken s.184 (sm\u00e5ord + h\u00f6r\u00f6vning)<\/p>\n<p>Se h\u00f6rf\u00f6rst\u00e5elsetext p\u00e5 Rivstart.se<\/p>\n<p>\u00d6vningsboken s.130-132<\/p>\n<p><iframe loading=\"lazy\" title=\"sfigunilla SVORDOMAR\" width=\"676\" height=\"380\" src=\"https:\/\/www.youtube.com\/embed\/F3dRnoS3ziA?feature=oembed\" frameborder=\"0\" allow=\"accelerometer; autoplay; clipboard-write; encrypted-media; gyroscope; picture-in-picture; web-share\" referrerpolicy=\"strict-origin-when-cross-origin\" allowfullscreen><\/iframe><\/p>\n<p><iframe loading=\"lazy\" title=\"Usch, fy, aj, &quot;schu&quot; Vad betyder de? (interjektioner) SFI\" width=\"676\" height=\"380\" src=\"https:\/\/www.youtube.com\/embed\/XTo56MiEjHc?feature=oembed\" frameborder=\"0\" allow=\"accelerometer; autoplay; clipboard-write; encrypted-media; gyroscope; picture-in-picture; web-share\" referrerpolicy=\"strict-origin-when-cross-origin\" allowfullscreen><\/iframe><\/p>\n<p><iframe loading=\"lazy\" title=\"Slangord (\u00f6vning)\" width=\"676\" height=\"380\" src=\"https:\/\/www.youtube.com\/embed\/PM62_qNzNTM?feature=oembed\" frameborder=\"0\" allow=\"accelerometer; autoplay; clipboard-write; encrypted-media; gyroscope; picture-in-picture; web-share\" referrerpolicy=\"strict-origin-when-cross-origin\" allowfullscreen><\/iframe><\/p>\n<p><iframe loading=\"lazy\" title=\"How Swedes say (almost) everything with &quot;Jaha&quot;!\" width=\"676\" height=\"380\" src=\"https:\/\/www.youtube.com\/embed\/LAH_fVAqlok?feature=oembed\" frameborder=\"0\" allow=\"accelerometer; autoplay; clipboard-write; encrypted-media; gyroscope; picture-in-picture; web-share\" referrerpolicy=\"strict-origin-when-cross-origin\" allowfullscreen><\/iframe><\/p>\n<p><strong>Lektion 1:\u00a0<\/strong><\/p>\n<p>Textboken s.171-173<\/p>\n<p>\u00d6vningsboken: s.129<\/p>\n<p>L\u00e4xa: L\u00e4sa i minigrammatik: s.281 i textboken!<\/p>\n<p>&nbsp;<\/p>\n<p><iframe loading=\"lazy\" title=\"L\u00e4s med reduktioner - film 1: en dialog\" width=\"676\" height=\"380\" src=\"https:\/\/www.youtube.com\/embed\/gKEblXVcP50?feature=oembed\" frameborder=\"0\" allow=\"accelerometer; autoplay; clipboard-write; encrypted-media; gyroscope; picture-in-picture; web-share\" referrerpolicy=\"strict-origin-when-cross-origin\" allowfullscreen><\/iframe><\/p>\n<p>&nbsp;<\/p>\n<p><iframe loading=\"lazy\" title=\"EvasSfi Substantiv utan artikel\" width=\"676\" height=\"380\" src=\"https:\/\/www.youtube.com\/embed\/8YN2aHpD9PQ?feature=oembed\" frameborder=\"0\" allow=\"accelerometer; autoplay; clipboard-write; encrypted-media; gyroscope; picture-in-picture; web-share\" referrerpolicy=\"strict-origin-when-cross-origin\" allowfullscreen><\/iframe><\/p>\n<p><iframe loading=\"lazy\" title=\"Artikel. Best\u00e4md, obest\u00e4md form substantiv. Utan artikel.\" width=\"676\" height=\"380\" src=\"https:\/\/www.youtube.com\/embed\/jIDvAisFaH8?feature=oembed\" frameborder=\"0\" allow=\"accelerometer; autoplay; clipboard-write; encrypted-media; gyroscope; picture-in-picture; web-share\" referrerpolicy=\"strict-origin-when-cross-origin\" allowfullscreen><\/iframe><\/p>\n<p><iframe loading=\"lazy\" title=\"Substantiv i best\u00e4md och obest\u00e4md form - lite sv\u00e5rare \ud83e\udd13\" width=\"676\" height=\"380\" src=\"https:\/\/www.youtube.com\/embed\/POF2--_kPA8?feature=oembed\" frameborder=\"0\" allow=\"accelerometer; autoplay; clipboard-write; encrypted-media; gyroscope; picture-in-picture; web-share\" referrerpolicy=\"strict-origin-when-cross-origin\" allowfullscreen><\/iframe><\/p>\n<blockquote class=\"wp-embedded-content\" data-secret=\"VdVaGTc95V\"><p><a href=\"https:\/\/temadagar.se\/hogtider-td\/\">Alla h\u00f6gtider som firas i Sverige<\/a><\/p><\/blockquote>\n<p><iframe loading=\"lazy\" class=\"wp-embedded-content\" sandbox=\"allow-scripts\" security=\"restricted\" style=\"position: absolute; visibility: hidden;\" title=\"\u201dAlla h\u00f6gtider som firas i Sverige\u201d &ndash; Temadagar\" src=\"https:\/\/temadagar.se\/hogtider-td\/embed\/#?secret=hftCZjY4OO#?secret=VdVaGTc95V\" data-secret=\"VdVaGTc95V\" width=\"600\" height=\"338\" frameborder=\"0\" marginwidth=\"0\" marginheight=\"0\" scrolling=\"no\"><\/iframe><\/p>\n<blockquote class=\"wp-embedded-content\" data-secret=\"MQZblIKN5M\"><p><a href=\"https:\/\/svenskahogtider.com\/vanligaste-fragorna\/\">Vanligaste fr\u00e5gorna<\/a><\/p><\/blockquote>\n<p><iframe loading=\"lazy\" class=\"wp-embedded-content\" sandbox=\"allow-scripts\" security=\"restricted\" style=\"position: absolute; visibility: hidden;\" title=\"&#8221;Vanligaste fr\u00e5gorna&#8221; &#8212; H\u00f6gtider och traditioner\" src=\"https:\/\/svenskahogtider.com\/vanligaste-fragorna\/embed\/#?secret=K6odQarzfF#?secret=MQZblIKN5M\" data-secret=\"MQZblIKN5M\" width=\"600\" height=\"338\" frameborder=\"0\" marginwidth=\"0\" marginheight=\"0\" scrolling=\"no\"><\/iframe><\/p>\n<blockquote class=\"wp-embedded-content\" data-secret=\"HQ2lVluMZM\"><p><a href=\"https:\/\/www.nordiskamuseet.se\/utforska\/hogtider\/fettisdagen\/\">Fettisdagen<\/a><\/p><\/blockquote>\n<p><iframe loading=\"lazy\" class=\"wp-embedded-content\" sandbox=\"allow-scripts\" security=\"restricted\" style=\"position: absolute; visibility: hidden;\" title=\"\u201dFettisdagen\u201d &ndash; Nordiska museet\" src=\"https:\/\/www.nordiskamuseet.se\/utforska\/hogtider\/fettisdagen\/embed\/#?secret=1iK6WVzQft#?secret=HQ2lVluMZM\" data-secret=\"HQ2lVluMZM\" width=\"600\" height=\"338\" frameborder=\"0\" marginwidth=\"0\" marginheight=\"0\" scrolling=\"no\"><\/iframe><\/p>\n<p>&nbsp;<\/p>\n<p>&nbsp;<\/p>\n<p>Kursen startar den 27\/2 kl. 19.30<\/p>\n<div><a class=\"ms-outlook-linkify\" href=\"https:\/\/folkuniversitetet-se.zoom.us\/j\/67803925962?pwd=5wznu6HFEbLM2Fawd9W2bYd63FpQ3r.1\" target=\"_blank\" rel=\"noopener\">https:\/\/folkuniversitetet-se.zoom.us\/j\/67803925962?pwd=5wznu6HFEbLM2Fawd9W2bYd63FpQ3r.1<\/a><\/div>\n<div><\/div>\n<div>ID : 678 0392 5962<\/div>\n<div>L\u00f6senord : \u00a0239376<\/div>\n<div><\/div>\n<div><\/div>\n<p>&nbsp;<\/p>\n","protected":false},"excerpt":{"rendered":"<p>Lektion 15:\u00a0 \u00d6vningsboken: Resterande i kapitel 15 Textboken: Resterande i kapitel 15 Vill ni g\u00f6ra Framstegstest 5? Lektion 14:\u00a0 Textboken s.208-210 \u00d6vningsboken s. 155 + 158:11 &nbsp; Lektion 13:\u00a0 Mitt wifi dog pl\u00f6tsligt kl. 21.02,\u00a0 men GLAD P\u00c5SK! Textboken sid. 206-207 + 216 \u00d6vningsboken s.152-154 Lektion 12:\u00a0 Textboken s. 204 \u00d6vningsboken s. 151 Lektion 11:\u00a0 [&hellip;]<\/p>\n","protected":false},"author":919,"featured_media":0,"parent":0,"menu_order":0,"comment_status":"closed","ping_status":"closed","template":"","meta":{"footnotes":""},"class_list":["post-610","page","type-page","status-publish","hentry","post-preview"],"_links":{"self":[{"href":"https:\/\/blogg.folkuniversitetet.nu\/winaas\/wp-json\/wp\/v2\/pages\/610","targetHints":{"allow":["GET"]}}],"collection":[{"href":"https:\/\/blogg.folkuniversitetet.nu\/winaas\/wp-json\/wp\/v2\/pages"}],"about":[{"href":"https:\/\/blogg.folkuniversitetet.nu\/winaas\/wp-json\/wp\/v2\/types\/page"}],"author":[{"embeddable":true,"href":"https:\/\/blogg.folkuniversitetet.nu\/winaas\/wp-json\/wp\/v2\/users\/919"}],"replies":[{"embeddable":true,"href":"https:\/\/blogg.folkuniversitetet.nu\/winaas\/wp-json\/wp\/v2\/comments?post=610"}],"version-history":[{"count":22,"href":"https:\/\/blogg.folkuniversitetet.nu\/winaas\/wp-json\/wp\/v2\/pages\/610\/revisions"}],"predecessor-version":[{"id":644,"href":"https:\/\/blogg.folkuniversitetet.nu\/winaas\/wp-json\/wp\/v2\/pages\/610\/revisions\/644"}],"wp:attachment":[{"href":"https:\/\/blogg.folkuniversitetet.nu\/winaas\/wp-json\/wp\/v2\/media?parent=610"}],"curies":[{"name":"wp","href":"https:\/\/api.w.org\/{rel}","templated":true}]}}