{"id":540,"date":"2024-10-03T14:40:57","date_gmt":"2024-10-03T13:40:57","guid":{"rendered":"https:\/\/blogg.folkuniversitetet.nu\/winaas\/?page_id=540"},"modified":"2024-11-26T21:24:45","modified_gmt":"2024-11-26T20:24:45","slug":"115930-b1-del-1-start-8-10","status":"publish","type":"page","link":"https:\/\/blogg.folkuniversitetet.nu\/winaas\/115930-b1-del-1-start-8-10\/","title":{"rendered":"115930 B1+ del 1 Start 8\/10"},"content":{"rendered":"<p>Tack f\u00f6r den h\u00e4r kursen!<\/p>\n<p>L\u00e4nk f\u00f6r dig som vill anm\u00e4la dig till n\u00e4sta kurs:<\/p>\n<p>https:\/\/www.folkuniversitetet.se\/kurser-utbildningar\/sprak\/svenskaswedish\/svenska-b1\/svenska-b1-tva-tre-dagar-i-veckan\/distans\/48784\/<\/p>\n<p>OBS! Kursen har jullov: ledighet mellan 19\/12 och 7\/1!<\/p>\n<p><img decoding=\"async\" src=\"https:\/\/encrypted-tbn0.gstatic.com\/images?q=tbn:ANd9GcTHg21bH0n-xrRzIyL81Hdn3_yCm6lJouEhjA&amp;s\" alt=\"The Swedish Tomte \u2013 Swedish Press\" \/><\/p>\n<p><strong>Lektion 15:<\/strong><\/p>\n<p>Textboken s. 125-128<\/p>\n<p>\u00d6vningsboken s.91-92<\/p>\n<p><iframe loading=\"lazy\" title=\"M\u00e5, l\u00e4r, tycks (ovanliga hj\u00e4lpverb, information och \u00f6vning) SFI\" width=\"676\" height=\"380\" src=\"https:\/\/www.youtube.com\/embed\/Y_FHQRLQqkA?feature=oembed\" frameborder=\"0\" allow=\"accelerometer; autoplay; clipboard-write; encrypted-media; gyroscope; picture-in-picture; web-share\" referrerpolicy=\"strict-origin-when-cross-origin\" allowfullscreen><\/iframe><\/p>\n<p><strong>Lektion 14:\u00a0<\/strong><\/p>\n<p>Textboken s. 124 + fr\u00e5gorna sid. 125<\/p>\n<p>Textboken s.127<\/p>\n<p>L\u00e4xa: s. 126: G F\u00f6rbered tre korta (v\u00e4ldigt korta) historier om dig. (2 sanna och en l\u00f6gn)<\/p>\n<p><iframe loading=\"lazy\" title=\"SUPERLATIV i BEST\u00c4MD FORM\" width=\"676\" height=\"380\" src=\"https:\/\/www.youtube.com\/embed\/PCc5Q1nCYMI?feature=oembed\" frameborder=\"0\" allow=\"accelerometer; autoplay; clipboard-write; encrypted-media; gyroscope; picture-in-picture; web-share\" referrerpolicy=\"strict-origin-when-cross-origin\" allowfullscreen><\/iframe><\/p>\n<p><strong>Lektion 13:<\/strong><\/p>\n<p>Textboken s.120: Kaninen<\/p>\n<p>s. 122-123<\/p>\n<p><iframe loading=\"lazy\" title=\"F\u00f6rst\u00e5 n\u00e4r svenskar pratar: REDUKTIONER\" width=\"676\" height=\"380\" src=\"https:\/\/www.youtube.com\/embed\/smwDyV-hU7M?feature=oembed\" frameborder=\"0\" allow=\"accelerometer; autoplay; clipboard-write; encrypted-media; gyroscope; picture-in-picture; web-share\" referrerpolicy=\"strict-origin-when-cross-origin\" allowfullscreen><\/iframe><\/p>\n<p>Gl\u00f6m inte att \u00f6va p\u00e5 https:\/\/digi.nokportalen.se\/products\/EXTRA-1914<\/p>\n<p><strong>Lektion 12:\u00a0<\/strong><\/p>\n<p>Textboken s. 10 -11 (till J, men inte J) + s. 121:K+L<\/p>\n<p>\u00d6vningsboken s.88-90<\/p>\n<p>Mer om tycker \/ t\u00e4nker \/ tror:<\/p>\n<p>&nbsp;<\/p>\n<p><iframe loading=\"lazy\" title=\"Tycker, t\u00e4nker, tror - sfi\" width=\"676\" height=\"380\" src=\"https:\/\/www.youtube.com\/embed\/Z_pEgCk9IZQ?feature=oembed\" frameborder=\"0\" allow=\"accelerometer; autoplay; clipboard-write; encrypted-media; gyroscope; picture-in-picture; web-share\" referrerpolicy=\"strict-origin-when-cross-origin\" allowfullscreen><\/iframe><\/p>\n<p>L\u00e4s om skr\u00f6nor \/ rykten 7 &#8221;klintbergare&#8221;<\/p>\n<p>https:\/\/www.svt.se\/nyheter\/lokalt\/ost\/forskaren-bengt-af-klintberg-sa-skapades-myten-om-vita-skapbilar<\/p>\n<p>L\u00e4s om svenska s\u00e4gner:<\/p>\n<p>https:\/\/sagenresan.sagobygden.se\/<\/p>\n<p><strong>Lektion 11:\u00a0<\/strong><\/p>\n<p>\u00d6vningsboken s.86<\/p>\n<p>Textboken s.116-118H<\/p>\n<p><iframe loading=\"lazy\" title=\"Test p\u00e5 prepositioner\" width=\"676\" height=\"380\" src=\"https:\/\/www.youtube.com\/embed\/ySL5VeeaRQQ?feature=oembed\" frameborder=\"0\" allow=\"accelerometer; autoplay; clipboard-write; encrypted-media; gyroscope; picture-in-picture; web-share\" referrerpolicy=\"strict-origin-when-cross-origin\" allowfullscreen><\/iframe><\/p>\n<p>&nbsp;<\/p>\n<p><iframe loading=\"lazy\" title=\"TYCKER T\u00c4NKER TROR\" width=\"676\" height=\"380\" src=\"https:\/\/www.youtube.com\/embed\/eKZ7oGXrbeg?feature=oembed\" frameborder=\"0\" allow=\"accelerometer; autoplay; clipboard-write; encrypted-media; gyroscope; picture-in-picture; web-share\" referrerpolicy=\"strict-origin-when-cross-origin\" allowfullscreen><\/iframe><\/p>\n<p>&nbsp;<\/p>\n<p><strong>Lektion 10:\u00a0<\/strong><\/p>\n<p>Textboken s. 108: om Ulrika Eleonora + s-112-113<\/p>\n<p>\u00d6vningsboken: s.85<\/p>\n<p>&nbsp;<\/p>\n<p><img loading=\"lazy\" decoding=\"async\" class=\"\" src=\"https:\/\/preview.redd.it\/drunkeness-described-in-language-v0-zvjd8uexvdka1.png?auto=webp&amp;s=cd60c2498747ee85d588cb2e290c63851dcaa62b\" alt=\"Drunkeness described in language : r\/sweden\" width=\"410\" height=\"488\" \/><\/p>\n<p><strong>Lektion 9:\u00a0<\/strong><\/p>\n<p>\u00d6vningsboken s.80 &amp; 82-84<\/p>\n<p>Textboken s.114<\/p>\n<p>&nbsp;<\/p>\n<p><iframe loading=\"lazy\" title=\"TIDSUTTRYCK\" width=\"676\" height=\"380\" src=\"https:\/\/www.youtube.com\/embed\/cBDlQeIHYag?feature=oembed\" frameborder=\"0\" allow=\"accelerometer; autoplay; clipboard-write; encrypted-media; gyroscope; picture-in-picture; web-share\" referrerpolicy=\"strict-origin-when-cross-origin\" allowfullscreen><\/iframe><\/p>\n<p><strong>Lektion 8:\u00a0<\/strong><\/p>\n<p>Textboken s.106-107\u00a0 + 110 G &amp; 111 H &#8211; K<\/p>\n<p><iframe loading=\"lazy\" title=\"N\u00e4r, medan, innan (bisatsinledare)\" width=\"676\" height=\"380\" src=\"https:\/\/www.youtube.com\/embed\/lVcjiPuegIU?feature=oembed\" frameborder=\"0\" allow=\"accelerometer; autoplay; clipboard-write; encrypted-media; gyroscope; picture-in-picture; web-share\" referrerpolicy=\"strict-origin-when-cross-origin\" allowfullscreen><\/iframe><\/p>\n<p><strong>Lektion 7:\u00a0<\/strong><\/p>\n<p>Textboken s. 103-105<\/p>\n<p>\u00d6vningsboken s. 77-78A<\/p>\n<p>&nbsp;<\/p>\n<p><iframe loading=\"lazy\" title=\"Tempus: D\u00e5-systemet och nu-systemet\" width=\"676\" height=\"380\" src=\"https:\/\/www.youtube.com\/embed\/VnOcEE7H1-s?feature=oembed\" frameborder=\"0\" allow=\"accelerometer; autoplay; clipboard-write; encrypted-media; gyroscope; picture-in-picture; web-share\" referrerpolicy=\"strict-origin-when-cross-origin\" allowfullscreen><\/iframe><\/p>\n<p><iframe loading=\"lazy\" title=\"Preteritum, pluskvamperfekt, futurum preteriti (text)\" width=\"676\" height=\"380\" src=\"https:\/\/www.youtube.com\/embed\/vg2D4etgni4?feature=oembed\" frameborder=\"0\" allow=\"accelerometer; autoplay; clipboard-write; encrypted-media; gyroscope; picture-in-picture; web-share\" referrerpolicy=\"strict-origin-when-cross-origin\" allowfullscreen><\/iframe><\/p>\n<p><strong>Lektion 6:\u00a0<\/strong><\/p>\n<p>\u00d6vningsboken s. 81<\/p>\n<p>Textboken s.101-102<\/p>\n<p>(Hittade bara del 2 av Tillsammans)<\/p>\n<p><iframe loading=\"lazy\" title=\"TILLSAMMANS 99 - Officiell Trailer - Biopremi\u00e4r 13 oktober.\" width=\"676\" height=\"380\" src=\"https:\/\/www.youtube.com\/embed\/oEuHwpXysS4?feature=oembed\" frameborder=\"0\" allow=\"accelerometer; autoplay; clipboard-write; encrypted-media; gyroscope; picture-in-picture; web-share\" referrerpolicy=\"strict-origin-when-cross-origin\" allowfullscreen><\/iframe><\/p>\n<p><iframe loading=\"lazy\" title=\"Liten, mindre, minst (adjektiv och komparation, alla grupper) SFI\" width=\"676\" height=\"380\" src=\"https:\/\/www.youtube.com\/embed\/HW_zb9N-cVk?feature=oembed\" frameborder=\"0\" allow=\"accelerometer; autoplay; clipboard-write; encrypted-media; gyroscope; picture-in-picture; web-share\" referrerpolicy=\"strict-origin-when-cross-origin\" allowfullscreen><\/iframe><\/p>\n<p><iframe loading=\"lazy\" title=\"Mer, mera och fler, flera (vad \u00e4r skillnaden?) SFI\" width=\"676\" height=\"380\" src=\"https:\/\/www.youtube.com\/embed\/1e6CLT0Oo-M?feature=oembed\" frameborder=\"0\" allow=\"accelerometer; autoplay; clipboard-write; encrypted-media; gyroscope; picture-in-picture; web-share\" referrerpolicy=\"strict-origin-when-cross-origin\" allowfullscreen><\/iframe><\/p>\n<p><strong>Lektion 5:\u00a0<\/strong><\/p>\n<p>Textboken s. 93 (Marstrand) &amp; 94 (K\u00e4ring\u00f6n)<\/p>\n<p>\u00d6vningsboken s.70 + 72-74<\/p>\n<p><iframe loading=\"lazy\" title=\"Verbet K\u00e4nner\" width=\"676\" height=\"380\" src=\"https:\/\/www.youtube.com\/embed\/0tm86n0b4yA?feature=oembed\" frameborder=\"0\" allow=\"accelerometer; autoplay; clipboard-write; encrypted-media; gyroscope; picture-in-picture; web-share\" referrerpolicy=\"strict-origin-when-cross-origin\" allowfullscreen><\/iframe><\/p>\n<p><strong>Lektion 4:\u00a0<\/strong><\/p>\n<p>Textboken s. 93: Om Bohusl\u00e4n + sid 97 &#8211; 99<\/p>\n<p>\u00d6vningsboken s.71<\/p>\n<p>L\u00e4xa: Hitta information och kunna ber\u00e4tta om ett svenskt landskap<\/p>\n<p><iframe loading=\"lazy\" title=\"Partiklar och prepositioner\" width=\"676\" height=\"507\" src=\"https:\/\/www.youtube.com\/embed\/CGC27TGIHzc?feature=oembed\" frameborder=\"0\" allow=\"accelerometer; autoplay; clipboard-write; encrypted-media; gyroscope; picture-in-picture; web-share\" referrerpolicy=\"strict-origin-when-cross-origin\" allowfullscreen><\/iframe><\/p>\n<p>&nbsp;<\/p>\n<p><iframe loading=\"lazy\" title=\"Sverige och dess landskap\" width=\"676\" height=\"507\" src=\"https:\/\/www.youtube.com\/embed\/miFEFL1C2KU?feature=oembed\" frameborder=\"0\" allow=\"accelerometer; autoplay; clipboard-write; encrypted-media; gyroscope; picture-in-picture; web-share\" referrerpolicy=\"strict-origin-when-cross-origin\" allowfullscreen><\/iframe><\/p>\n<p><strong>Lektion 3:<\/strong><\/p>\n<p>Textboken s.92 &amp; 96:4 + Pitepalt s.97<\/p>\n<p>\u00d6vningsboken s. 68-69<\/p>\n<p><iframe loading=\"lazy\" title=\"Perfekt particip predikativt\" width=\"676\" height=\"380\" src=\"https:\/\/www.youtube.com\/embed\/j39Rx8oy2QQ?feature=oembed\" frameborder=\"0\" allow=\"accelerometer; autoplay; clipboard-write; encrypted-media; gyroscope; picture-in-picture; web-share\" referrerpolicy=\"strict-origin-when-cross-origin\" allowfullscreen><\/iframe><\/p>\n<p>&nbsp;<\/p>\n<p><iframe loading=\"lazy\" title=\"BLIR eller \u00c4R + Perfekt Particip\" width=\"676\" height=\"380\" src=\"https:\/\/www.youtube.com\/embed\/sPUiAiqxuII?feature=oembed\" frameborder=\"0\" allow=\"accelerometer; autoplay; clipboard-write; encrypted-media; gyroscope; picture-in-picture; web-share\" referrerpolicy=\"strict-origin-when-cross-origin\" allowfullscreen><\/iframe><\/p>\n<p><strong>Lektion 2:\u00a0<\/strong><\/p>\n<p>Textboken s. 89-91<\/p>\n<p>\u00d6vningsboken s. 66-67<\/p>\n<p>Till p\u00e5 tisdag f\u00e5r ni g\u00e4rna f\u00f6rbered er f\u00f6r att prata om en film (som) ni har sett och kan rekommendera<\/p>\n<p><iframe loading=\"lazy\" title=\"RELATIVA PRONOMEN B1-NIV\u00c5\" width=\"676\" height=\"380\" src=\"https:\/\/www.youtube.com\/embed\/3xm0XYZ164E?feature=oembed\" frameborder=\"0\" allow=\"accelerometer; autoplay; clipboard-write; encrypted-media; gyroscope; picture-in-picture; web-share\" referrerpolicy=\"strict-origin-when-cross-origin\" allowfullscreen><\/iframe><\/p>\n<div><\/div>\n<div><strong>Lektion 1:\u00a0<\/strong><\/div>\n<p>Textboken s.86-88<\/p>\n<p>L\u00e4xa: Skriv en text om ditt smultronst\u00e4lle och \/ eller f\u00f6rbered dig f\u00f6r att ber\u00e4tta mer om platsen (Se fr\u00e5gorna p\u00e5 sid 88:F)<\/p>\n<p><iframe loading=\"lazy\" title=\"Gubben Noak (med text) 5 verser!\" width=\"676\" height=\"380\" src=\"https:\/\/www.youtube.com\/embed\/KILWnVfobFI?feature=oembed\" frameborder=\"0\" allow=\"accelerometer; autoplay; clipboard-write; encrypted-media; gyroscope; picture-in-picture; web-share\" referrerpolicy=\"strict-origin-when-cross-origin\" allowfullscreen><\/iframe><\/p>\n<div><\/div>\n<div>En till s\u00e5ng av Ulf Lundell?<\/div>\n<div><\/div>\n<div>\n<p><iframe loading=\"lazy\" title=\"Ulf Lundell Rom i regnet lyrics\" width=\"676\" height=\"507\" src=\"https:\/\/www.youtube.com\/embed\/MxAbUJpYH7g?feature=oembed\" frameborder=\"0\" allow=\"accelerometer; autoplay; clipboard-write; encrypted-media; gyroscope; picture-in-picture; web-share\" referrerpolicy=\"strict-origin-when-cross-origin\" allowfullscreen><\/iframe><\/p>\n<p>&nbsp;<\/p>\n<\/div>\n<div><\/div>\n<div>Kursstart 8\/10<\/div>\n<div><a id=\"LPlnkOWAd1f91e9b-9023-80e2-3c07-b54a2887470e\" class=\"OWAAutoLink\" href=\"https:\/\/folkuniversitetet-se.zoom.us\/j\/67803925962?pwd=5wznu6HFEbLM2Fawd9W2bYd63FpQ3r.1\" target=\"_blank\" rel=\"noopener\" data-v-4bd36594=\"\">https:\/\/folkuniversitetet-se.zoom.us\/j\/67803925962?pwd=5wznu6HFEbLM2Fawd9W2bYd63FpQ3r.1\u00a0<\/a><\/div>\n<div><\/div>\n<div>\n<div>\n<div>ID : 678 0392 5962<\/div>\n<\/div>\n<div>L\u00f6senord :\u00a0 239376<\/div>\n<\/div>\n","protected":false},"excerpt":{"rendered":"<p>Tack f\u00f6r den h\u00e4r kursen! L\u00e4nk f\u00f6r dig som vill anm\u00e4la dig till n\u00e4sta kurs: https:\/\/www.folkuniversitetet.se\/kurser-utbildningar\/sprak\/svenskaswedish\/svenska-b1\/svenska-b1-tva-tre-dagar-i-veckan\/distans\/48784\/ OBS! Kursen har jullov: ledighet mellan 19\/12 och 7\/1! Lektion 15: Textboken s. 125-128 \u00d6vningsboken s.91-92 Lektion 14:\u00a0 Textboken s. 124 + fr\u00e5gorna sid. 125 Textboken s.127 L\u00e4xa: s. 126: G F\u00f6rbered tre korta (v\u00e4ldigt korta) historier om dig. [&hellip;]<\/p>\n","protected":false},"author":919,"featured_media":0,"parent":0,"menu_order":0,"comment_status":"closed","ping_status":"closed","template":"","meta":{"footnotes":""},"class_list":["post-540","page","type-page","status-publish","hentry","post-preview"],"_links":{"self":[{"href":"https:\/\/blogg.folkuniversitetet.nu\/winaas\/wp-json\/wp\/v2\/pages\/540","targetHints":{"allow":["GET"]}}],"collection":[{"href":"https:\/\/blogg.folkuniversitetet.nu\/winaas\/wp-json\/wp\/v2\/pages"}],"about":[{"href":"https:\/\/blogg.folkuniversitetet.nu\/winaas\/wp-json\/wp\/v2\/types\/page"}],"author":[{"embeddable":true,"href":"https:\/\/blogg.folkuniversitetet.nu\/winaas\/wp-json\/wp\/v2\/users\/919"}],"replies":[{"embeddable":true,"href":"https:\/\/blogg.folkuniversitetet.nu\/winaas\/wp-json\/wp\/v2\/comments?post=540"}],"version-history":[{"count":26,"href":"https:\/\/blogg.folkuniversitetet.nu\/winaas\/wp-json\/wp\/v2\/pages\/540\/revisions"}],"predecessor-version":[{"id":579,"href":"https:\/\/blogg.folkuniversitetet.nu\/winaas\/wp-json\/wp\/v2\/pages\/540\/revisions\/579"}],"wp:attachment":[{"href":"https:\/\/blogg.folkuniversitetet.nu\/winaas\/wp-json\/wp\/v2\/media?parent=540"}],"curies":[{"name":"wp","href":"https:\/\/api.w.org\/{rel}","templated":true}]}}