{"id":506,"date":"2024-09-10T20:20:13","date_gmt":"2024-09-10T19:20:13","guid":{"rendered":"https:\/\/blogg.folkuniversitetet.nu\/winaas\/?page_id=506"},"modified":"2024-10-14T14:36:02","modified_gmt":"2024-10-14T13:36:02","slug":"116045-b1del-2","status":"publish","type":"page","link":"https:\/\/blogg.folkuniversitetet.nu\/winaas\/116045-b1del-2\/","title":{"rendered":"B1+del 2 116045"},"content":{"rendered":"<p>https:\/\/www.folkuniversitetet.se\/kurser-utbildningar\/sprak\/svenskaswedish\/svenska-b2\/svenska-b2-tva-tre-dagar-i-veckan\/distans\/40021\/<\/p>\n<p><strong>Lektion 15:<\/strong><\/p>\n<p>Textboken s.166-168<\/p>\n<p>\u00d6vningsboken s. 127<\/p>\n<p>\u00d6va p\u00e5 nok.se och g\u00f6r framstegstest nr 4!<\/p>\n<p><iframe loading=\"lazy\" title=\"Prepositioner och k\u00e4nslor - sfi\" width=\"676\" height=\"507\" src=\"https:\/\/www.youtube.com\/embed\/RuT5stVnV0A?feature=oembed\" frameborder=\"0\" allow=\"accelerometer; autoplay; clipboard-write; encrypted-media; gyroscope; picture-in-picture; web-share\" referrerpolicy=\"strict-origin-when-cross-origin\" allowfullscreen><\/iframe><\/p>\n<p><strong>Lektion 14:\u00a0<\/strong><\/p>\n<p>Textboken s. 165<\/p>\n<p>\u00d6vningsboken, s.122-126<\/p>\n<p>&nbsp;<\/p>\n<p><iframe loading=\"lazy\" title=\"Hur som helst, vad som helst, n\u00e4r som helst (vad betyder det?) SFI\" width=\"676\" height=\"380\" src=\"https:\/\/www.youtube.com\/embed\/RJfVKsfydus?feature=oembed\" frameborder=\"0\" allow=\"accelerometer; autoplay; clipboard-write; encrypted-media; gyroscope; picture-in-picture; web-share\" referrerpolicy=\"strict-origin-when-cross-origin\" allowfullscreen><\/iframe><\/p>\n<p><strong>Lektion 13:\u00a0<\/strong><\/p>\n<p>Textboken s.162-164<\/p>\n<p><iframe loading=\"lazy\" title=\"Lik, likadan, liknande, samma, liknar, annorlunda\" width=\"676\" height=\"507\" src=\"https:\/\/www.youtube.com\/embed\/VngY-yZY9Iw?feature=oembed\" frameborder=\"0\" allow=\"accelerometer; autoplay; clipboard-write; encrypted-media; gyroscope; picture-in-picture; web-share\" referrerpolicy=\"strict-origin-when-cross-origin\" allowfullscreen><\/iframe><\/p>\n<p><strong>Lektion 12:\u00a0<\/strong><\/p>\n<p>Textboken s.161-162<\/p>\n<p>\u00d6vningsboken: s-120-122:2<\/p>\n<p>L\u00e4xa: 162: E<\/p>\n<p><iframe loading=\"lazy\" title=\"Sambandsord tid med exempeltexter - KRONOLOGISK ORDNING\" width=\"676\" height=\"380\" src=\"https:\/\/www.youtube.com\/embed\/1-Vk1mC_gKY?feature=oembed\" frameborder=\"0\" allow=\"accelerometer; autoplay; clipboard-write; encrypted-media; gyroscope; picture-in-picture; web-share\" referrerpolicy=\"strict-origin-when-cross-origin\" allowfullscreen><\/iframe><\/p>\n<p><strong>Lektion 11:\u00a0<\/strong><\/p>\n<p>Textboken s.158-160<\/p>\n<p>\u00d6vningsboken s. 115<\/p>\n<p>L\u00e4xa: Repetera: \u00d6vningsboken s.118-119<\/p>\n<p><iframe loading=\"lazy\" title=\"Bisats med d\u00e5tid i framtid (verb, futuralt perfekt) SFI\" width=\"676\" height=\"380\" src=\"https:\/\/www.youtube.com\/embed\/vrlX-zC7W8U?feature=oembed\" frameborder=\"0\" allow=\"accelerometer; autoplay; clipboard-write; encrypted-media; gyroscope; picture-in-picture; web-share\" referrerpolicy=\"strict-origin-when-cross-origin\" allowfullscreen><\/iframe><\/p>\n<p><iframe loading=\"lazy\" title=\"JU - V\u00c4L - NOG - VIKTIGA SATSADVERB\" width=\"676\" height=\"380\" src=\"https:\/\/www.youtube.com\/embed\/JxumLNv6WP8?feature=oembed\" frameborder=\"0\" allow=\"accelerometer; autoplay; clipboard-write; encrypted-media; gyroscope; picture-in-picture; web-share\" referrerpolicy=\"strict-origin-when-cross-origin\" allowfullscreen><\/iframe><\/p>\n<p><strong>Lektion 10:\u00a0<\/strong><\/p>\n<p>Textboken s. 154-157<\/p>\n<p>\u00d6vningsboken s.117<\/p>\n<p><iframe loading=\"lazy\" title=\"Konditionalis 1 och 2 i svenska spr\u00e5ket\" width=\"676\" height=\"380\" src=\"https:\/\/www.youtube.com\/embed\/5cRwXH3pxG8?feature=oembed\" frameborder=\"0\" allow=\"accelerometer; autoplay; clipboard-write; encrypted-media; gyroscope; picture-in-picture; web-share\" referrerpolicy=\"strict-origin-when-cross-origin\" allowfullscreen><\/iframe><\/p>\n<p><iframe loading=\"lazy\" title=\"Uttal G, K och SK\" width=\"676\" height=\"380\" src=\"https:\/\/www.youtube.com\/embed\/79CHRrro3Jw?feature=oembed\" frameborder=\"0\" allow=\"accelerometer; autoplay; clipboard-write; encrypted-media; gyroscope; picture-in-picture; web-share\" referrerpolicy=\"strict-origin-when-cross-origin\" allowfullscreen><\/iframe><\/p>\n<p><iframe loading=\"lazy\" title=\"Bindeord, konnektorer, sambandsord\" width=\"676\" height=\"380\" src=\"https:\/\/www.youtube.com\/embed\/Hg13Clj5r0M?feature=oembed\" frameborder=\"0\" allow=\"accelerometer; autoplay; clipboard-write; encrypted-media; gyroscope; picture-in-picture; web-share\" referrerpolicy=\"strict-origin-when-cross-origin\" allowfullscreen><\/iframe><\/p>\n<p><iframe loading=\"lazy\" title=\"Sambandsord tid med exempeltexter - KRONOLOGISK ORDNING\" width=\"676\" height=\"380\" src=\"https:\/\/www.youtube.com\/embed\/1-Vk1mC_gKY?feature=oembed\" frameborder=\"0\" allow=\"accelerometer; autoplay; clipboard-write; encrypted-media; gyroscope; picture-in-picture; web-share\" referrerpolicy=\"strict-origin-when-cross-origin\" allowfullscreen><\/iframe><\/p>\n<p><strong>Lektion 9:<\/strong><\/p>\n<p>Textboken s.152-153<\/p>\n<p>\u00d6vningsboken s.113-114<\/p>\n<p>(L\u00e4xa: Ber\u00e4tta om nyhet)<\/p>\n<p><iframe loading=\"lazy\" title=\"Verb med -s (passiv, reciproka, deponens) SFI\" width=\"676\" height=\"380\" src=\"https:\/\/www.youtube.com\/embed\/wEyWH3f9Ewg?feature=oembed\" frameborder=\"0\" allow=\"accelerometer; autoplay; clipboard-write; encrypted-media; gyroscope; picture-in-picture; web-share\" referrerpolicy=\"strict-origin-when-cross-origin\" allowfullscreen><\/iframe><\/p>\n<p><strong>Lektion 8:<\/strong><\/p>\n<p>Textboken s.150-152:H<\/p>\n<p>\u00d6vningsboken s.112<\/p>\n<p>&nbsp;<\/p>\n<p><iframe loading=\"lazy\" title=\"BLIR eller \u00c4R + Perfekt Particip\" width=\"676\" height=\"380\" src=\"https:\/\/www.youtube.com\/embed\/sPUiAiqxuII?feature=oembed\" frameborder=\"0\" allow=\"accelerometer; autoplay; clipboard-write; encrypted-media; gyroscope; picture-in-picture; web-share\" referrerpolicy=\"strict-origin-when-cross-origin\" allowfullscreen><\/iframe><\/p>\n<p><strong>Lektion 7:\u00a0<\/strong><\/p>\n<p>Textboken s. 147-149<\/p>\n<p>\u00d6vningsboken 110-111<\/p>\n<p>&nbsp;<\/p>\n<p><iframe loading=\"lazy\" title=\"Pronomen \u201dman\u201d\" width=\"676\" height=\"380\" src=\"https:\/\/www.youtube.com\/embed\/6c9WC8ErNcY?feature=oembed\" frameborder=\"0\" allow=\"accelerometer; autoplay; clipboard-write; encrypted-media; gyroscope; picture-in-picture; web-share\" referrerpolicy=\"strict-origin-when-cross-origin\" allowfullscreen><\/iframe><\/p>\n<p>&nbsp;<\/p>\n<p><iframe loading=\"lazy\" title=\"man en ens sin sitt sina\" width=\"676\" height=\"380\" src=\"https:\/\/www.youtube.com\/embed\/MLX7LeXnqyc?feature=oembed\" frameborder=\"0\" allow=\"accelerometer; autoplay; clipboard-write; encrypted-media; gyroscope; picture-in-picture; web-share\" referrerpolicy=\"strict-origin-when-cross-origin\" allowfullscreen><\/iframe><\/p>\n<p><strong>Lektion 6:<\/strong><\/p>\n<p>Textboken s. 144-147:H<\/p>\n<p><strong>Lektion 5:\u00a0<\/strong><\/p>\n<p>Textboken s.143<\/p>\n<p>\u00d6vningsboken s. 105 + 107<\/p>\n<p>L\u00e4xa 1: s. 106 i \u00f6vningsboken och Repetera p\u00e5 sid. 107-109<\/p>\n<p>L\u00e4xa 2: Skriv g\u00e4rna en text om en resa om ni vill, och\/ eller f\u00f6rbered f\u00f6r att ber\u00e4tta om ett d\u00e5ligt eller ett bra semesterminne!<\/p>\n<p><iframe loading=\"lazy\" title=\"Att skriva BER\u00c4TTANDE text\" width=\"676\" height=\"507\" src=\"https:\/\/www.youtube.com\/embed\/Un1zicpjrqw?feature=oembed\" frameborder=\"0\" allow=\"accelerometer; autoplay; clipboard-write; encrypted-media; gyroscope; picture-in-picture; web-share\" referrerpolicy=\"strict-origin-when-cross-origin\" allowfullscreen><\/iframe><\/p>\n<p>&nbsp;<\/p>\n<p><strong>Lektion 4:<\/strong><\/p>\n<p>Textboken s.141-142<\/p>\n<p>\u00d6vningsboken s.102-103<\/p>\n<p><iframe loading=\"lazy\" title=\"Substantiv i best\u00e4md och obest\u00e4md form - lite sv\u00e5rare \ud83e\udd13\" width=\"676\" height=\"380\" src=\"https:\/\/www.youtube.com\/embed\/POF2--_kPA8?feature=oembed\" frameborder=\"0\" allow=\"accelerometer; autoplay; clipboard-write; encrypted-media; gyroscope; picture-in-picture; web-share\" referrerpolicy=\"strict-origin-when-cross-origin\" allowfullscreen><\/iframe><\/p>\n<p><strong>Lektion 3:<\/strong><\/p>\n<p>Textboken s.137-140E<\/p>\n<p>\u00d6vningsboken s.100-101<\/p>\n<p><iframe loading=\"lazy\" title=\"Aktiva och passiva satser, agent i passiva satser\" width=\"676\" height=\"380\" src=\"https:\/\/www.youtube.com\/embed\/Kz_maussf_4?feature=oembed\" frameborder=\"0\" allow=\"accelerometer; autoplay; clipboard-write; encrypted-media; gyroscope; picture-in-picture; web-share\" referrerpolicy=\"strict-origin-when-cross-origin\" allowfullscreen><\/iframe><\/p>\n<p><strong>Lektion 2:\u00a0<\/strong><\/p>\n<p>Textboken s. 134-137P<\/p>\n<p>\u00d6vningsboken s.98-99<\/p>\n<p>L\u00e4xa: S\u00f6k information om n\u00e5gon svensk deckarf\u00f6rfattare \/ deckarserie eller liknande. (N\u00e5gon fr\u00e5n texten till exempel) Ber\u00e4tta lite p\u00e5 m\u00e5ndag!<\/p>\n<p>Nya ord: tre nya ord du hittade n\u00e4r du s\u00f6kte \/ l\u00e4ste om detta!<\/p>\n<p><iframe loading=\"lazy\" title=\"Passiv form  (del 1)\" width=\"676\" height=\"507\" src=\"https:\/\/www.youtube.com\/embed\/h87MrheP4gI?feature=oembed\" frameborder=\"0\" allow=\"accelerometer; autoplay; clipboard-write; encrypted-media; gyroscope; picture-in-picture; web-share\" referrerpolicy=\"strict-origin-when-cross-origin\" allowfullscreen><\/iframe><\/p>\n<p><strong>Lektion 1:<\/strong><\/p>\n<p>Textboken s.131-134\u00a0 (till nr 4 i texten)<\/p>\n<p>&nbsp;<\/p>\n<p>======================================<\/p>\n<p>L\u00e4nk till Zoom och l\u00f6senord:<\/p>\n<p><strong>https:\/\/folkuniversitetet-se.zoom.us\/j\/63277291414?pwd=GxcmOKpYoLxHAD1LJ6epONl9qipyy0.1<\/strong><\/p>\n<p><strong>L\u00f6senord: 891501<\/strong><\/p>\n","protected":false},"excerpt":{"rendered":"<p>https:\/\/www.folkuniversitetet.se\/kurser-utbildningar\/sprak\/svenskaswedish\/svenska-b2\/svenska-b2-tva-tre-dagar-i-veckan\/distans\/40021\/ Lektion 15: Textboken s.166-168 \u00d6vningsboken s. 127 \u00d6va p\u00e5 nok.se och g\u00f6r framstegstest nr 4! Lektion 14:\u00a0 Textboken s. 165 \u00d6vningsboken, s.122-126 &nbsp; Lektion 13:\u00a0 Textboken s.162-164 Lektion 12:\u00a0 Textboken s.161-162 \u00d6vningsboken: s-120-122:2 L\u00e4xa: 162: E Lektion 11:\u00a0 Textboken s.158-160 \u00d6vningsboken s. 115 L\u00e4xa: Repetera: \u00d6vningsboken s.118-119 Lektion 10:\u00a0 Textboken s. 154-157 \u00d6vningsboken s.117 [&hellip;]<\/p>\n","protected":false},"author":919,"featured_media":0,"parent":0,"menu_order":0,"comment_status":"closed","ping_status":"closed","template":"","meta":{"footnotes":""},"class_list":["post-506","page","type-page","status-publish","hentry","post-preview"],"_links":{"self":[{"href":"https:\/\/blogg.folkuniversitetet.nu\/winaas\/wp-json\/wp\/v2\/pages\/506","targetHints":{"allow":["GET"]}}],"collection":[{"href":"https:\/\/blogg.folkuniversitetet.nu\/winaas\/wp-json\/wp\/v2\/pages"}],"about":[{"href":"https:\/\/blogg.folkuniversitetet.nu\/winaas\/wp-json\/wp\/v2\/types\/page"}],"author":[{"embeddable":true,"href":"https:\/\/blogg.folkuniversitetet.nu\/winaas\/wp-json\/wp\/v2\/users\/919"}],"replies":[{"embeddable":true,"href":"https:\/\/blogg.folkuniversitetet.nu\/winaas\/wp-json\/wp\/v2\/comments?post=506"}],"version-history":[{"count":23,"href":"https:\/\/blogg.folkuniversitetet.nu\/winaas\/wp-json\/wp\/v2\/pages\/506\/revisions"}],"predecessor-version":[{"id":560,"href":"https:\/\/blogg.folkuniversitetet.nu\/winaas\/wp-json\/wp\/v2\/pages\/506\/revisions\/560"}],"wp:attachment":[{"href":"https:\/\/blogg.folkuniversitetet.nu\/winaas\/wp-json\/wp\/v2\/media?parent=506"}],"curies":[{"name":"wp","href":"https:\/\/api.w.org\/{rel}","templated":true}]}}