{"id":473,"date":"2024-08-13T16:16:30","date_gmt":"2024-08-13T15:16:30","guid":{"rendered":"https:\/\/blogg.folkuniversitetet.nu\/winaas\/?page_id=473"},"modified":"2024-10-03T20:06:19","modified_gmt":"2024-10-03T19:06:19","slug":"b1-2-115928","status":"publish","type":"page","link":"https:\/\/blogg.folkuniversitetet.nu\/winaas\/b1-2-115928\/","title":{"rendered":"B1.2 115928"},"content":{"rendered":"<p><strong><em>Sista lektionen var torsdag 3\/10. N\u00e4sta kurs b\u00f6rjar p\u00e5 tisdag, den 8\/10.\u00a0<\/em><\/strong><\/p>\n<p><strong><em>Vill du forts\u00e4tta med n\u00e4sta kurs?<\/em><\/strong> https:\/\/www.folkuniversitetet.se\/kurser-utbildningar\/sprak\/svenskaswedish\/svenska-b1\/svenska-b1-tva-tre-dagar-i-veckan\/distans\/39133\/<\/p>\n<p><strong>Lektion 15:\u00a0<\/strong><\/p>\n<p>Textboken s.83-85<\/p>\n<p>\u00d6vningsboken: Repetera. s.64-65<\/p>\n<p>Framstegstest 2 (nok.se, under extramaterial)<\/p>\n<p><iframe loading=\"lazy\" title=\"Hur funkar Sverige\" width=\"676\" height=\"507\" src=\"https:\/\/www.youtube.com\/embed\/TvLVp99vA1A?feature=oembed\" frameborder=\"0\" allow=\"accelerometer; autoplay; clipboard-write; encrypted-media; gyroscope; picture-in-picture; web-share\" referrerpolicy=\"strict-origin-when-cross-origin\" allowfullscreen><\/iframe><\/p>\n<p><strong>Lektion 14:\u00a0<\/strong><\/p>\n<p>\u00d6vningsboken s. 61-63<\/p>\n<p>Texboken s.81-82:G<\/p>\n<p><iframe loading=\"lazy\" title=\"Grammatik: Presens Futurum (framtid)\" width=\"676\" height=\"507\" src=\"https:\/\/www.youtube.com\/embed\/aoVdntQIfpU?feature=oembed\" frameborder=\"0\" allow=\"accelerometer; autoplay; clipboard-write; encrypted-media; gyroscope; picture-in-picture; web-share\" referrerpolicy=\"strict-origin-when-cross-origin\" allowfullscreen><\/iframe><\/p>\n<p><strong>Lektion 13:\u00a0<\/strong><\/p>\n<p>Textboken s.79-80<\/p>\n<p>(b1-b2;)<\/p>\n<p><iframe loading=\"lazy\" title=\"SKA eller KOMMER ATT? Futurum B2-niv\u00e5\" width=\"676\" height=\"380\" src=\"https:\/\/www.youtube.com\/embed\/4mrqd2lNQ28?feature=oembed\" frameborder=\"0\" allow=\"accelerometer; autoplay; clipboard-write; encrypted-media; gyroscope; picture-in-picture; web-share\" referrerpolicy=\"strict-origin-when-cross-origin\" allowfullscreen><\/iframe><\/p>\n<p>L\u00e4xa: G\u00f6r f\u00e4rdigt valkompassen. Ber\u00e4tta g\u00e4rna om du l\u00e4rde dig n\u00e5gra nya bra ord och om du tycker \/ tror att resultatet st\u00e4mmer.<\/p>\n<p>https:\/\/www.aftonbladet.se\/valkompassen<\/p>\n<p><strong>Lektion 12:<\/strong><\/p>\n<p>\u00d6vningsboken s.59-60<\/p>\n<p>Textboken s. 77-78<\/p>\n<blockquote class=\"wp-embedded-content\" data-secret=\"AL0ljIDT4r\"><p><a href=\"https:\/\/vardemokrati.se\/om-demokratistugan\/digitala-ovningar-del-1\/\">Demokratiquiz med enklare fr\u00e5gor<\/a><\/p><\/blockquote>\n<p><iframe loading=\"lazy\" class=\"wp-embedded-content\" sandbox=\"allow-scripts\" security=\"restricted\" style=\"position: absolute; visibility: hidden;\" title=\"&#8221;Demokratiquiz med enklare fr\u00e5gor&#8221; &#8212; V\u00e5r demokrati\" src=\"https:\/\/vardemokrati.se\/om-demokratistugan\/digitala-ovningar-del-1\/embed\/#?secret=AL0ljIDT4r\" data-secret=\"AL0ljIDT4r\" width=\"600\" height=\"338\" frameborder=\"0\" marginwidth=\"0\" marginheight=\"0\" scrolling=\"no\"><\/iframe><\/p>\n<p>&nbsp;<\/p>\n<p><strong>Lektion 11:\u00a0<\/strong><\/p>\n<p>\u00d6vningsboken s.55-56<\/p>\n<p>Textboken s.73-76G<\/p>\n<p>Fundera g\u00e4rna p\u00e5 fr\u00e5gorna i 76G till p\u00e5 tisdag!<\/p>\n<p>&nbsp;<\/p>\n<p><iframe loading=\"lazy\" title=\"KONDITIONALIS 1\" width=\"676\" height=\"380\" src=\"https:\/\/www.youtube.com\/embed\/0jHfT0LBXwU?feature=oembed\" frameborder=\"0\" allow=\"accelerometer; autoplay; clipboard-write; encrypted-media; gyroscope; picture-in-picture; web-share\" referrerpolicy=\"strict-origin-when-cross-origin\" allowfullscreen><\/iframe><\/p>\n<p>&nbsp;<\/p>\n<p><strong>Lektion 10:<\/strong><\/p>\n<p>Textboken: s.70-71<\/p>\n<p>\u00d6vningsboken s.54-55:7<\/p>\n<p><iframe loading=\"lazy\" title=\"Adverb f\u00f6r position, destination, och fr\u00e5n-position\" width=\"676\" height=\"507\" src=\"https:\/\/www.youtube.com\/embed\/V1zOQvAMgUs?feature=oembed\" frameborder=\"0\" allow=\"accelerometer; autoplay; clipboard-write; encrypted-media; gyroscope; picture-in-picture; web-share\" referrerpolicy=\"strict-origin-when-cross-origin\" allowfullscreen><\/iframe><\/p>\n<p><iframe loading=\"lazy\" title=\"Aladdin choklad - Rolig reklam\" width=\"676\" height=\"380\" src=\"https:\/\/www.youtube.com\/embed\/kSPAMaihME8?feature=oembed\" frameborder=\"0\" allow=\"accelerometer; autoplay; clipboard-write; encrypted-media; gyroscope; picture-in-picture; web-share\" referrerpolicy=\"strict-origin-when-cross-origin\" allowfullscreen><\/iframe><\/p>\n<p><strong>Lektion 9:\u00a0<\/strong><\/p>\n<p>Textboken s.68:4 + s.69:A<\/p>\n<p>\u00d6vningsboken: s.52 och 53<\/p>\n<p><iframe loading=\"lazy\" title=\"Direkt och indirekt tal\" width=\"676\" height=\"380\" src=\"https:\/\/www.youtube.com\/embed\/JiyJJZhXCiI?feature=oembed\" frameborder=\"0\" allow=\"accelerometer; autoplay; clipboard-write; encrypted-media; gyroscope; picture-in-picture; web-share\" referrerpolicy=\"strict-origin-when-cross-origin\" allowfullscreen><\/iframe><\/p>\n<p><strong>Lektion 8:\u00a0<\/strong><\/p>\n<p>Textboken s. 64G -68:F<\/p>\n<p><iframe loading=\"lazy\" title=\"sfigunilla KR\u00c4FTFISKE OCH KR\u00c4FTSKIVA\" width=\"676\" height=\"380\" src=\"https:\/\/www.youtube.com\/embed\/ZSAKMJf1baE?feature=oembed\" frameborder=\"0\" allow=\"accelerometer; autoplay; clipboard-write; encrypted-media; gyroscope; picture-in-picture; web-share\" referrerpolicy=\"strict-origin-when-cross-origin\" allowfullscreen><\/iframe><\/p>\n<p><iframe loading=\"lazy\" title=\"Perfekt och preteritum\" width=\"676\" height=\"507\" src=\"https:\/\/www.youtube.com\/embed\/NwywIBIuKoE?feature=oembed\" frameborder=\"0\" allow=\"accelerometer; autoplay; clipboard-write; encrypted-media; gyroscope; picture-in-picture; web-share\" referrerpolicy=\"strict-origin-when-cross-origin\" allowfullscreen><\/iframe><\/p>\n<p><strong>Lektion 7:\u00a0<\/strong><\/p>\n<p>Textboken s.61:I\u00a0 + 62-64:F<\/p>\n<p>\u00d6vningsboken s. 49-51:A<\/p>\n<p><iframe loading=\"lazy\" title=\"F\u00d6R ATT - GENOM ATT - UTAN ATT + SKILLNADEN MELLAN D\u00c4RF\u00d6R ATT OCH F\u00d6R ATT\" width=\"676\" height=\"507\" src=\"https:\/\/www.youtube.com\/embed\/okcfuijY_wk?feature=oembed\" frameborder=\"0\" allow=\"accelerometer; autoplay; clipboard-write; encrypted-media; gyroscope; picture-in-picture; web-share\" referrerpolicy=\"strict-origin-when-cross-origin\" allowfullscreen><\/iframe><\/p>\n<p><iframe loading=\"lazy\" title=\"UNDERORDNADE KONJUNKTIONER Sandra Gustafsson\" width=\"676\" height=\"380\" src=\"https:\/\/www.youtube.com\/embed\/wdWUMnKGfNQ?feature=oembed\" frameborder=\"0\" allow=\"accelerometer; autoplay; clipboard-write; encrypted-media; gyroscope; picture-in-picture; web-share\" referrerpolicy=\"strict-origin-when-cross-origin\" allowfullscreen><\/iframe><\/p>\n<p>&nbsp;<\/p>\n<p><strong>Lektion 6:\u00a0<\/strong><\/p>\n<p>Textboken s. 59-61 G<\/p>\n<p>Gl\u00f6mde skriva l\u00e4xa f\u00f6rra veckan: \u00d6vningsboken s.45 + 47- 48<\/p>\n<p>&nbsp;<\/p>\n<p><iframe loading=\"lazy\" title=\"OLW - Fredagsmys 2012. &quot;K\u00e4nslan klockan 5&quot;\" width=\"676\" height=\"380\" src=\"https:\/\/www.youtube.com\/embed\/-Xc1aYcI8Ik?feature=oembed\" frameborder=\"0\" allow=\"accelerometer; autoplay; clipboard-write; encrypted-media; gyroscope; picture-in-picture; web-share\" referrerpolicy=\"strict-origin-when-cross-origin\" allowfullscreen><\/iframe><\/p>\n<p><iframe loading=\"lazy\" title=\"OLW Fredagsmys 2.0\" width=\"676\" height=\"380\" src=\"https:\/\/www.youtube.com\/embed\/cbajpMJqIM4?feature=oembed\" frameborder=\"0\" allow=\"accelerometer; autoplay; clipboard-write; encrypted-media; gyroscope; picture-in-picture; web-share\" referrerpolicy=\"strict-origin-when-cross-origin\" allowfullscreen><\/iframe><\/p>\n<p>&nbsp;<\/p>\n<p><strong>Lektion 5:\u00a0<\/strong><\/p>\n<p>Textboken s. 53-54<\/p>\n<p>\u00d6vningsboken s.43-44+46<\/p>\n<p><iframe loading=\"lazy\" title=\"Partikelverb, exempel och f\u00f6rklaring\" width=\"676\" height=\"507\" src=\"https:\/\/www.youtube.com\/embed\/46KuRwJJI4w?feature=oembed\" frameborder=\"0\" allow=\"accelerometer; autoplay; clipboard-write; encrypted-media; gyroscope; picture-in-picture; web-share\" referrerpolicy=\"strict-origin-when-cross-origin\" allowfullscreen><\/iframe><\/p>\n<p><strong>Lektion 4:\u00a0<\/strong><\/p>\n<p>Textboken s. 56-58<\/p>\n<p>\u00d6vningsboken s. 42:4 (Ordkunskap)<\/p>\n<p><iframe loading=\"lazy\" title=\"\u00c4lgen Olivia flyttade in i villan \u2013 &quot;Hon \u00e4r som en liten isprinsessa&quot; - Nyhetsmorgon (TV4)\" width=\"676\" height=\"380\" src=\"https:\/\/www.youtube.com\/embed\/CVea_5u39Fo?feature=oembed\" frameborder=\"0\" allow=\"accelerometer; autoplay; clipboard-write; encrypted-media; gyroscope; picture-in-picture; web-share\" referrerpolicy=\"strict-origin-when-cross-origin\" allowfullscreen><\/iframe><\/p>\n<p><strong>Lektion 3:\u00a0<\/strong><\/p>\n<p>Textboken s.52-53 om bj\u00f6rnar.<\/p>\n<p>\u00d6vningsboken s. 39-41<\/p>\n<p>&nbsp;<\/p>\n<p><iframe loading=\"lazy\" title=\"DOCK - N\u00c4MLIGEN - D\u00c4REMOT - D\u00c4RF\u00d6R\" width=\"676\" height=\"380\" src=\"https:\/\/www.youtube.com\/embed\/-Y5sWP602Dc?feature=oembed\" frameborder=\"0\" allow=\"accelerometer; autoplay; clipboard-write; encrypted-media; gyroscope; picture-in-picture; web-share\" referrerpolicy=\"strict-origin-when-cross-origin\" allowfullscreen><\/iframe><\/p>\n<p><strong>Lektion 2:\u00a0<\/strong><\/p>\n<p>Textboken s.48-50<\/p>\n<p><a href=\"http:\/\/blogg.folkuniversitetet.nu\/winaas\/files\/2024\/08\/RivstartB1B2_TB_Verblista-2.pdf\">RivstartB1B2_TB_Verblista (2)<\/a><\/p>\n<p><a href=\"http:\/\/blogg.folkuniversitetet.nu\/winaas\/files\/2024\/08\/Rivstart_B1B2_LH_text-80.pdf\">Rivstart_B1+B2_LH_text 80<\/a><\/p>\n<p><iframe loading=\"lazy\" title=\"Verbgrupperna 1-4\" width=\"676\" height=\"507\" src=\"https:\/\/www.youtube.com\/embed\/VOaMcqwJwSY?feature=oembed\" frameborder=\"0\" allow=\"accelerometer; autoplay; clipboard-write; encrypted-media; gyroscope; picture-in-picture; web-share\" referrerpolicy=\"strict-origin-when-cross-origin\" allowfullscreen><\/iframe><\/p>\n<p><iframe loading=\"lazy\" title=\"How to Learn Swedish 9 VERB GRUPP 4\" width=\"676\" height=\"507\" src=\"https:\/\/www.youtube.com\/embed\/fkCMSbN2eck?feature=oembed\" frameborder=\"0\" allow=\"accelerometer; autoplay; clipboard-write; encrypted-media; gyroscope; picture-in-picture; web-share\" referrerpolicy=\"strict-origin-when-cross-origin\" allowfullscreen><\/iframe><\/p>\n<p><iframe loading=\"lazy\" title=\"sfigunilla Verb i grupp 4 Kan du preteritum-formen?\" width=\"676\" height=\"507\" src=\"https:\/\/www.youtube.com\/embed\/mEktUOtsFVw?feature=oembed\" frameborder=\"0\" allow=\"accelerometer; autoplay; clipboard-write; encrypted-media; gyroscope; picture-in-picture; web-share\" referrerpolicy=\"strict-origin-when-cross-origin\" allowfullscreen><\/iframe><\/p>\n<p><strong>Lektion 1:<br \/>\n<\/strong><\/p>\n<p>Textboken s. 46-47 (ljudfil finns p\u00e5 nok.se, <a href=\"http:\/\/blogg.folkuniversitetet.nu\/winaas\/files\/2024\/06\/Rivstart-extramaterial-instruktion-juni-2021.pdf\">Rivstart-extramaterial-instruktion-juni-2021)<\/a><\/p>\n<p>&nbsp;<\/p>\n<p><strong>Hej och v\u00e4lkomna till kursen Svenska B1.2<\/strong><\/p>\n<p>Vi startar den 13\/8 kl 19.30<\/p>\n<p>L\u00e4nk till Zoom:<\/p>\n<p>https:\/\/folkuniversitetet-se.zoom.us\/j\/67845630073?pwd=Q0uHdNxRZceOkk3gwg4UB2REYCnSzr.1<\/p>\n<p>L\u00f6senord: 679325<\/p>\n","protected":false},"excerpt":{"rendered":"<p>Sista lektionen var torsdag 3\/10. N\u00e4sta kurs b\u00f6rjar p\u00e5 tisdag, den 8\/10.\u00a0 Vill du forts\u00e4tta med n\u00e4sta kurs? https:\/\/www.folkuniversitetet.se\/kurser-utbildningar\/sprak\/svenskaswedish\/svenska-b1\/svenska-b1-tva-tre-dagar-i-veckan\/distans\/39133\/ Lektion 15:\u00a0 Textboken s.83-85 \u00d6vningsboken: Repetera. s.64-65 Framstegstest 2 (nok.se, under extramaterial) Lektion 14:\u00a0 \u00d6vningsboken s. 61-63 Texboken s.81-82:G Lektion 13:\u00a0 Textboken s.79-80 (b1-b2;) L\u00e4xa: G\u00f6r f\u00e4rdigt valkompassen. Ber\u00e4tta g\u00e4rna om du l\u00e4rde dig n\u00e5gra nya [&hellip;]<\/p>\n","protected":false},"author":919,"featured_media":0,"parent":0,"menu_order":0,"comment_status":"closed","ping_status":"closed","template":"","meta":{"footnotes":""},"class_list":["post-473","page","type-page","status-publish","hentry","post-preview"],"_links":{"self":[{"href":"https:\/\/blogg.folkuniversitetet.nu\/winaas\/wp-json\/wp\/v2\/pages\/473","targetHints":{"allow":["GET"]}}],"collection":[{"href":"https:\/\/blogg.folkuniversitetet.nu\/winaas\/wp-json\/wp\/v2\/pages"}],"about":[{"href":"https:\/\/blogg.folkuniversitetet.nu\/winaas\/wp-json\/wp\/v2\/types\/page"}],"author":[{"embeddable":true,"href":"https:\/\/blogg.folkuniversitetet.nu\/winaas\/wp-json\/wp\/v2\/users\/919"}],"replies":[{"embeddable":true,"href":"https:\/\/blogg.folkuniversitetet.nu\/winaas\/wp-json\/wp\/v2\/comments?post=473"}],"version-history":[{"count":23,"href":"https:\/\/blogg.folkuniversitetet.nu\/winaas\/wp-json\/wp\/v2\/pages\/473\/revisions"}],"predecessor-version":[{"id":544,"href":"https:\/\/blogg.folkuniversitetet.nu\/winaas\/wp-json\/wp\/v2\/pages\/473\/revisions\/544"}],"wp:attachment":[{"href":"https:\/\/blogg.folkuniversitetet.nu\/winaas\/wp-json\/wp\/v2\/media?parent=473"}],"curies":[{"name":"wp","href":"https:\/\/api.w.org\/{rel}","templated":true}]}}