{"id":326,"date":"2024-04-15T17:13:50","date_gmt":"2024-04-15T16:13:50","guid":{"rendered":"https:\/\/blogg.folkuniversitetet.nu\/winaas\/?page_id=326"},"modified":"2024-06-13T20:15:48","modified_gmt":"2024-06-13T19:15:48","slug":"a2-2-113449","status":"publish","type":"page","link":"https:\/\/blogg.folkuniversitetet.nu\/winaas\/a2-2-113449\/","title":{"rendered":"A2.2 113449"},"content":{"rendered":"<p><strong>Lektion 15:\u00a0<\/strong><\/p>\n<p>Resten av kapitel 20<\/p>\n<p>Tack f\u00f6r den h\u00e4r kursen! Vi ses n\u00e4sta vecka, och om inte &#8211; kanske i en annan kurs!<\/p>\n<p><strong>Lektion 14:\u00a0<\/strong><\/p>\n<p>Textboken s.241-242 (artiklarna, inte 2) + s. 246-249<\/p>\n<p><a href=\"http:\/\/blogg.folkuniversitetet.nu\/winaas\/files\/2024\/05\/Framstegstest-6.pdf\">Framstegstest 6<\/a><\/p>\n<p>&nbsp;<\/p>\n<p><iframe loading=\"lazy\" title=\"sfigunilla Sveriges nationaldag\" width=\"676\" height=\"507\" src=\"https:\/\/www.youtube.com\/embed\/EviPw2Fknrg?feature=oembed\" frameborder=\"0\" allow=\"accelerometer; autoplay; clipboard-write; encrypted-media; gyroscope; picture-in-picture; web-share\" referrerpolicy=\"strict-origin-when-cross-origin\" allowfullscreen><\/iframe><\/p>\n<p>Vi ses p\u00e5 tisdag och torsdag n\u00e4sta vecka!<\/p>\n<p>Vill du g\u00e5 n\u00e4sta kurs? https:\/\/www.folkuniversitetet.se\/kurser-utbildningar\/sprak\/svenskaswedish\/svenska-b1\/svenska-b1-tva-tre-dagar-i-veckan\/distans\/37721\/<\/p>\n<p><strong>Lektion 13:\u00a0<\/strong><\/p>\n<p>Textboken s.239-240<\/p>\n<p>\u00d6vningsboken s.241-243 + 245<\/p>\n<p>L\u00e4xa: \u00d6vningsboken s.244 + 246-247<\/p>\n<p>+ SKRIV s. 240 i textboken: Skriv till Annika om ett problem (Mejla om du vill)<\/p>\n<p><iframe loading=\"lazy\" title=\"Adjektiv eller adverb? SFI\" width=\"676\" height=\"380\" src=\"https:\/\/www.youtube.com\/embed\/-wljn3NCu_g?feature=oembed\" frameborder=\"0\" allow=\"accelerometer; autoplay; clipboard-write; encrypted-media; gyroscope; picture-in-picture; web-share\" referrerpolicy=\"strict-origin-when-cross-origin\" allowfullscreen><\/iframe><\/p>\n<p><iframe loading=\"lazy\" title=\"Adjektiv eller adverb - grammatik f\u00f6r sfi\" width=\"676\" height=\"380\" src=\"https:\/\/www.youtube.com\/embed\/x4LxQBfT5GY?feature=oembed\" frameborder=\"0\" allow=\"accelerometer; autoplay; clipboard-write; encrypted-media; gyroscope; picture-in-picture; web-share\" referrerpolicy=\"strict-origin-when-cross-origin\" allowfullscreen><\/iframe><\/p>\n<p><strong>Lektion 12:\u00a0<\/strong><\/p>\n<p>\u00d6vningsboken s.239-240:2<\/p>\n<p>Textboken s.237-238<\/p>\n<p><iframe loading=\"lazy\" title=\"Kroppens yttre delar SFI\" width=\"676\" height=\"507\" src=\"https:\/\/www.youtube.com\/embed\/jHgNx_pVoiU?feature=oembed\" frameborder=\"0\" allow=\"accelerometer; autoplay; clipboard-write; encrypted-media; gyroscope; picture-in-picture; web-share\" referrerpolicy=\"strict-origin-when-cross-origin\" allowfullscreen><\/iframe><\/p>\n<p><strong>Lektion 11:\u00a0<\/strong><\/p>\n<p>Textboken s.228-230 + 232 &#8211; 236: C &amp; D<\/p>\n<p><iframe loading=\"lazy\" title=\"I veckan? Om dagen? Varannan? Prepositioner Hur ofta?\" width=\"676\" height=\"380\" src=\"https:\/\/www.youtube.com\/embed\/6ZUc6PfVIww?feature=oembed\" frameborder=\"0\" allow=\"accelerometer; autoplay; clipboard-write; encrypted-media; gyroscope; picture-in-picture; web-share\" referrerpolicy=\"strict-origin-when-cross-origin\" allowfullscreen><\/iframe><\/p>\n<p><iframe loading=\"lazy\" title=\"Kortsvar i presens (del 1 av 3)\" width=\"676\" height=\"380\" src=\"https:\/\/www.youtube.com\/embed\/-cSU_UtE7tg?feature=oembed\" frameborder=\"0\" allow=\"accelerometer; autoplay; clipboard-write; encrypted-media; gyroscope; picture-in-picture; web-share\" referrerpolicy=\"strict-origin-when-cross-origin\" allowfullscreen><\/iframe><\/p>\n<p><iframe loading=\"lazy\" title=\"Jag har ont i....Tema Ha\u0308lsa\/Kroppen\" width=\"676\" height=\"507\" src=\"https:\/\/www.youtube.com\/embed\/HWdx4MS902Y?feature=oembed\" frameborder=\"0\" allow=\"accelerometer; autoplay; clipboard-write; encrypted-media; gyroscope; picture-in-picture; web-share\" referrerpolicy=\"strict-origin-when-cross-origin\" allowfullscreen><\/iframe><\/p>\n<p>L\u00e4xa: <a href=\"http:\/\/blogg.folkuniversitetet.nu\/winaas\/files\/2024\/05\/Kapitel-19-\u2013-Kroppen.pdf\">Kapitel 19 \u2013 Kroppen<\/a><\/p>\n<p><strong>Lektion 10:<\/strong><\/p>\n<p>\u00d6vningsboken: s.229-233<\/p>\n<p>Textboken:\u00a0 s.224-227<\/p>\n<p>L\u00e4xa: \u00d6vningsboken s.234-237<\/p>\n<p><strong>Lektion 9:\u00a0<\/strong><\/p>\n<p>Textboken s. 220-223<\/p>\n<p>\u00d6vningsboken s.228<\/p>\n<p><iframe loading=\"lazy\" title=\"Adjektiv i best\u00e4md form\" width=\"676\" height=\"380\" src=\"https:\/\/www.youtube.com\/embed\/yJagIDkTTLY?feature=oembed\" frameborder=\"0\" allow=\"accelerometer; autoplay; clipboard-write; encrypted-media; gyroscope; picture-in-picture; web-share\" referrerpolicy=\"strict-origin-when-cross-origin\" allowfullscreen><\/iframe><\/p>\n<p>Mattevideo: \ud83d\ude42<\/p>\n<p><iframe loading=\"lazy\" title=\"Br\u00e5k, decimaltal och procent\" width=\"676\" height=\"380\" src=\"https:\/\/www.youtube.com\/embed\/TPoDvlJb5aI?feature=oembed\" frameborder=\"0\" allow=\"accelerometer; autoplay; clipboard-write; encrypted-media; gyroscope; picture-in-picture; web-share\" referrerpolicy=\"strict-origin-when-cross-origin\" allowfullscreen><\/iframe><\/p>\n<p>&nbsp;<\/p>\n<p><strong>Lektion\u00a0 8:\u00a0<\/strong><\/p>\n<p>\u00d6vningsboken s.220-222\u00a0 + 224-225<\/p>\n<p>L\u00e4xa: \u00d6vningsboken s.223-224 + Repetera: s. 226-227<\/p>\n<p>Textboken s.218-219. Vi l\u00e4ste ocks\u00e5 om Max, 34 p\u00e5.s220, men inte om de andra.<\/p>\n<p><iframe loading=\"lazy\" title=\"L\u00e4r dig VIKTIGA ord om ARBETE\" width=\"676\" height=\"507\" src=\"https:\/\/www.youtube.com\/embed\/NbCols0PK8E?feature=oembed\" frameborder=\"0\" allow=\"accelerometer; autoplay; clipboard-write; encrypted-media; gyroscope; picture-in-picture; web-share\" referrerpolicy=\"strict-origin-when-cross-origin\" allowfullscreen><\/iframe><\/p>\n<p><strong>Lektion 7:\u00a0<\/strong><\/p>\n<p>\u00d6vningsboken s. 216-219<\/p>\n<p>Textboken s. 215<\/p>\n<p>L\u00e4xa: Textboken s.216F &amp; 217G<\/p>\n<p><strong>Lektion 6:\u00a0<\/strong><\/p>\n<p>Textboken s. 208-209 &amp; 211-212 + 214<\/p>\n<p><iframe loading=\"lazy\" title=\"Allt om bosta \/ boende, radhus, l\u00e4genhet, villa | SFI (2020)\" width=\"676\" height=\"380\" src=\"https:\/\/www.youtube.com\/embed\/mL9AIshS2Sc?feature=oembed\" frameborder=\"0\" allow=\"accelerometer; autoplay; clipboard-write; encrypted-media; gyroscope; picture-in-picture; web-share\" referrerpolicy=\"strict-origin-when-cross-origin\" allowfullscreen><\/iframe><\/p>\n<p><strong>Lektion 5:\u00a0<\/strong><\/p>\n<p>Textboken s. 204-207 + 210&amp;213<\/p>\n<p>\u00d6vningsboken s.213 &#8211; 215<\/p>\n<p>L\u00e4xa: s. 207:H i textboken. Lista \u00f6ver argument (+\/-)<\/p>\n<p>&nbsp;<\/p>\n<p><iframe loading=\"lazy\" title=\"Sitter, ligger, st\u00e5r, h\u00e4nger - svenska verb\" width=\"676\" height=\"380\" src=\"https:\/\/www.youtube.com\/embed\/enO_mK1Dv-E?feature=oembed\" frameborder=\"0\" allow=\"accelerometer; autoplay; clipboard-write; encrypted-media; gyroscope; picture-in-picture; web-share\" referrerpolicy=\"strict-origin-when-cross-origin\" allowfullscreen><\/iframe><\/p>\n<p><iframe loading=\"lazy\" title=\"Exempel med &quot;ser... ut&quot; - Sfi A \/ Sfi B\" width=\"676\" height=\"380\" src=\"https:\/\/www.youtube.com\/embed\/3rHUJ_HRlVQ?feature=oembed\" frameborder=\"0\" allow=\"accelerometer; autoplay; clipboard-write; encrypted-media; gyroscope; picture-in-picture; web-share\" referrerpolicy=\"strict-origin-when-cross-origin\" allowfullscreen><\/iframe><\/p>\n<p>&nbsp;<\/p>\n<p><strong>Lektion 4:\u00a0<\/strong><\/p>\n<p>Textboken s. 200-203+205<\/p>\n<p>L\u00e4xa: \u00d6vningsboken s.208-209 &amp; 211-212<\/p>\n<p><iframe loading=\"lazy\" title=\"KOMPARATION av ADJEKTIV\" width=\"676\" height=\"380\" src=\"https:\/\/www.youtube.com\/embed\/AKGKII-JjCE?feature=oembed\" frameborder=\"0\" allow=\"accelerometer; autoplay; clipboard-write; encrypted-media; gyroscope; picture-in-picture; web-share\" referrerpolicy=\"strict-origin-when-cross-origin\" allowfullscreen><\/iframe><\/p>\n<p><iframe loading=\"lazy\" title=\"Allt om bosta \/ boende, radhus, l\u00e4genhet, villa | SFI (2020)\" width=\"676\" height=\"380\" src=\"https:\/\/www.youtube.com\/embed\/mL9AIshS2Sc?feature=oembed\" frameborder=\"0\" allow=\"accelerometer; autoplay; clipboard-write; encrypted-media; gyroscope; picture-in-picture; web-share\" referrerpolicy=\"strict-origin-when-cross-origin\" allowfullscreen><\/iframe><\/p>\n<p><iframe loading=\"lazy\" title=\"Tillsammans  \/ Together (2000) ORIGINAL TRAILER\" width=\"676\" height=\"380\" src=\"https:\/\/www.youtube.com\/embed\/HYeFFuxaH44?feature=oembed\" frameborder=\"0\" allow=\"accelerometer; autoplay; clipboard-write; encrypted-media; gyroscope; picture-in-picture; web-share\" referrerpolicy=\"strict-origin-when-cross-origin\" allowfullscreen><\/iframe><\/p>\n<p><strong>Lektion 3:\u00a0<\/strong><\/p>\n<p>Textboken s. 192-193:D<\/p>\n<p>\u00d6vningsboken s.202-206+210<\/p>\n<p>&nbsp;<\/p>\n<p><iframe loading=\"lazy\" title=\"Ordf\u00f6ljd - ett schema \u00f6ver svensk ordf\u00f6ljd i huvudsatser\" width=\"676\" height=\"507\" src=\"https:\/\/www.youtube.com\/embed\/VxfO03oA5So?feature=oembed\" frameborder=\"0\" allow=\"accelerometer; autoplay; clipboard-write; encrypted-media; gyroscope; picture-in-picture; web-share\" referrerpolicy=\"strict-origin-when-cross-origin\" allowfullscreen><\/iframe><\/p>\n<p><strong>Lektion 2:\u00a0<\/strong><\/p>\n<p>Textboken s.190-191 + 195 + 197-199<\/p>\n<p><iframe loading=\"lazy\" title=\"Att uttrycka framtid, ska; kommer att, Sfi\" width=\"676\" height=\"507\" src=\"https:\/\/www.youtube.com\/embed\/eq8u-27VZtA?feature=oembed\" frameborder=\"0\" allow=\"accelerometer; autoplay; clipboard-write; encrypted-media; gyroscope; picture-in-picture; web-share\" referrerpolicy=\"strict-origin-when-cross-origin\" allowfullscreen><\/iframe><\/p>\n<p><iframe loading=\"lazy\" title=\"Satsadverb i huvudsats och i bisats.\" width=\"676\" height=\"380\" src=\"https:\/\/www.youtube.com\/embed\/OAteG59xyZM?feature=oembed\" frameborder=\"0\" allow=\"accelerometer; autoplay; clipboard-write; encrypted-media; gyroscope; picture-in-picture; web-share\" referrerpolicy=\"strict-origin-when-cross-origin\" allowfullscreen><\/iframe><\/p>\n<p><strong>Lektion 1:\u00a0<\/strong><\/p>\n<p>Textboken s.187-189<\/p>\n<p>L\u00e4xa: \u00d6vningsboken s.200-201<\/p>\n<p>+ Skapa konto p\u00e5 nok.se f\u00f6r extramaterial och ljud: <a href=\"http:\/\/blogg.folkuniversitetet.nu\/winaas\/files\/2023\/10\/Rivstart-extramaterial-instruktion-juni-2021-1.pdf\">Rivstart-extramaterial-instruktion-juni-2021<\/a><\/p>\n<p><iframe loading=\"lazy\" title=\"Svenska skolor - GRUNDSKOLAN\" width=\"676\" height=\"507\" src=\"https:\/\/www.youtube.com\/embed\/61Obk6NbLUk?feature=oembed\" frameborder=\"0\" allow=\"accelerometer; autoplay; clipboard-write; encrypted-media; gyroscope; picture-in-picture; web-share\" referrerpolicy=\"strict-origin-when-cross-origin\" allowfullscreen><\/iframe><\/p>\n<p><a href=\"http:\/\/blogg.folkuniversitetet.nu\/winaas\/files\/2024\/04\/202-scaled.jpg\"><img loading=\"lazy\" decoding=\"async\" class=\"alignnone size-medium wp-image-331\" src=\"http:\/\/blogg.folkuniversitetet.nu\/winaas\/files\/2024\/04\/202-211x300.jpg\" alt=\"\" width=\"211\" height=\"300\" srcset=\"https:\/\/blogg.folkuniversitetet.nu\/winaas\/files\/2024\/04\/202-211x300.jpg 211w, https:\/\/blogg.folkuniversitetet.nu\/winaas\/files\/2024\/04\/202-720x1024.jpg 720w, https:\/\/blogg.folkuniversitetet.nu\/winaas\/files\/2024\/04\/202-768x1092.jpg 768w, https:\/\/blogg.folkuniversitetet.nu\/winaas\/files\/2024\/04\/202-1081x1536.jpg 1081w, https:\/\/blogg.folkuniversitetet.nu\/winaas\/files\/2024\/04\/202-1441x2048.jpg 1441w, https:\/\/blogg.folkuniversitetet.nu\/winaas\/files\/2024\/04\/202-676x961.jpg 676w, https:\/\/blogg.folkuniversitetet.nu\/winaas\/files\/2024\/04\/202-scaled.jpg 1801w\" sizes=\"auto, (max-width: 211px) 100vw, 211px\" \/><\/a><\/p>\n<p>&nbsp;<\/p>\n<p><a href=\"http:\/\/blogg.folkuniversitetet.nu\/winaas\/files\/2024\/04\/203-1-scaled.jpg\"><img loading=\"lazy\" decoding=\"async\" class=\"alignnone size-medium wp-image-333\" src=\"http:\/\/blogg.folkuniversitetet.nu\/winaas\/files\/2024\/04\/203-1-211x300.jpg\" alt=\"\" width=\"211\" height=\"300\" srcset=\"https:\/\/blogg.folkuniversitetet.nu\/winaas\/files\/2024\/04\/203-1-211x300.jpg 211w, https:\/\/blogg.folkuniversitetet.nu\/winaas\/files\/2024\/04\/203-1-720x1024.jpg 720w, https:\/\/blogg.folkuniversitetet.nu\/winaas\/files\/2024\/04\/203-1-768x1092.jpg 768w, https:\/\/blogg.folkuniversitetet.nu\/winaas\/files\/2024\/04\/203-1-1081x1536.jpg 1081w, https:\/\/blogg.folkuniversitetet.nu\/winaas\/files\/2024\/04\/203-1-1441x2048.jpg 1441w, https:\/\/blogg.folkuniversitetet.nu\/winaas\/files\/2024\/04\/203-1-676x961.jpg 676w, https:\/\/blogg.folkuniversitetet.nu\/winaas\/files\/2024\/04\/203-1-scaled.jpg 1801w\" sizes=\"auto, (max-width: 211px) 100vw, 211px\" \/><\/a><\/p>\n<p>&nbsp;<\/p>\n<p>Start 18\/4 kl. 19.30<\/p>\n<p>L\u00e4nk till Zoom:<br \/>\nhttps:\/\/folkuniversitetet-se.zoom.us\/j\/66388625985?pwd=ckJFeW5MVXdHN1orbDh3L29zbHJSQT09<\/p>\n<p>ID: 663 8862 5985<br \/>\nL\u00f6senord: 808161<\/p>\n<p>&nbsp;<\/p>\n<p>&nbsp;<\/p>\n<p>&nbsp;<\/p>\n","protected":false},"excerpt":{"rendered":"<p>Lektion 15:\u00a0 Resten av kapitel 20 Tack f\u00f6r den h\u00e4r kursen! Vi ses n\u00e4sta vecka, och om inte &#8211; kanske i en annan kurs! Lektion 14:\u00a0 Textboken s.241-242 (artiklarna, inte 2) + s. 246-249 Framstegstest 6 &nbsp; Vi ses p\u00e5 tisdag och torsdag n\u00e4sta vecka! Vill du g\u00e5 n\u00e4sta kurs? https:\/\/www.folkuniversitetet.se\/kurser-utbildningar\/sprak\/svenskaswedish\/svenska-b1\/svenska-b1-tva-tre-dagar-i-veckan\/distans\/37721\/ Lektion 13:\u00a0 Textboken s.239-240 [&hellip;]<\/p>\n","protected":false},"author":919,"featured_media":0,"parent":0,"menu_order":0,"comment_status":"closed","ping_status":"closed","template":"","meta":{"footnotes":""},"class_list":["post-326","page","type-page","status-publish","hentry","post-preview"],"_links":{"self":[{"href":"https:\/\/blogg.folkuniversitetet.nu\/winaas\/wp-json\/wp\/v2\/pages\/326","targetHints":{"allow":["GET"]}}],"collection":[{"href":"https:\/\/blogg.folkuniversitetet.nu\/winaas\/wp-json\/wp\/v2\/pages"}],"about":[{"href":"https:\/\/blogg.folkuniversitetet.nu\/winaas\/wp-json\/wp\/v2\/types\/page"}],"author":[{"embeddable":true,"href":"https:\/\/blogg.folkuniversitetet.nu\/winaas\/wp-json\/wp\/v2\/users\/919"}],"replies":[{"embeddable":true,"href":"https:\/\/blogg.folkuniversitetet.nu\/winaas\/wp-json\/wp\/v2\/comments?post=326"}],"version-history":[{"count":23,"href":"https:\/\/blogg.folkuniversitetet.nu\/winaas\/wp-json\/wp\/v2\/pages\/326\/revisions"}],"predecessor-version":[{"id":399,"href":"https:\/\/blogg.folkuniversitetet.nu\/winaas\/wp-json\/wp\/v2\/pages\/326\/revisions\/399"}],"wp:attachment":[{"href":"https:\/\/blogg.folkuniversitetet.nu\/winaas\/wp-json\/wp\/v2\/media?parent=326"}],"curies":[{"name":"wp","href":"https:\/\/api.w.org\/{rel}","templated":true}]}}