{"id":217,"date":"2024-01-21T20:09:03","date_gmt":"2024-01-21T19:09:03","guid":{"rendered":"https:\/\/blogg.folkuniversitetet.nu\/winaas\/?page_id=217"},"modified":"2024-02-28T15:37:43","modified_gmt":"2024-02-28T14:37:43","slug":"111689-a1-2","status":"publish","type":"page","link":"https:\/\/blogg.folkuniversitetet.nu\/winaas\/kurser\/111689-a1-2\/","title":{"rendered":"A1.2 (111689)"},"content":{"rendered":"<p>&nbsp;<\/p>\n<p>Sista lektion i kursen: 28 februari:<\/p>\n<p><strong>Lektion 15:\u00a0<\/strong><\/p>\n<p>Textboken: s.117-120<\/p>\n<p>\u00d6vningsbok: s. 133<\/p>\n<p>L\u00e4xa: Resten av sidorna i \u00d6vningsboken kapitel 10.<\/p>\n<p>\u00d6va p\u00e5 nok.se Kapitel 10<\/p>\n<p>https:\/\/www.swedishnomad.com\/sv\/quiz-om-sverige\/<\/p>\n<p><strong>Lektion 14:\u00a0<\/strong><\/p>\n<p>Textboken s.113-116<\/p>\n<p>\u00d6vningsboken s. 131 + 133 A<\/p>\n<p>L\u00e4xa: Lyssna \/ L\u00e4s texten s. 113-114 igen och skriv 2-4 fr\u00e5gor om det som st\u00e5r i texten.<\/p>\n<p><strong>Lektion 13:<\/strong><\/p>\n<p>&nbsp;<\/p>\n<p>Textboken s. 108 + 112 + 113 till &#8221;P\u00e5 v\u00e4stkusten \u00e4r vattnet salt&#8221;.<\/p>\n<p>\u00d6vningsboken s.121-123 + 125<\/p>\n<p>L\u00e4xa: \u00d6vningsboken s. 124 + 126.-127 + Lyssna och \u00f6va p\u00e5 nok.se<\/p>\n<p>&nbsp;<\/p>\n<p><strong>Lektion 12:\u00a0<\/strong><\/p>\n<p>L\u00e4nk till inspelning av lektion 12: https:\/\/folkuniversitetet-se.zoom.us\/rec\/share\/JMIhGyPL64SwLGTPWsVLJJS5PC4FUrd2PLZZ6mYi1CJ2NFVYycs6shOT2f6ztvS8.UGH-LDt1gL11UYUN<br \/>\nKod: 2c02%&amp;GB<\/p>\n<p>\u00d6vningsbok s. 115-120<\/p>\n<p>Textbok s. 107+109-111<\/p>\n<p>s.110: Bara &#8221;Str\u00e4nder och sj\u00f6ar &#8211; ta ett dopp&#8221;.\u00a0 (f\u00f6rsta stycket)<\/p>\n<p>&nbsp;<\/p>\n<p>&nbsp;<\/p>\n<p>L\u00e4xa: Skriv: Textboken s. 111<\/p>\n<p><strong>Lektion 11:\u00a0<\/strong><\/p>\n<p>Textboken s. 101-106<\/p>\n<p>&nbsp;<\/p>\n<p><iframe loading=\"lazy\" title=\"Siffror som substantiv Svenska f\u00f6r nyb\u00f6rjare\" width=\"676\" height=\"380\" src=\"https:\/\/www.youtube.com\/embed\/s1Mch7QKFAU?feature=oembed\" frameborder=\"0\" allow=\"accelerometer; autoplay; clipboard-write; encrypted-media; gyroscope; picture-in-picture; web-share\" allowfullscreen><\/iframe><\/p>\n<p><iframe loading=\"lazy\" title=\"Att beskriva v\u00e4gen, Sfi\" width=\"676\" height=\"507\" src=\"https:\/\/www.youtube.com\/embed\/Y8kw9MdSyiU?feature=oembed\" frameborder=\"0\" allow=\"accelerometer; autoplay; clipboard-write; encrypted-media; gyroscope; picture-in-picture; web-share\" allowfullscreen><\/iframe><\/p>\n<p><iframe loading=\"lazy\" title=\"Beskriva v\u00e4gen p\u00e5 svenska\" width=\"676\" height=\"507\" src=\"https:\/\/www.youtube.com\/embed\/GIrkBqFT85k?feature=oembed\" frameborder=\"0\" allow=\"accelerometer; autoplay; clipboard-write; encrypted-media; gyroscope; picture-in-picture; web-share\" allowfullscreen><\/iframe><\/p>\n<p>&nbsp;<\/p>\n<p>Inspelning av lektion 10: https:\/\/folkuniversitetet-se.zoom.us\/rec\/share\/uAfm8QDpl3eZWlcgmwf8wjkEoK4sxKbtoE5llWZKdtKPicvjtekV5tLY2Y2pW6RB.9yfshqnwIY2o1rID<br \/>\nKod: 0E^HV0Yr<\/p>\n<p><strong>Lektion 10<\/strong><\/p>\n<p>\u00d6vningsboken s. 107-110 + 11211<\/p>\n<p>Textboken: s.99-102<\/p>\n<p>L\u00e4xa: 111 + 113-114 \u00d6vningsboken<\/p>\n<p>Skriv: s. 100 i textboken<\/p>\n<p>&nbsp;<\/p>\n<p><iframe loading=\"lazy\" title=\"Hj\u00e4lpverb och n\u00e5gra andra verb + infinitiv\" width=\"676\" height=\"380\" src=\"https:\/\/www.youtube.com\/embed\/1mqZDQSStOU?feature=oembed\" frameborder=\"0\" allow=\"accelerometer; autoplay; clipboard-write; encrypted-media; gyroscope; picture-in-picture; web-share\" allowfullscreen><\/iframe><\/p>\n<p>&nbsp;<\/p>\n<p><iframe loading=\"lazy\" title=\"Vad \u00e4r hj\u00e4lpverb?\" width=\"676\" height=\"380\" src=\"https:\/\/www.youtube.com\/embed\/k1UMbeBKPGM?feature=oembed\" frameborder=\"0\" allow=\"accelerometer; autoplay; clipboard-write; encrypted-media; gyroscope; picture-in-picture; web-share\" allowfullscreen><\/iframe><\/p>\n<p><strong>Lektion 9<\/strong><\/p>\n<p>https:\/\/folkuniversitetet-se.zoom.us\/rec\/share\/9DVhaYen4pvpjNlWyRqFFRt4utE_knxdGYkWK8O4FJQVFu5KOklMkrn8Ep-5FL1S.UhhKUHIWFDSCCHkn<br \/>\nKod : J@ks8.Bj<\/p>\n<p>Textboken s. 95:D + 96-98<\/p>\n<p>\u00d6vningsboken s. 102-106<\/p>\n<p>&nbsp;<\/p>\n<p><iframe loading=\"lazy\" title=\"V\u00e4der, A1, Sfi\" width=\"676\" height=\"380\" src=\"https:\/\/www.youtube.com\/embed\/5wvIJFtaq5s?feature=oembed\" frameborder=\"0\" allow=\"accelerometer; autoplay; clipboard-write; encrypted-media; gyroscope; picture-in-picture; web-share\" allowfullscreen><\/iframe><\/p>\n<p><iframe loading=\"lazy\" title=\"V\u00e4der - ordkunskap, sfi\" width=\"676\" height=\"380\" src=\"https:\/\/www.youtube.com\/embed\/flGddfM5BtE?feature=oembed\" frameborder=\"0\" allow=\"accelerometer; autoplay; clipboard-write; encrypted-media; gyroscope; picture-in-picture; web-share\" allowfullscreen><\/iframe><\/p>\n<p>L\u00e4nk till lektion 8 (inspelning \/ recording):<\/p>\n<p>https:\/\/folkuniversitetet-se.zoom.us\/rec\/share\/aABdNh5dD9epj4k4wpzoxdMFAIGWdvmqqdt8N5mT54opIOvvnhhdes-mM6_lSEnc.YHBXOYUAESIeWLUf<\/p>\n<p>Kod: 94r21.iv<\/p>\n<p><strong>Lektion 8:\u00a0<\/strong><\/p>\n<p>Textboken s. 89-94<\/p>\n<p>&nbsp;<\/p>\n<p><iframe loading=\"lazy\" title=\"En komplett introduktion till Presens Perfekt A1A2 Svenska\" width=\"676\" height=\"380\" src=\"https:\/\/www.youtube.com\/embed\/asswtWaChtw?feature=oembed\" frameborder=\"0\" allow=\"accelerometer; autoplay; clipboard-write; encrypted-media; gyroscope; picture-in-picture; web-share\" allowfullscreen><\/iframe><\/p>\n<p><iframe loading=\"lazy\" title=\"How to Learn Swedish HEM, HEMMA, HEMIFR\u00c5N\" width=\"676\" height=\"507\" src=\"https:\/\/www.youtube.com\/embed\/VF0Sa5wN0pk?feature=oembed\" frameborder=\"0\" allow=\"accelerometer; autoplay; clipboard-write; encrypted-media; gyroscope; picture-in-picture; web-share\" allowfullscreen><\/iframe><\/p>\n<p><iframe loading=\"lazy\" title=\"Datum p\u00e5 svenska, Sfi\" width=\"676\" height=\"380\" src=\"https:\/\/www.youtube.com\/embed\/X6l0APtBtME?feature=oembed\" frameborder=\"0\" allow=\"accelerometer; autoplay; clipboard-write; encrypted-media; gyroscope; picture-in-picture; web-share\" allowfullscreen><\/iframe><\/p>\n<p><iframe loading=\"lazy\" title=\"Tr\u00e4na datum - ordningstal\" width=\"676\" height=\"380\" src=\"https:\/\/www.youtube.com\/embed\/zkNUNLm9EcI?feature=oembed\" frameborder=\"0\" allow=\"accelerometer; autoplay; clipboard-write; encrypted-media; gyroscope; picture-in-picture; web-share\" allowfullscreen><\/iframe><\/p>\n<p>L\u00e4xa: Lyssna och \u00f6va p\u00e5 nok.se<\/p>\n<p><strong>Lektion 7:<\/strong><\/p>\n<p>&nbsp;<\/p>\n<p>Inspelning, till Tahmina och Nasrin:<\/p>\n<p>&nbsp;<\/p>\n<p>https:\/\/folkuniversitetet-se.zoom.us\/rec\/share\/I20sSobeJ9kC-TlNQAixsigUr5MkW2QzRzE-lFE2kauIFmfthtl7KKfWnbIusUbG.8kPWpEZoxc-2VWqE<\/p>\n<p>L\u00f6senord: ^2Y@%ovN<\/p>\n<p>&nbsp;<\/p>\n<p>\u00d6vningsboken: 92-96 + 98<\/p>\n<p>Textboken sid 88<\/p>\n<p>&nbsp;<\/p>\n<p>L\u00e4xa: 99-101 i \u00f6vningsboken, och \u00f6va g\u00e4rna mer p\u00e5 prepositions\u00f6vningar p\u00e5 nok.se!<\/p>\n<p><strong>Lektion 6:<\/strong><\/p>\n<p>Textboken: s. 82-87<\/p>\n<p>\u00d6vningsboken: s. 86-88 + 97<\/p>\n<p><iframe loading=\"lazy\" title=\"sfigunilla SFI ADJEKTIV komparation\" width=\"676\" height=\"507\" src=\"https:\/\/www.youtube.com\/embed\/bOi5d93d-jg?feature=oembed\" frameborder=\"0\" allow=\"accelerometer; autoplay; clipboard-write; encrypted-media; gyroscope; picture-in-picture; web-share\" allowfullscreen><\/iframe><\/p>\n<p><iframe loading=\"lazy\" title=\"Komparation av adjektiv. 10 fr\u00e5gor - Svenska med Marie - inga undertexter, det \u00e4r ett prov :)\" width=\"676\" height=\"380\" src=\"https:\/\/www.youtube.com\/embed\/j2PxjedfOmI?feature=oembed\" frameborder=\"0\" allow=\"accelerometer; autoplay; clipboard-write; encrypted-media; gyroscope; picture-in-picture; web-share\" allowfullscreen><\/iframe><\/p>\n<p><strong>Lektion 5:\u00a0<\/strong><\/p>\n<p>Textboken s. 79-83 (vi lyssnar p\u00e5 dialogerna p\u00e5 torsdag)<\/p>\n<p>\u00d6vningsboken s. 90-91<\/p>\n<p>&nbsp;<\/p>\n<p>L\u00e4xa: Repetera siffror \/ nummer p\u00e5 nok.se\u00a0 och i boken: kapitel 3<\/p>\n<p><iframe loading=\"lazy\" title=\"Kl\u00e4der och f\u00e4rger\" width=\"676\" height=\"380\" src=\"https:\/\/www.youtube.com\/embed\/H4VFcgQPxkA?feature=oembed\" frameborder=\"0\" allow=\"accelerometer; autoplay; clipboard-write; encrypted-media; gyroscope; picture-in-picture; web-share\" allowfullscreen><\/iframe><\/p>\n<p>&nbsp;<\/p>\n<p><iframe loading=\"lazy\" title=\"Aff\u00e4r, kl\u00e4der, Sfi, A2\" width=\"676\" height=\"380\" src=\"https:\/\/www.youtube.com\/embed\/d5TZjblG1gs?feature=oembed\" frameborder=\"0\" allow=\"accelerometer; autoplay; clipboard-write; encrypted-media; gyroscope; picture-in-picture; web-share\" allowfullscreen><\/iframe><\/p>\n<p>&nbsp;<\/p>\n<p><strong>Lektion 4:\u00a0<\/strong><\/p>\n<p>Textboken s. 75-78<\/p>\n<p>L\u00e4xa: Lyssna p\u00e5 dialogen p\u00e5 s. 78 igen och s\u00e4g efter<\/p>\n<p>Titta p\u00e5 tabellen p\u00e5 s. 89 i \u00f6vningsboken (substantiv i singular och plural) och skriv orden p\u00e5 sidan 77 i textboken i alla former.<\/p>\n<p>&nbsp;<\/p>\n<p>Exempel.:<\/p>\n<p>en kudde &#8211; kudde<strong>n<\/strong> &#8211; kudd<strong>ar<\/strong>&#8211; kuddar<strong>na<\/strong><\/p>\n<p>\u00d6va ocks\u00e5 p\u00e5 nok.se<\/p>\n<p><iframe loading=\"lazy\" title=\"Substantiv - best\u00e4md form i plural\" width=\"676\" height=\"380\" src=\"https:\/\/www.youtube.com\/embed\/e9EWpTNOm5Y?feature=oembed\" frameborder=\"0\" allow=\"accelerometer; autoplay; clipboard-write; encrypted-media; gyroscope; picture-in-picture; web-share\" allowfullscreen><\/iframe><\/p>\n<p><iframe loading=\"lazy\" title=\"N\u00e5gon Ingen Inte n\u00e5gon Vad \u00e4r skillnaden?\" width=\"676\" height=\"380\" src=\"https:\/\/www.youtube.com\/embed\/Hh9mIGwBca8?feature=oembed\" frameborder=\"0\" allow=\"accelerometer; autoplay; clipboard-write; encrypted-media; gyroscope; picture-in-picture; web-share\" allowfullscreen><\/iframe><\/p>\n<p><strong>Lektion 3:<\/strong><\/p>\n<p>\u00d6vningsboken s. 78-80 &amp; 82-83<\/p>\n<p>Texboken s. 72-74J<\/p>\n<p>L\u00e4xa: \u00d6vningsboken s. 81 + 84-85<\/p>\n<p>Skriv: s. 74 och \/ eller s. 73:G<\/p>\n<p><strong>Lektion 2:\u00a0<\/strong><\/p>\n<p>\u00d6vningsboken: 73-77<\/p>\n<p>Textboken s. 68 + 70<\/p>\n<p>L\u00e4xa:<\/p>\n<p>\u00d6va p\u00e5 possessiva pronomen och objektspronomen p\u00e5 <a href=\"https:\/\/www.nok.se\">nok.se<\/a>!<\/p>\n<p>Lyssna och l\u00e4s texten p\u00e5 s. 70 igen och skriv 5-10 fr\u00e5gor. (s. 72:A)<\/p>\n<p>Exempel: Var f\u00f6ddes Alfred Nobel?<\/p>\n<p>N\u00e4r\u2026?<\/p>\n<p>Hur m\u00e5nga\u2026?<\/p>\n<p>Vad\u2026?<\/p>\n<p>&nbsp;<\/p>\n<p><iframe loading=\"lazy\" title=\"Preteritum - grammatik f\u00f6r sfi, verb\" width=\"676\" height=\"380\" src=\"https:\/\/www.youtube.com\/embed\/VoVjSL3Sb88?feature=oembed\" frameborder=\"0\" allow=\"accelerometer; autoplay; clipboard-write; encrypted-media; gyroscope; picture-in-picture; web-share\" allowfullscreen><\/iframe><\/p>\n<p><strong>Lektion 1:\u00a0<\/strong><\/p>\n<p>Textboken s. 64-68<\/p>\n<p>&nbsp;<\/p>\n<p><iframe loading=\"lazy\" title=\"sfigunilla Possessiva pronomen\" width=\"676\" height=\"507\" src=\"https:\/\/www.youtube.com\/embed\/m52e4BE39mw?feature=oembed\" frameborder=\"0\" allow=\"accelerometer; autoplay; clipboard-write; encrypted-media; gyroscope; picture-in-picture; web-share\" allowfullscreen><\/iframe><\/p>\n<p>&nbsp;<\/p>\n<p><strong>Skapa konto<\/strong> p\u00e5 Rivstarts webbsida! D\u00e4r kan du lyssna p\u00e5 texter och dialoger och tr\u00e4na p\u00e5 ord och grammatik.<\/p>\n<p>Skapa konto p\u00e5 <a href=\"https:\/\/www.nok.se\/\">nok.se<\/a> f\u00f6r extramaterial till Rivstart:<\/p>\n<p>&nbsp;<\/p>\n<p><a href=\"http:\/\/blogg.folkuniversitetet.nu\/winaas\/files\/2023\/10\/Rivstart-extramaterial-instruktion-juni-2021-1.pdf\">Instruktioner: Rivstart-extramaterial-instruktion-juni-2021<\/a><\/p>\n<p>&nbsp;<\/p>\n<p><strong>Hej och v\u00e4lkomna till kursen Svenska A1 del 2!<\/strong><\/p>\n<p>L\u00e4nk till 111689 Svenska A1 del 2, med start 24\/1 kl. 14.00<\/p>\n<p>https:\/\/folkuniversitetet-se.zoom.us\/j\/64758203067?pwd=WUxOVnozWkxOMHJRamVFQ2U3SlY0UT09<\/p>\n<p>M\u00f6tes-ID: 647 5820 3067<br \/>\nL\u00f6senord: 584198<\/p>\n","protected":false},"excerpt":{"rendered":"<p>&nbsp; Sista lektion i kursen: 28 februari: Lektion 15:\u00a0 Textboken: s.117-120 \u00d6vningsbok: s. 133 L\u00e4xa: Resten av sidorna i \u00d6vningsboken kapitel 10. \u00d6va p\u00e5 nok.se Kapitel 10 https:\/\/www.swedishnomad.com\/sv\/quiz-om-sverige\/ Lektion 14:\u00a0 Textboken s.113-116 \u00d6vningsboken s. 131 + 133 A L\u00e4xa: Lyssna \/ L\u00e4s texten s. 113-114 igen och skriv 2-4 fr\u00e5gor om det som st\u00e5r i [&hellip;]<\/p>\n","protected":false},"author":919,"featured_media":0,"parent":16,"menu_order":0,"comment_status":"closed","ping_status":"closed","template":"","meta":{"footnotes":""},"class_list":["post-217","page","type-page","status-publish","hentry","post-preview"],"_links":{"self":[{"href":"https:\/\/blogg.folkuniversitetet.nu\/winaas\/wp-json\/wp\/v2\/pages\/217","targetHints":{"allow":["GET"]}}],"collection":[{"href":"https:\/\/blogg.folkuniversitetet.nu\/winaas\/wp-json\/wp\/v2\/pages"}],"about":[{"href":"https:\/\/blogg.folkuniversitetet.nu\/winaas\/wp-json\/wp\/v2\/types\/page"}],"author":[{"embeddable":true,"href":"https:\/\/blogg.folkuniversitetet.nu\/winaas\/wp-json\/wp\/v2\/users\/919"}],"replies":[{"embeddable":true,"href":"https:\/\/blogg.folkuniversitetet.nu\/winaas\/wp-json\/wp\/v2\/comments?post=217"}],"version-history":[{"count":26,"href":"https:\/\/blogg.folkuniversitetet.nu\/winaas\/wp-json\/wp\/v2\/pages\/217\/revisions"}],"predecessor-version":[{"id":264,"href":"https:\/\/blogg.folkuniversitetet.nu\/winaas\/wp-json\/wp\/v2\/pages\/217\/revisions\/264"}],"up":[{"embeddable":true,"href":"https:\/\/blogg.folkuniversitetet.nu\/winaas\/wp-json\/wp\/v2\/pages\/16"}],"wp:attachment":[{"href":"https:\/\/blogg.folkuniversitetet.nu\/winaas\/wp-json\/wp\/v2\/media?parent=217"}],"curies":[{"name":"wp","href":"https:\/\/api.w.org\/{rel}","templated":true}]}}