{"id":20,"date":"2023-09-29T12:55:44","date_gmt":"2023-09-29T11:55:44","guid":{"rendered":"https:\/\/blogg.folkuniversitetet.nu\/winaas\/?page_id=20"},"modified":"2023-11-13T16:02:17","modified_gmt":"2023-11-13T15:02:17","slug":"rivstart","status":"publish","type":"page","link":"https:\/\/blogg.folkuniversitetet.nu\/winaas\/rivstart\/","title":{"rendered":"Rivstart"},"content":{"rendered":"<p>P\u00e5<a href=\"https:\/\/www.nok.se\/laromedel\/serier\/Rivstart\/\"> Rivstarts webbsida<\/a> hittar du bland annat facit, ljudfiler och \u00f6vningar.<\/p>\n<p>Skapa konto p\u00e5 nok.se f\u00f6r extramaterial till Rivstart: <a href=\"http:\/\/blogg.folkuniversitetet.nu\/winaas\/files\/2023\/10\/Rivstart-extramaterial-instruktion-juni-2021.pdf\">Rivstart-extramaterial-instruktion-juni-2021<\/a> <a href=\"http:\/\/blogg.folkuniversitetet.nu\/winaas\/files\/2023\/10\/Rivstart-extramaterial-instruktion-juni-2021-1.pdf\">Rivstart-extramaterial-instruktion-juni-2021<\/a><\/p>\n<p>&nbsp;<\/p>\n<p><img loading=\"lazy\" decoding=\"async\" class=\"\" src=\"http:\/\/blogg.folkuniversitetet.nu\/wanefr\/files\/2022\/09\/Skarmavbild-2022-09-08-kl.-10.10.36-300x170.png\" width=\"222\" height=\"126\" \/><img loading=\"lazy\" decoding=\"async\" class=\"\" src=\"http:\/\/blogg.folkuniversitetet.nu\/wanefr\/files\/2022\/09\/Skarmavbild-2022-09-08-kl.-10.10.18-300x172.png\" width=\"237\" height=\"136\" \/><img loading=\"lazy\" decoding=\"async\" class=\"\" src=\"http:\/\/blogg.folkuniversitetet.nu\/wanefr\/files\/2022\/09\/Skarmavbild-2022-09-08-kl.-10.11.00-300x169.png\" width=\"238\" height=\"134\" \/><\/p>\n<p>&nbsp;<\/p>\n<p>OBS! i A1 och A2 anv\u00e4nds den nya upplagan:<\/p>\n<p>&nbsp;<\/p>\n<p><img decoding=\"async\" src=\"https:\/\/www.nok.se\/imagevault\/publishedmedia\/gzecrvy87i7grzygeygt\/9789127462342.jpg\" alt=\"Rivstart A1\/A2 Textbok, tredje upplagan\" \/><\/p>\n<p>&nbsp;<\/p>\n<p><img decoding=\"async\" src=\"https:\/\/libris.to\/media\/jacket\/43749364_rivstart-a1-a2-3rd-ed.jpg\" alt=\"Livro Rivstart A1\/A2, 3rd ed \" \/><\/p>\n","protected":false},"excerpt":{"rendered":"<p>P\u00e5 Rivstarts webbsida hittar du bland annat facit, ljudfiler och \u00f6vningar. Skapa konto p\u00e5 nok.se f\u00f6r extramaterial till Rivstart: Rivstart-extramaterial-instruktion-juni-2021 Rivstart-extramaterial-instruktion-juni-2021 &nbsp; &nbsp; OBS! i A1 och A2 anv\u00e4nds den nya upplagan: &nbsp; &nbsp;<\/p>\n","protected":false},"author":919,"featured_media":0,"parent":0,"menu_order":0,"comment_status":"closed","ping_status":"closed","template":"","meta":{"footnotes":""},"class_list":["post-20","page","type-page","status-publish","hentry","post-preview"],"_links":{"self":[{"href":"https:\/\/blogg.folkuniversitetet.nu\/winaas\/wp-json\/wp\/v2\/pages\/20","targetHints":{"allow":["GET"]}}],"collection":[{"href":"https:\/\/blogg.folkuniversitetet.nu\/winaas\/wp-json\/wp\/v2\/pages"}],"about":[{"href":"https:\/\/blogg.folkuniversitetet.nu\/winaas\/wp-json\/wp\/v2\/types\/page"}],"author":[{"embeddable":true,"href":"https:\/\/blogg.folkuniversitetet.nu\/winaas\/wp-json\/wp\/v2\/users\/919"}],"replies":[{"embeddable":true,"href":"https:\/\/blogg.folkuniversitetet.nu\/winaas\/wp-json\/wp\/v2\/comments?post=20"}],"version-history":[{"count":6,"href":"https:\/\/blogg.folkuniversitetet.nu\/winaas\/wp-json\/wp\/v2\/pages\/20\/revisions"}],"predecessor-version":[{"id":125,"href":"https:\/\/blogg.folkuniversitetet.nu\/winaas\/wp-json\/wp\/v2\/pages\/20\/revisions\/125"}],"wp:attachment":[{"href":"https:\/\/blogg.folkuniversitetet.nu\/winaas\/wp-json\/wp\/v2\/media?parent=20"}],"curies":[{"name":"wp","href":"https:\/\/api.w.org\/{rel}","templated":true}]}}