{"id":18,"date":"2023-09-29T12:55:28","date_gmt":"2023-09-29T11:55:28","guid":{"rendered":"https:\/\/blogg.folkuniversitetet.nu\/winaas\/?page_id=18"},"modified":"2024-06-27T09:40:18","modified_gmt":"2024-06-27T08:40:18","slug":"om-mig","status":"publish","type":"page","link":"https:\/\/blogg.folkuniversitetet.nu\/winaas\/om-mig\/","title":{"rendered":"Om mig"},"content":{"rendered":"<p>Hej!<\/p>\n<p>Jag heter allts\u00e5 \u00c5sa, och undervisar i svenska som fr\u00e4mmande spr\u00e5k p\u00e5 Folkuniversitetet. Spr\u00e5k \u00e4r bland det roligaste jag vet. Man kan n\u00e4stan s\u00e4ga att jag ser livet som en spr\u00e5kresa, som har f\u00f6rt mig till flera olika l\u00e4nder d\u00e4r jag bott och jobbat eller studerat och l\u00e4rt mig flera olika spr\u00e5k.<\/p>\n<p>Nu bor jag i Portugal och undervisar bland annat svenska (mitt favoritspr\u00e5k) p\u00e5 distans. N\u00e4r jag inte sitter vid sk\u00e4rmen och pratar svenska med alla trevliga elever som jag har f\u00f6rm\u00e5nen att f\u00e5 l\u00e4ra k\u00e4nna, \u00e4r jag ofta ute p\u00e5 l\u00e5nga promenader i skogen eller g\u00e5r l\u00e4ngs havet med mina hundar. Jag tycker ocks\u00e5 om att lyssna p\u00e5 b\u00f6cker.<\/p>\n<p>F\u00f6rutom att jag \u00e4r spr\u00e5kl\u00e4rare \u00e4r jag ocks\u00e5 mamma till tv\u00e5 tjejer samt matte till tv\u00e5 hundar och fyra katter.<\/p>\n<p>S\u00e5 h\u00e4r ser jag ut, ungef\u00e4r:<\/p>\n<p><a href=\"http:\/\/blogg.folkuniversitetet.nu\/winaas\/files\/2023\/09\/23905207_10155483013393183_9074128650645921835_n.jpg\"><img loading=\"lazy\" decoding=\"async\" class=\"alignnone size-medium wp-image-66\" src=\"http:\/\/blogg.folkuniversitetet.nu\/winaas\/files\/2023\/09\/23905207_10155483013393183_9074128650645921835_n-300x300.jpg\" alt=\"\" width=\"300\" height=\"300\" srcset=\"https:\/\/blogg.folkuniversitetet.nu\/winaas\/files\/2023\/09\/23905207_10155483013393183_9074128650645921835_n-300x300.jpg 300w, https:\/\/blogg.folkuniversitetet.nu\/winaas\/files\/2023\/09\/23905207_10155483013393183_9074128650645921835_n-150x150.jpg 150w, https:\/\/blogg.folkuniversitetet.nu\/winaas\/files\/2023\/09\/23905207_10155483013393183_9074128650645921835_n.jpg 500w\" sizes=\"auto, (max-width: 300px) 100vw, 300px\" \/><\/a><\/p>\n<p>Det var lite om mig. Jag ser fram emot att l\u00e4ra k\u00e4nna dig p\u00e5 kursen!<\/p>\n","protected":false},"excerpt":{"rendered":"<p>Hej! Jag heter allts\u00e5 \u00c5sa, och undervisar i svenska som fr\u00e4mmande spr\u00e5k p\u00e5 Folkuniversitetet. Spr\u00e5k \u00e4r bland det roligaste jag vet. Man kan n\u00e4stan s\u00e4ga att jag ser livet som en spr\u00e5kresa, som har f\u00f6rt mig till flera olika l\u00e4nder d\u00e4r jag bott och jobbat eller studerat och l\u00e4rt mig flera olika spr\u00e5k. Nu bor [&hellip;]<\/p>\n","protected":false},"author":919,"featured_media":0,"parent":0,"menu_order":0,"comment_status":"closed","ping_status":"closed","template":"","meta":{"footnotes":""},"class_list":["post-18","page","type-page","status-publish","hentry","post-preview"],"_links":{"self":[{"href":"https:\/\/blogg.folkuniversitetet.nu\/winaas\/wp-json\/wp\/v2\/pages\/18","targetHints":{"allow":["GET"]}}],"collection":[{"href":"https:\/\/blogg.folkuniversitetet.nu\/winaas\/wp-json\/wp\/v2\/pages"}],"about":[{"href":"https:\/\/blogg.folkuniversitetet.nu\/winaas\/wp-json\/wp\/v2\/types\/page"}],"author":[{"embeddable":true,"href":"https:\/\/blogg.folkuniversitetet.nu\/winaas\/wp-json\/wp\/v2\/users\/919"}],"replies":[{"embeddable":true,"href":"https:\/\/blogg.folkuniversitetet.nu\/winaas\/wp-json\/wp\/v2\/comments?post=18"}],"version-history":[{"count":8,"href":"https:\/\/blogg.folkuniversitetet.nu\/winaas\/wp-json\/wp\/v2\/pages\/18\/revisions"}],"predecessor-version":[{"id":418,"href":"https:\/\/blogg.folkuniversitetet.nu\/winaas\/wp-json\/wp\/v2\/pages\/18\/revisions\/418"}],"wp:attachment":[{"href":"https:\/\/blogg.folkuniversitetet.nu\/winaas\/wp-json\/wp\/v2\/media?parent=18"}],"curies":[{"name":"wp","href":"https:\/\/api.w.org\/{rel}","templated":true}]}}