{"id":137,"date":"2023-11-26T17:33:00","date_gmt":"2023-11-26T16:33:00","guid":{"rendered":"https:\/\/blogg.folkuniversitetet.nu\/winaas\/?page_id=137"},"modified":"2024-01-11T09:00:35","modified_gmt":"2024-01-11T08:00:35","slug":"a1-1-105608","status":"publish","type":"page","link":"https:\/\/blogg.folkuniversitetet.nu\/winaas\/kurser\/a1-1-105608\/","title":{"rendered":"A1.1 (105608)"},"content":{"rendered":"<p><strong>Vi ses ocks\u00e5 imorgon torsdag (11\/1) kl 14 i 30-40 minuter!<\/strong><\/p>\n<p>&nbsp;<\/p>\n<p>N\u00e4sta kurs:<\/p>\n<p>https:\/\/www.folkuniversitetet.se\/kurser-utbildningar\/sprak\/svenskaswedish\/svenska-a1\/svenska-a1-tva-tre-dagar-i-veckan\/distans\/29124\/<\/p>\n<p><strong>Lektion 15:\u00a0<\/strong><\/p>\n<p>Textboken s. 61-62<\/p>\n<p>\u00d6vningsboken s.65-68<\/p>\n<p>&nbsp;<\/p>\n<p><iframe loading=\"lazy\" title=\"Min dag \u23f0 - nutid och d\u00e5tid \ud83c\udf1e\ud83c\udf1b\" width=\"676\" height=\"507\" src=\"https:\/\/www.youtube.com\/embed\/Z3J7aqe8hI8?feature=oembed\" frameborder=\"0\" allow=\"accelerometer; autoplay; clipboard-write; encrypted-media; gyroscope; picture-in-picture; web-share\" allowfullscreen><\/iframe><\/p>\n<p><strong>Lektion 14:\u00a0<\/strong><\/p>\n<p>Textboken: s. 57-60<\/p>\n<p>\u00d6vningsboken s. 60-63<\/p>\n<p>L\u00e4xa: \u00d6vningsboken s 57-59 + 67:7<\/p>\n<p><strong>Lektion 13:\u00a0<\/strong><\/p>\n<p>Textboken s. 51-56<\/p>\n<p>&nbsp;<\/p>\n<p>L\u00e4xa:<\/p>\n<p>Lyssna (nok.se) p\u00e5 dialogerna (s.54) och \u00f6va uttal!<\/p>\n<p>Textboken: s.57:C<\/p>\n<p>L\u00e4s texterna p\u00e5 s. 56 igen och g\u00f6r en lista \u00f6ver substantiv. En \/ett? Singular \/ plural?<\/p>\n<p>Exempel:<\/p>\n<p>kompisar: en kompis, plural kompisar<\/p>\n<p>chips: ett chips, plural chips<\/p>\n<p><iframe loading=\"lazy\" title=\"Fr\u00e5gor med exempelsvar - Tema Fritid\" width=\"676\" height=\"507\" src=\"https:\/\/www.youtube.com\/embed\/CpQmpouANdw?feature=oembed\" frameborder=\"0\" allow=\"accelerometer; autoplay; clipboard-write; encrypted-media; gyroscope; picture-in-picture; web-share\" allowfullscreen><\/iframe><\/p>\n<p>OBS. Kursens sista lektion \u00e4r den 10\/1. N\u00e4sta kurs b\u00f6rjar den 15\/1. Hoppas du vill forts\u00e4tta!<\/p>\n<p>https:\/\/www.folkuniversitetet.se\/kurser-utbildningar\/sprak\/svenskaswedish\/svenska-a1\/svenska-a1-tva-tre-dagar-i-veckan\/distans\/29124\/<\/p>\n<p><strong>Lektion 12:<\/strong><\/p>\n<p>&nbsp;<\/p>\n<p>Textboken: s.48 &amp; 50 + 51D<\/p>\n<p>\u00d6vningsboken: s.51-53<\/p>\n<p>&nbsp;<\/p>\n<p>L\u00e4xa: \u00d6vningsboken s.54-56<\/p>\n<p>&nbsp;<\/p>\n<p><strong>Vi ses den 3\/1 2024!<\/strong><\/p>\n<p><img decoding=\"async\" src=\"https:\/\/images.svenskalag.se\/bf9bb563-c597-4d5f-8463-0a1b103bd4b1\/god-jul-och-gott-nytt-ar.jpg?1\" alt=\"God Jul och Gott Nytt \u00c5r \/ Sandvikens AIK Innebandy ...\" \/><\/p>\n<p><strong>Lektion 11:\u00a0<\/strong><\/p>\n<p>&nbsp;<\/p>\n<p>\u00d6vningsboken s.48-50<br \/>\nTextboken s. 46-47 + 49<\/p>\n<p>&nbsp;<\/p>\n<p>L\u00e4xa: \u00d6vningsboken s.52:8 &amp; 53:9<\/p>\n<p>Vill du skriva? Skriv: Textboken s.53<\/p>\n<p>&nbsp;<\/p>\n<p>Lyssna &amp; \u00f6va p\u00e5 kapitel 1-4 p\u00e5 nok.se<\/p>\n<p>&nbsp;<\/p>\n<p><iframe loading=\"lazy\" title=\"sfigunilla Dialoger i mataff\u00e4ren Kurs AB\" width=\"676\" height=\"380\" src=\"https:\/\/www.youtube.com\/embed\/B6GGHolT5Ew?feature=oembed\" frameborder=\"0\" allow=\"accelerometer; autoplay; clipboard-write; encrypted-media; gyroscope; picture-in-picture; web-share\" allowfullscreen><\/iframe><\/p>\n<p><iframe loading=\"lazy\" title=\"Julen.  SFI B C D kurs\" width=\"676\" height=\"507\" src=\"https:\/\/www.youtube.com\/embed\/TjsPebqmazM?feature=oembed\" frameborder=\"0\" allow=\"accelerometer; autoplay; clipboard-write; encrypted-media; gyroscope; picture-in-picture; web-share\" allowfullscreen><\/iframe><\/p>\n<p><iframe loading=\"lazy\" title=\"Ord och meningar om julen och vintern\" width=\"676\" height=\"507\" src=\"https:\/\/www.youtube.com\/embed\/6kV5pjVDJuE?feature=oembed\" frameborder=\"0\" allow=\"accelerometer; autoplay; clipboard-write; encrypted-media; gyroscope; picture-in-picture; web-share\" allowfullscreen><\/iframe><\/p>\n<p>&nbsp;<\/p>\n<p><strong>Lektion 10:<\/strong><\/p>\n<p>&nbsp;<\/p>\n<p>Textboken: s. 43-46:D<\/p>\n<p>\u00d6vningsboken: s.42-47<\/p>\n<p>&nbsp;<\/p>\n<p>https:\/\/urplay.se\/program\/201723-svenska-for-alla-sa-bestaller-du-en-fika-pa-ett-cafe<\/p>\n<p>https:\/\/urplay.se\/program\/201724-svenska-for-alla-fika-ordlista<\/p>\n<p>&nbsp;<\/p>\n<p><iframe loading=\"lazy\" title=\"Enkla exempel med hj\u00e4lpverb + infinitiv | Snabba tips | Svenska spr\u00e5ket\" width=\"676\" height=\"380\" src=\"https:\/\/www.youtube.com\/embed\/J5G8hHYjT4g?feature=oembed\" frameborder=\"0\" allow=\"accelerometer; autoplay; clipboard-write; encrypted-media; gyroscope; picture-in-picture; web-share\" allowfullscreen><\/iframe><\/p>\n<p>&nbsp;<\/p>\n<p><strong>Lektion 9:\u00a0<\/strong><\/p>\n<p>\u00d6vningsboken s.34-39<\/p>\n<p>Textboken s. 40-42<\/p>\n<p>&nbsp;<\/p>\n<p>L\u00e4xa: \u00d6vningsboken s. 40-41<\/p>\n<p><iframe loading=\"lazy\" title=\"GRAMMATIK - hj\u00e4lpverben ska, m\u00e5ste, kan, vill\" width=\"676\" height=\"507\" src=\"https:\/\/www.youtube.com\/embed\/d1LZLwqR__8?feature=oembed\" frameborder=\"0\" allow=\"accelerometer; autoplay; clipboard-write; encrypted-media; gyroscope; picture-in-picture; web-share\" allowfullscreen><\/iframe><\/p>\n<p>&nbsp;<\/p>\n<p><strong>Lektion 8:\u00a0<\/strong><\/p>\n<p>Textboken: s. 38-40<\/p>\n<p>\u00d6vningsboken: s. 29-33 + s.37:10 (Prepositioner)<\/p>\n<p>L\u00e4xa: Framstegstest 1: Kapitel 1-3 (Framsteg = progress) Testet \u00e4r till gamla boken, men fungerar f\u00f6r oss ocks\u00e5. Jag mejlar.<\/p>\n<p>Om advent och lucia:<\/p>\n<p><iframe loading=\"lazy\" title=\"Sfi, kurs A, kurs B, kurs C, kurs D, jul, advent, lucia, julklappar, adventskalender, julgran,\" width=\"676\" height=\"507\" src=\"https:\/\/www.youtube.com\/embed\/g80d0WYM6kc?feature=oembed\" frameborder=\"0\" allow=\"accelerometer; autoplay; clipboard-write; encrypted-media; gyroscope; picture-in-picture; web-share\" allowfullscreen><\/iframe><\/p>\n<p><iframe loading=\"lazy\" title=\"Lucias\u00e5ngen, Natten g\u00e5r tunga fj\u00e4t (Text+Translation)\" width=\"676\" height=\"507\" src=\"https:\/\/www.youtube.com\/embed\/7P7UMQAWzAE?feature=oembed\" frameborder=\"0\" allow=\"accelerometer; autoplay; clipboard-write; encrypted-media; gyroscope; picture-in-picture; web-share\" allowfullscreen><\/iframe><\/p>\n<p><strong>Lektion 7:<\/strong><\/p>\n<p>\u00d6vningsboken s. 28<\/p>\n<p>Textboken s. 34-37<\/p>\n<p>Skriv en text om din dag (en normal dag i ditt liv)<\/p>\n<p><iframe loading=\"lazy\" title=\"SFI A - En vanlig dag\" width=\"676\" height=\"380\" src=\"https:\/\/www.youtube.com\/embed\/1k93iU-NV_I?feature=oembed\" frameborder=\"0\" allow=\"accelerometer; autoplay; clipboard-write; encrypted-media; gyroscope; picture-in-picture; web-share\" allowfullscreen><\/iframe><\/p>\n<p><strong>Lektion 6:<\/strong><\/p>\n<p>Textboken s. 29-33<\/p>\n<p>\u00d6vningsboken s.26-27<\/p>\n<p>L\u00e4xa: \u00d6va p\u00e5 siffror och klockan + fr\u00e5gor med &#8221;vad &#8230; f\u00f6r&#8221;p\u00e5 nok.se (kapitel 3) + skriv (se Lektion 5)<\/p>\n<p>\u00d6vningsboken s.28:4 &#8211; Klockan<\/p>\n<p>&nbsp;<\/p>\n<p>https:\/\/youtu.be\/-CWCXEd3m20<\/p>\n<p>&nbsp;<\/p>\n<p><iframe loading=\"lazy\" title=\"Klockan p\u00e5 svenska\" width=\"676\" height=\"380\" src=\"https:\/\/www.youtube.com\/embed\/4EhwqKyNGRg?feature=oembed\" frameborder=\"0\" allow=\"accelerometer; autoplay; clipboard-write; encrypted-media; gyroscope; picture-in-picture; web-share\" allowfullscreen><\/iframe><\/p>\n<p><strong>Lektion 5<\/strong><\/p>\n<p>&nbsp;<\/p>\n<p>\u00d6vningsboken s. 21-22 + 23A<\/p>\n<p>Textboken: s.25 -29 (Vi l\u00e4ser dialogerna imorgon ocks\u00e5)<\/p>\n<p>&nbsp;<\/p>\n<p>L\u00e4xa: \u00d6vningsboken s.23B + 24-25<\/p>\n<p>Textboken: s.27<\/p>\n<p>L\u00e4xa: Skriv: s. 26TB (till m\u00e5ndag)<\/p>\n<p>&nbsp;<\/p>\n<p>&nbsp;<\/p>\n<p><strong>Lektion 4<\/strong><\/p>\n<p><strong>OBS! Vi ses 14.30 p\u00e5 onsdag! (This Wednesday only: 14.30)\u00a0<\/strong><\/p>\n<p>Textboken s.22-23<\/p>\n<p>\u00d6vningsboken s. 15-20<\/p>\n<p>&nbsp;<\/p>\n<p>https:\/\/www.youtube.com\/watch?v=8uQfj4lmt7M<\/p>\n<p>&nbsp;<\/p>\n<p><iframe loading=\"lazy\" title=\"Grammatik - Genus en eller ett? 300 substantiv -  A1-niv\u00e5n - Svenska med Marie\" width=\"676\" height=\"380\" src=\"https:\/\/www.youtube.com\/embed\/q3_WtRhgHjc?start=1333&#038;feature=oembed\" frameborder=\"0\" allow=\"accelerometer; autoplay; clipboard-write; encrypted-media; gyroscope; picture-in-picture; web-share\" allowfullscreen><\/iframe><\/p>\n<p>&nbsp;<\/p>\n<p><strong>Lektion 3 (30\/11)<\/strong><\/p>\n<p>Textboken s.18 &#8211; 21<\/p>\n<p>&nbsp;<\/p>\n<p>L\u00e4xa: (Homework)<\/p>\n<p>Skriv: s. 17 TB (till m\u00e5ndag)<\/p>\n<p>Lyssna och \u00f6va (\u00f6vningar online) kapitel 1 p\u00e5 nok.se<\/p>\n<p>\u00d6vningsboken s.13-14<\/p>\n<p>&nbsp;<\/p>\n<p><iframe loading=\"lazy\" title=\"Sfi dialog: H\u00e4lsa och fr\u00e5ga\" width=\"676\" height=\"380\" src=\"https:\/\/www.youtube.com\/embed\/-bKfy0Ig_go?feature=oembed\" frameborder=\"0\" allow=\"accelerometer; autoplay; clipboard-write; encrypted-media; gyroscope; picture-in-picture; web-share\" allowfullscreen><\/iframe><\/p>\n<p>&nbsp;<\/p>\n<p><iframe loading=\"lazy\" title=\"Hur m\u00e5r du? (sfi)\" width=\"676\" height=\"380\" src=\"https:\/\/www.youtube.com\/embed\/VK7_w_yYvVc?feature=oembed\" frameborder=\"0\" allow=\"accelerometer; autoplay; clipboard-write; encrypted-media; gyroscope; picture-in-picture; web-share\" allowfullscreen><\/iframe><\/p>\n<p>&nbsp;<\/p>\n<p><iframe loading=\"lazy\" title=\"Sfi A\/B: Familj - ord\" width=\"676\" height=\"507\" src=\"https:\/\/www.youtube.com\/embed\/Z736Oq2pHAU?feature=oembed\" frameborder=\"0\" allow=\"accelerometer; autoplay; clipboard-write; encrypted-media; gyroscope; picture-in-picture; web-share\" allowfullscreen><\/iframe><\/p>\n<p>&nbsp;<\/p>\n<p><b>Lektion 2<\/b><\/p>\n<p>Textboken: s. 14-17<\/p>\n<p>\u00d6vningsboken: s.6 -12<\/p>\n<p>L\u00e4xa: Skriv: s. 17 TB (till m\u00e5ndag)<\/p>\n<p>&nbsp;<\/p>\n<p><strong>Lektion 1:<\/strong><\/p>\n<p><strong>(M\u00e5ndag 27\/11)\u00a0<\/strong><\/p>\n<p>&nbsp;<\/p>\n<p>Textbok: s. 8-14F (sida = page = s.)<\/p>\n<p>L\u00e4xa: (Homework): Skapa konto p\u00e5 nok.se f\u00f6r extramaterial till Rivstart A1+A2 (se l\u00e4nk under \u201dRivstart h\u00e4r p\u00e5 bloggen)<\/p>\n<p>Lyssna p\u00e5 dialogerna och s\u00e4g efter!<\/p>\n<p>Fr\u00e5gor? Mejla! (e-mail!) asa.winald@folkuniversitetet.se<\/p>\n<p>Hej och v\u00e4lkommen till Sverige<\/p>\n<p>https:\/\/www.youtube.com\/watch?v=VVADDCIFi_<\/p>\n<p>https:\/\/www.youtube.com\/watch?v=VVADDCIFi_o<\/p>\n<p>&nbsp;<\/p>\n<p>Vi ses p\u00e5 onsdag!<\/p>\n","protected":false},"excerpt":{"rendered":"<p>Vi ses ocks\u00e5 imorgon torsdag (11\/1) kl 14 i 30-40 minuter! &nbsp; N\u00e4sta kurs: https:\/\/www.folkuniversitetet.se\/kurser-utbildningar\/sprak\/svenskaswedish\/svenska-a1\/svenska-a1-tva-tre-dagar-i-veckan\/distans\/29124\/ Lektion 15:\u00a0 Textboken s. 61-62 \u00d6vningsboken s.65-68 &nbsp; Lektion 14:\u00a0 Textboken: s. 57-60 \u00d6vningsboken s. 60-63 L\u00e4xa: \u00d6vningsboken s 57-59 + 67:7 Lektion 13:\u00a0 Textboken s. 51-56 &nbsp; L\u00e4xa: Lyssna (nok.se) p\u00e5 dialogerna (s.54) och \u00f6va uttal! Textboken: s.57:C L\u00e4s [&hellip;]<\/p>\n","protected":false},"author":919,"featured_media":0,"parent":16,"menu_order":0,"comment_status":"closed","ping_status":"closed","template":"","meta":{"footnotes":""},"class_list":["post-137","page","type-page","status-publish","hentry","post-preview"],"_links":{"self":[{"href":"https:\/\/blogg.folkuniversitetet.nu\/winaas\/wp-json\/wp\/v2\/pages\/137","targetHints":{"allow":["GET"]}}],"collection":[{"href":"https:\/\/blogg.folkuniversitetet.nu\/winaas\/wp-json\/wp\/v2\/pages"}],"about":[{"href":"https:\/\/blogg.folkuniversitetet.nu\/winaas\/wp-json\/wp\/v2\/types\/page"}],"author":[{"embeddable":true,"href":"https:\/\/blogg.folkuniversitetet.nu\/winaas\/wp-json\/wp\/v2\/users\/919"}],"replies":[{"embeddable":true,"href":"https:\/\/blogg.folkuniversitetet.nu\/winaas\/wp-json\/wp\/v2\/comments?post=137"}],"version-history":[{"count":31,"href":"https:\/\/blogg.folkuniversitetet.nu\/winaas\/wp-json\/wp\/v2\/pages\/137\/revisions"}],"predecessor-version":[{"id":210,"href":"https:\/\/blogg.folkuniversitetet.nu\/winaas\/wp-json\/wp\/v2\/pages\/137\/revisions\/210"}],"up":[{"embeddable":true,"href":"https:\/\/blogg.folkuniversitetet.nu\/winaas\/wp-json\/wp\/v2\/pages\/16"}],"wp:attachment":[{"href":"https:\/\/blogg.folkuniversitetet.nu\/winaas\/wp-json\/wp\/v2\/media?parent=137"}],"curies":[{"name":"wp","href":"https:\/\/api.w.org\/{rel}","templated":true}]}}