{"id":50,"date":"2022-09-08T09:38:03","date_gmt":"2022-09-08T07:38:03","guid":{"rendered":"https:\/\/blogg.folkuniversitetet.nu\/wanefr\/?page_id=50"},"modified":"2024-08-29T13:28:18","modified_gmt":"2024-08-29T11:28:18","slug":"nivaer","status":"publish","type":"page","link":"https:\/\/blogg.folkuniversitetet.nu\/wanefr\/nivaer\/","title":{"rendered":"Niv\u00e5er"},"content":{"rendered":"<p>Vilken niv\u00e5 ska jag v\u00e4lja? G\u00f6r Folkuniversitetets <a href=\"https:\/\/www.folkuniversitetet.se\/mer-om-sprak\/vilken-niva-ska-jag-valja\/\">spr\u00e5ktest<\/a>!<\/p>\n<p>GERS\/CCFR<\/p>\n<p><a href=\"http:\/\/blogg.folkuniversitetet.nu\/wanefr\/files\/2024\/08\/Skarmavbild-2024-08-29-kl.-13.25.03.png\"><img loading=\"lazy\" decoding=\"async\" class=\"alignnone  wp-image-1682\" src=\"http:\/\/blogg.folkuniversitetet.nu\/wanefr\/files\/2024\/08\/Skarmavbild-2024-08-29-kl.-13.25.03-300x155.png\" alt=\"\" width=\"625\" height=\"325\" \/><\/a><\/p>\n<p><a href=\"http:\/\/blogg.folkuniversitetet.nu\/wanefr\/files\/2024\/08\/Skarmavbild-2024-08-29-kl.-13.25.22.png\"><img loading=\"lazy\" decoding=\"async\" class=\"alignnone  wp-image-1683\" src=\"http:\/\/blogg.folkuniversitetet.nu\/wanefr\/files\/2024\/08\/Skarmavbild-2024-08-29-kl.-13.25.22-300x174.png\" alt=\"\" width=\"603\" height=\"350\" srcset=\"https:\/\/blogg.folkuniversitetet.nu\/wanefr\/files\/2024\/08\/Skarmavbild-2024-08-29-kl.-13.25.22-300x174.png 300w, https:\/\/blogg.folkuniversitetet.nu\/wanefr\/files\/2024\/08\/Skarmavbild-2024-08-29-kl.-13.25.22-1024x594.png 1024w, https:\/\/blogg.folkuniversitetet.nu\/wanefr\/files\/2024\/08\/Skarmavbild-2024-08-29-kl.-13.25.22-768x445.png 768w, https:\/\/blogg.folkuniversitetet.nu\/wanefr\/files\/2024\/08\/Skarmavbild-2024-08-29-kl.-13.25.22-1536x891.png 1536w, https:\/\/blogg.folkuniversitetet.nu\/wanefr\/files\/2024\/08\/Skarmavbild-2024-08-29-kl.-13.25.22-676x392.png 676w, https:\/\/blogg.folkuniversitetet.nu\/wanefr\/files\/2024\/08\/Skarmavbild-2024-08-29-kl.-13.25.22.png 1600w\" sizes=\"auto, (max-width: 603px) 100vw, 603px\" \/><\/a><\/p>\n<p>&nbsp;<\/p>\n","protected":false},"excerpt":{"rendered":"<p>Vilken niv\u00e5 ska jag v\u00e4lja? G\u00f6r Folkuniversitetets spr\u00e5ktest! GERS\/CCFR &nbsp;<\/p>\n","protected":false},"author":883,"featured_media":52,"parent":0,"menu_order":0,"comment_status":"closed","ping_status":"closed","template":"","meta":{"footnotes":""},"class_list":["post-50","page","type-page","status-publish","has-post-thumbnail","hentry","post-preview"],"_links":{"self":[{"href":"https:\/\/blogg.folkuniversitetet.nu\/wanefr\/wp-json\/wp\/v2\/pages\/50","targetHints":{"allow":["GET"]}}],"collection":[{"href":"https:\/\/blogg.folkuniversitetet.nu\/wanefr\/wp-json\/wp\/v2\/pages"}],"about":[{"href":"https:\/\/blogg.folkuniversitetet.nu\/wanefr\/wp-json\/wp\/v2\/types\/page"}],"author":[{"embeddable":true,"href":"https:\/\/blogg.folkuniversitetet.nu\/wanefr\/wp-json\/wp\/v2\/users\/883"}],"replies":[{"embeddable":true,"href":"https:\/\/blogg.folkuniversitetet.nu\/wanefr\/wp-json\/wp\/v2\/comments?post=50"}],"version-history":[{"count":6,"href":"https:\/\/blogg.folkuniversitetet.nu\/wanefr\/wp-json\/wp\/v2\/pages\/50\/revisions"}],"predecessor-version":[{"id":1686,"href":"https:\/\/blogg.folkuniversitetet.nu\/wanefr\/wp-json\/wp\/v2\/pages\/50\/revisions\/1686"}],"wp:featuredmedia":[{"embeddable":true,"href":"https:\/\/blogg.folkuniversitetet.nu\/wanefr\/wp-json\/wp\/v2\/media\/52"}],"wp:attachment":[{"href":"https:\/\/blogg.folkuniversitetet.nu\/wanefr\/wp-json\/wp\/v2\/media?parent=50"}],"curies":[{"name":"wp","href":"https:\/\/api.w.org\/{rel}","templated":true}]}}