{"id":13,"date":"2025-10-14T13:08:01","date_gmt":"2025-10-14T12:08:01","guid":{"rendered":"https:\/\/blogg.folkuniversitetet.nu\/vonoan\/?page_id=13"},"modified":"2026-04-13T07:51:28","modified_gmt":"2026-04-13T06:51:28","slug":"vem-ar-andia","status":"publish","type":"page","link":"https:\/\/blogg.folkuniversitetet.nu\/vonoan\/vem-ar-andia\/","title":{"rendered":"Vem \u00e4r Andia?"},"content":{"rendered":"<p><span style=\"font-weight: 400\">\u00a0Jag heter Andia von Oelreich och bor med min man, dotter och v\u00e5r katt p\u00e5 Liding\u00f6. H\u00e4r kommer en gullig bild p\u00e5 v\u00e5r lilla fluffiga katt, visst ser hon ut som Garfield?<\/span><\/p>\n<p><a href=\"http:\/\/blogg.folkuniversitetet.nu\/vonoan\/files\/2025\/10\/22787AD9-C2A1-4639-B053-3167F89E38ED.jpg\"><img loading=\"lazy\" decoding=\"async\" class=\"alignnone size-medium wp-image-70\" src=\"http:\/\/blogg.folkuniversitetet.nu\/vonoan\/files\/2025\/10\/22787AD9-C2A1-4639-B053-3167F89E38ED-186x300.jpg\" alt=\"\" width=\"186\" height=\"300\" srcset=\"https:\/\/blogg.folkuniversitetet.nu\/vonoan\/files\/2025\/10\/22787AD9-C2A1-4639-B053-3167F89E38ED-186x300.jpg 186w, https:\/\/blogg.folkuniversitetet.nu\/vonoan\/files\/2025\/10\/22787AD9-C2A1-4639-B053-3167F89E38ED.jpg 522w\" sizes=\"auto, (max-width: 186px) 100vw, 186px\" \/><\/a><\/p>\n<p><span style=\"font-weight: 400\">Jag \u00e4r gymnasiel\u00e4rare i grunden, men pluggar nu juridik p\u00e5 Stockholms universitet f\u00f6r att f\u00f6lja min dr\u00f6m om att bli jurist.<\/span><\/p>\n<p><span style=\"font-weight: 400\">Jag tycker mycket om klassisk musik, att l\u00e4sa romaner och att spendera tid i naturen med min familj.<\/span><\/p>\n<p><span style=\"font-weight: 400\">Det b\u00e4sta med att vara l\u00e4rare \u00e4r att man f\u00e5r l\u00e4ra k\u00e4nna s\u00e5 m\u00e5nga fantastiska elever och dela gl\u00e4djen i deras framsteg, b\u00e5de stora och sm\u00e5.<\/span><\/p>\n<p><br style=\"font-weight: 400\" \/><br style=\"font-weight: 400\" \/><\/p>\n","protected":false},"excerpt":{"rendered":"<p>\u00a0Jag heter Andia von Oelreich och bor med min man, dotter och v\u00e5r katt p\u00e5 Liding\u00f6. H\u00e4r kommer en gullig bild p\u00e5 v\u00e5r lilla fluffiga katt, visst ser hon ut som Garfield? Jag \u00e4r gymnasiel\u00e4rare i grunden, men pluggar nu juridik p\u00e5 Stockholms universitet f\u00f6r att f\u00f6lja min dr\u00f6m om att bli jurist. Jag tycker [&hellip;]<\/p>\n","protected":false},"author":107,"featured_media":0,"parent":0,"menu_order":0,"comment_status":"closed","ping_status":"closed","template":"","meta":{"footnotes":""},"class_list":["post-13","page","type-page","status-publish","hentry","post-preview"],"_links":{"self":[{"href":"https:\/\/blogg.folkuniversitetet.nu\/vonoan\/wp-json\/wp\/v2\/pages\/13","targetHints":{"allow":["GET"]}}],"collection":[{"href":"https:\/\/blogg.folkuniversitetet.nu\/vonoan\/wp-json\/wp\/v2\/pages"}],"about":[{"href":"https:\/\/blogg.folkuniversitetet.nu\/vonoan\/wp-json\/wp\/v2\/types\/page"}],"author":[{"embeddable":true,"href":"https:\/\/blogg.folkuniversitetet.nu\/vonoan\/wp-json\/wp\/v2\/users\/107"}],"replies":[{"embeddable":true,"href":"https:\/\/blogg.folkuniversitetet.nu\/vonoan\/wp-json\/wp\/v2\/comments?post=13"}],"version-history":[{"count":3,"href":"https:\/\/blogg.folkuniversitetet.nu\/vonoan\/wp-json\/wp\/v2\/pages\/13\/revisions"}],"predecessor-version":[{"id":211,"href":"https:\/\/blogg.folkuniversitetet.nu\/vonoan\/wp-json\/wp\/v2\/pages\/13\/revisions\/211"}],"wp:attachment":[{"href":"https:\/\/blogg.folkuniversitetet.nu\/vonoan\/wp-json\/wp\/v2\/media?parent=13"}],"curies":[{"name":"wp","href":"https:\/\/api.w.org\/{rel}","templated":true}]}}