{"id":106,"date":"2025-11-19T07:42:46","date_gmt":"2025-11-19T06:42:46","guid":{"rendered":"https:\/\/blogg.folkuniversitetet.nu\/vonoan\/?page_id=106"},"modified":"2025-12-14T11:29:57","modified_gmt":"2025-12-14T10:29:57","slug":"a1-del-1-start-18-november","status":"publish","type":"page","link":"https:\/\/blogg.folkuniversitetet.nu\/vonoan\/a1-del-1-start-18-november\/","title":{"rendered":"A1 del 1 start 18 november"},"content":{"rendered":"<h1><\/h1>\n<h1><\/h1>\n<h1><span style=\"color: #800080\">Tisdag 9 &amp; Torsdag 11 december<\/span><\/h1>\n<ul>\n<li>Vi har arbetat med kapitel 4 och har g\u00e5tt igenom f\u00f6ljande huvudpunkter:<\/li>\n<\/ul>\n<p>&#8211; <strong>Hj\u00e4lpverb: M\u00e5ste , kan , ska , vill.<\/strong> Se s.42 i textboken och \u00e4ven s.42 i \u00f6vningsboken.<\/p>\n<p><span style=\"color: #ff0000\"><em><strong>OBS! efter hj\u00e4lpverb anv\u00e4nder vi infinitiv!<\/strong><\/em><\/span><\/p>\n<ul>\n<li data-start=\"132\" data-end=\"164\">\n<p data-start=\"134\" data-end=\"164\"><strong data-start=\"134\" data-end=\"147\">Hon <span style=\"color: #ff0000\">m\u00e5ste<\/span><\/strong> <span style=\"color: #339966\">g\u00f6ra<\/span> sin l\u00e4xa.<\/p>\n<\/li>\n<li data-start=\"165\" data-end=\"198\">\n<p data-start=\"167\" data-end=\"198\"><strong data-start=\"167\" data-end=\"184\">De <span style=\"color: #ff0000\">m\u00e5ste<\/span> inte<\/strong> <span style=\"color: #339966\">komma<\/span> idag.<\/p>\n<\/li>\n<li data-start=\"200\" data-end=\"226\">\n<p data-start=\"202\" data-end=\"226\"><strong data-start=\"202\" data-end=\"213\">Han<span style=\"color: #ff0000\"> kan<\/span><\/strong> <span style=\"color: #339966\">simma<\/span> bra.<\/p>\n<\/li>\n<li data-start=\"227\" data-end=\"260\">\n<p data-start=\"229\" data-end=\"260\"><strong data-start=\"229\" data-end=\"244\">Vi <span style=\"color: #ff0000\">kan<\/span> inte<\/strong> <span style=\"color: #339966\">stanna<\/span> l\u00e4nge.<\/p>\n<\/li>\n<li data-start=\"262\" data-end=\"291\">\n<p data-start=\"264\" data-end=\"291\"><strong data-start=\"264\" data-end=\"275\">Jag <span style=\"color: #ff0000\">ska<\/span><\/strong> <span style=\"color: #339966\">tr\u00e4na<\/span> ikv\u00e4ll.<\/p>\n<\/li>\n<li data-start=\"292\" data-end=\"324\">\n<p data-start=\"294\" data-end=\"324\"><strong data-start=\"294\" data-end=\"309\">Ni <span style=\"color: #ff0000\">ska<\/span> inte<\/strong> <span style=\"color: #339966\">springa<\/span> h\u00e4r.<\/p>\n<\/li>\n<li data-start=\"326\" data-end=\"355\">\n<p data-start=\"328\" data-end=\"355\"><strong data-start=\"328\" data-end=\"343\">Barnet <span style=\"color: #ff0000\">vill<\/span><\/strong> <span style=\"color: #339966\">leka<\/span> ute.<\/p>\n<\/li>\n<li data-start=\"356\" data-end=\"384\">\n<p data-start=\"358\" data-end=\"384\"><strong data-start=\"358\" data-end=\"374\">De <span style=\"color: #ff0000\">vill<\/span> inte<\/strong> <span style=\"color: #339966\">\u00e4ta<\/span> nu.<\/p>\n<\/li>\n<\/ul>\n<p>&#8211; Vi har g\u00e5tt igenom <strong>anv\u00e4ndbara fraser f\u00f6r att handla eller fika<\/strong>. Se s. 44 och 46 i textboken.<\/p>\n<p><strong>&#8211; Plural :<\/strong> se s. 48 I textboken och \u00e4ven f\u00f6rklaringen p\u00e5 s. 48 i \u00f6vningsboken.<\/p>\n<p><span style=\"color: #000000\"><strong><span style=\"color: #ff0000\">L\u00e4xa :<span style=\"color: #000000\"> G\u00f6r resten av \u00f6vningarna i kapitel 4 i \u00f6vningsboken. Om du vill kan du g\u00f6ra \u00f6vningen p\u00e5 s. 52 i textboken; skriv texten p\u00e5 ett papper och ta med den till lektionen.<\/span><\/span><\/strong><\/span><\/p>\n<h1><span style=\"color: #800080\">Torsdag 4 december<\/span><\/h1>\n<ul>\n<li><span style=\"color: #000000\">Vi gick vi igenom<strong> ordf\u00f6ljd<\/strong> p\u00e5 sidan 35 \u00a0i textboken. <strong>Se \u00e4ven s.29 i \u00f6vningsboken (en mycket bra tabell om ordf\u00f6ljd).\u00a0<\/strong><\/span><\/li>\n<li><span style=\"color: #000000\">N\u00e5gra exempel:<\/span><\/li>\n<li data-start=\"113\" data-end=\"196\">\n<p data-start=\"116\" data-end=\"196\"><strong>Klockan \u00e5tta<\/strong> <strong><span style=\"color: #ff0000\">g\u00e5r<\/span> <span style=\"color: #008000\">jag<\/span> <\/strong>till skolan.<br data-start=\"153\" data-end=\"156\" \/><strong><span style=\"color: #008000\">Jag<\/span> <span style=\"color: #ff0000\">g\u00e5r<\/span> <\/strong>till skolan <strong>klockan \u00e5tta.<\/strong><\/p>\n<\/li>\n<li data-start=\"198\" data-end=\"275\">\n<p data-start=\"201\" data-end=\"275\"><strong>P\u00e5 morgonen<\/strong> <span style=\"color: #ff0000\">dricker<\/span> <strong><span style=\"color: #339966\">jag<\/span><\/strong> juice.<br data-start=\"235\" data-end=\"238\" \/><strong><span style=\"color: #339966\">Jag<\/span><\/strong> <span style=\"color: #ff0000\">dricker<\/span> juice <strong><span style=\"color: #000000\">p\u00e5 morgonen<\/span><\/strong>.<\/p>\n<\/li>\n<li data-start=\"277\" data-end=\"352\">\n<p data-start=\"280\" data-end=\"352\"><strong>Efter skolan<\/strong> <span style=\"color: #ff0000\">g\u00f6r<\/span> <span style=\"color: #008000\">Maria<\/span> l\u00e4xorna.<br data-start=\"313\" data-end=\"316\" \/><span style=\"color: #008000\">Maria <\/span><span style=\"color: #ff0000\">g\u00f6r<\/span> l\u00e4xorna <strong>efter skolan.<\/strong><\/p>\n<\/li>\n<li data-start=\"354\" data-end=\"439\">\n<p data-start=\"357\" data-end=\"439\"><strong>P\u00e5 helgen<\/strong> <span style=\"color: #ff0000\">tr\u00e4ffar<\/span> <span style=\"color: #008000\">jag<\/span> mina v\u00e4nner.<br data-start=\"395\" data-end=\"398\" \/><span style=\"color: #008000\">Jag<\/span> <span style=\"color: #ff0000\">tr\u00e4ffar<\/span> mina v\u00e4nner <strong>p\u00e5 helgen<\/strong>.<\/p>\n<\/li>\n<li data-start=\"441\" data-end=\"514\">\n<p data-start=\"444\" data-end=\"514\"><strong>P\u00e5 kv\u00e4llen<\/strong><span style=\"color: #ff0000\"> tittar<\/span> jag p\u00e5 TV.<br data-start=\"476\" data-end=\"479\" \/><span style=\"color: #008000\">Jag<\/span> <span style=\"color: #ff0000\">tittar<\/span> p\u00e5 TV <strong>p\u00e5 kv\u00e4llen.<\/strong><\/p>\n<\/li>\n<li data-start=\"263\" data-end=\"336\">\n<p data-start=\"266\" data-end=\"336\"><strong data-start=\"266\" data-end=\"298\">I parken spelar <span style=\"color: #008000\">hon<\/span> fotboll.<\/strong><br data-start=\"298\" data-end=\"301\" \/><span style=\"color: #008000\">Hon<\/span> <span style=\"color: #ff0000\">spelar <span style=\"color: #000000\">f<\/span><\/span><span style=\"color: #000000\">o<\/span>tboll <strong data-start=\"323\" data-end=\"335\" data-is-only-node=\"\">i parken<\/strong>.<\/p>\n<\/li>\n<li data-start=\"338\" data-end=\"419\">\n<p data-start=\"341\" data-end=\"419\"><strong data-start=\"341\" data-end=\"377\">P\u00e5 biblioteket <span style=\"color: #ff0000\">l\u00e4ser<\/span> <span style=\"color: #008000\">han<\/span> en bok.<\/strong><br data-start=\"377\" data-end=\"380\" \/><span style=\"color: #008000\">Han<\/span> <span style=\"color: #ff0000\">l\u00e4ser<\/span> en bok <strong data-start=\"400\" data-end=\"418\" data-is-only-node=\"\">p\u00e5 biblioteket<\/strong>.<\/p>\n<\/li>\n<li data-start=\"421\" data-end=\"488\">\n<p data-start=\"424\" data-end=\"488\"><strong data-start=\"424\" data-end=\"453\">Hemma <span style=\"color: #ff0000\">g\u00f6r<\/span> jag mina l\u00e4xor.<\/strong><br data-start=\"453\" data-end=\"456\" \/>Jag <span style=\"color: #ff0000\">g\u00f6r<\/span> mina l\u00e4xor <strong data-start=\"478\" data-end=\"487\" data-is-only-node=\"\">hemma<\/strong>.<\/p>\n<\/li>\n<li data-start=\"421\" data-end=\"488\"><span style=\"color: #000000\">Vi gick genom imperativ ocks\u00e5:<\/span><\/li>\n<li data-start=\"82\" data-end=\"100\">\n<p data-start=\"84\" data-end=\"100\"><span style=\"color: #000000\">\u00e4ter \u2013 <strong data-start=\"91\" data-end=\"98\">\u00e4t!<\/strong><\/span><\/p>\n<\/li>\n<li data-start=\"101\" data-end=\"118\">\n<p data-start=\"103\" data-end=\"118\"><span style=\"color: #000000\">g\u00e5r \u2013 <strong data-start=\"109\" data-end=\"116\">g\u00e5!<\/strong><\/span><\/p>\n<\/li>\n<li data-start=\"119\" data-end=\"139\">\n<p data-start=\"121\" data-end=\"139\"><span style=\"color: #000000\">l\u00e4ser \u2013 <strong data-start=\"129\" data-end=\"137\">l\u00e4s!<\/strong><\/span><\/p>\n<\/li>\n<li data-start=\"140\" data-end=\"164\">\n<p data-start=\"142\" data-end=\"164\"><span style=\"color: #000000\">skriver \u2013 <strong data-start=\"152\" data-end=\"162\">skriv!<\/strong><\/span><\/p>\n<\/li>\n<li data-start=\"165\" data-end=\"190\">\n<p data-start=\"167\" data-end=\"190\"><span style=\"color: #000000\">lyssnar \u2013 <strong data-start=\"177\" data-end=\"188\">lyssna!<\/strong><\/span><\/p>\n<\/li>\n<li data-start=\"191\" data-end=\"213\">\n<p data-start=\"193\" data-end=\"213\"><span style=\"color: #000000\">sitter \u2013 <strong data-start=\"202\" data-end=\"211\">sitt!<\/strong><\/span><\/p>\n<\/li>\n<li data-start=\"214\" data-end=\"238\">\n<p data-start=\"216\" data-end=\"238\"><span style=\"color: #000000\">dricker \u2013 <strong data-start=\"226\" data-end=\"236\">drick!<\/strong><\/span><\/p>\n<\/li>\n<li data-start=\"239\" data-end=\"262\">\n<p data-start=\"241\" data-end=\"262\"><span style=\"color: #000000\">st\u00e4dar \u2013 <strong data-start=\"250\" data-end=\"260\">st\u00e4da!<\/strong><\/span><\/p>\n<\/li>\n<li data-start=\"263\" data-end=\"289\">\n<p data-start=\"265\" data-end=\"289\"><span style=\"color: #000000\">springer \u2013 <strong data-start=\"276\" data-end=\"287\">spring!<\/strong><\/span><\/p>\n<\/li>\n<li data-start=\"290\" data-end=\"311\">\n<p data-start=\"292\" data-end=\"311\"><span style=\"color: #000000\">\u00f6ppnar \u2013 <strong data-start=\"301\" data-end=\"311\">\u00f6ppna!<\/strong><\/span><\/p>\n<\/li>\n<li><span style=\"color: #000000\"><strong><span style=\"color: #ff0000\">L\u00e4xa : <\/span><\/strong>g\u00f6r resten av \u00f6vningarna i kapitel 3 i \u00f6vningsboken.<\/span><\/li>\n<\/ul>\n<p>&nbsp;<\/p>\n<hr \/>\n<h1><span style=\"color: #800080\">Tisdag \u00a02 december<\/span><\/h1>\n<ul>\n<li><span style=\"color: #000000\">Vi gick igenom <strong>siffror<\/strong> och <strong>klockan (s.27-33 i textboken)<\/strong><\/span><\/li>\n<li><span style=\"color: #000000\">Vi \u00f6vade p\u00e5 att <strong>r\u00e4kna<\/strong> och gjorde \u00e4ven n\u00e5gra mattetal som liknade dem p\u00e5 sidan 28 i textboken.<\/span><\/li>\n<li><span style=\"color: #000000\"><a style=\"color: #000000\" href=\"https:\/\/www.youtube.com\/watch?v=6-3JqomdzAg\" target=\"_blank\" rel=\"noopener\">Repetera siffrorna!<\/a><\/span><\/li>\n<li><span style=\"color: #000000\">F\u00f6ljande bild p\u00e5 sidan 28 i \u00f6vningsboken (Rivstart) \u00e4r j\u00e4ttebra f\u00f6r att l\u00e4ra sig hur man s\u00e4ger tiden p\u00e5 svenska:<\/span><\/li>\n<\/ul>\n<p><a href=\"http:\/\/blogg.folkuniversitetet.nu\/vonoan\/files\/2025\/10\/Skarmavbild-2025-10-29-kl.-17.13.00.png\"><img loading=\"lazy\" decoding=\"async\" class=\"alignnone size-medium wp-image-83\" src=\"http:\/\/blogg.folkuniversitetet.nu\/vonoan\/files\/2025\/10\/Skarmavbild-2025-10-29-kl.-17.13.00-300x259.png\" alt=\"\" width=\"300\" height=\"259\" srcset=\"https:\/\/blogg.folkuniversitetet.nu\/vonoan\/files\/2025\/10\/Skarmavbild-2025-10-29-kl.-17.13.00-300x259.png 300w, https:\/\/blogg.folkuniversitetet.nu\/vonoan\/files\/2025\/10\/Skarmavbild-2025-10-29-kl.-17.13.00-768x662.png 768w, https:\/\/blogg.folkuniversitetet.nu\/vonoan\/files\/2025\/10\/Skarmavbild-2025-10-29-kl.-17.13.00-676x583.png 676w, https:\/\/blogg.folkuniversitetet.nu\/vonoan\/files\/2025\/10\/Skarmavbild-2025-10-29-kl.-17.13.00.png 917w\" sizes=\"auto, (max-width: 300px) 100vw, 300px\" \/><\/a><\/p>\n<hr \/>\n<h1><span style=\"color: #800080\">Tisdag &amp; Torsdag (25 &amp; 27 november)<\/span><\/h1>\n<ul>\n<li>Vi har arbetat med kapitel 2 i textboken.<\/li>\n<li>Vi har g\u00e5tt igenom olika s\u00e4tt att h\u00e4lsa .<strong> se s. 20 i textboken.<\/strong><\/li>\n<li>Vi har arbetat med en och ett ord, till exempel<br \/>\n<table>\n<thead data-start=\"45\" data-end=\"77\">\n<tr data-start=\"45\" data-end=\"77\">\n<th data-start=\"45\" data-end=\"61\" data-col-size=\"sm\">Obest\u00e4md form<\/th>\n<th data-start=\"61\" data-end=\"77\" data-col-size=\"sm\">Best\u00e4md form<\/th>\n<\/tr>\n<\/thead>\n<\/table>\n<table>\n<tbody>\n<tr data-start=\"110\" data-end=\"141\">\n<td data-start=\"110\" data-end=\"125\" data-col-size=\"sm\">en penna<\/td>\n<td data-col-size=\"sm\" data-start=\"125\" data-end=\"141\">\u00a0 \u00a0 pennan<\/td>\n<\/tr>\n<\/tbody>\n<\/table>\n<table>\n<tbody>\n<tr data-start=\"206\" data-end=\"237\">\n<td data-start=\"206\" data-end=\"221\" data-col-size=\"sm\">ett brev<\/td>\n<td data-col-size=\"sm\" data-start=\"221\" data-end=\"237\">\u00a0 \u00a0brevet<\/td>\n<\/tr>\n<\/tbody>\n<\/table>\n<table>\n<tbody>\n<tr data-start=\"238\" data-end=\"269\">\n<td data-start=\"238\" data-end=\"253\" data-col-size=\"sm\">ett glas<\/td>\n<td data-col-size=\"sm\" data-start=\"253\" data-end=\"269\">\u00a0 \u00a0glaset<\/td>\n<\/tr>\n<\/tbody>\n<\/table>\n<table>\n<tbody>\n<tr data-start=\"270\" data-end=\"301\">\n<td data-start=\"270\" data-end=\"285\" data-col-size=\"sm\">en bil<\/td>\n<td data-col-size=\"sm\" data-start=\"285\" data-end=\"301\">bilen<\/td>\n<\/tr>\n<\/tbody>\n<\/table>\n<\/li>\n<li><\/li>\n<li><span style=\"color: #000000\">Ni kan s\u00f6ka upp om ett ord f\u00e5r <strong><em>en<\/em> <\/strong>eller <em><strong>ett<\/strong> <\/em>via f\u00f6ljande l\u00e4nk:\u00a0<a style=\"color: #000000\" href=\"https:\/\/enellerett.se\">https:\/\/enellerett.se<\/a><\/span><\/li>\n<li><span style=\"color: #000000\"><strong>L\u00e4xa: resten av kapitel 2 i \u00f6vningsboken (f\u00f6rutom avsnittet om verb)<\/strong><\/span><\/li>\n<\/ul>\n<hr \/>\n<h1><span style=\"color: #800080\">Torsdag 20 november<\/span><\/h1>\n<ul>\n<li><span style=\"color: #000000\">Vi arbetade med s. 12-17 i textboken.<\/span><\/li>\n<li><span style=\"color: #000000\">Vi gick igenom <strong>verb i presens<\/strong> (se s. 10 i \u00f6vningsboken) \u00a0och \u00e4ven hur man st\u00e4ller <strong>fr\u00e5gor<\/strong> :\u00a0<\/span><\/li>\n<\/ul>\n<table>\n<thead>\n<tr>\n<th><span style=\"color: #000000\">Typ av fr\u00e5ga<\/span><\/th>\n<th><span style=\"color: #000000\">Regler<\/span><\/th>\n<th><span style=\"color: #000000\">Exempel p\u00e5 p\u00e5st\u00e5endesats (presens)<\/span><\/th>\n<th><span style=\"color: #000000\">Exempel p\u00e5 fr\u00e5ga (presens)<\/span><\/th>\n<\/tr>\n<\/thead>\n<tbody>\n<tr>\n<td><span style=\"color: #000000\"><strong>Fr\u00e5geordsfr\u00e5gor<\/strong> (vad, hur, n\u00e4r, var, varf\u00f6r, vem)<\/span><\/td>\n<td><span style=\"color: #000000\">1. B\u00f6rja med ett <strong>fr\u00e5geord<\/strong>2. Placera <strong>verbet f\u00f6re subjektet<\/strong>3. L\u00e4gg till resten av meningen<\/span><\/td>\n<td><span style=\"color: #000000\">Du <strong>\u00e4ter<\/strong> frukost.<\/span><\/td>\n<td><span style=\"color: #000000\"><strong>Vad \u00e4ter<\/strong> du?<\/span><\/td>\n<\/tr>\n<tr>\n<td><\/td>\n<td><\/td>\n<td><span style=\"color: #000000\">Hon <strong>bor<\/strong> i Malm\u00f6.<\/span><\/td>\n<td><span style=\"color: #000000\"><strong>Var bor<\/strong> hon?<\/span><\/td>\n<\/tr>\n<tr>\n<td><\/td>\n<td><\/td>\n<td><span style=\"color: #000000\">Ni <strong>tr\u00e4nar<\/strong> varje dag.<\/span><\/td>\n<td><span style=\"color: #000000\"><strong>N\u00e4r tr\u00e4nar<\/strong> ni?<\/span><\/td>\n<\/tr>\n<tr>\n<td><span style=\"color: #000000\"><strong>Ja\/nej-fr\u00e5gor<\/strong><\/span><\/td>\n<td><span style=\"color: #000000\">1. Flytta <strong>verbet (presens)<\/strong> till b\u00f6rjan2. Subjektet kommer efter verbet<\/span><\/td>\n<td><span style=\"color: #000000\">Du <strong>l\u00e4ser<\/strong> en bok.<\/span><\/td>\n<td><span style=\"color: #000000\"><strong>L\u00e4ser<\/strong> du en bok?<\/span><\/td>\n<\/tr>\n<tr>\n<td><\/td>\n<td><\/td>\n<td><span style=\"color: #000000\">Han <strong>spelar<\/strong> fotboll.<\/span><\/td>\n<td><span style=\"color: #000000\"><strong>Spelar<\/strong> han fotboll?<\/span><\/td>\n<\/tr>\n<tr>\n<td><\/td>\n<td><\/td>\n<td><span style=\"color: #000000\">De <strong>simmar<\/strong> ofta.<\/span><\/td>\n<td><span style=\"color: #000000\"><strong>Simmar<\/strong> de ofta?<\/span><\/td>\n<\/tr>\n<\/tbody>\n<\/table>\n<ul>\n<li><span style=\"color: #000000\"><strong data-start=\"41\" data-end=\"50\">L\u00e4xa:<\/strong> s. 9\u201314 i \u00f6vningsboken.<\/span><br data-start=\"74\" data-end=\"77\" \/><span style=\"color: #000000\">P\u00e5 s. 11 i \u00f6vningsboken finns en \u00f6vning om prepositioner.<\/span><br data-start=\"134\" data-end=\"137\" \/><span style=\"color: #000000\">Du kan se lite information om prepositioner p\u00e5 s. <em data-start=\"187\" data-end=\"194\"><strong data-start=\"188\" data-end=\"193\">283<\/strong><\/em> i textboken.<\/span><\/li>\n<\/ul>\n<hr \/>\n<h1><span style=\"color: #800080\">Tisdag 18 november<\/span><\/h1>\n<ul>\n<li><span style=\"color: #000000\">Vi arbetade med s. 8-12 i textboken<\/span><\/li>\n<li><span style=\"font-weight: 400;color: #000000\"><strong>L\u00e4xa:<\/strong> repetera hemma och g\u00f6r \u00f6vningar p\u00e5 s.6-8 i \u00f6vningsboken.<\/span><\/li>\n<li><span style=\"color: #000000\">Vi gick igenom namn, land och spr\u00e5k enligt nedan :<\/span><\/li>\n<li>\n<table>\n<thead>\n<tr>\n<th><span style=\"color: #000000\">Land<\/span><\/th>\n<th><span style=\"color: #000000\">Spr\u00e5k<\/span><\/th>\n<\/tr>\n<\/thead>\n<tbody>\n<tr>\n<td><span style=\"color: #000000\">Grekland<\/span><\/td>\n<td><span style=\"color: #000000\">Grekiska<\/span><\/td>\n<\/tr>\n<tr>\n<td><span style=\"color: #000000\">Syrien<\/span><\/td>\n<td><span style=\"color: #000000\">Arabiska<\/span><\/td>\n<\/tr>\n<tr>\n<td><span style=\"color: #000000\">Egypten<\/span><\/td>\n<td><span style=\"color: #000000\">Arabiska<\/span><\/td>\n<\/tr>\n<tr>\n<td><span style=\"color: #000000\">Storbritannien<\/span><\/td>\n<td><span style=\"color: #000000\">Engelska<\/span><\/td>\n<\/tr>\n<tr>\n<td><span style=\"color: #000000\">USA<\/span><\/td>\n<td><span style=\"color: #000000\">Engelska<\/span><\/td>\n<\/tr>\n<tr>\n<td><span style=\"color: #000000\">Ghana<\/span><\/td>\n<td><span style=\"color: #000000\">Engelska (officiellt) + m\u00e5nga lokala spr\u00e5k<\/span><\/td>\n<\/tr>\n<tr>\n<td><span style=\"color: #000000\">Ryssland<\/span><\/td>\n<td><span style=\"color: #000000\">Ryska<\/span><\/td>\n<\/tr>\n<tr>\n<td><span style=\"color: #000000\">Indien<\/span><\/td>\n<td><span style=\"color: #000000\">Hindi och engelska (officiella) + m\u00e5nga regionala spr\u00e5k<\/span><\/td>\n<\/tr>\n<tr>\n<td><span style=\"color: #000000\">Brasilien<\/span><\/td>\n<td><span style=\"color: #000000\">Portugisiska<\/span><\/td>\n<\/tr>\n<tr>\n<td><span style=\"color: #000000\">Italien<\/span><\/td>\n<td><span style=\"color: #000000\">Italienska<\/span><\/td>\n<\/tr>\n<tr>\n<td><span style=\"color: #000000\">Frankrike<\/span><\/td>\n<td><span style=\"color: #000000\">Franska<\/span><\/td>\n<\/tr>\n<tr>\n<td><span style=\"color: #000000\">Tyskland<\/span><\/td>\n<td><span style=\"color: #000000\">Tyska<\/span><\/td>\n<\/tr>\n<\/tbody>\n<\/table>\n<\/li>\n<\/ul>\n","protected":false},"excerpt":{"rendered":"<p>Tisdag 9 &amp; Torsdag 11 december Vi har arbetat med kapitel 4 och har g\u00e5tt igenom f\u00f6ljande huvudpunkter: &#8211; Hj\u00e4lpverb: M\u00e5ste , kan , ska , vill. Se s.42 i textboken och \u00e4ven s.42 i \u00f6vningsboken. OBS! efter hj\u00e4lpverb anv\u00e4nder vi infinitiv! Hon m\u00e5ste g\u00f6ra sin l\u00e4xa. De m\u00e5ste inte komma idag. Han kan simma [&hellip;]<\/p>\n","protected":false},"author":981,"featured_media":0,"parent":0,"menu_order":0,"comment_status":"closed","ping_status":"closed","template":"","meta":{"footnotes":""},"class_list":["post-106","page","type-page","status-publish","hentry","post-preview"],"_links":{"self":[{"href":"https:\/\/blogg.folkuniversitetet.nu\/vonoan\/wp-json\/wp\/v2\/pages\/106","targetHints":{"allow":["GET"]}}],"collection":[{"href":"https:\/\/blogg.folkuniversitetet.nu\/vonoan\/wp-json\/wp\/v2\/pages"}],"about":[{"href":"https:\/\/blogg.folkuniversitetet.nu\/vonoan\/wp-json\/wp\/v2\/types\/page"}],"author":[{"embeddable":true,"href":"https:\/\/blogg.folkuniversitetet.nu\/vonoan\/wp-json\/wp\/v2\/users\/981"}],"replies":[{"embeddable":true,"href":"https:\/\/blogg.folkuniversitetet.nu\/vonoan\/wp-json\/wp\/v2\/comments?post=106"}],"version-history":[{"count":36,"href":"https:\/\/blogg.folkuniversitetet.nu\/vonoan\/wp-json\/wp\/v2\/pages\/106\/revisions"}],"predecessor-version":[{"id":145,"href":"https:\/\/blogg.folkuniversitetet.nu\/vonoan\/wp-json\/wp\/v2\/pages\/106\/revisions\/145"}],"wp:attachment":[{"href":"https:\/\/blogg.folkuniversitetet.nu\/vonoan\/wp-json\/wp\/v2\/media?parent=106"}],"curies":[{"name":"wp","href":"https:\/\/api.w.org\/{rel}","templated":true}]}}