{"id":535,"date":"2015-06-23T10:27:03","date_gmt":"2015-06-23T08:27:03","guid":{"rendered":"http:\/\/blogg.folkuniversitetet.nu\/vivejo\/?page_id=535"},"modified":"2015-06-23T10:27:24","modified_gmt":"2015-06-23T08:27:24","slug":"minigrammatik","status":"publish","type":"page","link":"https:\/\/blogg.folkuniversitetet.nu\/vivejo\/minigrammatik\/","title":{"rendered":"Minigrammatik"},"content":{"rendered":"<p>V\u00e4lkomna till Folkuniversitetet!<\/p>\n<p>Man m\u00e5ste inte vara expert p\u00e5 grammatik f\u00f6r att l\u00e4ra sig ett nytt spr\u00e5k, men om man f\u00f6rst\u00e5r de viktigaste termerna blir det l\u00e4ttare. H\u00e4r kommer en minigrammatik f\u00f6r er som beh\u00f6ver repetera de viktigaste grunderna.<\/p>\n<p>VERB (VERBS): \u200bVerb \u00e4r saker som man g\u00f6r. Exempel: prata, g\u00e5.<br \/>\nSUBSTANTIV (NOUNS): \u200bSubstantiv \u00e4r namn p\u00e5 saker. Exempel: en bil, ett \u00e4pple.<br \/>\nADJEKTIV (ADJECTIVES): \u200bAdjektiv visar hur n\u00e5gonting \u00e4r. Exempel: en fin ring, ett fint bord.<br \/>\nPRONOMEN (PRONOUNS): Pronomen anv\u00e4nder man i st\u00e4llet f\u00f6r substantiv i vissa<br \/>\nsituationer. Exempel: Pojken pratar snabbt. =&gt; Han pratar snabbt.<br \/>\nBilen \u00e4r fin. =&gt; Den \u00e4r fin.<br \/>\nADVERB (ADVERBS): \u200bEtt adverb beskriver ett verb, ett adjektiv eller ett annat adverb.<br \/>\nExempel: Jag springer snabbt. En otroligt fin ring. Jag springer otroligt snabbt.<\/p>\n<p>SATSL\u00c4RA (SYNTAX):<br \/>\n&#8211; N\u00e4r man analyserar spr\u00e5k delar man upp meningar (sentences) i olika satser (clauses). En<br \/>\nmening kan best\u00e5 av en eller flera satser.<br \/>\n&#8211; En sats \u00e4r en enhet som inneh\u00e5ller ett verb. Det finns huvudsatser (main clauses) och<br \/>\nbisatser (dependant clauses).<br \/>\n&#8211; En huvudsats kan alltid st\u00e5 ensam. Exempel p\u00e5 en huvudsats: Vi g\u00e5r inte ut.<br \/>\nEn bisats kan i princip inte st\u00e5 ensam. Den beh\u00f6ver n\u00e5got mer f\u00f6r att meningen ska bli logisk. En bisats inleds alltid med speciella ord som \u201deftersom\u201d eller \u201datt\u201d. Exempel p\u00e5 en bisats: &#8230; eftersom det regnar.<br \/>\nHela meningen med huvudsatsen f\u00f6rst: Vi g\u00e5r inte ut, eftersom det regnar.<br \/>\nHela meningen med bisatsen f\u00f6rst: Eftersom det regnar, g\u00e5r vi inte ut. (N\u00e4r man b\u00f6rjar en<br \/>\nmening med en bisats m\u00e5ste huvudsatsens verb komma direkt efter bisatsen, till skillnad<br \/>\nfr\u00e5n m\u00e5nga andra spr\u00e5k, till exempel engelska.)<br \/>\n&#8211; SUBJEKT (SUBJECTS): Inom satsl\u00e4ran anv\u00e4nds speciella termer. Ett subjekt \u00e4r den eller det som g\u00f6r n\u00e5got i en sats. Exempel: Vi g\u00e5r inte ut. Hunden springer snabbt.<\/p>\n","protected":false},"excerpt":{"rendered":"<p>V\u00e4lkomna till Folkuniversitetet! Man m\u00e5ste inte vara expert p\u00e5 grammatik f\u00f6r att l\u00e4ra sig ett nytt spr\u00e5k, men om man f\u00f6rst\u00e5r de viktigaste termerna blir det l\u00e4ttare. H\u00e4r kommer en minigrammatik f\u00f6r er som beh\u00f6ver repetera de viktigaste grunderna. VERB (VERBS): \u200bVerb \u00e4r saker som man g\u00f6r. Exempel: prata, g\u00e5. SUBSTANTIV (NOUNS): \u200bSubstantiv \u00e4r namn &hellip; <a href=\"https:\/\/blogg.folkuniversitetet.nu\/vivejo\/minigrammatik\/\" class=\"more-link\">Forts\u00e4tt l\u00e4sa <span class=\"screen-reader-text\">Minigrammatik<\/span> <span class=\"meta-nav\">&rarr;<\/span><\/a><\/p>\n","protected":false},"author":192,"featured_media":0,"parent":0,"menu_order":0,"comment_status":"open","ping_status":"open","template":"","meta":{"footnotes":""},"class_list":["post-535","page","type-page","status-publish","hentry"],"_links":{"self":[{"href":"https:\/\/blogg.folkuniversitetet.nu\/vivejo\/wp-json\/wp\/v2\/pages\/535","targetHints":{"allow":["GET"]}}],"collection":[{"href":"https:\/\/blogg.folkuniversitetet.nu\/vivejo\/wp-json\/wp\/v2\/pages"}],"about":[{"href":"https:\/\/blogg.folkuniversitetet.nu\/vivejo\/wp-json\/wp\/v2\/types\/page"}],"author":[{"embeddable":true,"href":"https:\/\/blogg.folkuniversitetet.nu\/vivejo\/wp-json\/wp\/v2\/users\/192"}],"replies":[{"embeddable":true,"href":"https:\/\/blogg.folkuniversitetet.nu\/vivejo\/wp-json\/wp\/v2\/comments?post=535"}],"version-history":[{"count":2,"href":"https:\/\/blogg.folkuniversitetet.nu\/vivejo\/wp-json\/wp\/v2\/pages\/535\/revisions"}],"predecessor-version":[{"id":538,"href":"https:\/\/blogg.folkuniversitetet.nu\/vivejo\/wp-json\/wp\/v2\/pages\/535\/revisions\/538"}],"wp:attachment":[{"href":"https:\/\/blogg.folkuniversitetet.nu\/vivejo\/wp-json\/wp\/v2\/media?parent=535"}],"curies":[{"name":"wp","href":"https:\/\/api.w.org\/{rel}","templated":true}]}}